{"id":45052,"date":"2018-05-11T08:08:33","date_gmt":"2018-05-11T08:08:33","guid":{"rendered":"https:\/\/www.smglanguages.com\/translations\/legalizzazione-documenti-brescia\/"},"modified":"2025-06-09T12:42:45","modified_gmt":"2025-06-09T10:42:45","slug":"legalizzazione-documenti-brescia","status":"publish","type":"page","link":"https:\/\/www.smglanguages.com\/ca\/translations\/legalizzazione-documenti-brescia\/","title":{"rendered":"Traduccions jurades"},"content":{"rendered":"","protected":false},"excerpt":{"rendered":"","protected":false},"author":5,"featured_media":0,"parent":37548,"menu_order":0,"comment_status":"closed","ping_status":"closed","template":"templates\/flexible-content.php","meta":{"_acf_changed":false,"footnotes":""},"class_list":["post-45052","page","type-page","status-publish","hentry"],"acf":[],"yoast_head":"<!-- This site is optimized with the Yoast SEO plugin v27.2 - https:\/\/yoast.com\/product\/yoast-seo-wordpress\/ -->\n<title>Traduccions jurades - SMG Languages<\/title>\n<meta name=\"description\" content=\"L\u2019SMG Languages est\u00e0 especialitzat en la traducci\u00f3 oficial urgent de documents de licitacions p\u00fabliques\u00a0(traduccions de pressupostos, certificats mercantils, documents de regularitat tribut\u00e0ria, ofertes t\u00e8cniques, etc.)aix\u00ed com en la traducci\u00f3 de documents notarials i societaris.\" \/>\n<meta name=\"robots\" content=\"index, follow, max-snippet:-1, max-image-preview:large, max-video-preview:-1\" \/>\n<link rel=\"canonical\" href=\"https:\/\/www.smglanguages.com\/ca\/translations\/legalizzazione-documenti-brescia\/\" \/>\n<meta property=\"og:locale\" content=\"ca_ES\" \/>\n<meta property=\"og:type\" content=\"article\" \/>\n<meta property=\"og:title\" content=\"Traduccions jurades - SMG Languages\" \/>\n<meta property=\"og:description\" content=\"L\u2019SMG Languages est\u00e0 especialitzat en la traducci\u00f3 oficial urgent de documents de licitacions p\u00fabliques\u00a0(traduccions de pressupostos, certificats mercantils, documents de regularitat tribut\u00e0ria, ofertes t\u00e8cniques, etc.)aix\u00ed com en la traducci\u00f3 de documents notarials i societaris.\" \/>\n<meta property=\"og:url\" content=\"https:\/\/www.smglanguages.com\/ca\/translations\/legalizzazione-documenti-brescia\/\" \/>\n<meta property=\"og:site_name\" content=\"SMG Languages\" \/>\n<meta property=\"article:publisher\" content=\"https:\/\/it-it.facebook.com\/smgstudiomorettogroup\/\" \/>\n<meta property=\"article:modified_time\" content=\"2025-06-09T10:42:45+00:00\" \/>\n<meta property=\"og:image\" content=\"https:\/\/www.smglanguages.com\/wp-content\/uploads\/2022\/09\/Logo-SMG.png\" \/>\n\t<meta property=\"og:image:width\" content=\"882\" \/>\n\t<meta property=\"og:image:height\" content=\"546\" \/>\n\t<meta property=\"og:image:type\" content=\"image\/png\" \/>\n<meta name=\"twitter:card\" content=\"summary_large_image\" \/>\n<meta name=\"twitter:label1\" content=\"Temps estimat de lectura\" \/>\n\t<meta name=\"twitter:data1\" content=\"3 minuts\" \/>\n<script type=\"application\/ld+json\" class=\"yoast-schema-graph\">{\"@context\":\"https:\/\/schema.org\",\"@graph\":[{\"@type\":\"WebPage\",\"@id\":\"https:\/\/www.smglanguages.com\/ca\/translations\/legalizzazione-documenti-brescia\/\",\"url\":\"https:\/\/www.smglanguages.com\/ca\/translations\/legalizzazione-documenti-brescia\/\",\"name\":\"Traduccions jurades - SMG Languages\",\"isPartOf\":{\"@id\":\"https:\/\/www.smglanguages.com\/ca\/#website\"},\"datePublished\":\"2018-05-11T08:08:33+00:00\",\"dateModified\":\"2025-06-09T10:42:45+00:00\",\"description\":\"L\u2019SMG Languages est\u00e0 especialitzat en la traducci\u00f3 oficial urgent de documents de licitacions p\u00fabliques\u00a0(traduccions de pressupostos, certificats mercantils, documents de regularitat tribut\u00e0ria, ofertes t\u00e8cniques, etc.)aix\u00ed com en la traducci\u00f3 de documents notarials i societaris.\",\"breadcrumb\":{\"@id\":\"https:\/\/www.smglanguages.com\/ca\/translations\/legalizzazione-documenti-brescia\/#breadcrumb\"},\"inLanguage\":\"ca\",\"potentialAction\":[{\"@type\":\"ReadAction\",\"target\":[\"https:\/\/www.smglanguages.com\/ca\/translations\/legalizzazione-documenti-brescia\/\"]}]},{\"@type\":\"BreadcrumbList\",\"@id\":\"https:\/\/www.smglanguages.com\/ca\/translations\/legalizzazione-documenti-brescia\/#breadcrumb\",\"itemListElement\":[{\"@type\":\"ListItem\",\"position\":1,\"name\":\"Home\",\"item\":\"https:\/\/www.smglanguages.com\/ca\/?lang=ca\"},{\"@type\":\"ListItem\",\"position\":2,\"name\":\"Traduccions\",\"item\":\"https:\/\/www.smglanguages.com\/ca\/translations\/?lang=ca\"},{\"@type\":\"ListItem\",\"position\":3,\"name\":\"Traduccions jurades\"}]},{\"@type\":\"WebSite\",\"@id\":\"https:\/\/www.smglanguages.com\/ca\/#website\",\"url\":\"https:\/\/www.smglanguages.com\/ca\/\",\"name\":\"SMG Languages\",\"description\":\"\",\"publisher\":{\"@id\":\"https:\/\/www.smglanguages.com\/ca\/#organization\"},\"alternateName\":\"Studio Moretto Group\",\"potentialAction\":[{\"@type\":\"SearchAction\",\"target\":{\"@type\":\"EntryPoint\",\"urlTemplate\":\"https:\/\/www.smglanguages.com\/ca\/?s={search_term_string}\"},\"query-input\":{\"@type\":\"PropertyValueSpecification\",\"valueRequired\":true,\"valueName\":\"search_term_string\"}}],\"inLanguage\":\"ca\"},{\"@type\":\"Organization\",\"@id\":\"https:\/\/www.smglanguages.com\/ca\/#organization\",\"name\":\"Studio Moretto Group\",\"alternateName\":\"SMG Languages\",\"url\":\"https:\/\/www.smglanguages.com\/ca\/\",\"logo\":{\"@type\":\"ImageObject\",\"inLanguage\":\"ca\",\"@id\":\"https:\/\/www.smglanguages.com\/ca\/#\/schema\/logo\/image\/\",\"url\":\"https:\/\/www.smglanguages.com\/wp-content\/uploads\/2022\/09\/Logo-SMG.png\",\"contentUrl\":\"https:\/\/www.smglanguages.com\/wp-content\/uploads\/2022\/09\/Logo-SMG.png\",\"width\":882,\"height\":546,\"caption\":\"Studio Moretto Group\"},\"image\":{\"@id\":\"https:\/\/www.smglanguages.com\/ca\/#\/schema\/logo\/image\/\"},\"sameAs\":[\"https:\/\/it-it.facebook.com\/smgstudiomorettogroup\/\",\"https:\/\/it.linkedin.com\/company\/studio-moretto-group-srl\"]}]}<\/script>\n<!-- \/ Yoast SEO plugin. -->","yoast_head_json":{"title":"Traduccions jurades - SMG Languages","description":"L\u2019SMG Languages est\u00e0 especialitzat en la traducci\u00f3 oficial urgent de documents de licitacions p\u00fabliques\u00a0(traduccions de pressupostos, certificats mercantils, documents de regularitat tribut\u00e0ria, ofertes t\u00e8cniques, etc.)aix\u00ed com en la traducci\u00f3 de documents notarials i societaris.","robots":{"index":"index","follow":"follow","max-snippet":"max-snippet:-1","max-image-preview":"max-image-preview:large","max-video-preview":"max-video-preview:-1"},"canonical":"https:\/\/www.smglanguages.com\/ca\/translations\/legalizzazione-documenti-brescia\/","og_locale":"ca_ES","og_type":"article","og_title":"Traduccions jurades - SMG Languages","og_description":"L\u2019SMG Languages est\u00e0 especialitzat en la traducci\u00f3 oficial urgent de documents de licitacions p\u00fabliques\u00a0(traduccions de pressupostos, certificats mercantils, documents de regularitat tribut\u00e0ria, ofertes t\u00e8cniques, etc.)aix\u00ed com en la traducci\u00f3 de documents notarials i societaris.","og_url":"https:\/\/www.smglanguages.com\/ca\/translations\/legalizzazione-documenti-brescia\/","og_site_name":"SMG Languages","article_publisher":"https:\/\/it-it.facebook.com\/smgstudiomorettogroup\/","article_modified_time":"2025-06-09T10:42:45+00:00","og_image":[{"width":882,"height":546,"url":"https:\/\/www.smglanguages.com\/wp-content\/uploads\/2022\/09\/Logo-SMG.png","type":"image\/png"}],"twitter_card":"summary_large_image","twitter_misc":{"Temps estimat de lectura":"3 minuts"},"schema":{"@context":"https:\/\/schema.org","@graph":[{"@type":"WebPage","@id":"https:\/\/www.smglanguages.com\/ca\/translations\/legalizzazione-documenti-brescia\/","url":"https:\/\/www.smglanguages.com\/ca\/translations\/legalizzazione-documenti-brescia\/","name":"Traduccions jurades - SMG Languages","isPartOf":{"@id":"https:\/\/www.smglanguages.com\/ca\/#website"},"datePublished":"2018-05-11T08:08:33+00:00","dateModified":"2025-06-09T10:42:45+00:00","description":"L\u2019SMG Languages est\u00e0 especialitzat en la traducci\u00f3 oficial urgent de documents de licitacions p\u00fabliques\u00a0(traduccions de pressupostos, certificats mercantils, documents de regularitat tribut\u00e0ria, ofertes t\u00e8cniques, etc.)aix\u00ed com en la traducci\u00f3 de documents notarials i societaris.","breadcrumb":{"@id":"https:\/\/www.smglanguages.com\/ca\/translations\/legalizzazione-documenti-brescia\/#breadcrumb"},"inLanguage":"ca","potentialAction":[{"@type":"ReadAction","target":["https:\/\/www.smglanguages.com\/ca\/translations\/legalizzazione-documenti-brescia\/"]}]},{"@type":"BreadcrumbList","@id":"https:\/\/www.smglanguages.com\/ca\/translations\/legalizzazione-documenti-brescia\/#breadcrumb","itemListElement":[{"@type":"ListItem","position":1,"name":"Home","item":"https:\/\/www.smglanguages.com\/ca\/?lang=ca"},{"@type":"ListItem","position":2,"name":"Traduccions","item":"https:\/\/www.smglanguages.com\/ca\/translations\/?lang=ca"},{"@type":"ListItem","position":3,"name":"Traduccions jurades"}]},{"@type":"WebSite","@id":"https:\/\/www.smglanguages.com\/ca\/#website","url":"https:\/\/www.smglanguages.com\/ca\/","name":"SMG Languages","description":"","publisher":{"@id":"https:\/\/www.smglanguages.com\/ca\/#organization"},"alternateName":"Studio Moretto Group","potentialAction":[{"@type":"SearchAction","target":{"@type":"EntryPoint","urlTemplate":"https:\/\/www.smglanguages.com\/ca\/?s={search_term_string}"},"query-input":{"@type":"PropertyValueSpecification","valueRequired":true,"valueName":"search_term_string"}}],"inLanguage":"ca"},{"@type":"Organization","@id":"https:\/\/www.smglanguages.com\/ca\/#organization","name":"Studio Moretto Group","alternateName":"SMG Languages","url":"https:\/\/www.smglanguages.com\/ca\/","logo":{"@type":"ImageObject","inLanguage":"ca","@id":"https:\/\/www.smglanguages.com\/ca\/#\/schema\/logo\/image\/","url":"https:\/\/www.smglanguages.com\/wp-content\/uploads\/2022\/09\/Logo-SMG.png","contentUrl":"https:\/\/www.smglanguages.com\/wp-content\/uploads\/2022\/09\/Logo-SMG.png","width":882,"height":546,"caption":"Studio Moretto Group"},"image":{"@id":"https:\/\/www.smglanguages.com\/ca\/#\/schema\/logo\/image\/"},"sameAs":["https:\/\/it-it.facebook.com\/smgstudiomorettogroup\/","https:\/\/it.linkedin.com\/company\/studio-moretto-group-srl"]}]}},"_links":{"self":[{"href":"https:\/\/www.smglanguages.com\/ca\/wp-json\/wp\/v2\/pages\/45052","targetHints":{"allow":["GET"]}}],"collection":[{"href":"https:\/\/www.smglanguages.com\/ca\/wp-json\/wp\/v2\/pages"}],"about":[{"href":"https:\/\/www.smglanguages.com\/ca\/wp-json\/wp\/v2\/types\/page"}],"author":[{"embeddable":true,"href":"https:\/\/www.smglanguages.com\/ca\/wp-json\/wp\/v2\/users\/5"}],"replies":[{"embeddable":true,"href":"https:\/\/www.smglanguages.com\/ca\/wp-json\/wp\/v2\/comments?post=45052"}],"version-history":[{"count":0,"href":"https:\/\/www.smglanguages.com\/ca\/wp-json\/wp\/v2\/pages\/45052\/revisions"}],"up":[{"embeddable":true,"href":"https:\/\/www.smglanguages.com\/ca\/wp-json\/wp\/v2\/pages\/37548"}],"wp:attachment":[{"href":"https:\/\/www.smglanguages.com\/ca\/wp-json\/wp\/v2\/media?parent=45052"}],"curies":[{"name":"wp","href":"https:\/\/api.w.org\/{rel}","templated":true}]}}