{"id":31009,"date":"2018-03-13T11:32:16","date_gmt":"2018-03-13T11:32:16","guid":{"rendered":"https:\/\/www.smglanguages.com\/sedi-nel-mondo"},"modified":"2025-06-05T17:12:13","modified_gmt":"2025-06-05T15:12:13","slug":"kontakt","status":"publish","type":"page","link":"https:\/\/www.smglanguages.com\/da\/virksomheden-2\/kontakt\/","title":{"rendered":"Kontakt"},"content":{"rendered":"","protected":false},"excerpt":{"rendered":"","protected":false},"author":2,"featured_media":25277,"parent":30456,"menu_order":1,"comment_status":"closed","ping_status":"closed","template":"templates\/flexible-content.php","meta":{"_acf_changed":false,"footnotes":""},"class_list":["post-31009","page","type-page","status-publish","has-post-thumbnail","hentry"],"acf":[],"yoast_head":"<!-- This site is optimized with the Yoast SEO plugin v27.2 - https:\/\/yoast.com\/product\/yoast-seo-wordpress\/ -->\n<title>Kontakt - SMG Languages<\/title>\n<meta name=\"description\" content=\"SMG Languages er et internationalt overs\u00e6ttelsesbureau: Vi yder sproglig bistand p\u00e5 over 160 sprog, da vi er fysisk til stede i mange lande gennem vores egne kontorer og h\u00f8jt kvalificeret lokalt modersm\u00e5lspersonale.\" \/>\n<meta name=\"robots\" content=\"index, follow, max-snippet:-1, max-image-preview:large, max-video-preview:-1\" \/>\n<link rel=\"canonical\" href=\"https:\/\/www.smglanguages.com\/da\/virksomheden-2\/kontakt\/\" \/>\n<meta property=\"og:locale\" content=\"da_DK\" \/>\n<meta property=\"og:type\" content=\"article\" \/>\n<meta property=\"og:title\" content=\"Kontakt - SMG Languages\" \/>\n<meta property=\"og:description\" content=\"SMG Languages er et internationalt overs\u00e6ttelsesbureau: Vi yder sproglig bistand p\u00e5 over 160 sprog, da vi er fysisk til stede i mange lande gennem vores egne kontorer og h\u00f8jt kvalificeret lokalt modersm\u00e5lspersonale.\" \/>\n<meta property=\"og:url\" content=\"https:\/\/www.smglanguages.com\/da\/virksomheden-2\/kontakt\/\" \/>\n<meta property=\"og:site_name\" content=\"SMG Languages\" \/>\n<meta property=\"article:publisher\" content=\"https:\/\/it-it.facebook.com\/smgstudiomorettogroup\/\" \/>\n<meta property=\"article:modified_time\" content=\"2025-06-05T15:12:13+00:00\" \/>\n<meta property=\"og:image\" content=\"https:\/\/www.smglanguages.com\/wp-content\/uploads\/2018\/03\/Contatti-e-Sedi-Estere-hover-SMG_languages-.jpg\" \/>\n\t<meta property=\"og:image:width\" content=\"1920\" \/>\n\t<meta property=\"og:image:height\" content=\"451\" \/>\n\t<meta property=\"og:image:type\" content=\"image\/jpeg\" \/>\n<meta name=\"twitter:card\" content=\"summary_large_image\" \/>\n<meta name=\"twitter:label1\" content=\"Estimeret l\u00e6setid\" \/>\n\t<meta name=\"twitter:data1\" content=\"1 minut\" \/>\n<script type=\"application\/ld+json\" class=\"yoast-schema-graph\">{\"@context\":\"https:\/\/schema.org\",\"@graph\":[{\"@type\":\"WebPage\",\"@id\":\"https:\/\/www.smglanguages.com\/da\/virksomheden-2\/kontakt\/\",\"url\":\"https:\/\/www.smglanguages.com\/da\/virksomheden-2\/kontakt\/\",\"name\":\"Kontakt - SMG Languages\",\"isPartOf\":{\"@id\":\"https:\/\/www.smglanguages.com\/da\/#website\"},\"primaryImageOfPage\":{\"@id\":\"https:\/\/www.smglanguages.com\/da\/virksomheden-2\/kontakt\/#primaryimage\"},\"image\":{\"@id\":\"https:\/\/www.smglanguages.com\/da\/virksomheden-2\/kontakt\/#primaryimage\"},\"thumbnailUrl\":\"https:\/\/www.smglanguages.com\/wp-content\/uploads\/2018\/03\/Contatti-e-Sedi-Estere-hover-SMG_languages-.jpg\",\"datePublished\":\"2018-03-13T11:32:16+00:00\",\"dateModified\":\"2025-06-05T15:12:13+00:00\",\"description\":\"SMG Languages er et internationalt overs\u00e6ttelsesbureau: Vi yder sproglig bistand p\u00e5 over 160 sprog, da vi er fysisk til stede i mange lande gennem vores egne kontorer og h\u00f8jt kvalificeret lokalt modersm\u00e5lspersonale.\",\"breadcrumb\":{\"@id\":\"https:\/\/www.smglanguages.com\/da\/virksomheden-2\/kontakt\/#breadcrumb\"},\"inLanguage\":\"da-DK\",\"potentialAction\":[{\"@type\":\"ReadAction\",\"target\":[\"https:\/\/www.smglanguages.com\/da\/virksomheden-2\/kontakt\/\"]}]},{\"@type\":\"ImageObject\",\"inLanguage\":\"da-DK\",\"@id\":\"https:\/\/www.smglanguages.com\/da\/virksomheden-2\/kontakt\/#primaryimage\",\"url\":\"https:\/\/www.smglanguages.com\/wp-content\/uploads\/2018\/03\/Contatti-e-Sedi-Estere-hover-SMG_languages-.jpg\",\"contentUrl\":\"https:\/\/www.smglanguages.com\/wp-content\/uploads\/2018\/03\/Contatti-e-Sedi-Estere-hover-SMG_languages-.jpg\",\"width\":1920,\"height\":451},{\"@type\":\"BreadcrumbList\",\"@id\":\"https:\/\/www.smglanguages.com\/da\/virksomheden-2\/kontakt\/#breadcrumb\",\"itemListElement\":[{\"@type\":\"ListItem\",\"position\":1,\"name\":\"Home\",\"item\":\"https:\/\/www.smglanguages.com\/da\/?lang=da\"},{\"@type\":\"ListItem\",\"position\":2,\"name\":\"Virksomheden\",\"item\":\"https:\/\/www.smglanguages.com\/da\/virksomheden-2\/?lang=da\"},{\"@type\":\"ListItem\",\"position\":3,\"name\":\"Kontakt\"}]},{\"@type\":\"WebSite\",\"@id\":\"https:\/\/www.smglanguages.com\/da\/#website\",\"url\":\"https:\/\/www.smglanguages.com\/da\/\",\"name\":\"SMG Languages\",\"description\":\"\",\"publisher\":{\"@id\":\"https:\/\/www.smglanguages.com\/da\/#organization\"},\"alternateName\":\"Studio Moretto Group\",\"potentialAction\":[{\"@type\":\"SearchAction\",\"target\":{\"@type\":\"EntryPoint\",\"urlTemplate\":\"https:\/\/www.smglanguages.com\/da\/?s={search_term_string}\"},\"query-input\":{\"@type\":\"PropertyValueSpecification\",\"valueRequired\":true,\"valueName\":\"search_term_string\"}}],\"inLanguage\":\"da-DK\"},{\"@type\":\"Organization\",\"@id\":\"https:\/\/www.smglanguages.com\/da\/#organization\",\"name\":\"Studio Moretto Group\",\"alternateName\":\"SMG Languages\",\"url\":\"https:\/\/www.smglanguages.com\/da\/\",\"logo\":{\"@type\":\"ImageObject\",\"inLanguage\":\"da-DK\",\"@id\":\"https:\/\/www.smglanguages.com\/da\/#\/schema\/logo\/image\/\",\"url\":\"https:\/\/www.smglanguages.com\/wp-content\/uploads\/2022\/09\/Logo-SMG.png\",\"contentUrl\":\"https:\/\/www.smglanguages.com\/wp-content\/uploads\/2022\/09\/Logo-SMG.png\",\"width\":882,\"height\":546,\"caption\":\"Studio Moretto Group\"},\"image\":{\"@id\":\"https:\/\/www.smglanguages.com\/da\/#\/schema\/logo\/image\/\"},\"sameAs\":[\"https:\/\/it-it.facebook.com\/smgstudiomorettogroup\/\",\"https:\/\/it.linkedin.com\/company\/studio-moretto-group-srl\"]}]}<\/script>\n<!-- \/ Yoast SEO plugin. -->","yoast_head_json":{"title":"Kontakt - SMG Languages","description":"SMG Languages er et internationalt overs\u00e6ttelsesbureau: Vi yder sproglig bistand p\u00e5 over 160 sprog, da vi er fysisk til stede i mange lande gennem vores egne kontorer og h\u00f8jt kvalificeret lokalt modersm\u00e5lspersonale.","robots":{"index":"index","follow":"follow","max-snippet":"max-snippet:-1","max-image-preview":"max-image-preview:large","max-video-preview":"max-video-preview:-1"},"canonical":"https:\/\/www.smglanguages.com\/da\/virksomheden-2\/kontakt\/","og_locale":"da_DK","og_type":"article","og_title":"Kontakt - SMG Languages","og_description":"SMG Languages er et internationalt overs\u00e6ttelsesbureau: Vi yder sproglig bistand p\u00e5 over 160 sprog, da vi er fysisk til stede i mange lande gennem vores egne kontorer og h\u00f8jt kvalificeret lokalt modersm\u00e5lspersonale.","og_url":"https:\/\/www.smglanguages.com\/da\/virksomheden-2\/kontakt\/","og_site_name":"SMG Languages","article_publisher":"https:\/\/it-it.facebook.com\/smgstudiomorettogroup\/","article_modified_time":"2025-06-05T15:12:13+00:00","og_image":[{"width":1920,"height":451,"url":"https:\/\/www.smglanguages.com\/wp-content\/uploads\/2018\/03\/Contatti-e-Sedi-Estere-hover-SMG_languages-.jpg","type":"image\/jpeg"}],"twitter_card":"summary_large_image","twitter_misc":{"Estimeret l\u00e6setid":"1 minut"},"schema":{"@context":"https:\/\/schema.org","@graph":[{"@type":"WebPage","@id":"https:\/\/www.smglanguages.com\/da\/virksomheden-2\/kontakt\/","url":"https:\/\/www.smglanguages.com\/da\/virksomheden-2\/kontakt\/","name":"Kontakt - SMG Languages","isPartOf":{"@id":"https:\/\/www.smglanguages.com\/da\/#website"},"primaryImageOfPage":{"@id":"https:\/\/www.smglanguages.com\/da\/virksomheden-2\/kontakt\/#primaryimage"},"image":{"@id":"https:\/\/www.smglanguages.com\/da\/virksomheden-2\/kontakt\/#primaryimage"},"thumbnailUrl":"https:\/\/www.smglanguages.com\/wp-content\/uploads\/2018\/03\/Contatti-e-Sedi-Estere-hover-SMG_languages-.jpg","datePublished":"2018-03-13T11:32:16+00:00","dateModified":"2025-06-05T15:12:13+00:00","description":"SMG Languages er et internationalt overs\u00e6ttelsesbureau: Vi yder sproglig bistand p\u00e5 over 160 sprog, da vi er fysisk til stede i mange lande gennem vores egne kontorer og h\u00f8jt kvalificeret lokalt modersm\u00e5lspersonale.","breadcrumb":{"@id":"https:\/\/www.smglanguages.com\/da\/virksomheden-2\/kontakt\/#breadcrumb"},"inLanguage":"da-DK","potentialAction":[{"@type":"ReadAction","target":["https:\/\/www.smglanguages.com\/da\/virksomheden-2\/kontakt\/"]}]},{"@type":"ImageObject","inLanguage":"da-DK","@id":"https:\/\/www.smglanguages.com\/da\/virksomheden-2\/kontakt\/#primaryimage","url":"https:\/\/www.smglanguages.com\/wp-content\/uploads\/2018\/03\/Contatti-e-Sedi-Estere-hover-SMG_languages-.jpg","contentUrl":"https:\/\/www.smglanguages.com\/wp-content\/uploads\/2018\/03\/Contatti-e-Sedi-Estere-hover-SMG_languages-.jpg","width":1920,"height":451},{"@type":"BreadcrumbList","@id":"https:\/\/www.smglanguages.com\/da\/virksomheden-2\/kontakt\/#breadcrumb","itemListElement":[{"@type":"ListItem","position":1,"name":"Home","item":"https:\/\/www.smglanguages.com\/da\/?lang=da"},{"@type":"ListItem","position":2,"name":"Virksomheden","item":"https:\/\/www.smglanguages.com\/da\/virksomheden-2\/?lang=da"},{"@type":"ListItem","position":3,"name":"Kontakt"}]},{"@type":"WebSite","@id":"https:\/\/www.smglanguages.com\/da\/#website","url":"https:\/\/www.smglanguages.com\/da\/","name":"SMG Languages","description":"","publisher":{"@id":"https:\/\/www.smglanguages.com\/da\/#organization"},"alternateName":"Studio Moretto Group","potentialAction":[{"@type":"SearchAction","target":{"@type":"EntryPoint","urlTemplate":"https:\/\/www.smglanguages.com\/da\/?s={search_term_string}"},"query-input":{"@type":"PropertyValueSpecification","valueRequired":true,"valueName":"search_term_string"}}],"inLanguage":"da-DK"},{"@type":"Organization","@id":"https:\/\/www.smglanguages.com\/da\/#organization","name":"Studio Moretto Group","alternateName":"SMG Languages","url":"https:\/\/www.smglanguages.com\/da\/","logo":{"@type":"ImageObject","inLanguage":"da-DK","@id":"https:\/\/www.smglanguages.com\/da\/#\/schema\/logo\/image\/","url":"https:\/\/www.smglanguages.com\/wp-content\/uploads\/2022\/09\/Logo-SMG.png","contentUrl":"https:\/\/www.smglanguages.com\/wp-content\/uploads\/2022\/09\/Logo-SMG.png","width":882,"height":546,"caption":"Studio Moretto Group"},"image":{"@id":"https:\/\/www.smglanguages.com\/da\/#\/schema\/logo\/image\/"},"sameAs":["https:\/\/it-it.facebook.com\/smgstudiomorettogroup\/","https:\/\/it.linkedin.com\/company\/studio-moretto-group-srl"]}]}},"_links":{"self":[{"href":"https:\/\/www.smglanguages.com\/da\/wp-json\/wp\/v2\/pages\/31009","targetHints":{"allow":["GET"]}}],"collection":[{"href":"https:\/\/www.smglanguages.com\/da\/wp-json\/wp\/v2\/pages"}],"about":[{"href":"https:\/\/www.smglanguages.com\/da\/wp-json\/wp\/v2\/types\/page"}],"author":[{"embeddable":true,"href":"https:\/\/www.smglanguages.com\/da\/wp-json\/wp\/v2\/users\/2"}],"replies":[{"embeddable":true,"href":"https:\/\/www.smglanguages.com\/da\/wp-json\/wp\/v2\/comments?post=31009"}],"version-history":[{"count":0,"href":"https:\/\/www.smglanguages.com\/da\/wp-json\/wp\/v2\/pages\/31009\/revisions"}],"up":[{"embeddable":true,"href":"https:\/\/www.smglanguages.com\/da\/wp-json\/wp\/v2\/pages\/30456"}],"wp:featuredmedia":[{"embeddable":true,"href":"https:\/\/www.smglanguages.com\/da\/wp-json\/wp\/v2\/media\/25277"}],"wp:attachment":[{"href":"https:\/\/www.smglanguages.com\/da\/wp-json\/wp\/v2\/media?parent=31009"}],"curies":[{"name":"wp","href":"https:\/\/api.w.org\/{rel}","templated":true}]}}