{"id":32500,"date":"2018-04-05T10:09:43","date_gmt":"2018-04-05T10:09:43","guid":{"rendered":"https:\/\/www.smglanguages.com\/lavora-con-noi"},"modified":"2025-06-06T15:34:10","modified_gmt":"2025-06-06T13:34:10","slug":"job-hos-os","status":"publish","type":"page","link":"https:\/\/www.smglanguages.com\/da\/virksomheden-2\/job-hos-os\/","title":{"rendered":"Job hos os"},"content":{"rendered":"","protected":false},"excerpt":{"rendered":"","protected":false},"author":2,"featured_media":0,"parent":30456,"menu_order":0,"comment_status":"closed","ping_status":"closed","template":"templates\/flexible-content.php","meta":{"_acf_changed":false,"footnotes":""},"class_list":["post-32500","page","type-page","status-publish","hentry"],"acf":[],"yoast_head":"<!-- This site is optimized with the Yoast SEO plugin v27.2 - https:\/\/yoast.com\/product\/yoast-seo-wordpress\/ -->\n<title>Job hos os - SMG Languages<\/title>\n<meta name=\"description\" content=\"SMG Languages \u00f8ger konstant sit interne og eksterne personale inden for alle afdelinger, fra overs\u00e6ttelse til marketing, og tilbyder praktik, interne ans\u00e6ttelser, free-lance samarbejde og franchising.\" \/>\n<meta name=\"robots\" content=\"index, follow, max-snippet:-1, max-image-preview:large, max-video-preview:-1\" \/>\n<link rel=\"canonical\" href=\"https:\/\/www.smglanguages.com\/da\/virksomheden-2\/job-hos-os\/\" \/>\n<meta property=\"og:locale\" content=\"da_DK\" \/>\n<meta property=\"og:type\" content=\"article\" \/>\n<meta property=\"og:title\" content=\"Job hos os - SMG Languages\" \/>\n<meta property=\"og:description\" content=\"SMG Languages \u00f8ger konstant sit interne og eksterne personale inden for alle afdelinger, fra overs\u00e6ttelse til marketing, og tilbyder praktik, interne ans\u00e6ttelser, free-lance samarbejde og franchising.\" \/>\n<meta property=\"og:url\" content=\"https:\/\/www.smglanguages.com\/da\/virksomheden-2\/job-hos-os\/\" \/>\n<meta property=\"og:site_name\" content=\"SMG Languages\" \/>\n<meta property=\"article:publisher\" content=\"https:\/\/it-it.facebook.com\/smgstudiomorettogroup\/\" \/>\n<meta property=\"article:modified_time\" content=\"2025-06-06T13:34:10+00:00\" \/>\n<meta property=\"og:image\" content=\"https:\/\/www.smglanguages.com\/wp-content\/uploads\/2022\/09\/Logo-SMG.png\" \/>\n\t<meta property=\"og:image:width\" content=\"882\" \/>\n\t<meta property=\"og:image:height\" content=\"546\" \/>\n\t<meta property=\"og:image:type\" content=\"image\/png\" \/>\n<meta name=\"twitter:card\" content=\"summary_large_image\" \/>\n<meta name=\"twitter:label1\" content=\"Estimeret l\u00e6setid\" \/>\n\t<meta name=\"twitter:data1\" content=\"2 minutter\" \/>\n<script type=\"application\/ld+json\" class=\"yoast-schema-graph\">{\"@context\":\"https:\/\/schema.org\",\"@graph\":[{\"@type\":\"WebPage\",\"@id\":\"https:\/\/www.smglanguages.com\/da\/virksomheden-2\/job-hos-os\/\",\"url\":\"https:\/\/www.smglanguages.com\/da\/virksomheden-2\/job-hos-os\/\",\"name\":\"Job hos os - SMG Languages\",\"isPartOf\":{\"@id\":\"https:\/\/www.smglanguages.com\/da\/#website\"},\"datePublished\":\"2018-04-05T10:09:43+00:00\",\"dateModified\":\"2025-06-06T13:34:10+00:00\",\"description\":\"SMG Languages \u00f8ger konstant sit interne og eksterne personale inden for alle afdelinger, fra overs\u00e6ttelse til marketing, og tilbyder praktik, interne ans\u00e6ttelser, free-lance samarbejde og franchising.\",\"breadcrumb\":{\"@id\":\"https:\/\/www.smglanguages.com\/da\/virksomheden-2\/job-hos-os\/#breadcrumb\"},\"inLanguage\":\"da-DK\",\"potentialAction\":[{\"@type\":\"ReadAction\",\"target\":[\"https:\/\/www.smglanguages.com\/da\/virksomheden-2\/job-hos-os\/\"]}]},{\"@type\":\"BreadcrumbList\",\"@id\":\"https:\/\/www.smglanguages.com\/da\/virksomheden-2\/job-hos-os\/#breadcrumb\",\"itemListElement\":[{\"@type\":\"ListItem\",\"position\":1,\"name\":\"Home\",\"item\":\"https:\/\/www.smglanguages.com\/da\/?lang=da\"},{\"@type\":\"ListItem\",\"position\":2,\"name\":\"Virksomheden\",\"item\":\"https:\/\/www.smglanguages.com\/da\/virksomheden-2\/?lang=da\"},{\"@type\":\"ListItem\",\"position\":3,\"name\":\"Job hos os\"}]},{\"@type\":\"WebSite\",\"@id\":\"https:\/\/www.smglanguages.com\/da\/#website\",\"url\":\"https:\/\/www.smglanguages.com\/da\/\",\"name\":\"SMG Languages\",\"description\":\"\",\"publisher\":{\"@id\":\"https:\/\/www.smglanguages.com\/da\/#organization\"},\"alternateName\":\"Studio Moretto Group\",\"potentialAction\":[{\"@type\":\"SearchAction\",\"target\":{\"@type\":\"EntryPoint\",\"urlTemplate\":\"https:\/\/www.smglanguages.com\/da\/?s={search_term_string}\"},\"query-input\":{\"@type\":\"PropertyValueSpecification\",\"valueRequired\":true,\"valueName\":\"search_term_string\"}}],\"inLanguage\":\"da-DK\"},{\"@type\":\"Organization\",\"@id\":\"https:\/\/www.smglanguages.com\/da\/#organization\",\"name\":\"Studio Moretto Group\",\"alternateName\":\"SMG Languages\",\"url\":\"https:\/\/www.smglanguages.com\/da\/\",\"logo\":{\"@type\":\"ImageObject\",\"inLanguage\":\"da-DK\",\"@id\":\"https:\/\/www.smglanguages.com\/da\/#\/schema\/logo\/image\/\",\"url\":\"https:\/\/www.smglanguages.com\/wp-content\/uploads\/2022\/09\/Logo-SMG.png\",\"contentUrl\":\"https:\/\/www.smglanguages.com\/wp-content\/uploads\/2022\/09\/Logo-SMG.png\",\"width\":882,\"height\":546,\"caption\":\"Studio Moretto Group\"},\"image\":{\"@id\":\"https:\/\/www.smglanguages.com\/da\/#\/schema\/logo\/image\/\"},\"sameAs\":[\"https:\/\/it-it.facebook.com\/smgstudiomorettogroup\/\",\"https:\/\/it.linkedin.com\/company\/studio-moretto-group-srl\"]}]}<\/script>\n<!-- \/ Yoast SEO plugin. -->","yoast_head_json":{"title":"Job hos os - SMG Languages","description":"SMG Languages \u00f8ger konstant sit interne og eksterne personale inden for alle afdelinger, fra overs\u00e6ttelse til marketing, og tilbyder praktik, interne ans\u00e6ttelser, free-lance samarbejde og franchising.","robots":{"index":"index","follow":"follow","max-snippet":"max-snippet:-1","max-image-preview":"max-image-preview:large","max-video-preview":"max-video-preview:-1"},"canonical":"https:\/\/www.smglanguages.com\/da\/virksomheden-2\/job-hos-os\/","og_locale":"da_DK","og_type":"article","og_title":"Job hos os - SMG Languages","og_description":"SMG Languages \u00f8ger konstant sit interne og eksterne personale inden for alle afdelinger, fra overs\u00e6ttelse til marketing, og tilbyder praktik, interne ans\u00e6ttelser, free-lance samarbejde og franchising.","og_url":"https:\/\/www.smglanguages.com\/da\/virksomheden-2\/job-hos-os\/","og_site_name":"SMG Languages","article_publisher":"https:\/\/it-it.facebook.com\/smgstudiomorettogroup\/","article_modified_time":"2025-06-06T13:34:10+00:00","og_image":[{"width":882,"height":546,"url":"https:\/\/www.smglanguages.com\/wp-content\/uploads\/2022\/09\/Logo-SMG.png","type":"image\/png"}],"twitter_card":"summary_large_image","twitter_misc":{"Estimeret l\u00e6setid":"2 minutter"},"schema":{"@context":"https:\/\/schema.org","@graph":[{"@type":"WebPage","@id":"https:\/\/www.smglanguages.com\/da\/virksomheden-2\/job-hos-os\/","url":"https:\/\/www.smglanguages.com\/da\/virksomheden-2\/job-hos-os\/","name":"Job hos os - SMG Languages","isPartOf":{"@id":"https:\/\/www.smglanguages.com\/da\/#website"},"datePublished":"2018-04-05T10:09:43+00:00","dateModified":"2025-06-06T13:34:10+00:00","description":"SMG Languages \u00f8ger konstant sit interne og eksterne personale inden for alle afdelinger, fra overs\u00e6ttelse til marketing, og tilbyder praktik, interne ans\u00e6ttelser, free-lance samarbejde og franchising.","breadcrumb":{"@id":"https:\/\/www.smglanguages.com\/da\/virksomheden-2\/job-hos-os\/#breadcrumb"},"inLanguage":"da-DK","potentialAction":[{"@type":"ReadAction","target":["https:\/\/www.smglanguages.com\/da\/virksomheden-2\/job-hos-os\/"]}]},{"@type":"BreadcrumbList","@id":"https:\/\/www.smglanguages.com\/da\/virksomheden-2\/job-hos-os\/#breadcrumb","itemListElement":[{"@type":"ListItem","position":1,"name":"Home","item":"https:\/\/www.smglanguages.com\/da\/?lang=da"},{"@type":"ListItem","position":2,"name":"Virksomheden","item":"https:\/\/www.smglanguages.com\/da\/virksomheden-2\/?lang=da"},{"@type":"ListItem","position":3,"name":"Job hos os"}]},{"@type":"WebSite","@id":"https:\/\/www.smglanguages.com\/da\/#website","url":"https:\/\/www.smglanguages.com\/da\/","name":"SMG Languages","description":"","publisher":{"@id":"https:\/\/www.smglanguages.com\/da\/#organization"},"alternateName":"Studio Moretto Group","potentialAction":[{"@type":"SearchAction","target":{"@type":"EntryPoint","urlTemplate":"https:\/\/www.smglanguages.com\/da\/?s={search_term_string}"},"query-input":{"@type":"PropertyValueSpecification","valueRequired":true,"valueName":"search_term_string"}}],"inLanguage":"da-DK"},{"@type":"Organization","@id":"https:\/\/www.smglanguages.com\/da\/#organization","name":"Studio Moretto Group","alternateName":"SMG Languages","url":"https:\/\/www.smglanguages.com\/da\/","logo":{"@type":"ImageObject","inLanguage":"da-DK","@id":"https:\/\/www.smglanguages.com\/da\/#\/schema\/logo\/image\/","url":"https:\/\/www.smglanguages.com\/wp-content\/uploads\/2022\/09\/Logo-SMG.png","contentUrl":"https:\/\/www.smglanguages.com\/wp-content\/uploads\/2022\/09\/Logo-SMG.png","width":882,"height":546,"caption":"Studio Moretto Group"},"image":{"@id":"https:\/\/www.smglanguages.com\/da\/#\/schema\/logo\/image\/"},"sameAs":["https:\/\/it-it.facebook.com\/smgstudiomorettogroup\/","https:\/\/it.linkedin.com\/company\/studio-moretto-group-srl"]}]}},"_links":{"self":[{"href":"https:\/\/www.smglanguages.com\/da\/wp-json\/wp\/v2\/pages\/32500","targetHints":{"allow":["GET"]}}],"collection":[{"href":"https:\/\/www.smglanguages.com\/da\/wp-json\/wp\/v2\/pages"}],"about":[{"href":"https:\/\/www.smglanguages.com\/da\/wp-json\/wp\/v2\/types\/page"}],"author":[{"embeddable":true,"href":"https:\/\/www.smglanguages.com\/da\/wp-json\/wp\/v2\/users\/2"}],"replies":[{"embeddable":true,"href":"https:\/\/www.smglanguages.com\/da\/wp-json\/wp\/v2\/comments?post=32500"}],"version-history":[{"count":0,"href":"https:\/\/www.smglanguages.com\/da\/wp-json\/wp\/v2\/pages\/32500\/revisions"}],"up":[{"embeddable":true,"href":"https:\/\/www.smglanguages.com\/da\/wp-json\/wp\/v2\/pages\/30456"}],"wp:attachment":[{"href":"https:\/\/www.smglanguages.com\/da\/wp-json\/wp\/v2\/media?parent=32500"}],"curies":[{"name":"wp","href":"https:\/\/api.w.org\/{rel}","templated":true}]}}