{"id":32933,"date":"2018-04-12T08:57:45","date_gmt":"2018-04-12T08:57:45","guid":{"rendered":"https:\/\/www.smglanguages.com\/job-hos-os\/stage"},"modified":"2025-06-06T10:58:29","modified_gmt":"2025-06-06T08:58:29","slug":"praktik","status":"publish","type":"page","link":"https:\/\/www.smglanguages.com\/da\/virksomheden-2\/job-hos-os\/praktik\/","title":{"rendered":"Praktik"},"content":{"rendered":"","protected":false},"excerpt":{"rendered":"","protected":false},"author":2,"featured_media":0,"parent":32500,"menu_order":0,"comment_status":"closed","ping_status":"closed","template":"templates\/flexible-content.php","meta":{"_acf_changed":false,"footnotes":""},"class_list":["post-32933","page","type-page","status-publish","hentry"],"acf":[],"yoast_head":"<!-- This site is optimized with the Yoast SEO plugin v27.2 - https:\/\/yoast.com\/product\/yoast-seo-wordpress\/ -->\n<title>Praktik - SMG Languages<\/title>\n<meta name=\"description\" content=\"SMG Languages organiserer j\u00e6vnligt praktikprogrammer i de f\u00f8lgende afdelinger med det form\u00e5l at identificere og uddanne personale til efterf\u00f8lgende samarbejde.\" \/>\n<meta name=\"robots\" content=\"index, follow, max-snippet:-1, max-image-preview:large, max-video-preview:-1\" \/>\n<link rel=\"canonical\" href=\"https:\/\/www.smglanguages.com\/da\/virksomheden-2\/job-hos-os\/praktik\/\" \/>\n<meta property=\"og:locale\" content=\"da_DK\" \/>\n<meta property=\"og:type\" content=\"article\" \/>\n<meta property=\"og:title\" content=\"Praktik - SMG Languages\" \/>\n<meta property=\"og:description\" content=\"SMG Languages organiserer j\u00e6vnligt praktikprogrammer i de f\u00f8lgende afdelinger med det form\u00e5l at identificere og uddanne personale til efterf\u00f8lgende samarbejde.\" \/>\n<meta property=\"og:url\" content=\"https:\/\/www.smglanguages.com\/da\/virksomheden-2\/job-hos-os\/praktik\/\" \/>\n<meta property=\"og:site_name\" content=\"SMG Languages\" \/>\n<meta property=\"article:publisher\" content=\"https:\/\/it-it.facebook.com\/smgstudiomorettogroup\/\" \/>\n<meta property=\"article:modified_time\" content=\"2025-06-06T08:58:29+00:00\" \/>\n<meta property=\"og:image\" content=\"https:\/\/www.smglanguages.com\/wp-content\/uploads\/2022\/09\/Logo-SMG.png\" \/>\n\t<meta property=\"og:image:width\" content=\"882\" \/>\n\t<meta property=\"og:image:height\" content=\"546\" \/>\n\t<meta property=\"og:image:type\" content=\"image\/png\" \/>\n<meta name=\"twitter:card\" content=\"summary_large_image\" \/>\n<meta name=\"twitter:label1\" content=\"Estimeret l\u00e6setid\" \/>\n\t<meta name=\"twitter:data1\" content=\"2 minutter\" \/>\n<script type=\"application\/ld+json\" class=\"yoast-schema-graph\">{\"@context\":\"https:\/\/schema.org\",\"@graph\":[{\"@type\":\"WebPage\",\"@id\":\"https:\/\/www.smglanguages.com\/da\/virksomheden-2\/job-hos-os\/praktik\/\",\"url\":\"https:\/\/www.smglanguages.com\/da\/virksomheden-2\/job-hos-os\/praktik\/\",\"name\":\"Praktik - SMG Languages\",\"isPartOf\":{\"@id\":\"https:\/\/www.smglanguages.com\/da\/#website\"},\"datePublished\":\"2018-04-12T08:57:45+00:00\",\"dateModified\":\"2025-06-06T08:58:29+00:00\",\"description\":\"SMG Languages organiserer j\u00e6vnligt praktikprogrammer i de f\u00f8lgende afdelinger med det form\u00e5l at identificere og uddanne personale til efterf\u00f8lgende samarbejde.\",\"breadcrumb\":{\"@id\":\"https:\/\/www.smglanguages.com\/da\/virksomheden-2\/job-hos-os\/praktik\/#breadcrumb\"},\"inLanguage\":\"da-DK\",\"potentialAction\":[{\"@type\":\"ReadAction\",\"target\":[\"https:\/\/www.smglanguages.com\/da\/virksomheden-2\/job-hos-os\/praktik\/\"]}]},{\"@type\":\"BreadcrumbList\",\"@id\":\"https:\/\/www.smglanguages.com\/da\/virksomheden-2\/job-hos-os\/praktik\/#breadcrumb\",\"itemListElement\":[{\"@type\":\"ListItem\",\"position\":1,\"name\":\"Home\",\"item\":\"https:\/\/www.smglanguages.com\/da\/?lang=da\"},{\"@type\":\"ListItem\",\"position\":2,\"name\":\"Virksomheden\",\"item\":\"https:\/\/www.smglanguages.com\/da\/virksomheden-2\/?lang=da\"},{\"@type\":\"ListItem\",\"position\":3,\"name\":\"Job hos os\",\"item\":\"https:\/\/www.smglanguages.com\/da\/virksomheden-2\/job-hos-os\/?lang=da\"},{\"@type\":\"ListItem\",\"position\":4,\"name\":\"Praktik\"}]},{\"@type\":\"WebSite\",\"@id\":\"https:\/\/www.smglanguages.com\/da\/#website\",\"url\":\"https:\/\/www.smglanguages.com\/da\/\",\"name\":\"SMG Languages\",\"description\":\"\",\"publisher\":{\"@id\":\"https:\/\/www.smglanguages.com\/da\/#organization\"},\"alternateName\":\"Studio Moretto Group\",\"potentialAction\":[{\"@type\":\"SearchAction\",\"target\":{\"@type\":\"EntryPoint\",\"urlTemplate\":\"https:\/\/www.smglanguages.com\/da\/?s={search_term_string}\"},\"query-input\":{\"@type\":\"PropertyValueSpecification\",\"valueRequired\":true,\"valueName\":\"search_term_string\"}}],\"inLanguage\":\"da-DK\"},{\"@type\":\"Organization\",\"@id\":\"https:\/\/www.smglanguages.com\/da\/#organization\",\"name\":\"Studio Moretto Group\",\"alternateName\":\"SMG Languages\",\"url\":\"https:\/\/www.smglanguages.com\/da\/\",\"logo\":{\"@type\":\"ImageObject\",\"inLanguage\":\"da-DK\",\"@id\":\"https:\/\/www.smglanguages.com\/da\/#\/schema\/logo\/image\/\",\"url\":\"https:\/\/www.smglanguages.com\/wp-content\/uploads\/2022\/09\/Logo-SMG.png\",\"contentUrl\":\"https:\/\/www.smglanguages.com\/wp-content\/uploads\/2022\/09\/Logo-SMG.png\",\"width\":882,\"height\":546,\"caption\":\"Studio Moretto Group\"},\"image\":{\"@id\":\"https:\/\/www.smglanguages.com\/da\/#\/schema\/logo\/image\/\"},\"sameAs\":[\"https:\/\/it-it.facebook.com\/smgstudiomorettogroup\/\",\"https:\/\/it.linkedin.com\/company\/studio-moretto-group-srl\"]}]}<\/script>\n<!-- \/ Yoast SEO plugin. -->","yoast_head_json":{"title":"Praktik - SMG Languages","description":"SMG Languages organiserer j\u00e6vnligt praktikprogrammer i de f\u00f8lgende afdelinger med det form\u00e5l at identificere og uddanne personale til efterf\u00f8lgende samarbejde.","robots":{"index":"index","follow":"follow","max-snippet":"max-snippet:-1","max-image-preview":"max-image-preview:large","max-video-preview":"max-video-preview:-1"},"canonical":"https:\/\/www.smglanguages.com\/da\/virksomheden-2\/job-hos-os\/praktik\/","og_locale":"da_DK","og_type":"article","og_title":"Praktik - SMG Languages","og_description":"SMG Languages organiserer j\u00e6vnligt praktikprogrammer i de f\u00f8lgende afdelinger med det form\u00e5l at identificere og uddanne personale til efterf\u00f8lgende samarbejde.","og_url":"https:\/\/www.smglanguages.com\/da\/virksomheden-2\/job-hos-os\/praktik\/","og_site_name":"SMG Languages","article_publisher":"https:\/\/it-it.facebook.com\/smgstudiomorettogroup\/","article_modified_time":"2025-06-06T08:58:29+00:00","og_image":[{"width":882,"height":546,"url":"https:\/\/www.smglanguages.com\/wp-content\/uploads\/2022\/09\/Logo-SMG.png","type":"image\/png"}],"twitter_card":"summary_large_image","twitter_misc":{"Estimeret l\u00e6setid":"2 minutter"},"schema":{"@context":"https:\/\/schema.org","@graph":[{"@type":"WebPage","@id":"https:\/\/www.smglanguages.com\/da\/virksomheden-2\/job-hos-os\/praktik\/","url":"https:\/\/www.smglanguages.com\/da\/virksomheden-2\/job-hos-os\/praktik\/","name":"Praktik - SMG Languages","isPartOf":{"@id":"https:\/\/www.smglanguages.com\/da\/#website"},"datePublished":"2018-04-12T08:57:45+00:00","dateModified":"2025-06-06T08:58:29+00:00","description":"SMG Languages organiserer j\u00e6vnligt praktikprogrammer i de f\u00f8lgende afdelinger med det form\u00e5l at identificere og uddanne personale til efterf\u00f8lgende samarbejde.","breadcrumb":{"@id":"https:\/\/www.smglanguages.com\/da\/virksomheden-2\/job-hos-os\/praktik\/#breadcrumb"},"inLanguage":"da-DK","potentialAction":[{"@type":"ReadAction","target":["https:\/\/www.smglanguages.com\/da\/virksomheden-2\/job-hos-os\/praktik\/"]}]},{"@type":"BreadcrumbList","@id":"https:\/\/www.smglanguages.com\/da\/virksomheden-2\/job-hos-os\/praktik\/#breadcrumb","itemListElement":[{"@type":"ListItem","position":1,"name":"Home","item":"https:\/\/www.smglanguages.com\/da\/?lang=da"},{"@type":"ListItem","position":2,"name":"Virksomheden","item":"https:\/\/www.smglanguages.com\/da\/virksomheden-2\/?lang=da"},{"@type":"ListItem","position":3,"name":"Job hos os","item":"https:\/\/www.smglanguages.com\/da\/virksomheden-2\/job-hos-os\/?lang=da"},{"@type":"ListItem","position":4,"name":"Praktik"}]},{"@type":"WebSite","@id":"https:\/\/www.smglanguages.com\/da\/#website","url":"https:\/\/www.smglanguages.com\/da\/","name":"SMG Languages","description":"","publisher":{"@id":"https:\/\/www.smglanguages.com\/da\/#organization"},"alternateName":"Studio Moretto Group","potentialAction":[{"@type":"SearchAction","target":{"@type":"EntryPoint","urlTemplate":"https:\/\/www.smglanguages.com\/da\/?s={search_term_string}"},"query-input":{"@type":"PropertyValueSpecification","valueRequired":true,"valueName":"search_term_string"}}],"inLanguage":"da-DK"},{"@type":"Organization","@id":"https:\/\/www.smglanguages.com\/da\/#organization","name":"Studio Moretto Group","alternateName":"SMG Languages","url":"https:\/\/www.smglanguages.com\/da\/","logo":{"@type":"ImageObject","inLanguage":"da-DK","@id":"https:\/\/www.smglanguages.com\/da\/#\/schema\/logo\/image\/","url":"https:\/\/www.smglanguages.com\/wp-content\/uploads\/2022\/09\/Logo-SMG.png","contentUrl":"https:\/\/www.smglanguages.com\/wp-content\/uploads\/2022\/09\/Logo-SMG.png","width":882,"height":546,"caption":"Studio Moretto Group"},"image":{"@id":"https:\/\/www.smglanguages.com\/da\/#\/schema\/logo\/image\/"},"sameAs":["https:\/\/it-it.facebook.com\/smgstudiomorettogroup\/","https:\/\/it.linkedin.com\/company\/studio-moretto-group-srl"]}]}},"_links":{"self":[{"href":"https:\/\/www.smglanguages.com\/da\/wp-json\/wp\/v2\/pages\/32933","targetHints":{"allow":["GET"]}}],"collection":[{"href":"https:\/\/www.smglanguages.com\/da\/wp-json\/wp\/v2\/pages"}],"about":[{"href":"https:\/\/www.smglanguages.com\/da\/wp-json\/wp\/v2\/types\/page"}],"author":[{"embeddable":true,"href":"https:\/\/www.smglanguages.com\/da\/wp-json\/wp\/v2\/users\/2"}],"replies":[{"embeddable":true,"href":"https:\/\/www.smglanguages.com\/da\/wp-json\/wp\/v2\/comments?post=32933"}],"version-history":[{"count":0,"href":"https:\/\/www.smglanguages.com\/da\/wp-json\/wp\/v2\/pages\/32933\/revisions"}],"up":[{"embeddable":true,"href":"https:\/\/www.smglanguages.com\/da\/wp-json\/wp\/v2\/pages\/32500"}],"wp:attachment":[{"href":"https:\/\/www.smglanguages.com\/da\/wp-json\/wp\/v2\/media?parent=32933"}],"curies":[{"name":"wp","href":"https:\/\/api.w.org\/{rel}","templated":true}]}}