{"id":37514,"date":"2018-04-03T10:04:09","date_gmt":"2018-04-03T10:04:09","guid":{"rendered":"https:\/\/www.smglanguages.com\/traduzioni-professionali"},"modified":"2018-12-20T14:04:58","modified_gmt":"2018-12-20T14:04:58","slug":"oversaettelsesservice-2","status":"publish","type":"page","link":"https:\/\/www.smglanguages.com\/da\/oversaettelsesservice-2\/","title":{"rendered":"Overs\u00e6ttelsesservice"},"content":{"rendered":"","protected":false},"excerpt":{"rendered":"","protected":false},"author":2,"featured_media":0,"parent":0,"menu_order":0,"comment_status":"closed","ping_status":"closed","template":"templates\/flexible-content.php","meta":{"_acf_changed":false,"footnotes":""},"class_list":["post-37514","page","type-page","status-publish","hentry"],"acf":[],"yoast_head":"<!-- This site is optimized with the Yoast SEO plugin v27.2 - https:\/\/yoast.com\/product\/yoast-seo-wordpress\/ -->\n<title>Overs\u00e6ttelsesservice - SMG Languages<\/title>\n<meta name=\"description\" content=\"Vores afdelinger overs\u00e6tter tekster til mere end 160 sprog, med en hastighed og kompetence, som allerede v\u00e6rds\u00e6ttes af kendte kunder s\u00e5som Det Italienske Forsvar, Den Europ\u00e6iske Union, og Den Franske Kassationsdomstol.Overs\u00e6ttelserne udf\u00f8res af modersm\u00e5lsovers\u00e6ttere som er specialiseret inden for det p\u00e5g\u00e6ldende materiale og underkastes derefter strenge kvalitetskontroller som foreskrevet af den europ\u00e6iske forskrift UNI EN 15038 for deres kvalitet.\" \/>\n<meta name=\"robots\" content=\"index, follow, max-snippet:-1, max-image-preview:large, max-video-preview:-1\" \/>\n<link rel=\"canonical\" href=\"https:\/\/www.smglanguages.com\/da\/oversaettelsesservice-2\/\" \/>\n<meta property=\"og:locale\" content=\"da_DK\" \/>\n<meta property=\"og:type\" content=\"article\" \/>\n<meta property=\"og:title\" content=\"Overs\u00e6ttelsesservice - SMG Languages\" \/>\n<meta property=\"og:description\" content=\"Vores afdelinger overs\u00e6tter tekster til mere end 160 sprog, med en hastighed og kompetence, som allerede v\u00e6rds\u00e6ttes af kendte kunder s\u00e5som Det Italienske Forsvar, Den Europ\u00e6iske Union, og Den Franske Kassationsdomstol.Overs\u00e6ttelserne udf\u00f8res af modersm\u00e5lsovers\u00e6ttere som er specialiseret inden for det p\u00e5g\u00e6ldende materiale og underkastes derefter strenge kvalitetskontroller som foreskrevet af den europ\u00e6iske forskrift UNI EN 15038 for deres kvalitet.\" \/>\n<meta property=\"og:url\" content=\"https:\/\/www.smglanguages.com\/da\/oversaettelsesservice-2\/\" \/>\n<meta property=\"og:site_name\" content=\"SMG Languages\" \/>\n<meta property=\"article:publisher\" content=\"https:\/\/it-it.facebook.com\/smgstudiomorettogroup\/\" \/>\n<meta property=\"article:modified_time\" content=\"2018-12-20T14:04:58+00:00\" \/>\n<meta property=\"og:image\" content=\"https:\/\/www.smglanguages.com\/wp-content\/uploads\/2022\/09\/Logo-SMG.png\" \/>\n\t<meta property=\"og:image:width\" content=\"882\" \/>\n\t<meta property=\"og:image:height\" content=\"546\" \/>\n\t<meta property=\"og:image:type\" content=\"image\/png\" \/>\n<meta name=\"twitter:card\" content=\"summary_large_image\" \/>\n<script type=\"application\/ld+json\" class=\"yoast-schema-graph\">{\"@context\":\"https:\/\/schema.org\",\"@graph\":[{\"@type\":\"WebPage\",\"@id\":\"https:\/\/www.smglanguages.com\/da\/oversaettelsesservice-2\/\",\"url\":\"https:\/\/www.smglanguages.com\/da\/oversaettelsesservice-2\/\",\"name\":\"Overs\u00e6ttelsesservice - SMG Languages\",\"isPartOf\":{\"@id\":\"https:\/\/www.smglanguages.com\/da\/#website\"},\"datePublished\":\"2018-04-03T10:04:09+00:00\",\"dateModified\":\"2018-12-20T14:04:58+00:00\",\"description\":\"Vores afdelinger overs\u00e6tter tekster til mere end 160 sprog, med en hastighed og kompetence, som allerede v\u00e6rds\u00e6ttes af kendte kunder s\u00e5som Det Italienske Forsvar, Den Europ\u00e6iske Union, og Den Franske Kassationsdomstol.Overs\u00e6ttelserne udf\u00f8res af modersm\u00e5lsovers\u00e6ttere som er specialiseret inden for det p\u00e5g\u00e6ldende materiale og underkastes derefter strenge kvalitetskontroller som foreskrevet af den europ\u00e6iske forskrift UNI EN 15038 for deres kvalitet.\",\"breadcrumb\":{\"@id\":\"https:\/\/www.smglanguages.com\/da\/oversaettelsesservice-2\/#breadcrumb\"},\"inLanguage\":\"da-DK\",\"potentialAction\":[{\"@type\":\"ReadAction\",\"target\":[\"https:\/\/www.smglanguages.com\/da\/oversaettelsesservice-2\/\"]}]},{\"@type\":\"BreadcrumbList\",\"@id\":\"https:\/\/www.smglanguages.com\/da\/oversaettelsesservice-2\/#breadcrumb\",\"itemListElement\":[{\"@type\":\"ListItem\",\"position\":1,\"name\":\"Home\",\"item\":\"https:\/\/www.smglanguages.com\/da\/?lang=da\"},{\"@type\":\"ListItem\",\"position\":2,\"name\":\"Overs\u00e6ttelsesservice\"}]},{\"@type\":\"WebSite\",\"@id\":\"https:\/\/www.smglanguages.com\/da\/#website\",\"url\":\"https:\/\/www.smglanguages.com\/da\/\",\"name\":\"SMG Languages\",\"description\":\"\",\"publisher\":{\"@id\":\"https:\/\/www.smglanguages.com\/da\/#organization\"},\"alternateName\":\"Studio Moretto Group\",\"potentialAction\":[{\"@type\":\"SearchAction\",\"target\":{\"@type\":\"EntryPoint\",\"urlTemplate\":\"https:\/\/www.smglanguages.com\/da\/?s={search_term_string}\"},\"query-input\":{\"@type\":\"PropertyValueSpecification\",\"valueRequired\":true,\"valueName\":\"search_term_string\"}}],\"inLanguage\":\"da-DK\"},{\"@type\":\"Organization\",\"@id\":\"https:\/\/www.smglanguages.com\/da\/#organization\",\"name\":\"Studio Moretto Group\",\"alternateName\":\"SMG Languages\",\"url\":\"https:\/\/www.smglanguages.com\/da\/\",\"logo\":{\"@type\":\"ImageObject\",\"inLanguage\":\"da-DK\",\"@id\":\"https:\/\/www.smglanguages.com\/da\/#\/schema\/logo\/image\/\",\"url\":\"https:\/\/www.smglanguages.com\/wp-content\/uploads\/2022\/09\/Logo-SMG.png\",\"contentUrl\":\"https:\/\/www.smglanguages.com\/wp-content\/uploads\/2022\/09\/Logo-SMG.png\",\"width\":882,\"height\":546,\"caption\":\"Studio Moretto Group\"},\"image\":{\"@id\":\"https:\/\/www.smglanguages.com\/da\/#\/schema\/logo\/image\/\"},\"sameAs\":[\"https:\/\/it-it.facebook.com\/smgstudiomorettogroup\/\",\"https:\/\/it.linkedin.com\/company\/studio-moretto-group-srl\"]}]}<\/script>\n<!-- \/ Yoast SEO plugin. -->","yoast_head_json":{"title":"Overs\u00e6ttelsesservice - SMG Languages","description":"Vores afdelinger overs\u00e6tter tekster til mere end 160 sprog, med en hastighed og kompetence, som allerede v\u00e6rds\u00e6ttes af kendte kunder s\u00e5som Det Italienske Forsvar, Den Europ\u00e6iske Union, og Den Franske Kassationsdomstol.Overs\u00e6ttelserne udf\u00f8res af modersm\u00e5lsovers\u00e6ttere som er specialiseret inden for det p\u00e5g\u00e6ldende materiale og underkastes derefter strenge kvalitetskontroller som foreskrevet af den europ\u00e6iske forskrift UNI EN 15038 for deres kvalitet.","robots":{"index":"index","follow":"follow","max-snippet":"max-snippet:-1","max-image-preview":"max-image-preview:large","max-video-preview":"max-video-preview:-1"},"canonical":"https:\/\/www.smglanguages.com\/da\/oversaettelsesservice-2\/","og_locale":"da_DK","og_type":"article","og_title":"Overs\u00e6ttelsesservice - SMG Languages","og_description":"Vores afdelinger overs\u00e6tter tekster til mere end 160 sprog, med en hastighed og kompetence, som allerede v\u00e6rds\u00e6ttes af kendte kunder s\u00e5som Det Italienske Forsvar, Den Europ\u00e6iske Union, og Den Franske Kassationsdomstol.Overs\u00e6ttelserne udf\u00f8res af modersm\u00e5lsovers\u00e6ttere som er specialiseret inden for det p\u00e5g\u00e6ldende materiale og underkastes derefter strenge kvalitetskontroller som foreskrevet af den europ\u00e6iske forskrift UNI EN 15038 for deres kvalitet.","og_url":"https:\/\/www.smglanguages.com\/da\/oversaettelsesservice-2\/","og_site_name":"SMG Languages","article_publisher":"https:\/\/it-it.facebook.com\/smgstudiomorettogroup\/","article_modified_time":"2018-12-20T14:04:58+00:00","og_image":[{"width":882,"height":546,"url":"https:\/\/www.smglanguages.com\/wp-content\/uploads\/2022\/09\/Logo-SMG.png","type":"image\/png"}],"twitter_card":"summary_large_image","schema":{"@context":"https:\/\/schema.org","@graph":[{"@type":"WebPage","@id":"https:\/\/www.smglanguages.com\/da\/oversaettelsesservice-2\/","url":"https:\/\/www.smglanguages.com\/da\/oversaettelsesservice-2\/","name":"Overs\u00e6ttelsesservice - SMG Languages","isPartOf":{"@id":"https:\/\/www.smglanguages.com\/da\/#website"},"datePublished":"2018-04-03T10:04:09+00:00","dateModified":"2018-12-20T14:04:58+00:00","description":"Vores afdelinger overs\u00e6tter tekster til mere end 160 sprog, med en hastighed og kompetence, som allerede v\u00e6rds\u00e6ttes af kendte kunder s\u00e5som Det Italienske Forsvar, Den Europ\u00e6iske Union, og Den Franske Kassationsdomstol.Overs\u00e6ttelserne udf\u00f8res af modersm\u00e5lsovers\u00e6ttere som er specialiseret inden for det p\u00e5g\u00e6ldende materiale og underkastes derefter strenge kvalitetskontroller som foreskrevet af den europ\u00e6iske forskrift UNI EN 15038 for deres kvalitet.","breadcrumb":{"@id":"https:\/\/www.smglanguages.com\/da\/oversaettelsesservice-2\/#breadcrumb"},"inLanguage":"da-DK","potentialAction":[{"@type":"ReadAction","target":["https:\/\/www.smglanguages.com\/da\/oversaettelsesservice-2\/"]}]},{"@type":"BreadcrumbList","@id":"https:\/\/www.smglanguages.com\/da\/oversaettelsesservice-2\/#breadcrumb","itemListElement":[{"@type":"ListItem","position":1,"name":"Home","item":"https:\/\/www.smglanguages.com\/da\/?lang=da"},{"@type":"ListItem","position":2,"name":"Overs\u00e6ttelsesservice"}]},{"@type":"WebSite","@id":"https:\/\/www.smglanguages.com\/da\/#website","url":"https:\/\/www.smglanguages.com\/da\/","name":"SMG Languages","description":"","publisher":{"@id":"https:\/\/www.smglanguages.com\/da\/#organization"},"alternateName":"Studio Moretto Group","potentialAction":[{"@type":"SearchAction","target":{"@type":"EntryPoint","urlTemplate":"https:\/\/www.smglanguages.com\/da\/?s={search_term_string}"},"query-input":{"@type":"PropertyValueSpecification","valueRequired":true,"valueName":"search_term_string"}}],"inLanguage":"da-DK"},{"@type":"Organization","@id":"https:\/\/www.smglanguages.com\/da\/#organization","name":"Studio Moretto Group","alternateName":"SMG Languages","url":"https:\/\/www.smglanguages.com\/da\/","logo":{"@type":"ImageObject","inLanguage":"da-DK","@id":"https:\/\/www.smglanguages.com\/da\/#\/schema\/logo\/image\/","url":"https:\/\/www.smglanguages.com\/wp-content\/uploads\/2022\/09\/Logo-SMG.png","contentUrl":"https:\/\/www.smglanguages.com\/wp-content\/uploads\/2022\/09\/Logo-SMG.png","width":882,"height":546,"caption":"Studio Moretto Group"},"image":{"@id":"https:\/\/www.smglanguages.com\/da\/#\/schema\/logo\/image\/"},"sameAs":["https:\/\/it-it.facebook.com\/smgstudiomorettogroup\/","https:\/\/it.linkedin.com\/company\/studio-moretto-group-srl"]}]}},"_links":{"self":[{"href":"https:\/\/www.smglanguages.com\/da\/wp-json\/wp\/v2\/pages\/37514","targetHints":{"allow":["GET"]}}],"collection":[{"href":"https:\/\/www.smglanguages.com\/da\/wp-json\/wp\/v2\/pages"}],"about":[{"href":"https:\/\/www.smglanguages.com\/da\/wp-json\/wp\/v2\/types\/page"}],"author":[{"embeddable":true,"href":"https:\/\/www.smglanguages.com\/da\/wp-json\/wp\/v2\/users\/2"}],"replies":[{"embeddable":true,"href":"https:\/\/www.smglanguages.com\/da\/wp-json\/wp\/v2\/comments?post=37514"}],"version-history":[{"count":0,"href":"https:\/\/www.smglanguages.com\/da\/wp-json\/wp\/v2\/pages\/37514\/revisions"}],"wp:attachment":[{"href":"https:\/\/www.smglanguages.com\/da\/wp-json\/wp\/v2\/media?parent=37514"}],"curies":[{"name":"wp","href":"https:\/\/api.w.org\/{rel}","templated":true}]}}