{"id":126732,"date":"2022-12-13T15:09:08","date_gmt":"2022-12-13T15:09:08","guid":{"rendered":"https:\/\/www.smglanguages.com\/traduzioni\/"},"modified":"2025-06-27T12:40:52","modified_gmt":"2025-06-27T10:40:52","slug":"traduzioni","status":"publish","type":"page","link":"https:\/\/www.smglanguages.com\/de\/traduzioni\/","title":{"rendered":"Traduzioni"},"content":{"rendered":"","protected":false},"excerpt":{"rendered":"","protected":false},"author":1,"featured_media":0,"parent":0,"menu_order":0,"comment_status":"closed","ping_status":"closed","template":"","meta":{"_acf_changed":false,"footnotes":""},"class_list":["post-126732","page","type-page","status-publish","hentry"],"acf":[],"yoast_head":"<!-- This site is optimized with the Yoast SEO plugin v27.2 - https:\/\/yoast.com\/product\/yoast-seo-wordpress\/ -->\n<title>Traduzioni - SMG Languages<\/title>\n<meta name=\"description\" content=\"Erhalten Sie sofort ein Angebot f\u00fcr \u00dcbersetzungen in \u00fcber 160 Sprachen, die von muttersprachlichen \u00dcbersetzern angefertigt und nach ISO 9001, 17100 und 27001 zertifiziert sind.\" \/>\n<meta name=\"robots\" content=\"index, nofollow, max-snippet:-1, max-image-preview:large, max-video-preview:-1\" \/>\n<link rel=\"canonical\" href=\"https:\/\/www.smglanguages.com\/de\/traduzioni\/\" \/>\n<meta property=\"og:locale\" content=\"de_DE\" \/>\n<meta property=\"og:type\" content=\"article\" \/>\n<meta property=\"og:title\" content=\"Traduzioni - SMG Languages\" \/>\n<meta property=\"og:description\" content=\"Erhalten Sie sofort ein Angebot f\u00fcr \u00dcbersetzungen in \u00fcber 160 Sprachen, die von muttersprachlichen \u00dcbersetzern angefertigt und nach ISO 9001, 17100 und 27001 zertifiziert sind.\" \/>\n<meta property=\"og:url\" content=\"https:\/\/www.smglanguages.com\/de\/traduzioni\/\" \/>\n<meta property=\"og:site_name\" content=\"SMG Languages\" \/>\n<meta property=\"article:publisher\" content=\"https:\/\/it-it.facebook.com\/smgstudiomorettogroup\/\" \/>\n<meta property=\"article:modified_time\" content=\"2025-06-27T10:40:52+00:00\" \/>\n<meta property=\"og:image\" content=\"https:\/\/www.smglanguages.com\/wp-content\/uploads\/2022\/09\/Logo-SMG.png\" \/>\n\t<meta property=\"og:image:width\" content=\"882\" \/>\n\t<meta property=\"og:image:height\" content=\"546\" \/>\n\t<meta property=\"og:image:type\" content=\"image\/png\" \/>\n<meta name=\"twitter:card\" content=\"summary_large_image\" \/>\n<script type=\"application\/ld+json\" class=\"yoast-schema-graph\">{\"@context\":\"https:\/\/schema.org\",\"@graph\":[{\"@type\":\"WebPage\",\"@id\":\"https:\/\/www.smglanguages.com\/de\/traduzioni\/\",\"url\":\"https:\/\/www.smglanguages.com\/de\/traduzioni\/\",\"name\":\"Traduzioni - SMG Languages\",\"isPartOf\":{\"@id\":\"https:\/\/www.smglanguages.com\/de\/#website\"},\"datePublished\":\"2022-12-13T15:09:08+00:00\",\"dateModified\":\"2025-06-27T10:40:52+00:00\",\"description\":\"Erhalten Sie sofort ein Angebot f\u00fcr \u00dcbersetzungen in \u00fcber 160 Sprachen, die von muttersprachlichen \u00dcbersetzern angefertigt und nach ISO 9001, 17100 und 27001 zertifiziert sind.\",\"breadcrumb\":{\"@id\":\"https:\/\/www.smglanguages.com\/de\/traduzioni\/#breadcrumb\"},\"inLanguage\":\"de\",\"potentialAction\":[{\"@type\":\"ReadAction\",\"target\":[\"https:\/\/www.smglanguages.com\/de\/traduzioni\/\"]}]},{\"@type\":\"BreadcrumbList\",\"@id\":\"https:\/\/www.smglanguages.com\/de\/traduzioni\/#breadcrumb\",\"itemListElement\":[{\"@type\":\"ListItem\",\"position\":1,\"name\":\"Home\",\"item\":\"https:\/\/www.smglanguages.com\/de\/\"},{\"@type\":\"ListItem\",\"position\":2,\"name\":\"Traduzioni\"}]},{\"@type\":\"WebSite\",\"@id\":\"https:\/\/www.smglanguages.com\/de\/#website\",\"url\":\"https:\/\/www.smglanguages.com\/de\/\",\"name\":\"SMG Languages\",\"description\":\"\",\"publisher\":{\"@id\":\"https:\/\/www.smglanguages.com\/de\/#organization\"},\"alternateName\":\"Studio Moretto Group\",\"potentialAction\":[{\"@type\":\"SearchAction\",\"target\":{\"@type\":\"EntryPoint\",\"urlTemplate\":\"https:\/\/www.smglanguages.com\/de\/?s={search_term_string}\"},\"query-input\":{\"@type\":\"PropertyValueSpecification\",\"valueRequired\":true,\"valueName\":\"search_term_string\"}}],\"inLanguage\":\"de\"},{\"@type\":\"Organization\",\"@id\":\"https:\/\/www.smglanguages.com\/de\/#organization\",\"name\":\"Studio Moretto Group\",\"alternateName\":\"SMG Languages\",\"url\":\"https:\/\/www.smglanguages.com\/de\/\",\"logo\":{\"@type\":\"ImageObject\",\"inLanguage\":\"de\",\"@id\":\"https:\/\/www.smglanguages.com\/de\/#\/schema\/logo\/image\/\",\"url\":\"https:\/\/www.smglanguages.com\/wp-content\/uploads\/2022\/09\/Logo-SMG.png\",\"contentUrl\":\"https:\/\/www.smglanguages.com\/wp-content\/uploads\/2022\/09\/Logo-SMG.png\",\"width\":882,\"height\":546,\"caption\":\"Studio Moretto Group\"},\"image\":{\"@id\":\"https:\/\/www.smglanguages.com\/de\/#\/schema\/logo\/image\/\"},\"sameAs\":[\"https:\/\/it-it.facebook.com\/smgstudiomorettogroup\/\",\"https:\/\/it.linkedin.com\/company\/studio-moretto-group-srl\"]}]}<\/script>\n<!-- \/ Yoast SEO plugin. -->","yoast_head_json":{"title":"Traduzioni - SMG Languages","description":"Erhalten Sie sofort ein Angebot f\u00fcr \u00dcbersetzungen in \u00fcber 160 Sprachen, die von muttersprachlichen \u00dcbersetzern angefertigt und nach ISO 9001, 17100 und 27001 zertifiziert sind.","robots":{"index":"index","follow":"nofollow","max-snippet":"max-snippet:-1","max-image-preview":"max-image-preview:large","max-video-preview":"max-video-preview:-1"},"canonical":"https:\/\/www.smglanguages.com\/de\/traduzioni\/","og_locale":"de_DE","og_type":"article","og_title":"Traduzioni - SMG Languages","og_description":"Erhalten Sie sofort ein Angebot f\u00fcr \u00dcbersetzungen in \u00fcber 160 Sprachen, die von muttersprachlichen \u00dcbersetzern angefertigt und nach ISO 9001, 17100 und 27001 zertifiziert sind.","og_url":"https:\/\/www.smglanguages.com\/de\/traduzioni\/","og_site_name":"SMG Languages","article_publisher":"https:\/\/it-it.facebook.com\/smgstudiomorettogroup\/","article_modified_time":"2025-06-27T10:40:52+00:00","og_image":[{"width":882,"height":546,"url":"https:\/\/www.smglanguages.com\/wp-content\/uploads\/2022\/09\/Logo-SMG.png","type":"image\/png"}],"twitter_card":"summary_large_image","schema":{"@context":"https:\/\/schema.org","@graph":[{"@type":"WebPage","@id":"https:\/\/www.smglanguages.com\/de\/traduzioni\/","url":"https:\/\/www.smglanguages.com\/de\/traduzioni\/","name":"Traduzioni - SMG Languages","isPartOf":{"@id":"https:\/\/www.smglanguages.com\/de\/#website"},"datePublished":"2022-12-13T15:09:08+00:00","dateModified":"2025-06-27T10:40:52+00:00","description":"Erhalten Sie sofort ein Angebot f\u00fcr \u00dcbersetzungen in \u00fcber 160 Sprachen, die von muttersprachlichen \u00dcbersetzern angefertigt und nach ISO 9001, 17100 und 27001 zertifiziert sind.","breadcrumb":{"@id":"https:\/\/www.smglanguages.com\/de\/traduzioni\/#breadcrumb"},"inLanguage":"de","potentialAction":[{"@type":"ReadAction","target":["https:\/\/www.smglanguages.com\/de\/traduzioni\/"]}]},{"@type":"BreadcrumbList","@id":"https:\/\/www.smglanguages.com\/de\/traduzioni\/#breadcrumb","itemListElement":[{"@type":"ListItem","position":1,"name":"Home","item":"https:\/\/www.smglanguages.com\/de\/"},{"@type":"ListItem","position":2,"name":"Traduzioni"}]},{"@type":"WebSite","@id":"https:\/\/www.smglanguages.com\/de\/#website","url":"https:\/\/www.smglanguages.com\/de\/","name":"SMG Languages","description":"","publisher":{"@id":"https:\/\/www.smglanguages.com\/de\/#organization"},"alternateName":"Studio Moretto Group","potentialAction":[{"@type":"SearchAction","target":{"@type":"EntryPoint","urlTemplate":"https:\/\/www.smglanguages.com\/de\/?s={search_term_string}"},"query-input":{"@type":"PropertyValueSpecification","valueRequired":true,"valueName":"search_term_string"}}],"inLanguage":"de"},{"@type":"Organization","@id":"https:\/\/www.smglanguages.com\/de\/#organization","name":"Studio Moretto Group","alternateName":"SMG Languages","url":"https:\/\/www.smglanguages.com\/de\/","logo":{"@type":"ImageObject","inLanguage":"de","@id":"https:\/\/www.smglanguages.com\/de\/#\/schema\/logo\/image\/","url":"https:\/\/www.smglanguages.com\/wp-content\/uploads\/2022\/09\/Logo-SMG.png","contentUrl":"https:\/\/www.smglanguages.com\/wp-content\/uploads\/2022\/09\/Logo-SMG.png","width":882,"height":546,"caption":"Studio Moretto Group"},"image":{"@id":"https:\/\/www.smglanguages.com\/de\/#\/schema\/logo\/image\/"},"sameAs":["https:\/\/it-it.facebook.com\/smgstudiomorettogroup\/","https:\/\/it.linkedin.com\/company\/studio-moretto-group-srl"]}]}},"_links":{"self":[{"href":"https:\/\/www.smglanguages.com\/de\/wp-json\/wp\/v2\/pages\/126732","targetHints":{"allow":["GET"]}}],"collection":[{"href":"https:\/\/www.smglanguages.com\/de\/wp-json\/wp\/v2\/pages"}],"about":[{"href":"https:\/\/www.smglanguages.com\/de\/wp-json\/wp\/v2\/types\/page"}],"author":[{"embeddable":true,"href":"https:\/\/www.smglanguages.com\/de\/wp-json\/wp\/v2\/users\/1"}],"replies":[{"embeddable":true,"href":"https:\/\/www.smglanguages.com\/de\/wp-json\/wp\/v2\/comments?post=126732"}],"version-history":[{"count":0,"href":"https:\/\/www.smglanguages.com\/de\/wp-json\/wp\/v2\/pages\/126732\/revisions"}],"wp:attachment":[{"href":"https:\/\/www.smglanguages.com\/de\/wp-json\/wp\/v2\/media?parent=126732"}],"curies":[{"name":"wp","href":"https:\/\/api.w.org\/{rel}","templated":true}]}}