{"id":133295,"date":"2023-09-15T15:34:29","date_gmt":"2023-09-15T15:34:29","guid":{"rendered":"https:\/\/www.smglanguages.com\/fachubersetzungen\/traduzioni-per-i-social\/"},"modified":"2025-06-16T17:11:38","modified_gmt":"2025-06-16T15:11:38","slug":"uebersetzungen-fuer-soziale-netzwerke","status":"publish","type":"page","link":"https:\/\/www.smglanguages.com\/de\/fachubersetzungen\/uebersetzungen-fuer-soziale-netzwerke\/","title":{"rendered":"\u00dcbersetzungen f\u00fcr Soziale Netzwerke"},"content":{"rendered":"","protected":false},"excerpt":{"rendered":"","protected":false},"author":2,"featured_media":0,"parent":37528,"menu_order":0,"comment_status":"closed","ping_status":"closed","template":"templates\/flexible-content.php","meta":{"_acf_changed":false,"footnotes":""},"class_list":["post-133295","page","type-page","status-publish","hentry"],"acf":[],"yoast_head":"<!-- This site is optimized with the Yoast SEO plugin v27.2 - https:\/\/yoast.com\/product\/yoast-seo-wordpress\/ -->\n<title>\u00dcbersetzungen f\u00fcr Soziale Netzwerke - SMG Languages<\/title>\n<meta name=\"description\" content=\"Wenn Sie ein Content-Creator oder ein Unternehmen sind und m\u00f6chten, dass die Beitr\u00e4ge, die Sie mit so viel Leidenschaft und Engagement erstellen,\u00a0ein internationales Publikum erreichen, brauchen Sie ein wenig sprachliche Unterst\u00fctzung, um Ihre Inhalte in den sozialen Medien\u00a0f\u00fcr ausl\u00e4ndische Zielgruppen zu \u00fcbersetzen und anzupassen.\" \/>\n<meta name=\"robots\" content=\"index, follow, max-snippet:-1, max-image-preview:large, max-video-preview:-1\" \/>\n<link rel=\"canonical\" href=\"https:\/\/www.smglanguages.com\/de\/fachubersetzungen\/uebersetzungen-fuer-soziale-netzwerke\/\" \/>\n<meta property=\"og:locale\" content=\"de_DE\" \/>\n<meta property=\"og:type\" content=\"article\" \/>\n<meta property=\"og:title\" content=\"\u00dcbersetzungen f\u00fcr Soziale Netzwerke - SMG Languages\" \/>\n<meta property=\"og:description\" content=\"Wenn Sie ein Content-Creator oder ein Unternehmen sind und m\u00f6chten, dass die Beitr\u00e4ge, die Sie mit so viel Leidenschaft und Engagement erstellen,\u00a0ein internationales Publikum erreichen, brauchen Sie ein wenig sprachliche Unterst\u00fctzung, um Ihre Inhalte in den sozialen Medien\u00a0f\u00fcr ausl\u00e4ndische Zielgruppen zu \u00fcbersetzen und anzupassen.\" \/>\n<meta property=\"og:url\" content=\"https:\/\/www.smglanguages.com\/de\/fachubersetzungen\/uebersetzungen-fuer-soziale-netzwerke\/\" \/>\n<meta property=\"og:site_name\" content=\"SMG Languages\" \/>\n<meta property=\"article:publisher\" content=\"https:\/\/it-it.facebook.com\/smgstudiomorettogroup\/\" \/>\n<meta property=\"article:modified_time\" content=\"2025-06-16T15:11:38+00:00\" \/>\n<meta property=\"og:image\" content=\"https:\/\/www.smglanguages.com\/wp-content\/uploads\/2022\/09\/Logo-SMG.png\" \/>\n\t<meta property=\"og:image:width\" content=\"882\" \/>\n\t<meta property=\"og:image:height\" content=\"546\" \/>\n\t<meta property=\"og:image:type\" content=\"image\/png\" \/>\n<meta name=\"twitter:card\" content=\"summary_large_image\" \/>\n<meta name=\"twitter:label1\" content=\"Gesch\u00e4tzte Lesezeit\" \/>\n\t<meta name=\"twitter:data1\" content=\"3\u00a0Minuten\" \/>\n<script type=\"application\/ld+json\" class=\"yoast-schema-graph\">{\"@context\":\"https:\/\/schema.org\",\"@graph\":[{\"@type\":\"WebPage\",\"@id\":\"https:\/\/www.smglanguages.com\/de\/fachubersetzungen\/uebersetzungen-fuer-soziale-netzwerke\/\",\"url\":\"https:\/\/www.smglanguages.com\/de\/fachubersetzungen\/uebersetzungen-fuer-soziale-netzwerke\/\",\"name\":\"\u00dcbersetzungen f\u00fcr Soziale Netzwerke - SMG Languages\",\"isPartOf\":{\"@id\":\"https:\/\/www.smglanguages.com\/de\/#website\"},\"datePublished\":\"2023-09-15T15:34:29+00:00\",\"dateModified\":\"2025-06-16T15:11:38+00:00\",\"description\":\"Wenn Sie ein Content-Creator oder ein Unternehmen sind und m\u00f6chten, dass die Beitr\u00e4ge, die Sie mit so viel Leidenschaft und Engagement erstellen,\u00a0ein internationales Publikum erreichen, brauchen Sie ein wenig sprachliche Unterst\u00fctzung, um Ihre Inhalte in den sozialen Medien\u00a0f\u00fcr ausl\u00e4ndische Zielgruppen zu \u00fcbersetzen und anzupassen.\",\"breadcrumb\":{\"@id\":\"https:\/\/www.smglanguages.com\/de\/fachubersetzungen\/uebersetzungen-fuer-soziale-netzwerke\/#breadcrumb\"},\"inLanguage\":\"de\",\"potentialAction\":[{\"@type\":\"ReadAction\",\"target\":[\"https:\/\/www.smglanguages.com\/de\/fachubersetzungen\/uebersetzungen-fuer-soziale-netzwerke\/\"]}]},{\"@type\":\"BreadcrumbList\",\"@id\":\"https:\/\/www.smglanguages.com\/de\/fachubersetzungen\/uebersetzungen-fuer-soziale-netzwerke\/#breadcrumb\",\"itemListElement\":[{\"@type\":\"ListItem\",\"position\":1,\"name\":\"Home\",\"item\":\"https:\/\/www.smglanguages.com\/de\/\"},{\"@type\":\"ListItem\",\"position\":2,\"name\":\"Fach\u00fcbersetzungen\",\"item\":\"https:\/\/www.smglanguages.com\/de\/fachubersetzungen\/?lang=de\"},{\"@type\":\"ListItem\",\"position\":3,\"name\":\"\u00dcbersetzungen f\u00fcr Soziale Netzwerke\"}]},{\"@type\":\"WebSite\",\"@id\":\"https:\/\/www.smglanguages.com\/de\/#website\",\"url\":\"https:\/\/www.smglanguages.com\/de\/\",\"name\":\"SMG Languages\",\"description\":\"\",\"publisher\":{\"@id\":\"https:\/\/www.smglanguages.com\/de\/#organization\"},\"alternateName\":\"Studio Moretto Group\",\"potentialAction\":[{\"@type\":\"SearchAction\",\"target\":{\"@type\":\"EntryPoint\",\"urlTemplate\":\"https:\/\/www.smglanguages.com\/de\/?s={search_term_string}\"},\"query-input\":{\"@type\":\"PropertyValueSpecification\",\"valueRequired\":true,\"valueName\":\"search_term_string\"}}],\"inLanguage\":\"de\"},{\"@type\":\"Organization\",\"@id\":\"https:\/\/www.smglanguages.com\/de\/#organization\",\"name\":\"Studio Moretto Group\",\"alternateName\":\"SMG Languages\",\"url\":\"https:\/\/www.smglanguages.com\/de\/\",\"logo\":{\"@type\":\"ImageObject\",\"inLanguage\":\"de\",\"@id\":\"https:\/\/www.smglanguages.com\/de\/#\/schema\/logo\/image\/\",\"url\":\"https:\/\/www.smglanguages.com\/wp-content\/uploads\/2022\/09\/Logo-SMG.png\",\"contentUrl\":\"https:\/\/www.smglanguages.com\/wp-content\/uploads\/2022\/09\/Logo-SMG.png\",\"width\":882,\"height\":546,\"caption\":\"Studio Moretto Group\"},\"image\":{\"@id\":\"https:\/\/www.smglanguages.com\/de\/#\/schema\/logo\/image\/\"},\"sameAs\":[\"https:\/\/it-it.facebook.com\/smgstudiomorettogroup\/\",\"https:\/\/it.linkedin.com\/company\/studio-moretto-group-srl\"]}]}<\/script>\n<!-- \/ Yoast SEO plugin. -->","yoast_head_json":{"title":"\u00dcbersetzungen f\u00fcr Soziale Netzwerke - SMG Languages","description":"Wenn Sie ein Content-Creator oder ein Unternehmen sind und m\u00f6chten, dass die Beitr\u00e4ge, die Sie mit so viel Leidenschaft und Engagement erstellen,\u00a0ein internationales Publikum erreichen, brauchen Sie ein wenig sprachliche Unterst\u00fctzung, um Ihre Inhalte in den sozialen Medien\u00a0f\u00fcr ausl\u00e4ndische Zielgruppen zu \u00fcbersetzen und anzupassen.","robots":{"index":"index","follow":"follow","max-snippet":"max-snippet:-1","max-image-preview":"max-image-preview:large","max-video-preview":"max-video-preview:-1"},"canonical":"https:\/\/www.smglanguages.com\/de\/fachubersetzungen\/uebersetzungen-fuer-soziale-netzwerke\/","og_locale":"de_DE","og_type":"article","og_title":"\u00dcbersetzungen f\u00fcr Soziale Netzwerke - SMG Languages","og_description":"Wenn Sie ein Content-Creator oder ein Unternehmen sind und m\u00f6chten, dass die Beitr\u00e4ge, die Sie mit so viel Leidenschaft und Engagement erstellen,\u00a0ein internationales Publikum erreichen, brauchen Sie ein wenig sprachliche Unterst\u00fctzung, um Ihre Inhalte in den sozialen Medien\u00a0f\u00fcr ausl\u00e4ndische Zielgruppen zu \u00fcbersetzen und anzupassen.","og_url":"https:\/\/www.smglanguages.com\/de\/fachubersetzungen\/uebersetzungen-fuer-soziale-netzwerke\/","og_site_name":"SMG Languages","article_publisher":"https:\/\/it-it.facebook.com\/smgstudiomorettogroup\/","article_modified_time":"2025-06-16T15:11:38+00:00","og_image":[{"width":882,"height":546,"url":"https:\/\/www.smglanguages.com\/wp-content\/uploads\/2022\/09\/Logo-SMG.png","type":"image\/png"}],"twitter_card":"summary_large_image","twitter_misc":{"Gesch\u00e4tzte Lesezeit":"3\u00a0Minuten"},"schema":{"@context":"https:\/\/schema.org","@graph":[{"@type":"WebPage","@id":"https:\/\/www.smglanguages.com\/de\/fachubersetzungen\/uebersetzungen-fuer-soziale-netzwerke\/","url":"https:\/\/www.smglanguages.com\/de\/fachubersetzungen\/uebersetzungen-fuer-soziale-netzwerke\/","name":"\u00dcbersetzungen f\u00fcr Soziale Netzwerke - SMG Languages","isPartOf":{"@id":"https:\/\/www.smglanguages.com\/de\/#website"},"datePublished":"2023-09-15T15:34:29+00:00","dateModified":"2025-06-16T15:11:38+00:00","description":"Wenn Sie ein Content-Creator oder ein Unternehmen sind und m\u00f6chten, dass die Beitr\u00e4ge, die Sie mit so viel Leidenschaft und Engagement erstellen,\u00a0ein internationales Publikum erreichen, brauchen Sie ein wenig sprachliche Unterst\u00fctzung, um Ihre Inhalte in den sozialen Medien\u00a0f\u00fcr ausl\u00e4ndische Zielgruppen zu \u00fcbersetzen und anzupassen.","breadcrumb":{"@id":"https:\/\/www.smglanguages.com\/de\/fachubersetzungen\/uebersetzungen-fuer-soziale-netzwerke\/#breadcrumb"},"inLanguage":"de","potentialAction":[{"@type":"ReadAction","target":["https:\/\/www.smglanguages.com\/de\/fachubersetzungen\/uebersetzungen-fuer-soziale-netzwerke\/"]}]},{"@type":"BreadcrumbList","@id":"https:\/\/www.smglanguages.com\/de\/fachubersetzungen\/uebersetzungen-fuer-soziale-netzwerke\/#breadcrumb","itemListElement":[{"@type":"ListItem","position":1,"name":"Home","item":"https:\/\/www.smglanguages.com\/de\/"},{"@type":"ListItem","position":2,"name":"Fach\u00fcbersetzungen","item":"https:\/\/www.smglanguages.com\/de\/fachubersetzungen\/?lang=de"},{"@type":"ListItem","position":3,"name":"\u00dcbersetzungen f\u00fcr Soziale Netzwerke"}]},{"@type":"WebSite","@id":"https:\/\/www.smglanguages.com\/de\/#website","url":"https:\/\/www.smglanguages.com\/de\/","name":"SMG Languages","description":"","publisher":{"@id":"https:\/\/www.smglanguages.com\/de\/#organization"},"alternateName":"Studio Moretto Group","potentialAction":[{"@type":"SearchAction","target":{"@type":"EntryPoint","urlTemplate":"https:\/\/www.smglanguages.com\/de\/?s={search_term_string}"},"query-input":{"@type":"PropertyValueSpecification","valueRequired":true,"valueName":"search_term_string"}}],"inLanguage":"de"},{"@type":"Organization","@id":"https:\/\/www.smglanguages.com\/de\/#organization","name":"Studio Moretto Group","alternateName":"SMG Languages","url":"https:\/\/www.smglanguages.com\/de\/","logo":{"@type":"ImageObject","inLanguage":"de","@id":"https:\/\/www.smglanguages.com\/de\/#\/schema\/logo\/image\/","url":"https:\/\/www.smglanguages.com\/wp-content\/uploads\/2022\/09\/Logo-SMG.png","contentUrl":"https:\/\/www.smglanguages.com\/wp-content\/uploads\/2022\/09\/Logo-SMG.png","width":882,"height":546,"caption":"Studio Moretto Group"},"image":{"@id":"https:\/\/www.smglanguages.com\/de\/#\/schema\/logo\/image\/"},"sameAs":["https:\/\/it-it.facebook.com\/smgstudiomorettogroup\/","https:\/\/it.linkedin.com\/company\/studio-moretto-group-srl"]}]}},"_links":{"self":[{"href":"https:\/\/www.smglanguages.com\/de\/wp-json\/wp\/v2\/pages\/133295","targetHints":{"allow":["GET"]}}],"collection":[{"href":"https:\/\/www.smglanguages.com\/de\/wp-json\/wp\/v2\/pages"}],"about":[{"href":"https:\/\/www.smglanguages.com\/de\/wp-json\/wp\/v2\/types\/page"}],"author":[{"embeddable":true,"href":"https:\/\/www.smglanguages.com\/de\/wp-json\/wp\/v2\/users\/2"}],"replies":[{"embeddable":true,"href":"https:\/\/www.smglanguages.com\/de\/wp-json\/wp\/v2\/comments?post=133295"}],"version-history":[{"count":0,"href":"https:\/\/www.smglanguages.com\/de\/wp-json\/wp\/v2\/pages\/133295\/revisions"}],"up":[{"embeddable":true,"href":"https:\/\/www.smglanguages.com\/de\/wp-json\/wp\/v2\/pages\/37528"}],"wp:attachment":[{"href":"https:\/\/www.smglanguages.com\/de\/wp-json\/wp\/v2\/media?parent=133295"}],"curies":[{"name":"wp","href":"https:\/\/api.w.org\/{rel}","templated":true}]}}