{"id":30776,"date":"2018-04-03T09:32:17","date_gmt":"2018-04-03T09:32:17","guid":{"rendered":"https:\/\/www.smglanguages.com\/contatti\/balcani-e-est-europa-e-russia"},"modified":"2025-06-16T17:02:33","modified_gmt":"2025-06-16T15:02:33","slug":"balkan-und-osteuropa-sowie-russland","status":"publish","type":"page","link":"https:\/\/www.smglanguages.com\/de\/das-unternehmen\/kontakte-und-auslandsburos\/balkan-und-osteuropa-sowie-russland\/","title":{"rendered":"Balkan und Osteuropa sowie Russland"},"content":{"rendered":"","protected":false},"excerpt":{"rendered":"","protected":false},"author":2,"featured_media":0,"parent":360,"menu_order":0,"comment_status":"closed","ping_status":"closed","template":"templates\/flexible-content.php","meta":{"_acf_changed":false,"footnotes":""},"class_list":["post-30776","page","type-page","status-publish","hentry"],"acf":[],"yoast_head":"<!-- This site is optimized with the Yoast SEO plugin v27.2 - https:\/\/yoast.com\/product\/yoast-seo-wordpress\/ -->\n<title>Balkan und Osteuropa sowie Russland - SMG Languages<\/title>\n<meta name=\"description\" content=\"Heute ist die SMG in der Lage, in Russland, Polen und auf dem Balkan sprachliche und administrative Unterst\u00fctzung vor Ort zu leisten, indem sie f\u00fcr ihre Kunden Verbindungsb\u00fcros f\u00fcr \u00dcbersetzungen und Dolmetschen einrichtet und betreibt.\" \/>\n<meta name=\"robots\" content=\"index, follow, max-snippet:-1, max-image-preview:large, max-video-preview:-1\" \/>\n<link rel=\"canonical\" href=\"https:\/\/www.smglanguages.com\/de\/das-unternehmen\/kontakte-und-auslandsburos\/balkan-und-osteuropa-sowie-russland\/\" \/>\n<meta property=\"og:locale\" content=\"de_DE\" \/>\n<meta property=\"og:type\" content=\"article\" \/>\n<meta property=\"og:title\" content=\"Balkan und Osteuropa sowie Russland - SMG Languages\" \/>\n<meta property=\"og:description\" content=\"Heute ist die SMG in der Lage, in Russland, Polen und auf dem Balkan sprachliche und administrative Unterst\u00fctzung vor Ort zu leisten, indem sie f\u00fcr ihre Kunden Verbindungsb\u00fcros f\u00fcr \u00dcbersetzungen und Dolmetschen einrichtet und betreibt.\" \/>\n<meta property=\"og:url\" content=\"https:\/\/www.smglanguages.com\/de\/das-unternehmen\/kontakte-und-auslandsburos\/balkan-und-osteuropa-sowie-russland\/\" \/>\n<meta property=\"og:site_name\" content=\"SMG Languages\" \/>\n<meta property=\"article:publisher\" content=\"https:\/\/it-it.facebook.com\/smgstudiomorettogroup\/\" \/>\n<meta property=\"article:modified_time\" content=\"2025-06-16T15:02:33+00:00\" \/>\n<meta property=\"og:image\" content=\"https:\/\/www.smglanguages.com\/wp-content\/uploads\/2022\/09\/Logo-SMG.png\" \/>\n\t<meta property=\"og:image:width\" content=\"882\" \/>\n\t<meta property=\"og:image:height\" content=\"546\" \/>\n\t<meta property=\"og:image:type\" content=\"image\/png\" \/>\n<meta name=\"twitter:card\" content=\"summary_large_image\" \/>\n<meta name=\"twitter:label1\" content=\"Gesch\u00e4tzte Lesezeit\" \/>\n\t<meta name=\"twitter:data1\" content=\"1\u00a0Minute\" \/>\n<script type=\"application\/ld+json\" class=\"yoast-schema-graph\">{\"@context\":\"https:\/\/schema.org\",\"@graph\":[{\"@type\":\"WebPage\",\"@id\":\"https:\/\/www.smglanguages.com\/de\/das-unternehmen\/kontakte-und-auslandsburos\/balkan-und-osteuropa-sowie-russland\/\",\"url\":\"https:\/\/www.smglanguages.com\/de\/das-unternehmen\/kontakte-und-auslandsburos\/balkan-und-osteuropa-sowie-russland\/\",\"name\":\"Balkan und Osteuropa sowie Russland - SMG Languages\",\"isPartOf\":{\"@id\":\"https:\/\/www.smglanguages.com\/de\/#website\"},\"datePublished\":\"2018-04-03T09:32:17+00:00\",\"dateModified\":\"2025-06-16T15:02:33+00:00\",\"description\":\"Heute ist die SMG in der Lage, in Russland, Polen und auf dem Balkan sprachliche und administrative Unterst\u00fctzung vor Ort zu leisten, indem sie f\u00fcr ihre Kunden Verbindungsb\u00fcros f\u00fcr \u00dcbersetzungen und Dolmetschen einrichtet und betreibt.\",\"breadcrumb\":{\"@id\":\"https:\/\/www.smglanguages.com\/de\/das-unternehmen\/kontakte-und-auslandsburos\/balkan-und-osteuropa-sowie-russland\/#breadcrumb\"},\"inLanguage\":\"de\",\"potentialAction\":[{\"@type\":\"ReadAction\",\"target\":[\"https:\/\/www.smglanguages.com\/de\/das-unternehmen\/kontakte-und-auslandsburos\/balkan-und-osteuropa-sowie-russland\/\"]}]},{\"@type\":\"BreadcrumbList\",\"@id\":\"https:\/\/www.smglanguages.com\/de\/das-unternehmen\/kontakte-und-auslandsburos\/balkan-und-osteuropa-sowie-russland\/#breadcrumb\",\"itemListElement\":[{\"@type\":\"ListItem\",\"position\":1,\"name\":\"Home\",\"item\":\"https:\/\/www.smglanguages.com\/de\/\"},{\"@type\":\"ListItem\",\"position\":2,\"name\":\"Geschichte, Mission und Vision\",\"item\":\"https:\/\/www.smglanguages.com\/de\/das-unternehmen\/?lang=de\"},{\"@type\":\"ListItem\",\"position\":3,\"name\":\"Kontakte und Auslandsb\u00fcros\",\"item\":\"https:\/\/www.smglanguages.com\/de\/das-unternehmen\/kontakte-und-auslandsburos\/?lang=de\"},{\"@type\":\"ListItem\",\"position\":4,\"name\":\"Balkan und Osteuropa sowie Russland\"}]},{\"@type\":\"WebSite\",\"@id\":\"https:\/\/www.smglanguages.com\/de\/#website\",\"url\":\"https:\/\/www.smglanguages.com\/de\/\",\"name\":\"SMG Languages\",\"description\":\"\",\"publisher\":{\"@id\":\"https:\/\/www.smglanguages.com\/de\/#organization\"},\"alternateName\":\"Studio Moretto Group\",\"potentialAction\":[{\"@type\":\"SearchAction\",\"target\":{\"@type\":\"EntryPoint\",\"urlTemplate\":\"https:\/\/www.smglanguages.com\/de\/?s={search_term_string}\"},\"query-input\":{\"@type\":\"PropertyValueSpecification\",\"valueRequired\":true,\"valueName\":\"search_term_string\"}}],\"inLanguage\":\"de\"},{\"@type\":\"Organization\",\"@id\":\"https:\/\/www.smglanguages.com\/de\/#organization\",\"name\":\"Studio Moretto Group\",\"alternateName\":\"SMG Languages\",\"url\":\"https:\/\/www.smglanguages.com\/de\/\",\"logo\":{\"@type\":\"ImageObject\",\"inLanguage\":\"de\",\"@id\":\"https:\/\/www.smglanguages.com\/de\/#\/schema\/logo\/image\/\",\"url\":\"https:\/\/www.smglanguages.com\/wp-content\/uploads\/2022\/09\/Logo-SMG.png\",\"contentUrl\":\"https:\/\/www.smglanguages.com\/wp-content\/uploads\/2022\/09\/Logo-SMG.png\",\"width\":882,\"height\":546,\"caption\":\"Studio Moretto Group\"},\"image\":{\"@id\":\"https:\/\/www.smglanguages.com\/de\/#\/schema\/logo\/image\/\"},\"sameAs\":[\"https:\/\/it-it.facebook.com\/smgstudiomorettogroup\/\",\"https:\/\/it.linkedin.com\/company\/studio-moretto-group-srl\"]}]}<\/script>\n<!-- \/ Yoast SEO plugin. -->","yoast_head_json":{"title":"Balkan und Osteuropa sowie Russland - SMG Languages","description":"Heute ist die SMG in der Lage, in Russland, Polen und auf dem Balkan sprachliche und administrative Unterst\u00fctzung vor Ort zu leisten, indem sie f\u00fcr ihre Kunden Verbindungsb\u00fcros f\u00fcr \u00dcbersetzungen und Dolmetschen einrichtet und betreibt.","robots":{"index":"index","follow":"follow","max-snippet":"max-snippet:-1","max-image-preview":"max-image-preview:large","max-video-preview":"max-video-preview:-1"},"canonical":"https:\/\/www.smglanguages.com\/de\/das-unternehmen\/kontakte-und-auslandsburos\/balkan-und-osteuropa-sowie-russland\/","og_locale":"de_DE","og_type":"article","og_title":"Balkan und Osteuropa sowie Russland - SMG Languages","og_description":"Heute ist die SMG in der Lage, in Russland, Polen und auf dem Balkan sprachliche und administrative Unterst\u00fctzung vor Ort zu leisten, indem sie f\u00fcr ihre Kunden Verbindungsb\u00fcros f\u00fcr \u00dcbersetzungen und Dolmetschen einrichtet und betreibt.","og_url":"https:\/\/www.smglanguages.com\/de\/das-unternehmen\/kontakte-und-auslandsburos\/balkan-und-osteuropa-sowie-russland\/","og_site_name":"SMG Languages","article_publisher":"https:\/\/it-it.facebook.com\/smgstudiomorettogroup\/","article_modified_time":"2025-06-16T15:02:33+00:00","og_image":[{"width":882,"height":546,"url":"https:\/\/www.smglanguages.com\/wp-content\/uploads\/2022\/09\/Logo-SMG.png","type":"image\/png"}],"twitter_card":"summary_large_image","twitter_misc":{"Gesch\u00e4tzte Lesezeit":"1\u00a0Minute"},"schema":{"@context":"https:\/\/schema.org","@graph":[{"@type":"WebPage","@id":"https:\/\/www.smglanguages.com\/de\/das-unternehmen\/kontakte-und-auslandsburos\/balkan-und-osteuropa-sowie-russland\/","url":"https:\/\/www.smglanguages.com\/de\/das-unternehmen\/kontakte-und-auslandsburos\/balkan-und-osteuropa-sowie-russland\/","name":"Balkan und Osteuropa sowie Russland - SMG Languages","isPartOf":{"@id":"https:\/\/www.smglanguages.com\/de\/#website"},"datePublished":"2018-04-03T09:32:17+00:00","dateModified":"2025-06-16T15:02:33+00:00","description":"Heute ist die SMG in der Lage, in Russland, Polen und auf dem Balkan sprachliche und administrative Unterst\u00fctzung vor Ort zu leisten, indem sie f\u00fcr ihre Kunden Verbindungsb\u00fcros f\u00fcr \u00dcbersetzungen und Dolmetschen einrichtet und betreibt.","breadcrumb":{"@id":"https:\/\/www.smglanguages.com\/de\/das-unternehmen\/kontakte-und-auslandsburos\/balkan-und-osteuropa-sowie-russland\/#breadcrumb"},"inLanguage":"de","potentialAction":[{"@type":"ReadAction","target":["https:\/\/www.smglanguages.com\/de\/das-unternehmen\/kontakte-und-auslandsburos\/balkan-und-osteuropa-sowie-russland\/"]}]},{"@type":"BreadcrumbList","@id":"https:\/\/www.smglanguages.com\/de\/das-unternehmen\/kontakte-und-auslandsburos\/balkan-und-osteuropa-sowie-russland\/#breadcrumb","itemListElement":[{"@type":"ListItem","position":1,"name":"Home","item":"https:\/\/www.smglanguages.com\/de\/"},{"@type":"ListItem","position":2,"name":"Geschichte, Mission und Vision","item":"https:\/\/www.smglanguages.com\/de\/das-unternehmen\/?lang=de"},{"@type":"ListItem","position":3,"name":"Kontakte und Auslandsb\u00fcros","item":"https:\/\/www.smglanguages.com\/de\/das-unternehmen\/kontakte-und-auslandsburos\/?lang=de"},{"@type":"ListItem","position":4,"name":"Balkan und Osteuropa sowie Russland"}]},{"@type":"WebSite","@id":"https:\/\/www.smglanguages.com\/de\/#website","url":"https:\/\/www.smglanguages.com\/de\/","name":"SMG Languages","description":"","publisher":{"@id":"https:\/\/www.smglanguages.com\/de\/#organization"},"alternateName":"Studio Moretto Group","potentialAction":[{"@type":"SearchAction","target":{"@type":"EntryPoint","urlTemplate":"https:\/\/www.smglanguages.com\/de\/?s={search_term_string}"},"query-input":{"@type":"PropertyValueSpecification","valueRequired":true,"valueName":"search_term_string"}}],"inLanguage":"de"},{"@type":"Organization","@id":"https:\/\/www.smglanguages.com\/de\/#organization","name":"Studio Moretto Group","alternateName":"SMG Languages","url":"https:\/\/www.smglanguages.com\/de\/","logo":{"@type":"ImageObject","inLanguage":"de","@id":"https:\/\/www.smglanguages.com\/de\/#\/schema\/logo\/image\/","url":"https:\/\/www.smglanguages.com\/wp-content\/uploads\/2022\/09\/Logo-SMG.png","contentUrl":"https:\/\/www.smglanguages.com\/wp-content\/uploads\/2022\/09\/Logo-SMG.png","width":882,"height":546,"caption":"Studio Moretto Group"},"image":{"@id":"https:\/\/www.smglanguages.com\/de\/#\/schema\/logo\/image\/"},"sameAs":["https:\/\/it-it.facebook.com\/smgstudiomorettogroup\/","https:\/\/it.linkedin.com\/company\/studio-moretto-group-srl"]}]}},"_links":{"self":[{"href":"https:\/\/www.smglanguages.com\/de\/wp-json\/wp\/v2\/pages\/30776","targetHints":{"allow":["GET"]}}],"collection":[{"href":"https:\/\/www.smglanguages.com\/de\/wp-json\/wp\/v2\/pages"}],"about":[{"href":"https:\/\/www.smglanguages.com\/de\/wp-json\/wp\/v2\/types\/page"}],"author":[{"embeddable":true,"href":"https:\/\/www.smglanguages.com\/de\/wp-json\/wp\/v2\/users\/2"}],"replies":[{"embeddable":true,"href":"https:\/\/www.smglanguages.com\/de\/wp-json\/wp\/v2\/comments?post=30776"}],"version-history":[{"count":0,"href":"https:\/\/www.smglanguages.com\/de\/wp-json\/wp\/v2\/pages\/30776\/revisions"}],"up":[{"embeddable":true,"href":"https:\/\/www.smglanguages.com\/de\/wp-json\/wp\/v2\/pages\/360"}],"wp:attachment":[{"href":"https:\/\/www.smglanguages.com\/de\/wp-json\/wp\/v2\/media?parent=30776"}],"curies":[{"name":"wp","href":"https:\/\/api.w.org\/{rel}","templated":true}]}}