{"id":31348,"date":"2018-05-09T10:56:50","date_gmt":"2018-05-09T10:56:50","guid":{"rendered":"https:\/\/www.smglanguages.com\/organizzazione-eventi"},"modified":"2025-07-30T16:39:43","modified_gmt":"2025-07-30T14:39:43","slug":"organisation-von-veranstaltungen","status":"publish","type":"page","link":"https:\/\/www.smglanguages.com\/de\/organisation-von-veranstaltungen\/","title":{"rendered":"Organisation von Veranstaltungen"},"content":{"rendered":"","protected":false},"excerpt":{"rendered":"","protected":false},"author":5,"featured_media":0,"parent":0,"menu_order":0,"comment_status":"closed","ping_status":"closed","template":"templates\/flexible-content.php","meta":{"_acf_changed":false,"footnotes":""},"class_list":["post-31348","page","type-page","status-publish","hentry"],"acf":[],"yoast_head":"<!-- This site is optimized with the Yoast SEO plugin v27.2 - https:\/\/yoast.com\/product\/yoast-seo-wordpress\/ -->\n<title>Organisation von Veranstaltungen - SMG Languages<\/title>\n<meta name=\"description\" content=\"F\u00fcr das gute Gelingen einer Veranstaltung im Ausland ist ein Fachmann n\u00f6tig, der sich in der Region zurechtfindet, die Sprache der Gegend spricht, die \u00f6rtlichen Sitten und Gebr\u00e4uche kennt und mit den unz\u00e4hligen Situationen umzugehen wei\u00df, die im Laufe der Veranstaltung auftreten.\" \/>\n<meta name=\"robots\" content=\"index, follow, max-snippet:-1, max-image-preview:large, max-video-preview:-1\" \/>\n<link rel=\"canonical\" href=\"https:\/\/www.smglanguages.com\/de\/organisation-von-veranstaltungen\/\" \/>\n<meta property=\"og:locale\" content=\"de_DE\" \/>\n<meta property=\"og:type\" content=\"article\" \/>\n<meta property=\"og:title\" content=\"Organisation von Veranstaltungen - SMG Languages\" \/>\n<meta property=\"og:description\" content=\"F\u00fcr das gute Gelingen einer Veranstaltung im Ausland ist ein Fachmann n\u00f6tig, der sich in der Region zurechtfindet, die Sprache der Gegend spricht, die \u00f6rtlichen Sitten und Gebr\u00e4uche kennt und mit den unz\u00e4hligen Situationen umzugehen wei\u00df, die im Laufe der Veranstaltung auftreten.\" \/>\n<meta property=\"og:url\" content=\"https:\/\/www.smglanguages.com\/de\/organisation-von-veranstaltungen\/\" \/>\n<meta property=\"og:site_name\" content=\"SMG Languages\" \/>\n<meta property=\"article:publisher\" content=\"https:\/\/it-it.facebook.com\/smgstudiomorettogroup\/\" \/>\n<meta property=\"article:modified_time\" content=\"2025-07-30T14:39:43+00:00\" \/>\n<meta property=\"og:image\" content=\"https:\/\/www.smglanguages.com\/wp-content\/uploads\/2022\/09\/Logo-SMG.png\" \/>\n\t<meta property=\"og:image:width\" content=\"882\" \/>\n\t<meta property=\"og:image:height\" content=\"546\" \/>\n\t<meta property=\"og:image:type\" content=\"image\/png\" \/>\n<meta name=\"twitter:card\" content=\"summary_large_image\" \/>\n<meta name=\"twitter:label1\" content=\"Gesch\u00e4tzte Lesezeit\" \/>\n\t<meta name=\"twitter:data1\" content=\"3\u00a0Minuten\" \/>\n<script type=\"application\/ld+json\" class=\"yoast-schema-graph\">{\"@context\":\"https:\/\/schema.org\",\"@graph\":[{\"@type\":\"WebPage\",\"@id\":\"https:\/\/www.smglanguages.com\/de\/organisation-von-veranstaltungen\/\",\"url\":\"https:\/\/www.smglanguages.com\/de\/organisation-von-veranstaltungen\/\",\"name\":\"Organisation von Veranstaltungen - SMG Languages\",\"isPartOf\":{\"@id\":\"https:\/\/www.smglanguages.com\/de\/#website\"},\"datePublished\":\"2018-05-09T10:56:50+00:00\",\"dateModified\":\"2025-07-30T14:39:43+00:00\",\"description\":\"F\u00fcr das gute Gelingen einer Veranstaltung im Ausland ist ein Fachmann n\u00f6tig, der sich in der Region zurechtfindet, die Sprache der Gegend spricht, die \u00f6rtlichen Sitten und Gebr\u00e4uche kennt und mit den unz\u00e4hligen Situationen umzugehen wei\u00df, die im Laufe der Veranstaltung auftreten.\",\"breadcrumb\":{\"@id\":\"https:\/\/www.smglanguages.com\/de\/organisation-von-veranstaltungen\/#breadcrumb\"},\"inLanguage\":\"de\",\"potentialAction\":[{\"@type\":\"ReadAction\",\"target\":[\"https:\/\/www.smglanguages.com\/de\/organisation-von-veranstaltungen\/\"]}]},{\"@type\":\"BreadcrumbList\",\"@id\":\"https:\/\/www.smglanguages.com\/de\/organisation-von-veranstaltungen\/#breadcrumb\",\"itemListElement\":[{\"@type\":\"ListItem\",\"position\":1,\"name\":\"Home\",\"item\":\"https:\/\/www.smglanguages.com\/de\/\"},{\"@type\":\"ListItem\",\"position\":2,\"name\":\"Organisation von Veranstaltungen\"}]},{\"@type\":\"WebSite\",\"@id\":\"https:\/\/www.smglanguages.com\/de\/#website\",\"url\":\"https:\/\/www.smglanguages.com\/de\/\",\"name\":\"SMG Languages\",\"description\":\"\",\"publisher\":{\"@id\":\"https:\/\/www.smglanguages.com\/de\/#organization\"},\"alternateName\":\"Studio Moretto Group\",\"potentialAction\":[{\"@type\":\"SearchAction\",\"target\":{\"@type\":\"EntryPoint\",\"urlTemplate\":\"https:\/\/www.smglanguages.com\/de\/?s={search_term_string}\"},\"query-input\":{\"@type\":\"PropertyValueSpecification\",\"valueRequired\":true,\"valueName\":\"search_term_string\"}}],\"inLanguage\":\"de\"},{\"@type\":\"Organization\",\"@id\":\"https:\/\/www.smglanguages.com\/de\/#organization\",\"name\":\"Studio Moretto Group\",\"alternateName\":\"SMG Languages\",\"url\":\"https:\/\/www.smglanguages.com\/de\/\",\"logo\":{\"@type\":\"ImageObject\",\"inLanguage\":\"de\",\"@id\":\"https:\/\/www.smglanguages.com\/de\/#\/schema\/logo\/image\/\",\"url\":\"https:\/\/www.smglanguages.com\/wp-content\/uploads\/2022\/09\/Logo-SMG.png\",\"contentUrl\":\"https:\/\/www.smglanguages.com\/wp-content\/uploads\/2022\/09\/Logo-SMG.png\",\"width\":882,\"height\":546,\"caption\":\"Studio Moretto Group\"},\"image\":{\"@id\":\"https:\/\/www.smglanguages.com\/de\/#\/schema\/logo\/image\/\"},\"sameAs\":[\"https:\/\/it-it.facebook.com\/smgstudiomorettogroup\/\",\"https:\/\/it.linkedin.com\/company\/studio-moretto-group-srl\"]}]}<\/script>\n<!-- \/ Yoast SEO plugin. -->","yoast_head_json":{"title":"Organisation von Veranstaltungen - SMG Languages","description":"F\u00fcr das gute Gelingen einer Veranstaltung im Ausland ist ein Fachmann n\u00f6tig, der sich in der Region zurechtfindet, die Sprache der Gegend spricht, die \u00f6rtlichen Sitten und Gebr\u00e4uche kennt und mit den unz\u00e4hligen Situationen umzugehen wei\u00df, die im Laufe der Veranstaltung auftreten.","robots":{"index":"index","follow":"follow","max-snippet":"max-snippet:-1","max-image-preview":"max-image-preview:large","max-video-preview":"max-video-preview:-1"},"canonical":"https:\/\/www.smglanguages.com\/de\/organisation-von-veranstaltungen\/","og_locale":"de_DE","og_type":"article","og_title":"Organisation von Veranstaltungen - SMG Languages","og_description":"F\u00fcr das gute Gelingen einer Veranstaltung im Ausland ist ein Fachmann n\u00f6tig, der sich in der Region zurechtfindet, die Sprache der Gegend spricht, die \u00f6rtlichen Sitten und Gebr\u00e4uche kennt und mit den unz\u00e4hligen Situationen umzugehen wei\u00df, die im Laufe der Veranstaltung auftreten.","og_url":"https:\/\/www.smglanguages.com\/de\/organisation-von-veranstaltungen\/","og_site_name":"SMG Languages","article_publisher":"https:\/\/it-it.facebook.com\/smgstudiomorettogroup\/","article_modified_time":"2025-07-30T14:39:43+00:00","og_image":[{"width":882,"height":546,"url":"https:\/\/www.smglanguages.com\/wp-content\/uploads\/2022\/09\/Logo-SMG.png","type":"image\/png"}],"twitter_card":"summary_large_image","twitter_misc":{"Gesch\u00e4tzte Lesezeit":"3\u00a0Minuten"},"schema":{"@context":"https:\/\/schema.org","@graph":[{"@type":"WebPage","@id":"https:\/\/www.smglanguages.com\/de\/organisation-von-veranstaltungen\/","url":"https:\/\/www.smglanguages.com\/de\/organisation-von-veranstaltungen\/","name":"Organisation von Veranstaltungen - SMG Languages","isPartOf":{"@id":"https:\/\/www.smglanguages.com\/de\/#website"},"datePublished":"2018-05-09T10:56:50+00:00","dateModified":"2025-07-30T14:39:43+00:00","description":"F\u00fcr das gute Gelingen einer Veranstaltung im Ausland ist ein Fachmann n\u00f6tig, der sich in der Region zurechtfindet, die Sprache der Gegend spricht, die \u00f6rtlichen Sitten und Gebr\u00e4uche kennt und mit den unz\u00e4hligen Situationen umzugehen wei\u00df, die im Laufe der Veranstaltung auftreten.","breadcrumb":{"@id":"https:\/\/www.smglanguages.com\/de\/organisation-von-veranstaltungen\/#breadcrumb"},"inLanguage":"de","potentialAction":[{"@type":"ReadAction","target":["https:\/\/www.smglanguages.com\/de\/organisation-von-veranstaltungen\/"]}]},{"@type":"BreadcrumbList","@id":"https:\/\/www.smglanguages.com\/de\/organisation-von-veranstaltungen\/#breadcrumb","itemListElement":[{"@type":"ListItem","position":1,"name":"Home","item":"https:\/\/www.smglanguages.com\/de\/"},{"@type":"ListItem","position":2,"name":"Organisation von Veranstaltungen"}]},{"@type":"WebSite","@id":"https:\/\/www.smglanguages.com\/de\/#website","url":"https:\/\/www.smglanguages.com\/de\/","name":"SMG Languages","description":"","publisher":{"@id":"https:\/\/www.smglanguages.com\/de\/#organization"},"alternateName":"Studio Moretto Group","potentialAction":[{"@type":"SearchAction","target":{"@type":"EntryPoint","urlTemplate":"https:\/\/www.smglanguages.com\/de\/?s={search_term_string}"},"query-input":{"@type":"PropertyValueSpecification","valueRequired":true,"valueName":"search_term_string"}}],"inLanguage":"de"},{"@type":"Organization","@id":"https:\/\/www.smglanguages.com\/de\/#organization","name":"Studio Moretto Group","alternateName":"SMG Languages","url":"https:\/\/www.smglanguages.com\/de\/","logo":{"@type":"ImageObject","inLanguage":"de","@id":"https:\/\/www.smglanguages.com\/de\/#\/schema\/logo\/image\/","url":"https:\/\/www.smglanguages.com\/wp-content\/uploads\/2022\/09\/Logo-SMG.png","contentUrl":"https:\/\/www.smglanguages.com\/wp-content\/uploads\/2022\/09\/Logo-SMG.png","width":882,"height":546,"caption":"Studio Moretto Group"},"image":{"@id":"https:\/\/www.smglanguages.com\/de\/#\/schema\/logo\/image\/"},"sameAs":["https:\/\/it-it.facebook.com\/smgstudiomorettogroup\/","https:\/\/it.linkedin.com\/company\/studio-moretto-group-srl"]}]}},"_links":{"self":[{"href":"https:\/\/www.smglanguages.com\/de\/wp-json\/wp\/v2\/pages\/31348","targetHints":{"allow":["GET"]}}],"collection":[{"href":"https:\/\/www.smglanguages.com\/de\/wp-json\/wp\/v2\/pages"}],"about":[{"href":"https:\/\/www.smglanguages.com\/de\/wp-json\/wp\/v2\/types\/page"}],"author":[{"embeddable":true,"href":"https:\/\/www.smglanguages.com\/de\/wp-json\/wp\/v2\/users\/5"}],"replies":[{"embeddable":true,"href":"https:\/\/www.smglanguages.com\/de\/wp-json\/wp\/v2\/comments?post=31348"}],"version-history":[{"count":0,"href":"https:\/\/www.smglanguages.com\/de\/wp-json\/wp\/v2\/pages\/31348\/revisions"}],"wp:attachment":[{"href":"https:\/\/www.smglanguages.com\/de\/wp-json\/wp\/v2\/media?parent=31348"}],"curies":[{"name":"wp","href":"https:\/\/api.w.org\/{rel}","templated":true}]}}