{"id":32681,"date":"2018-04-13T13:19:33","date_gmt":"2018-04-13T13:19:33","guid":{"rendered":"https:\/\/www.smglanguages.com\/medicina"},"modified":"2025-07-22T14:09:29","modified_gmt":"2025-07-22T12:09:29","slug":"medizin","status":"publish","type":"page","link":"https:\/\/www.smglanguages.com\/de\/fachubersetzungen\/wissenschaft\/medizin\/","title":{"rendered":"Sprachdienstleistungen f\u00fcr die Medizin"},"content":{"rendered":"<p>Die Erfahrung unseres wissenschaftlichen \u00dcbersetzungsb\u00fcros hat zur Gr\u00fcndung der Servicelinie SMG Medicine gef\u00fchrt, die sich den sprachlichen Bed\u00fcrfnissen von Kunden aus dem medizinischen und Pharmabereich widmet.<\/p>\n","protected":false},"excerpt":{"rendered":"<p>Die Erfahrung unseres wissenschaftlichen \u00dcbersetzungsb\u00fcros hat zur Gr\u00fcndung der Servicelinie SMG Medicine gef\u00fchrt, die sich den sprachlichen Bed\u00fcrfnissen von Kunden<\/p>\n","protected":false},"author":2,"featured_media":0,"parent":39541,"menu_order":0,"comment_status":"closed","ping_status":"closed","template":"templates\/flexible-content.php","meta":{"_acf_changed":false,"footnotes":""},"class_list":["post-32681","page","type-page","status-publish","hentry"],"acf":[],"yoast_head":"<!-- This site is optimized with the Yoast SEO plugin v27.2 - https:\/\/yoast.com\/product\/yoast-seo-wordpress\/ -->\n<title>Sprachdienstleistungen f\u00fcr die Medizin - SMG Languages<\/title>\n<meta name=\"description\" content=\"Die Erfahrung unseres wissenschaftlichen \u00dcbersetzungsb\u00fcros hat zur Gr\u00fcndung der Servicelinie SMG Medicine gef\u00fchrt, die sich den sprachlichen Bed\u00fcrfnissen von Kunden aus dem medizinischen und Pharmabereich widmet\" \/>\n<meta name=\"robots\" content=\"index, follow, max-snippet:-1, max-image-preview:large, max-video-preview:-1\" \/>\n<link rel=\"canonical\" href=\"https:\/\/www.smglanguages.com\/de\/fachubersetzungen\/wissenschaft\/medizin\/\" \/>\n<meta property=\"og:locale\" content=\"de_DE\" \/>\n<meta property=\"og:type\" content=\"article\" \/>\n<meta property=\"og:title\" content=\"Sprachdienstleistungen f\u00fcr die Medizin - SMG Languages\" \/>\n<meta property=\"og:description\" content=\"Die Erfahrung unseres wissenschaftlichen \u00dcbersetzungsb\u00fcros hat zur Gr\u00fcndung der Servicelinie SMG Medicine gef\u00fchrt, die sich den sprachlichen Bed\u00fcrfnissen von Kunden aus dem medizinischen und Pharmabereich widmet\" \/>\n<meta property=\"og:url\" content=\"https:\/\/www.smglanguages.com\/de\/fachubersetzungen\/wissenschaft\/medizin\/\" \/>\n<meta property=\"og:site_name\" content=\"SMG Languages\" \/>\n<meta property=\"article:publisher\" content=\"https:\/\/it-it.facebook.com\/smgstudiomorettogroup\/\" \/>\n<meta property=\"article:modified_time\" content=\"2025-07-22T12:09:29+00:00\" \/>\n<meta property=\"og:image\" content=\"https:\/\/www.smglanguages.com\/wp-content\/uploads\/2022\/09\/Logo-SMG.png\" \/>\n\t<meta property=\"og:image:width\" content=\"882\" \/>\n\t<meta property=\"og:image:height\" content=\"546\" \/>\n\t<meta property=\"og:image:type\" content=\"image\/png\" \/>\n<meta name=\"twitter:card\" content=\"summary_large_image\" \/>\n<meta name=\"twitter:label1\" content=\"Gesch\u00e4tzte Lesezeit\" \/>\n\t<meta name=\"twitter:data1\" content=\"5\u00a0Minuten\" \/>\n<script type=\"application\/ld+json\" class=\"yoast-schema-graph\">{\"@context\":\"https:\/\/schema.org\",\"@graph\":[{\"@type\":\"WebPage\",\"@id\":\"https:\/\/www.smglanguages.com\/de\/fachubersetzungen\/wissenschaft\/medizin\/\",\"url\":\"https:\/\/www.smglanguages.com\/de\/fachubersetzungen\/wissenschaft\/medizin\/\",\"name\":\"Sprachdienstleistungen f\u00fcr die Medizin - SMG Languages\",\"isPartOf\":{\"@id\":\"https:\/\/www.smglanguages.com\/de\/#website\"},\"datePublished\":\"2018-04-13T13:19:33+00:00\",\"dateModified\":\"2025-07-22T12:09:29+00:00\",\"description\":\"Die Erfahrung unseres wissenschaftlichen \u00dcbersetzungsb\u00fcros hat zur Gr\u00fcndung der Servicelinie SMG Medicine gef\u00fchrt, die sich den sprachlichen Bed\u00fcrfnissen von Kunden aus dem medizinischen und Pharmabereich widmet\",\"breadcrumb\":{\"@id\":\"https:\/\/www.smglanguages.com\/de\/fachubersetzungen\/wissenschaft\/medizin\/#breadcrumb\"},\"inLanguage\":\"de\",\"potentialAction\":[{\"@type\":\"ReadAction\",\"target\":[\"https:\/\/www.smglanguages.com\/de\/fachubersetzungen\/wissenschaft\/medizin\/\"]}]},{\"@type\":\"BreadcrumbList\",\"@id\":\"https:\/\/www.smglanguages.com\/de\/fachubersetzungen\/wissenschaft\/medizin\/#breadcrumb\",\"itemListElement\":[{\"@type\":\"ListItem\",\"position\":1,\"name\":\"Home\",\"item\":\"https:\/\/www.smglanguages.com\/de\/\"},{\"@type\":\"ListItem\",\"position\":2,\"name\":\"Fach\u00fcbersetzungen\",\"item\":\"https:\/\/www.smglanguages.com\/de\/fachubersetzungen\/?lang=de\"},{\"@type\":\"ListItem\",\"position\":3,\"name\":\"Wissenschaftliche \u00dcbersetzungen\",\"item\":\"https:\/\/www.smglanguages.com\/de\/fachubersetzungen\/wissenschaft\/?lang=de\"},{\"@type\":\"ListItem\",\"position\":4,\"name\":\"Sprachdienstleistungen f\u00fcr die Medizin\"}]},{\"@type\":\"WebSite\",\"@id\":\"https:\/\/www.smglanguages.com\/de\/#website\",\"url\":\"https:\/\/www.smglanguages.com\/de\/\",\"name\":\"SMG Languages\",\"description\":\"\",\"publisher\":{\"@id\":\"https:\/\/www.smglanguages.com\/de\/#organization\"},\"alternateName\":\"Studio Moretto Group\",\"potentialAction\":[{\"@type\":\"SearchAction\",\"target\":{\"@type\":\"EntryPoint\",\"urlTemplate\":\"https:\/\/www.smglanguages.com\/de\/?s={search_term_string}\"},\"query-input\":{\"@type\":\"PropertyValueSpecification\",\"valueRequired\":true,\"valueName\":\"search_term_string\"}}],\"inLanguage\":\"de\"},{\"@type\":\"Organization\",\"@id\":\"https:\/\/www.smglanguages.com\/de\/#organization\",\"name\":\"Studio Moretto Group\",\"alternateName\":\"SMG Languages\",\"url\":\"https:\/\/www.smglanguages.com\/de\/\",\"logo\":{\"@type\":\"ImageObject\",\"inLanguage\":\"de\",\"@id\":\"https:\/\/www.smglanguages.com\/de\/#\/schema\/logo\/image\/\",\"url\":\"https:\/\/www.smglanguages.com\/wp-content\/uploads\/2022\/09\/Logo-SMG.png\",\"contentUrl\":\"https:\/\/www.smglanguages.com\/wp-content\/uploads\/2022\/09\/Logo-SMG.png\",\"width\":882,\"height\":546,\"caption\":\"Studio Moretto Group\"},\"image\":{\"@id\":\"https:\/\/www.smglanguages.com\/de\/#\/schema\/logo\/image\/\"},\"sameAs\":[\"https:\/\/it-it.facebook.com\/smgstudiomorettogroup\/\",\"https:\/\/it.linkedin.com\/company\/studio-moretto-group-srl\"]}]}<\/script>\n<!-- \/ Yoast SEO plugin. -->","yoast_head_json":{"title":"Sprachdienstleistungen f\u00fcr die Medizin - SMG Languages","description":"Die Erfahrung unseres wissenschaftlichen \u00dcbersetzungsb\u00fcros hat zur Gr\u00fcndung der Servicelinie SMG Medicine gef\u00fchrt, die sich den sprachlichen Bed\u00fcrfnissen von Kunden aus dem medizinischen und Pharmabereich widmet","robots":{"index":"index","follow":"follow","max-snippet":"max-snippet:-1","max-image-preview":"max-image-preview:large","max-video-preview":"max-video-preview:-1"},"canonical":"https:\/\/www.smglanguages.com\/de\/fachubersetzungen\/wissenschaft\/medizin\/","og_locale":"de_DE","og_type":"article","og_title":"Sprachdienstleistungen f\u00fcr die Medizin - SMG Languages","og_description":"Die Erfahrung unseres wissenschaftlichen \u00dcbersetzungsb\u00fcros hat zur Gr\u00fcndung der Servicelinie SMG Medicine gef\u00fchrt, die sich den sprachlichen Bed\u00fcrfnissen von Kunden aus dem medizinischen und Pharmabereich widmet","og_url":"https:\/\/www.smglanguages.com\/de\/fachubersetzungen\/wissenschaft\/medizin\/","og_site_name":"SMG Languages","article_publisher":"https:\/\/it-it.facebook.com\/smgstudiomorettogroup\/","article_modified_time":"2025-07-22T12:09:29+00:00","og_image":[{"width":882,"height":546,"url":"https:\/\/www.smglanguages.com\/wp-content\/uploads\/2022\/09\/Logo-SMG.png","type":"image\/png"}],"twitter_card":"summary_large_image","twitter_misc":{"Gesch\u00e4tzte Lesezeit":"5\u00a0Minuten"},"schema":{"@context":"https:\/\/schema.org","@graph":[{"@type":"WebPage","@id":"https:\/\/www.smglanguages.com\/de\/fachubersetzungen\/wissenschaft\/medizin\/","url":"https:\/\/www.smglanguages.com\/de\/fachubersetzungen\/wissenschaft\/medizin\/","name":"Sprachdienstleistungen f\u00fcr die Medizin - SMG Languages","isPartOf":{"@id":"https:\/\/www.smglanguages.com\/de\/#website"},"datePublished":"2018-04-13T13:19:33+00:00","dateModified":"2025-07-22T12:09:29+00:00","description":"Die Erfahrung unseres wissenschaftlichen \u00dcbersetzungsb\u00fcros hat zur Gr\u00fcndung der Servicelinie SMG Medicine gef\u00fchrt, die sich den sprachlichen Bed\u00fcrfnissen von Kunden aus dem medizinischen und Pharmabereich widmet","breadcrumb":{"@id":"https:\/\/www.smglanguages.com\/de\/fachubersetzungen\/wissenschaft\/medizin\/#breadcrumb"},"inLanguage":"de","potentialAction":[{"@type":"ReadAction","target":["https:\/\/www.smglanguages.com\/de\/fachubersetzungen\/wissenschaft\/medizin\/"]}]},{"@type":"BreadcrumbList","@id":"https:\/\/www.smglanguages.com\/de\/fachubersetzungen\/wissenschaft\/medizin\/#breadcrumb","itemListElement":[{"@type":"ListItem","position":1,"name":"Home","item":"https:\/\/www.smglanguages.com\/de\/"},{"@type":"ListItem","position":2,"name":"Fach\u00fcbersetzungen","item":"https:\/\/www.smglanguages.com\/de\/fachubersetzungen\/?lang=de"},{"@type":"ListItem","position":3,"name":"Wissenschaftliche \u00dcbersetzungen","item":"https:\/\/www.smglanguages.com\/de\/fachubersetzungen\/wissenschaft\/?lang=de"},{"@type":"ListItem","position":4,"name":"Sprachdienstleistungen f\u00fcr die Medizin"}]},{"@type":"WebSite","@id":"https:\/\/www.smglanguages.com\/de\/#website","url":"https:\/\/www.smglanguages.com\/de\/","name":"SMG Languages","description":"","publisher":{"@id":"https:\/\/www.smglanguages.com\/de\/#organization"},"alternateName":"Studio Moretto Group","potentialAction":[{"@type":"SearchAction","target":{"@type":"EntryPoint","urlTemplate":"https:\/\/www.smglanguages.com\/de\/?s={search_term_string}"},"query-input":{"@type":"PropertyValueSpecification","valueRequired":true,"valueName":"search_term_string"}}],"inLanguage":"de"},{"@type":"Organization","@id":"https:\/\/www.smglanguages.com\/de\/#organization","name":"Studio Moretto Group","alternateName":"SMG Languages","url":"https:\/\/www.smglanguages.com\/de\/","logo":{"@type":"ImageObject","inLanguage":"de","@id":"https:\/\/www.smglanguages.com\/de\/#\/schema\/logo\/image\/","url":"https:\/\/www.smglanguages.com\/wp-content\/uploads\/2022\/09\/Logo-SMG.png","contentUrl":"https:\/\/www.smglanguages.com\/wp-content\/uploads\/2022\/09\/Logo-SMG.png","width":882,"height":546,"caption":"Studio Moretto Group"},"image":{"@id":"https:\/\/www.smglanguages.com\/de\/#\/schema\/logo\/image\/"},"sameAs":["https:\/\/it-it.facebook.com\/smgstudiomorettogroup\/","https:\/\/it.linkedin.com\/company\/studio-moretto-group-srl"]}]}},"_links":{"self":[{"href":"https:\/\/www.smglanguages.com\/de\/wp-json\/wp\/v2\/pages\/32681","targetHints":{"allow":["GET"]}}],"collection":[{"href":"https:\/\/www.smglanguages.com\/de\/wp-json\/wp\/v2\/pages"}],"about":[{"href":"https:\/\/www.smglanguages.com\/de\/wp-json\/wp\/v2\/types\/page"}],"author":[{"embeddable":true,"href":"https:\/\/www.smglanguages.com\/de\/wp-json\/wp\/v2\/users\/2"}],"replies":[{"embeddable":true,"href":"https:\/\/www.smglanguages.com\/de\/wp-json\/wp\/v2\/comments?post=32681"}],"version-history":[{"count":0,"href":"https:\/\/www.smglanguages.com\/de\/wp-json\/wp\/v2\/pages\/32681\/revisions"}],"up":[{"embeddable":true,"href":"https:\/\/www.smglanguages.com\/de\/wp-json\/wp\/v2\/pages\/39541"}],"wp:attachment":[{"href":"https:\/\/www.smglanguages.com\/de\/wp-json\/wp\/v2\/media?parent=32681"}],"curies":[{"name":"wp","href":"https:\/\/api.w.org\/{rel}","templated":true}]}}