{"id":39528,"date":"2018-04-13T09:54:44","date_gmt":"2018-04-13T09:54:44","guid":{"rendered":"https:\/\/www.smglanguages.com\/fachubersetzungen\/traduzioni-riassuntive"},"modified":"2024-08-28T09:39:47","modified_gmt":"2024-08-28T09:39:47","slug":"zusammenfassende-ubersetzungen","status":"publish","type":"page","link":"https:\/\/www.smglanguages.com\/de\/fachubersetzungen\/zusammenfassende-ubersetzungen\/","title":{"rendered":"Zusammenfassende \u00dcbersetzungen"},"content":{"rendered":"","protected":false},"excerpt":{"rendered":"","protected":false},"author":2,"featured_media":0,"parent":37528,"menu_order":0,"comment_status":"closed","ping_status":"closed","template":"templates\/flexible-content.php","meta":{"_acf_changed":false,"footnotes":""},"class_list":["post-39528","page","type-page","status-publish","hentry"],"acf":[],"yoast_head":"<!-- This site is optimized with the Yoast SEO plugin v27.2 - https:\/\/yoast.com\/product\/yoast-seo-wordpress\/ -->\n<title>Zusammenfassende \u00dcbersetzungen - SMG Languages<\/title>\n<meta name=\"description\" content=\"Der\u00a0\u00dcbersetzungsdienst f\u00fcr Zusammenfassungen\u00a0besteht darin, die wichtigsten Punkte und Passagen eines Textes, eines Dokuments, eines Handbuchs oder jeder anderen Art von schriftlichem Inhalt zu \u00fcbersetzen, wobei nur die f\u00fcr den Kunden wichtigsten Informationen ber\u00fccksichtigt werden.\" \/>\n<meta name=\"robots\" content=\"index, follow, max-snippet:-1, max-image-preview:large, max-video-preview:-1\" \/>\n<link rel=\"canonical\" href=\"https:\/\/www.smglanguages.com\/de\/fachubersetzungen\/zusammenfassende-ubersetzungen\/\" \/>\n<meta property=\"og:locale\" content=\"de_DE\" \/>\n<meta property=\"og:type\" content=\"article\" \/>\n<meta property=\"og:title\" content=\"Zusammenfassende \u00dcbersetzungen - SMG Languages\" \/>\n<meta property=\"og:description\" content=\"Der\u00a0\u00dcbersetzungsdienst f\u00fcr Zusammenfassungen\u00a0besteht darin, die wichtigsten Punkte und Passagen eines Textes, eines Dokuments, eines Handbuchs oder jeder anderen Art von schriftlichem Inhalt zu \u00fcbersetzen, wobei nur die f\u00fcr den Kunden wichtigsten Informationen ber\u00fccksichtigt werden.\" \/>\n<meta property=\"og:url\" content=\"https:\/\/www.smglanguages.com\/de\/fachubersetzungen\/zusammenfassende-ubersetzungen\/\" \/>\n<meta property=\"og:site_name\" content=\"SMG Languages\" \/>\n<meta property=\"article:publisher\" content=\"https:\/\/it-it.facebook.com\/smgstudiomorettogroup\/\" \/>\n<meta property=\"article:modified_time\" content=\"2024-08-28T09:39:47+00:00\" \/>\n<meta property=\"og:image\" content=\"https:\/\/www.smglanguages.com\/wp-content\/uploads\/2022\/09\/Logo-SMG.png\" \/>\n\t<meta property=\"og:image:width\" content=\"882\" \/>\n\t<meta property=\"og:image:height\" content=\"546\" \/>\n\t<meta property=\"og:image:type\" content=\"image\/png\" \/>\n<meta name=\"twitter:card\" content=\"summary_large_image\" \/>\n<meta name=\"twitter:label1\" content=\"Gesch\u00e4tzte Lesezeit\" \/>\n\t<meta name=\"twitter:data1\" content=\"2\u00a0Minuten\" \/>\n<script type=\"application\/ld+json\" class=\"yoast-schema-graph\">{\"@context\":\"https:\/\/schema.org\",\"@graph\":[{\"@type\":\"WebPage\",\"@id\":\"https:\/\/www.smglanguages.com\/de\/fachubersetzungen\/zusammenfassende-ubersetzungen\/\",\"url\":\"https:\/\/www.smglanguages.com\/de\/fachubersetzungen\/zusammenfassende-ubersetzungen\/\",\"name\":\"Zusammenfassende \u00dcbersetzungen - SMG Languages\",\"isPartOf\":{\"@id\":\"https:\/\/www.smglanguages.com\/de\/#website\"},\"datePublished\":\"2018-04-13T09:54:44+00:00\",\"dateModified\":\"2024-08-28T09:39:47+00:00\",\"description\":\"Der\u00a0\u00dcbersetzungsdienst f\u00fcr Zusammenfassungen\u00a0besteht darin, die wichtigsten Punkte und Passagen eines Textes, eines Dokuments, eines Handbuchs oder jeder anderen Art von schriftlichem Inhalt zu \u00fcbersetzen, wobei nur die f\u00fcr den Kunden wichtigsten Informationen ber\u00fccksichtigt werden.\",\"breadcrumb\":{\"@id\":\"https:\/\/www.smglanguages.com\/de\/fachubersetzungen\/zusammenfassende-ubersetzungen\/#breadcrumb\"},\"inLanguage\":\"de\",\"potentialAction\":[{\"@type\":\"ReadAction\",\"target\":[\"https:\/\/www.smglanguages.com\/de\/fachubersetzungen\/zusammenfassende-ubersetzungen\/\"]}]},{\"@type\":\"BreadcrumbList\",\"@id\":\"https:\/\/www.smglanguages.com\/de\/fachubersetzungen\/zusammenfassende-ubersetzungen\/#breadcrumb\",\"itemListElement\":[{\"@type\":\"ListItem\",\"position\":1,\"name\":\"Home\",\"item\":\"https:\/\/www.smglanguages.com\/de\/\"},{\"@type\":\"ListItem\",\"position\":2,\"name\":\"Fach\u00fcbersetzungen\",\"item\":\"https:\/\/www.smglanguages.com\/de\/fachubersetzungen\/?lang=de\"},{\"@type\":\"ListItem\",\"position\":3,\"name\":\"Zusammenfassende \u00dcbersetzungen\"}]},{\"@type\":\"WebSite\",\"@id\":\"https:\/\/www.smglanguages.com\/de\/#website\",\"url\":\"https:\/\/www.smglanguages.com\/de\/\",\"name\":\"SMG Languages\",\"description\":\"\",\"publisher\":{\"@id\":\"https:\/\/www.smglanguages.com\/de\/#organization\"},\"alternateName\":\"Studio Moretto Group\",\"potentialAction\":[{\"@type\":\"SearchAction\",\"target\":{\"@type\":\"EntryPoint\",\"urlTemplate\":\"https:\/\/www.smglanguages.com\/de\/?s={search_term_string}\"},\"query-input\":{\"@type\":\"PropertyValueSpecification\",\"valueRequired\":true,\"valueName\":\"search_term_string\"}}],\"inLanguage\":\"de\"},{\"@type\":\"Organization\",\"@id\":\"https:\/\/www.smglanguages.com\/de\/#organization\",\"name\":\"Studio Moretto Group\",\"alternateName\":\"SMG Languages\",\"url\":\"https:\/\/www.smglanguages.com\/de\/\",\"logo\":{\"@type\":\"ImageObject\",\"inLanguage\":\"de\",\"@id\":\"https:\/\/www.smglanguages.com\/de\/#\/schema\/logo\/image\/\",\"url\":\"https:\/\/www.smglanguages.com\/wp-content\/uploads\/2022\/09\/Logo-SMG.png\",\"contentUrl\":\"https:\/\/www.smglanguages.com\/wp-content\/uploads\/2022\/09\/Logo-SMG.png\",\"width\":882,\"height\":546,\"caption\":\"Studio Moretto Group\"},\"image\":{\"@id\":\"https:\/\/www.smglanguages.com\/de\/#\/schema\/logo\/image\/\"},\"sameAs\":[\"https:\/\/it-it.facebook.com\/smgstudiomorettogroup\/\",\"https:\/\/it.linkedin.com\/company\/studio-moretto-group-srl\"]}]}<\/script>\n<!-- \/ Yoast SEO plugin. -->","yoast_head_json":{"title":"Zusammenfassende \u00dcbersetzungen - SMG Languages","description":"Der\u00a0\u00dcbersetzungsdienst f\u00fcr Zusammenfassungen\u00a0besteht darin, die wichtigsten Punkte und Passagen eines Textes, eines Dokuments, eines Handbuchs oder jeder anderen Art von schriftlichem Inhalt zu \u00fcbersetzen, wobei nur die f\u00fcr den Kunden wichtigsten Informationen ber\u00fccksichtigt werden.","robots":{"index":"index","follow":"follow","max-snippet":"max-snippet:-1","max-image-preview":"max-image-preview:large","max-video-preview":"max-video-preview:-1"},"canonical":"https:\/\/www.smglanguages.com\/de\/fachubersetzungen\/zusammenfassende-ubersetzungen\/","og_locale":"de_DE","og_type":"article","og_title":"Zusammenfassende \u00dcbersetzungen - SMG Languages","og_description":"Der\u00a0\u00dcbersetzungsdienst f\u00fcr Zusammenfassungen\u00a0besteht darin, die wichtigsten Punkte und Passagen eines Textes, eines Dokuments, eines Handbuchs oder jeder anderen Art von schriftlichem Inhalt zu \u00fcbersetzen, wobei nur die f\u00fcr den Kunden wichtigsten Informationen ber\u00fccksichtigt werden.","og_url":"https:\/\/www.smglanguages.com\/de\/fachubersetzungen\/zusammenfassende-ubersetzungen\/","og_site_name":"SMG Languages","article_publisher":"https:\/\/it-it.facebook.com\/smgstudiomorettogroup\/","article_modified_time":"2024-08-28T09:39:47+00:00","og_image":[{"width":882,"height":546,"url":"https:\/\/www.smglanguages.com\/wp-content\/uploads\/2022\/09\/Logo-SMG.png","type":"image\/png"}],"twitter_card":"summary_large_image","twitter_misc":{"Gesch\u00e4tzte Lesezeit":"2\u00a0Minuten"},"schema":{"@context":"https:\/\/schema.org","@graph":[{"@type":"WebPage","@id":"https:\/\/www.smglanguages.com\/de\/fachubersetzungen\/zusammenfassende-ubersetzungen\/","url":"https:\/\/www.smglanguages.com\/de\/fachubersetzungen\/zusammenfassende-ubersetzungen\/","name":"Zusammenfassende \u00dcbersetzungen - SMG Languages","isPartOf":{"@id":"https:\/\/www.smglanguages.com\/de\/#website"},"datePublished":"2018-04-13T09:54:44+00:00","dateModified":"2024-08-28T09:39:47+00:00","description":"Der\u00a0\u00dcbersetzungsdienst f\u00fcr Zusammenfassungen\u00a0besteht darin, die wichtigsten Punkte und Passagen eines Textes, eines Dokuments, eines Handbuchs oder jeder anderen Art von schriftlichem Inhalt zu \u00fcbersetzen, wobei nur die f\u00fcr den Kunden wichtigsten Informationen ber\u00fccksichtigt werden.","breadcrumb":{"@id":"https:\/\/www.smglanguages.com\/de\/fachubersetzungen\/zusammenfassende-ubersetzungen\/#breadcrumb"},"inLanguage":"de","potentialAction":[{"@type":"ReadAction","target":["https:\/\/www.smglanguages.com\/de\/fachubersetzungen\/zusammenfassende-ubersetzungen\/"]}]},{"@type":"BreadcrumbList","@id":"https:\/\/www.smglanguages.com\/de\/fachubersetzungen\/zusammenfassende-ubersetzungen\/#breadcrumb","itemListElement":[{"@type":"ListItem","position":1,"name":"Home","item":"https:\/\/www.smglanguages.com\/de\/"},{"@type":"ListItem","position":2,"name":"Fach\u00fcbersetzungen","item":"https:\/\/www.smglanguages.com\/de\/fachubersetzungen\/?lang=de"},{"@type":"ListItem","position":3,"name":"Zusammenfassende \u00dcbersetzungen"}]},{"@type":"WebSite","@id":"https:\/\/www.smglanguages.com\/de\/#website","url":"https:\/\/www.smglanguages.com\/de\/","name":"SMG Languages","description":"","publisher":{"@id":"https:\/\/www.smglanguages.com\/de\/#organization"},"alternateName":"Studio Moretto Group","potentialAction":[{"@type":"SearchAction","target":{"@type":"EntryPoint","urlTemplate":"https:\/\/www.smglanguages.com\/de\/?s={search_term_string}"},"query-input":{"@type":"PropertyValueSpecification","valueRequired":true,"valueName":"search_term_string"}}],"inLanguage":"de"},{"@type":"Organization","@id":"https:\/\/www.smglanguages.com\/de\/#organization","name":"Studio Moretto Group","alternateName":"SMG Languages","url":"https:\/\/www.smglanguages.com\/de\/","logo":{"@type":"ImageObject","inLanguage":"de","@id":"https:\/\/www.smglanguages.com\/de\/#\/schema\/logo\/image\/","url":"https:\/\/www.smglanguages.com\/wp-content\/uploads\/2022\/09\/Logo-SMG.png","contentUrl":"https:\/\/www.smglanguages.com\/wp-content\/uploads\/2022\/09\/Logo-SMG.png","width":882,"height":546,"caption":"Studio Moretto Group"},"image":{"@id":"https:\/\/www.smglanguages.com\/de\/#\/schema\/logo\/image\/"},"sameAs":["https:\/\/it-it.facebook.com\/smgstudiomorettogroup\/","https:\/\/it.linkedin.com\/company\/studio-moretto-group-srl"]}]}},"_links":{"self":[{"href":"https:\/\/www.smglanguages.com\/de\/wp-json\/wp\/v2\/pages\/39528","targetHints":{"allow":["GET"]}}],"collection":[{"href":"https:\/\/www.smglanguages.com\/de\/wp-json\/wp\/v2\/pages"}],"about":[{"href":"https:\/\/www.smglanguages.com\/de\/wp-json\/wp\/v2\/types\/page"}],"author":[{"embeddable":true,"href":"https:\/\/www.smglanguages.com\/de\/wp-json\/wp\/v2\/users\/2"}],"replies":[{"embeddable":true,"href":"https:\/\/www.smglanguages.com\/de\/wp-json\/wp\/v2\/comments?post=39528"}],"version-history":[{"count":0,"href":"https:\/\/www.smglanguages.com\/de\/wp-json\/wp\/v2\/pages\/39528\/revisions"}],"up":[{"embeddable":true,"href":"https:\/\/www.smglanguages.com\/de\/wp-json\/wp\/v2\/pages\/37528"}],"wp:attachment":[{"href":"https:\/\/www.smglanguages.com\/de\/wp-json\/wp\/v2\/media?parent=39528"}],"curies":[{"name":"wp","href":"https:\/\/api.w.org\/{rel}","templated":true}]}}