{"id":39610,"date":"2018-04-04T10:26:57","date_gmt":"2018-04-04T10:26:57","guid":{"rendered":"https:\/\/www.smglanguages.com\/fachubersetzungen\/traduzioni-urgenti"},"modified":"2025-06-18T11:12:26","modified_gmt":"2025-06-18T09:12:26","slug":"dringende-ubersetzungen","status":"publish","type":"page","link":"https:\/\/www.smglanguages.com\/de\/fachubersetzungen\/dringende-ubersetzungen\/","title":{"rendered":"Dringende \u00dcbersetzungen"},"content":{"rendered":"","protected":false},"excerpt":{"rendered":"","protected":false},"author":2,"featured_media":0,"parent":37528,"menu_order":0,"comment_status":"closed","ping_status":"closed","template":"templates\/flexible-content.php","meta":{"_acf_changed":false,"footnotes":""},"class_list":["post-39610","page","type-page","status-publish","hentry"],"acf":[],"yoast_head":"<!-- This site is optimized with the Yoast SEO plugin v27.2 - https:\/\/yoast.com\/product\/yoast-seo-wordpress\/ -->\n<title>Dringender \u00dcbersetzungsdienst - SMG Languages<\/title>\n<meta name=\"description\" content=\"Dank der Verf\u00fcgbarkeit fixen Personals in unseren untereinander zu einem gro\u00dfen Unternehmen verbundenen B\u00fcros auf der ganzen Welt k\u00f6nnen wir \u00dcbersetzungen rund um die Uhr liefern. W\u00e4hrend die eine H\u00e4lfte der Menschen auf der Erdkugel schlafen geht, beginnt die andere ihren Arbeitstag\u2026 in unseren B\u00fcros ist immer irgendwo jemand wach!\" \/>\n<meta name=\"robots\" content=\"index, follow, max-snippet:-1, max-image-preview:large, max-video-preview:-1\" \/>\n<link rel=\"canonical\" href=\"https:\/\/www.smglanguages.com\/de\/fachubersetzungen\/dringende-ubersetzungen\/\" \/>\n<meta property=\"og:locale\" content=\"de_DE\" \/>\n<meta property=\"og:type\" content=\"article\" \/>\n<meta property=\"og:title\" content=\"Dringender \u00dcbersetzungsdienst - SMG Languages\" \/>\n<meta property=\"og:description\" content=\"Dank der Verf\u00fcgbarkeit fixen Personals in unseren untereinander zu einem gro\u00dfen Unternehmen verbundenen B\u00fcros auf der ganzen Welt k\u00f6nnen wir \u00dcbersetzungen rund um die Uhr liefern. W\u00e4hrend die eine H\u00e4lfte der Menschen auf der Erdkugel schlafen geht, beginnt die andere ihren Arbeitstag\u2026 in unseren B\u00fcros ist immer irgendwo jemand wach!\" \/>\n<meta property=\"og:url\" content=\"https:\/\/www.smglanguages.com\/de\/fachubersetzungen\/dringende-ubersetzungen\/\" \/>\n<meta property=\"og:site_name\" content=\"SMG Languages\" \/>\n<meta property=\"article:publisher\" content=\"https:\/\/it-it.facebook.com\/smgstudiomorettogroup\/\" \/>\n<meta property=\"article:modified_time\" content=\"2025-06-18T09:12:26+00:00\" \/>\n<meta property=\"og:image\" content=\"https:\/\/www.smglanguages.com\/wp-content\/uploads\/2022\/09\/Logo-SMG.png\" \/>\n\t<meta property=\"og:image:width\" content=\"882\" \/>\n\t<meta property=\"og:image:height\" content=\"546\" \/>\n\t<meta property=\"og:image:type\" content=\"image\/png\" \/>\n<meta name=\"twitter:card\" content=\"summary_large_image\" \/>\n<meta name=\"twitter:label1\" content=\"Gesch\u00e4tzte Lesezeit\" \/>\n\t<meta name=\"twitter:data1\" content=\"4\u00a0Minuten\" \/>\n<script type=\"application\/ld+json\" class=\"yoast-schema-graph\">{\"@context\":\"https:\/\/schema.org\",\"@graph\":[{\"@type\":\"WebPage\",\"@id\":\"https:\/\/www.smglanguages.com\/de\/fachubersetzungen\/dringende-ubersetzungen\/\",\"url\":\"https:\/\/www.smglanguages.com\/de\/fachubersetzungen\/dringende-ubersetzungen\/\",\"name\":\"Dringender \u00dcbersetzungsdienst - SMG Languages\",\"isPartOf\":{\"@id\":\"https:\/\/www.smglanguages.com\/de\/#website\"},\"datePublished\":\"2018-04-04T10:26:57+00:00\",\"dateModified\":\"2025-06-18T09:12:26+00:00\",\"description\":\"Dank der Verf\u00fcgbarkeit fixen Personals in unseren untereinander zu einem gro\u00dfen Unternehmen verbundenen B\u00fcros auf der ganzen Welt k\u00f6nnen wir \u00dcbersetzungen rund um die Uhr liefern. W\u00e4hrend die eine H\u00e4lfte der Menschen auf der Erdkugel schlafen geht, beginnt die andere ihren Arbeitstag\u2026 in unseren B\u00fcros ist immer irgendwo jemand wach!\",\"breadcrumb\":{\"@id\":\"https:\/\/www.smglanguages.com\/de\/fachubersetzungen\/dringende-ubersetzungen\/#breadcrumb\"},\"inLanguage\":\"de\",\"potentialAction\":[{\"@type\":\"ReadAction\",\"target\":[\"https:\/\/www.smglanguages.com\/de\/fachubersetzungen\/dringende-ubersetzungen\/\"]}]},{\"@type\":\"BreadcrumbList\",\"@id\":\"https:\/\/www.smglanguages.com\/de\/fachubersetzungen\/dringende-ubersetzungen\/#breadcrumb\",\"itemListElement\":[{\"@type\":\"ListItem\",\"position\":1,\"name\":\"Home\",\"item\":\"https:\/\/www.smglanguages.com\/de\/\"},{\"@type\":\"ListItem\",\"position\":2,\"name\":\"Fach\u00fcbersetzungen\",\"item\":\"https:\/\/www.smglanguages.com\/de\/fachubersetzungen\/?lang=de\"},{\"@type\":\"ListItem\",\"position\":3,\"name\":\"Dringende \u00dcbersetzungen\"}]},{\"@type\":\"WebSite\",\"@id\":\"https:\/\/www.smglanguages.com\/de\/#website\",\"url\":\"https:\/\/www.smglanguages.com\/de\/\",\"name\":\"SMG Languages\",\"description\":\"\",\"publisher\":{\"@id\":\"https:\/\/www.smglanguages.com\/de\/#organization\"},\"alternateName\":\"Studio Moretto Group\",\"potentialAction\":[{\"@type\":\"SearchAction\",\"target\":{\"@type\":\"EntryPoint\",\"urlTemplate\":\"https:\/\/www.smglanguages.com\/de\/?s={search_term_string}\"},\"query-input\":{\"@type\":\"PropertyValueSpecification\",\"valueRequired\":true,\"valueName\":\"search_term_string\"}}],\"inLanguage\":\"de\"},{\"@type\":\"Organization\",\"@id\":\"https:\/\/www.smglanguages.com\/de\/#organization\",\"name\":\"Studio Moretto Group\",\"alternateName\":\"SMG Languages\",\"url\":\"https:\/\/www.smglanguages.com\/de\/\",\"logo\":{\"@type\":\"ImageObject\",\"inLanguage\":\"de\",\"@id\":\"https:\/\/www.smglanguages.com\/de\/#\/schema\/logo\/image\/\",\"url\":\"https:\/\/www.smglanguages.com\/wp-content\/uploads\/2022\/09\/Logo-SMG.png\",\"contentUrl\":\"https:\/\/www.smglanguages.com\/wp-content\/uploads\/2022\/09\/Logo-SMG.png\",\"width\":882,\"height\":546,\"caption\":\"Studio Moretto Group\"},\"image\":{\"@id\":\"https:\/\/www.smglanguages.com\/de\/#\/schema\/logo\/image\/\"},\"sameAs\":[\"https:\/\/it-it.facebook.com\/smgstudiomorettogroup\/\",\"https:\/\/it.linkedin.com\/company\/studio-moretto-group-srl\"]}]}<\/script>\n<!-- \/ Yoast SEO plugin. -->","yoast_head_json":{"title":"Dringender \u00dcbersetzungsdienst - SMG Languages","description":"Dank der Verf\u00fcgbarkeit fixen Personals in unseren untereinander zu einem gro\u00dfen Unternehmen verbundenen B\u00fcros auf der ganzen Welt k\u00f6nnen wir \u00dcbersetzungen rund um die Uhr liefern. W\u00e4hrend die eine H\u00e4lfte der Menschen auf der Erdkugel schlafen geht, beginnt die andere ihren Arbeitstag\u2026 in unseren B\u00fcros ist immer irgendwo jemand wach!","robots":{"index":"index","follow":"follow","max-snippet":"max-snippet:-1","max-image-preview":"max-image-preview:large","max-video-preview":"max-video-preview:-1"},"canonical":"https:\/\/www.smglanguages.com\/de\/fachubersetzungen\/dringende-ubersetzungen\/","og_locale":"de_DE","og_type":"article","og_title":"Dringender \u00dcbersetzungsdienst - SMG Languages","og_description":"Dank der Verf\u00fcgbarkeit fixen Personals in unseren untereinander zu einem gro\u00dfen Unternehmen verbundenen B\u00fcros auf der ganzen Welt k\u00f6nnen wir \u00dcbersetzungen rund um die Uhr liefern. W\u00e4hrend die eine H\u00e4lfte der Menschen auf der Erdkugel schlafen geht, beginnt die andere ihren Arbeitstag\u2026 in unseren B\u00fcros ist immer irgendwo jemand wach!","og_url":"https:\/\/www.smglanguages.com\/de\/fachubersetzungen\/dringende-ubersetzungen\/","og_site_name":"SMG Languages","article_publisher":"https:\/\/it-it.facebook.com\/smgstudiomorettogroup\/","article_modified_time":"2025-06-18T09:12:26+00:00","og_image":[{"width":882,"height":546,"url":"https:\/\/www.smglanguages.com\/wp-content\/uploads\/2022\/09\/Logo-SMG.png","type":"image\/png"}],"twitter_card":"summary_large_image","twitter_misc":{"Gesch\u00e4tzte Lesezeit":"4\u00a0Minuten"},"schema":{"@context":"https:\/\/schema.org","@graph":[{"@type":"WebPage","@id":"https:\/\/www.smglanguages.com\/de\/fachubersetzungen\/dringende-ubersetzungen\/","url":"https:\/\/www.smglanguages.com\/de\/fachubersetzungen\/dringende-ubersetzungen\/","name":"Dringender \u00dcbersetzungsdienst - SMG Languages","isPartOf":{"@id":"https:\/\/www.smglanguages.com\/de\/#website"},"datePublished":"2018-04-04T10:26:57+00:00","dateModified":"2025-06-18T09:12:26+00:00","description":"Dank der Verf\u00fcgbarkeit fixen Personals in unseren untereinander zu einem gro\u00dfen Unternehmen verbundenen B\u00fcros auf der ganzen Welt k\u00f6nnen wir \u00dcbersetzungen rund um die Uhr liefern. W\u00e4hrend die eine H\u00e4lfte der Menschen auf der Erdkugel schlafen geht, beginnt die andere ihren Arbeitstag\u2026 in unseren B\u00fcros ist immer irgendwo jemand wach!","breadcrumb":{"@id":"https:\/\/www.smglanguages.com\/de\/fachubersetzungen\/dringende-ubersetzungen\/#breadcrumb"},"inLanguage":"de","potentialAction":[{"@type":"ReadAction","target":["https:\/\/www.smglanguages.com\/de\/fachubersetzungen\/dringende-ubersetzungen\/"]}]},{"@type":"BreadcrumbList","@id":"https:\/\/www.smglanguages.com\/de\/fachubersetzungen\/dringende-ubersetzungen\/#breadcrumb","itemListElement":[{"@type":"ListItem","position":1,"name":"Home","item":"https:\/\/www.smglanguages.com\/de\/"},{"@type":"ListItem","position":2,"name":"Fach\u00fcbersetzungen","item":"https:\/\/www.smglanguages.com\/de\/fachubersetzungen\/?lang=de"},{"@type":"ListItem","position":3,"name":"Dringende \u00dcbersetzungen"}]},{"@type":"WebSite","@id":"https:\/\/www.smglanguages.com\/de\/#website","url":"https:\/\/www.smglanguages.com\/de\/","name":"SMG Languages","description":"","publisher":{"@id":"https:\/\/www.smglanguages.com\/de\/#organization"},"alternateName":"Studio Moretto Group","potentialAction":[{"@type":"SearchAction","target":{"@type":"EntryPoint","urlTemplate":"https:\/\/www.smglanguages.com\/de\/?s={search_term_string}"},"query-input":{"@type":"PropertyValueSpecification","valueRequired":true,"valueName":"search_term_string"}}],"inLanguage":"de"},{"@type":"Organization","@id":"https:\/\/www.smglanguages.com\/de\/#organization","name":"Studio Moretto Group","alternateName":"SMG Languages","url":"https:\/\/www.smglanguages.com\/de\/","logo":{"@type":"ImageObject","inLanguage":"de","@id":"https:\/\/www.smglanguages.com\/de\/#\/schema\/logo\/image\/","url":"https:\/\/www.smglanguages.com\/wp-content\/uploads\/2022\/09\/Logo-SMG.png","contentUrl":"https:\/\/www.smglanguages.com\/wp-content\/uploads\/2022\/09\/Logo-SMG.png","width":882,"height":546,"caption":"Studio Moretto Group"},"image":{"@id":"https:\/\/www.smglanguages.com\/de\/#\/schema\/logo\/image\/"},"sameAs":["https:\/\/it-it.facebook.com\/smgstudiomorettogroup\/","https:\/\/it.linkedin.com\/company\/studio-moretto-group-srl"]}]}},"_links":{"self":[{"href":"https:\/\/www.smglanguages.com\/de\/wp-json\/wp\/v2\/pages\/39610","targetHints":{"allow":["GET"]}}],"collection":[{"href":"https:\/\/www.smglanguages.com\/de\/wp-json\/wp\/v2\/pages"}],"about":[{"href":"https:\/\/www.smglanguages.com\/de\/wp-json\/wp\/v2\/types\/page"}],"author":[{"embeddable":true,"href":"https:\/\/www.smglanguages.com\/de\/wp-json\/wp\/v2\/users\/2"}],"replies":[{"embeddable":true,"href":"https:\/\/www.smglanguages.com\/de\/wp-json\/wp\/v2\/comments?post=39610"}],"version-history":[{"count":0,"href":"https:\/\/www.smglanguages.com\/de\/wp-json\/wp\/v2\/pages\/39610\/revisions"}],"up":[{"embeddable":true,"href":"https:\/\/www.smglanguages.com\/de\/wp-json\/wp\/v2\/pages\/37528"}],"wp:attachment":[{"href":"https:\/\/www.smglanguages.com\/de\/wp-json\/wp\/v2\/media?parent=39610"}],"curies":[{"name":"wp","href":"https:\/\/api.w.org\/{rel}","templated":true}]}}