{"id":45656,"date":"2018-04-18T07:47:05","date_gmt":"2018-04-18T07:47:05","guid":{"rendered":"https:\/\/www.smglanguages.com\/professionelle-dolmetscher-mit-langjahriger-erfahrung\/attrezzature\/"},"modified":"2025-07-29T18:09:10","modified_gmt":"2025-07-29T16:09:10","slug":"attrezzature","status":"publish","type":"page","link":"https:\/\/www.smglanguages.com\/de\/professionelle-dolmetscher-mit-langjahriger-erfahrung\/attrezzature\/","title":{"rendered":"Simultanausstattung"},"content":{"rendered":"","protected":false},"excerpt":{"rendered":"","protected":false},"author":2,"featured_media":0,"parent":33291,"menu_order":0,"comment_status":"closed","ping_status":"closed","template":"templates\/flexible-content.php","meta":{"_acf_changed":false,"footnotes":""},"class_list":["post-45656","page","type-page","status-publish","hentry"],"acf":[],"yoast_head":"<!-- This site is optimized with the Yoast SEO plugin v27.2 - https:\/\/yoast.com\/product\/yoast-seo-wordpress\/ -->\n<title>Anlagen und ausr\u00fcstung f\u00fcr konferenzen, simultandolmetschsysteme - SMG Languages<\/title>\n<meta name=\"description\" content=\"Die SMG Languages nimmt sich seit 2008 der Realisierung audiovisueller Systeme f\u00fcr Veranstaltungen an und ist seither auf die Bereitstellung von Ausr\u00fcstung f\u00fcr das Simultandolmetschen, auch Konferenzsysteme, bzw. conference systems genannt, spezialisiert.\" \/>\n<meta name=\"robots\" content=\"index, follow, max-snippet:-1, max-image-preview:large, max-video-preview:-1\" \/>\n<link rel=\"canonical\" href=\"https:\/\/www.smglanguages.com\/de\/professionelle-dolmetscher-mit-langjahriger-erfahrung\/attrezzature\/\" \/>\n<meta property=\"og:locale\" content=\"de_DE\" \/>\n<meta property=\"og:type\" content=\"article\" \/>\n<meta property=\"og:title\" content=\"Anlagen und ausr\u00fcstung f\u00fcr konferenzen, simultandolmetschsysteme - SMG Languages\" \/>\n<meta property=\"og:description\" content=\"Die SMG Languages nimmt sich seit 2008 der Realisierung audiovisueller Systeme f\u00fcr Veranstaltungen an und ist seither auf die Bereitstellung von Ausr\u00fcstung f\u00fcr das Simultandolmetschen, auch Konferenzsysteme, bzw. conference systems genannt, spezialisiert.\" \/>\n<meta property=\"og:url\" content=\"https:\/\/www.smglanguages.com\/de\/professionelle-dolmetscher-mit-langjahriger-erfahrung\/attrezzature\/\" \/>\n<meta property=\"og:site_name\" content=\"SMG Languages\" \/>\n<meta property=\"article:publisher\" content=\"https:\/\/it-it.facebook.com\/smgstudiomorettogroup\/\" \/>\n<meta property=\"article:modified_time\" content=\"2025-07-29T16:09:10+00:00\" \/>\n<meta property=\"og:image\" content=\"https:\/\/www.smglanguages.com\/wp-content\/uploads\/2022\/09\/Logo-SMG.png\" \/>\n\t<meta property=\"og:image:width\" content=\"882\" \/>\n\t<meta property=\"og:image:height\" content=\"546\" \/>\n\t<meta property=\"og:image:type\" content=\"image\/png\" \/>\n<meta name=\"twitter:card\" content=\"summary_large_image\" \/>\n<meta name=\"twitter:label1\" content=\"Gesch\u00e4tzte Lesezeit\" \/>\n\t<meta name=\"twitter:data1\" content=\"11\u00a0Minuten\" \/>\n<script type=\"application\/ld+json\" class=\"yoast-schema-graph\">{\"@context\":\"https:\/\/schema.org\",\"@graph\":[{\"@type\":\"WebPage\",\"@id\":\"https:\/\/www.smglanguages.com\/de\/professionelle-dolmetscher-mit-langjahriger-erfahrung\/attrezzature\/\",\"url\":\"https:\/\/www.smglanguages.com\/de\/professionelle-dolmetscher-mit-langjahriger-erfahrung\/attrezzature\/\",\"name\":\"Anlagen und ausr\u00fcstung f\u00fcr konferenzen, simultandolmetschsysteme - SMG Languages\",\"isPartOf\":{\"@id\":\"https:\/\/www.smglanguages.com\/de\/#website\"},\"datePublished\":\"2018-04-18T07:47:05+00:00\",\"dateModified\":\"2025-07-29T16:09:10+00:00\",\"description\":\"Die SMG Languages nimmt sich seit 2008 der Realisierung audiovisueller Systeme f\u00fcr Veranstaltungen an und ist seither auf die Bereitstellung von Ausr\u00fcstung f\u00fcr das Simultandolmetschen, auch Konferenzsysteme, bzw. conference systems genannt, spezialisiert.\",\"breadcrumb\":{\"@id\":\"https:\/\/www.smglanguages.com\/de\/professionelle-dolmetscher-mit-langjahriger-erfahrung\/attrezzature\/#breadcrumb\"},\"inLanguage\":\"de\",\"potentialAction\":[{\"@type\":\"ReadAction\",\"target\":[\"https:\/\/www.smglanguages.com\/de\/professionelle-dolmetscher-mit-langjahriger-erfahrung\/attrezzature\/\"]}]},{\"@type\":\"BreadcrumbList\",\"@id\":\"https:\/\/www.smglanguages.com\/de\/professionelle-dolmetscher-mit-langjahriger-erfahrung\/attrezzature\/#breadcrumb\",\"itemListElement\":[{\"@type\":\"ListItem\",\"position\":1,\"name\":\"Home\",\"item\":\"https:\/\/www.smglanguages.com\/de\/\"},{\"@type\":\"ListItem\",\"position\":2,\"name\":\"Professionelle Dolmetscher mit langj\u00e4hriger Erfahrung\",\"item\":\"https:\/\/www.smglanguages.com\/de\/professionelle-dolmetscher-mit-langjahriger-erfahrung\/?lang=de\"},{\"@type\":\"ListItem\",\"position\":3,\"name\":\"Simultanausstattung\"}]},{\"@type\":\"WebSite\",\"@id\":\"https:\/\/www.smglanguages.com\/de\/#website\",\"url\":\"https:\/\/www.smglanguages.com\/de\/\",\"name\":\"SMG Languages\",\"description\":\"\",\"publisher\":{\"@id\":\"https:\/\/www.smglanguages.com\/de\/#organization\"},\"alternateName\":\"Studio Moretto Group\",\"potentialAction\":[{\"@type\":\"SearchAction\",\"target\":{\"@type\":\"EntryPoint\",\"urlTemplate\":\"https:\/\/www.smglanguages.com\/de\/?s={search_term_string}\"},\"query-input\":{\"@type\":\"PropertyValueSpecification\",\"valueRequired\":true,\"valueName\":\"search_term_string\"}}],\"inLanguage\":\"de\"},{\"@type\":\"Organization\",\"@id\":\"https:\/\/www.smglanguages.com\/de\/#organization\",\"name\":\"Studio Moretto Group\",\"alternateName\":\"SMG Languages\",\"url\":\"https:\/\/www.smglanguages.com\/de\/\",\"logo\":{\"@type\":\"ImageObject\",\"inLanguage\":\"de\",\"@id\":\"https:\/\/www.smglanguages.com\/de\/#\/schema\/logo\/image\/\",\"url\":\"https:\/\/www.smglanguages.com\/wp-content\/uploads\/2022\/09\/Logo-SMG.png\",\"contentUrl\":\"https:\/\/www.smglanguages.com\/wp-content\/uploads\/2022\/09\/Logo-SMG.png\",\"width\":882,\"height\":546,\"caption\":\"Studio Moretto Group\"},\"image\":{\"@id\":\"https:\/\/www.smglanguages.com\/de\/#\/schema\/logo\/image\/\"},\"sameAs\":[\"https:\/\/it-it.facebook.com\/smgstudiomorettogroup\/\",\"https:\/\/it.linkedin.com\/company\/studio-moretto-group-srl\"]}]}<\/script>\n<!-- \/ Yoast SEO plugin. -->","yoast_head_json":{"title":"Anlagen und ausr\u00fcstung f\u00fcr konferenzen, simultandolmetschsysteme - SMG Languages","description":"Die SMG Languages nimmt sich seit 2008 der Realisierung audiovisueller Systeme f\u00fcr Veranstaltungen an und ist seither auf die Bereitstellung von Ausr\u00fcstung f\u00fcr das Simultandolmetschen, auch Konferenzsysteme, bzw. conference systems genannt, spezialisiert.","robots":{"index":"index","follow":"follow","max-snippet":"max-snippet:-1","max-image-preview":"max-image-preview:large","max-video-preview":"max-video-preview:-1"},"canonical":"https:\/\/www.smglanguages.com\/de\/professionelle-dolmetscher-mit-langjahriger-erfahrung\/attrezzature\/","og_locale":"de_DE","og_type":"article","og_title":"Anlagen und ausr\u00fcstung f\u00fcr konferenzen, simultandolmetschsysteme - SMG Languages","og_description":"Die SMG Languages nimmt sich seit 2008 der Realisierung audiovisueller Systeme f\u00fcr Veranstaltungen an und ist seither auf die Bereitstellung von Ausr\u00fcstung f\u00fcr das Simultandolmetschen, auch Konferenzsysteme, bzw. conference systems genannt, spezialisiert.","og_url":"https:\/\/www.smglanguages.com\/de\/professionelle-dolmetscher-mit-langjahriger-erfahrung\/attrezzature\/","og_site_name":"SMG Languages","article_publisher":"https:\/\/it-it.facebook.com\/smgstudiomorettogroup\/","article_modified_time":"2025-07-29T16:09:10+00:00","og_image":[{"width":882,"height":546,"url":"https:\/\/www.smglanguages.com\/wp-content\/uploads\/2022\/09\/Logo-SMG.png","type":"image\/png"}],"twitter_card":"summary_large_image","twitter_misc":{"Gesch\u00e4tzte Lesezeit":"11\u00a0Minuten"},"schema":{"@context":"https:\/\/schema.org","@graph":[{"@type":"WebPage","@id":"https:\/\/www.smglanguages.com\/de\/professionelle-dolmetscher-mit-langjahriger-erfahrung\/attrezzature\/","url":"https:\/\/www.smglanguages.com\/de\/professionelle-dolmetscher-mit-langjahriger-erfahrung\/attrezzature\/","name":"Anlagen und ausr\u00fcstung f\u00fcr konferenzen, simultandolmetschsysteme - SMG Languages","isPartOf":{"@id":"https:\/\/www.smglanguages.com\/de\/#website"},"datePublished":"2018-04-18T07:47:05+00:00","dateModified":"2025-07-29T16:09:10+00:00","description":"Die SMG Languages nimmt sich seit 2008 der Realisierung audiovisueller Systeme f\u00fcr Veranstaltungen an und ist seither auf die Bereitstellung von Ausr\u00fcstung f\u00fcr das Simultandolmetschen, auch Konferenzsysteme, bzw. conference systems genannt, spezialisiert.","breadcrumb":{"@id":"https:\/\/www.smglanguages.com\/de\/professionelle-dolmetscher-mit-langjahriger-erfahrung\/attrezzature\/#breadcrumb"},"inLanguage":"de","potentialAction":[{"@type":"ReadAction","target":["https:\/\/www.smglanguages.com\/de\/professionelle-dolmetscher-mit-langjahriger-erfahrung\/attrezzature\/"]}]},{"@type":"BreadcrumbList","@id":"https:\/\/www.smglanguages.com\/de\/professionelle-dolmetscher-mit-langjahriger-erfahrung\/attrezzature\/#breadcrumb","itemListElement":[{"@type":"ListItem","position":1,"name":"Home","item":"https:\/\/www.smglanguages.com\/de\/"},{"@type":"ListItem","position":2,"name":"Professionelle Dolmetscher mit langj\u00e4hriger Erfahrung","item":"https:\/\/www.smglanguages.com\/de\/professionelle-dolmetscher-mit-langjahriger-erfahrung\/?lang=de"},{"@type":"ListItem","position":3,"name":"Simultanausstattung"}]},{"@type":"WebSite","@id":"https:\/\/www.smglanguages.com\/de\/#website","url":"https:\/\/www.smglanguages.com\/de\/","name":"SMG Languages","description":"","publisher":{"@id":"https:\/\/www.smglanguages.com\/de\/#organization"},"alternateName":"Studio Moretto Group","potentialAction":[{"@type":"SearchAction","target":{"@type":"EntryPoint","urlTemplate":"https:\/\/www.smglanguages.com\/de\/?s={search_term_string}"},"query-input":{"@type":"PropertyValueSpecification","valueRequired":true,"valueName":"search_term_string"}}],"inLanguage":"de"},{"@type":"Organization","@id":"https:\/\/www.smglanguages.com\/de\/#organization","name":"Studio Moretto Group","alternateName":"SMG Languages","url":"https:\/\/www.smglanguages.com\/de\/","logo":{"@type":"ImageObject","inLanguage":"de","@id":"https:\/\/www.smglanguages.com\/de\/#\/schema\/logo\/image\/","url":"https:\/\/www.smglanguages.com\/wp-content\/uploads\/2022\/09\/Logo-SMG.png","contentUrl":"https:\/\/www.smglanguages.com\/wp-content\/uploads\/2022\/09\/Logo-SMG.png","width":882,"height":546,"caption":"Studio Moretto Group"},"image":{"@id":"https:\/\/www.smglanguages.com\/de\/#\/schema\/logo\/image\/"},"sameAs":["https:\/\/it-it.facebook.com\/smgstudiomorettogroup\/","https:\/\/it.linkedin.com\/company\/studio-moretto-group-srl"]}]}},"_links":{"self":[{"href":"https:\/\/www.smglanguages.com\/de\/wp-json\/wp\/v2\/pages\/45656","targetHints":{"allow":["GET"]}}],"collection":[{"href":"https:\/\/www.smglanguages.com\/de\/wp-json\/wp\/v2\/pages"}],"about":[{"href":"https:\/\/www.smglanguages.com\/de\/wp-json\/wp\/v2\/types\/page"}],"author":[{"embeddable":true,"href":"https:\/\/www.smglanguages.com\/de\/wp-json\/wp\/v2\/users\/2"}],"replies":[{"embeddable":true,"href":"https:\/\/www.smglanguages.com\/de\/wp-json\/wp\/v2\/comments?post=45656"}],"version-history":[{"count":0,"href":"https:\/\/www.smglanguages.com\/de\/wp-json\/wp\/v2\/pages\/45656\/revisions"}],"up":[{"embeddable":true,"href":"https:\/\/www.smglanguages.com\/de\/wp-json\/wp\/v2\/pages\/33291"}],"wp:attachment":[{"href":"https:\/\/www.smglanguages.com\/de\/wp-json\/wp\/v2\/media?parent=45656"}],"curies":[{"name":"wp","href":"https:\/\/api.w.org\/{rel}","templated":true}]}}