{"id":45689,"date":"2018-04-13T12:11:44","date_gmt":"2018-04-13T12:11:44","guid":{"rendered":"https:\/\/www.smglanguages.com\/editing\/servizi-di-grafica\/"},"modified":"2024-07-23T13:36:45","modified_gmt":"2024-07-23T13:36:45","slug":"servizi-di-grafica","status":"publish","type":"page","link":"https:\/\/www.smglanguages.com\/de\/editing\/servizi-di-grafica\/","title":{"rendered":"Grafische Dienstleistungen"},"content":{"rendered":"","protected":false},"excerpt":{"rendered":"","protected":false},"author":2,"featured_media":0,"parent":33025,"menu_order":0,"comment_status":"closed","ping_status":"closed","template":"templates\/flexible-content.php","meta":{"_acf_changed":false,"footnotes":""},"class_list":["post-45689","page","type-page","status-publish","hentry"],"acf":[],"yoast_head":"<!-- This site is optimized with the Yoast SEO plugin v27.2 - https:\/\/yoast.com\/product\/yoast-seo-wordpress\/ -->\n<title>Grafische Dienstleistungen f\u00fcr ausl\u00e4ndische M\u00e4rkte - SMG Languages<\/title>\n<meta name=\"description\" content=\"Illustrationen und Bilder f\u00fcr ausl\u00e4ndische M\u00e4rkte zu produzieren, hei\u00dft Emotionen bei Kommunikationspartnern hervorzurufen, die nach ganz anderen Paradigmen und mentalen Prozesse tr\u00e4umen und denken als wir selbst, manchmal sogar diametral entgegengesetzt.\" \/>\n<meta name=\"robots\" content=\"index, follow, max-snippet:-1, max-image-preview:large, max-video-preview:-1\" \/>\n<link rel=\"canonical\" href=\"https:\/\/www.smglanguages.com\/de\/editing\/servizi-di-grafica\/\" \/>\n<meta property=\"og:locale\" content=\"de_DE\" \/>\n<meta property=\"og:type\" content=\"article\" \/>\n<meta property=\"og:title\" content=\"Grafische Dienstleistungen f\u00fcr ausl\u00e4ndische M\u00e4rkte - SMG Languages\" \/>\n<meta property=\"og:description\" content=\"Illustrationen und Bilder f\u00fcr ausl\u00e4ndische M\u00e4rkte zu produzieren, hei\u00dft Emotionen bei Kommunikationspartnern hervorzurufen, die nach ganz anderen Paradigmen und mentalen Prozesse tr\u00e4umen und denken als wir selbst, manchmal sogar diametral entgegengesetzt.\" \/>\n<meta property=\"og:url\" content=\"https:\/\/www.smglanguages.com\/de\/editing\/servizi-di-grafica\/\" \/>\n<meta property=\"og:site_name\" content=\"SMG Languages\" \/>\n<meta property=\"article:publisher\" content=\"https:\/\/it-it.facebook.com\/smgstudiomorettogroup\/\" \/>\n<meta property=\"article:modified_time\" content=\"2024-07-23T13:36:45+00:00\" \/>\n<meta property=\"og:image\" content=\"https:\/\/www.smglanguages.com\/wp-content\/uploads\/2022\/09\/Logo-SMG.png\" \/>\n\t<meta property=\"og:image:width\" content=\"882\" \/>\n\t<meta property=\"og:image:height\" content=\"546\" \/>\n\t<meta property=\"og:image:type\" content=\"image\/png\" \/>\n<meta name=\"twitter:card\" content=\"summary_large_image\" \/>\n<script type=\"application\/ld+json\" class=\"yoast-schema-graph\">{\"@context\":\"https:\/\/schema.org\",\"@graph\":[{\"@type\":\"WebPage\",\"@id\":\"https:\/\/www.smglanguages.com\/de\/editing\/servizi-di-grafica\/\",\"url\":\"https:\/\/www.smglanguages.com\/de\/editing\/servizi-di-grafica\/\",\"name\":\"Grafische Dienstleistungen f\u00fcr ausl\u00e4ndische M\u00e4rkte - SMG Languages\",\"isPartOf\":{\"@id\":\"https:\/\/www.smglanguages.com\/de\/#website\"},\"datePublished\":\"2018-04-13T12:11:44+00:00\",\"dateModified\":\"2024-07-23T13:36:45+00:00\",\"description\":\"Illustrationen und Bilder f\u00fcr ausl\u00e4ndische M\u00e4rkte zu produzieren, hei\u00dft Emotionen bei Kommunikationspartnern hervorzurufen, die nach ganz anderen Paradigmen und mentalen Prozesse tr\u00e4umen und denken als wir selbst, manchmal sogar diametral entgegengesetzt.\",\"breadcrumb\":{\"@id\":\"https:\/\/www.smglanguages.com\/de\/editing\/servizi-di-grafica\/#breadcrumb\"},\"inLanguage\":\"de\",\"potentialAction\":[{\"@type\":\"ReadAction\",\"target\":[\"https:\/\/www.smglanguages.com\/de\/editing\/servizi-di-grafica\/\"]}]},{\"@type\":\"BreadcrumbList\",\"@id\":\"https:\/\/www.smglanguages.com\/de\/editing\/servizi-di-grafica\/#breadcrumb\",\"itemListElement\":[{\"@type\":\"ListItem\",\"position\":1,\"name\":\"Home\",\"item\":\"https:\/\/www.smglanguages.com\/de\/\"},{\"@type\":\"ListItem\",\"position\":2,\"name\":\"Publishing: Grafik\/Web\/Video\",\"item\":\"https:\/\/www.smglanguages.com\/de\/editing\/?lang=de\"},{\"@type\":\"ListItem\",\"position\":3,\"name\":\"Grafische Dienstleistungen\"}]},{\"@type\":\"WebSite\",\"@id\":\"https:\/\/www.smglanguages.com\/de\/#website\",\"url\":\"https:\/\/www.smglanguages.com\/de\/\",\"name\":\"SMG Languages\",\"description\":\"\",\"publisher\":{\"@id\":\"https:\/\/www.smglanguages.com\/de\/#organization\"},\"alternateName\":\"Studio Moretto Group\",\"potentialAction\":[{\"@type\":\"SearchAction\",\"target\":{\"@type\":\"EntryPoint\",\"urlTemplate\":\"https:\/\/www.smglanguages.com\/de\/?s={search_term_string}\"},\"query-input\":{\"@type\":\"PropertyValueSpecification\",\"valueRequired\":true,\"valueName\":\"search_term_string\"}}],\"inLanguage\":\"de\"},{\"@type\":\"Organization\",\"@id\":\"https:\/\/www.smglanguages.com\/de\/#organization\",\"name\":\"Studio Moretto Group\",\"alternateName\":\"SMG Languages\",\"url\":\"https:\/\/www.smglanguages.com\/de\/\",\"logo\":{\"@type\":\"ImageObject\",\"inLanguage\":\"de\",\"@id\":\"https:\/\/www.smglanguages.com\/de\/#\/schema\/logo\/image\/\",\"url\":\"https:\/\/www.smglanguages.com\/wp-content\/uploads\/2022\/09\/Logo-SMG.png\",\"contentUrl\":\"https:\/\/www.smglanguages.com\/wp-content\/uploads\/2022\/09\/Logo-SMG.png\",\"width\":882,\"height\":546,\"caption\":\"Studio Moretto Group\"},\"image\":{\"@id\":\"https:\/\/www.smglanguages.com\/de\/#\/schema\/logo\/image\/\"},\"sameAs\":[\"https:\/\/it-it.facebook.com\/smgstudiomorettogroup\/\",\"https:\/\/it.linkedin.com\/company\/studio-moretto-group-srl\"]}]}<\/script>\n<!-- \/ Yoast SEO plugin. -->","yoast_head_json":{"title":"Grafische Dienstleistungen f\u00fcr ausl\u00e4ndische M\u00e4rkte - SMG Languages","description":"Illustrationen und Bilder f\u00fcr ausl\u00e4ndische M\u00e4rkte zu produzieren, hei\u00dft Emotionen bei Kommunikationspartnern hervorzurufen, die nach ganz anderen Paradigmen und mentalen Prozesse tr\u00e4umen und denken als wir selbst, manchmal sogar diametral entgegengesetzt.","robots":{"index":"index","follow":"follow","max-snippet":"max-snippet:-1","max-image-preview":"max-image-preview:large","max-video-preview":"max-video-preview:-1"},"canonical":"https:\/\/www.smglanguages.com\/de\/editing\/servizi-di-grafica\/","og_locale":"de_DE","og_type":"article","og_title":"Grafische Dienstleistungen f\u00fcr ausl\u00e4ndische M\u00e4rkte - SMG Languages","og_description":"Illustrationen und Bilder f\u00fcr ausl\u00e4ndische M\u00e4rkte zu produzieren, hei\u00dft Emotionen bei Kommunikationspartnern hervorzurufen, die nach ganz anderen Paradigmen und mentalen Prozesse tr\u00e4umen und denken als wir selbst, manchmal sogar diametral entgegengesetzt.","og_url":"https:\/\/www.smglanguages.com\/de\/editing\/servizi-di-grafica\/","og_site_name":"SMG Languages","article_publisher":"https:\/\/it-it.facebook.com\/smgstudiomorettogroup\/","article_modified_time":"2024-07-23T13:36:45+00:00","og_image":[{"width":882,"height":546,"url":"https:\/\/www.smglanguages.com\/wp-content\/uploads\/2022\/09\/Logo-SMG.png","type":"image\/png"}],"twitter_card":"summary_large_image","schema":{"@context":"https:\/\/schema.org","@graph":[{"@type":"WebPage","@id":"https:\/\/www.smglanguages.com\/de\/editing\/servizi-di-grafica\/","url":"https:\/\/www.smglanguages.com\/de\/editing\/servizi-di-grafica\/","name":"Grafische Dienstleistungen f\u00fcr ausl\u00e4ndische M\u00e4rkte - SMG Languages","isPartOf":{"@id":"https:\/\/www.smglanguages.com\/de\/#website"},"datePublished":"2018-04-13T12:11:44+00:00","dateModified":"2024-07-23T13:36:45+00:00","description":"Illustrationen und Bilder f\u00fcr ausl\u00e4ndische M\u00e4rkte zu produzieren, hei\u00dft Emotionen bei Kommunikationspartnern hervorzurufen, die nach ganz anderen Paradigmen und mentalen Prozesse tr\u00e4umen und denken als wir selbst, manchmal sogar diametral entgegengesetzt.","breadcrumb":{"@id":"https:\/\/www.smglanguages.com\/de\/editing\/servizi-di-grafica\/#breadcrumb"},"inLanguage":"de","potentialAction":[{"@type":"ReadAction","target":["https:\/\/www.smglanguages.com\/de\/editing\/servizi-di-grafica\/"]}]},{"@type":"BreadcrumbList","@id":"https:\/\/www.smglanguages.com\/de\/editing\/servizi-di-grafica\/#breadcrumb","itemListElement":[{"@type":"ListItem","position":1,"name":"Home","item":"https:\/\/www.smglanguages.com\/de\/"},{"@type":"ListItem","position":2,"name":"Publishing: Grafik\/Web\/Video","item":"https:\/\/www.smglanguages.com\/de\/editing\/?lang=de"},{"@type":"ListItem","position":3,"name":"Grafische Dienstleistungen"}]},{"@type":"WebSite","@id":"https:\/\/www.smglanguages.com\/de\/#website","url":"https:\/\/www.smglanguages.com\/de\/","name":"SMG Languages","description":"","publisher":{"@id":"https:\/\/www.smglanguages.com\/de\/#organization"},"alternateName":"Studio Moretto Group","potentialAction":[{"@type":"SearchAction","target":{"@type":"EntryPoint","urlTemplate":"https:\/\/www.smglanguages.com\/de\/?s={search_term_string}"},"query-input":{"@type":"PropertyValueSpecification","valueRequired":true,"valueName":"search_term_string"}}],"inLanguage":"de"},{"@type":"Organization","@id":"https:\/\/www.smglanguages.com\/de\/#organization","name":"Studio Moretto Group","alternateName":"SMG Languages","url":"https:\/\/www.smglanguages.com\/de\/","logo":{"@type":"ImageObject","inLanguage":"de","@id":"https:\/\/www.smglanguages.com\/de\/#\/schema\/logo\/image\/","url":"https:\/\/www.smglanguages.com\/wp-content\/uploads\/2022\/09\/Logo-SMG.png","contentUrl":"https:\/\/www.smglanguages.com\/wp-content\/uploads\/2022\/09\/Logo-SMG.png","width":882,"height":546,"caption":"Studio Moretto Group"},"image":{"@id":"https:\/\/www.smglanguages.com\/de\/#\/schema\/logo\/image\/"},"sameAs":["https:\/\/it-it.facebook.com\/smgstudiomorettogroup\/","https:\/\/it.linkedin.com\/company\/studio-moretto-group-srl"]}]}},"_links":{"self":[{"href":"https:\/\/www.smglanguages.com\/de\/wp-json\/wp\/v2\/pages\/45689","targetHints":{"allow":["GET"]}}],"collection":[{"href":"https:\/\/www.smglanguages.com\/de\/wp-json\/wp\/v2\/pages"}],"about":[{"href":"https:\/\/www.smglanguages.com\/de\/wp-json\/wp\/v2\/types\/page"}],"author":[{"embeddable":true,"href":"https:\/\/www.smglanguages.com\/de\/wp-json\/wp\/v2\/users\/2"}],"replies":[{"embeddable":true,"href":"https:\/\/www.smglanguages.com\/de\/wp-json\/wp\/v2\/comments?post=45689"}],"version-history":[{"count":0,"href":"https:\/\/www.smglanguages.com\/de\/wp-json\/wp\/v2\/pages\/45689\/revisions"}],"up":[{"embeddable":true,"href":"https:\/\/www.smglanguages.com\/de\/wp-json\/wp\/v2\/pages\/33025"}],"wp:attachment":[{"href":"https:\/\/www.smglanguages.com\/de\/wp-json\/wp\/v2\/media?parent=45689"}],"curies":[{"name":"wp","href":"https:\/\/api.w.org\/{rel}","templated":true}]}}