{"id":51671,"date":"2019-08-17T10:32:04","date_gmt":"2019-08-17T10:32:04","guid":{"rendered":"https:\/\/www.smglanguages.com\/milano\/"},"modified":"2023-10-31T14:58:15","modified_gmt":"2023-10-31T14:58:15","slug":"milano","status":"publish","type":"page","link":"https:\/\/www.smglanguages.com\/de\/das-unternehmen\/kontakte-und-auslandsburos\/milano\/","title":{"rendered":"Studio Interpreti Milano"},"content":{"rendered":"","protected":false},"excerpt":{"rendered":"","protected":false},"author":2,"featured_media":0,"parent":360,"menu_order":0,"comment_status":"closed","ping_status":"closed","template":"templates\/flexible-content.php","meta":{"_acf_changed":false,"footnotes":""},"class_list":["post-51671","page","type-page","status-publish","hentry"],"acf":[],"yoast_head":"<!-- This site is optimized with the Yoast SEO plugin v27.2 - https:\/\/yoast.com\/product\/yoast-seo-wordpress\/ -->\n<title>Studio Interpreti Milano - SMG Languages<\/title>\n<meta name=\"description\" content=\"Die \u00dcbersetzungsagentur Studio Interpreti Milano Srlwurde1990 im Zentrum von Mailand gegr\u00fcndet und geh\u00f6rt zu den renommiertesten \u00dcbersetzungsb\u00fcros in Italien. W\u00e4hrend seiner langj\u00e4hrigen Erfahrung hat dieses Unternehmen au\u00dfergew\u00f6hnliche F\u00e4higkeiten bei der \u00dcbersetzung hochspezialisierter Texte, insbesondere in den Fachbereichen Recht, Finanzen und Mode, unter Beweis gestellt und sich zum Bezugspunkt f\u00fcr renommierte Kunden wie Armani, Allianz und Marcegaglia entwickelt.\" \/>\n<meta name=\"robots\" content=\"index, follow, max-snippet:-1, max-image-preview:large, max-video-preview:-1\" \/>\n<link rel=\"canonical\" href=\"https:\/\/www.smglanguages.com\/de\/das-unternehmen\/kontakte-und-auslandsburos\/milano\/\" \/>\n<meta property=\"og:locale\" content=\"de_DE\" \/>\n<meta property=\"og:type\" content=\"article\" \/>\n<meta property=\"og:title\" content=\"Studio Interpreti Milano - SMG Languages\" \/>\n<meta property=\"og:description\" content=\"Die \u00dcbersetzungsagentur Studio Interpreti Milano Srlwurde1990 im Zentrum von Mailand gegr\u00fcndet und geh\u00f6rt zu den renommiertesten \u00dcbersetzungsb\u00fcros in Italien. W\u00e4hrend seiner langj\u00e4hrigen Erfahrung hat dieses Unternehmen au\u00dfergew\u00f6hnliche F\u00e4higkeiten bei der \u00dcbersetzung hochspezialisierter Texte, insbesondere in den Fachbereichen Recht, Finanzen und Mode, unter Beweis gestellt und sich zum Bezugspunkt f\u00fcr renommierte Kunden wie Armani, Allianz und Marcegaglia entwickelt.\" \/>\n<meta property=\"og:url\" content=\"https:\/\/www.smglanguages.com\/de\/das-unternehmen\/kontakte-und-auslandsburos\/milano\/\" \/>\n<meta property=\"og:site_name\" content=\"SMG Languages\" \/>\n<meta property=\"article:publisher\" content=\"https:\/\/it-it.facebook.com\/smgstudiomorettogroup\/\" \/>\n<meta property=\"article:modified_time\" content=\"2023-10-31T14:58:15+00:00\" \/>\n<meta property=\"og:image\" content=\"https:\/\/www.smglanguages.com\/wp-content\/uploads\/2022\/09\/Logo-SMG.png\" \/>\n\t<meta property=\"og:image:width\" content=\"882\" \/>\n\t<meta property=\"og:image:height\" content=\"546\" \/>\n\t<meta property=\"og:image:type\" content=\"image\/png\" \/>\n<meta name=\"twitter:card\" content=\"summary_large_image\" \/>\n<script type=\"application\/ld+json\" class=\"yoast-schema-graph\">{\"@context\":\"https:\/\/schema.org\",\"@graph\":[{\"@type\":\"WebPage\",\"@id\":\"https:\/\/www.smglanguages.com\/de\/das-unternehmen\/kontakte-und-auslandsburos\/milano\/\",\"url\":\"https:\/\/www.smglanguages.com\/de\/das-unternehmen\/kontakte-und-auslandsburos\/milano\/\",\"name\":\"Studio Interpreti Milano - SMG Languages\",\"isPartOf\":{\"@id\":\"https:\/\/www.smglanguages.com\/de\/#website\"},\"datePublished\":\"2019-08-17T10:32:04+00:00\",\"dateModified\":\"2023-10-31T14:58:15+00:00\",\"description\":\"Die \u00dcbersetzungsagentur Studio Interpreti Milano Srlwurde1990 im Zentrum von Mailand gegr\u00fcndet und geh\u00f6rt zu den renommiertesten \u00dcbersetzungsb\u00fcros in Italien. W\u00e4hrend seiner langj\u00e4hrigen Erfahrung hat dieses Unternehmen au\u00dfergew\u00f6hnliche F\u00e4higkeiten bei der \u00dcbersetzung hochspezialisierter Texte, insbesondere in den Fachbereichen Recht, Finanzen und Mode, unter Beweis gestellt und sich zum Bezugspunkt f\u00fcr renommierte Kunden wie Armani, Allianz und Marcegaglia entwickelt.\",\"breadcrumb\":{\"@id\":\"https:\/\/www.smglanguages.com\/de\/das-unternehmen\/kontakte-und-auslandsburos\/milano\/#breadcrumb\"},\"inLanguage\":\"de\",\"potentialAction\":[{\"@type\":\"ReadAction\",\"target\":[\"https:\/\/www.smglanguages.com\/de\/das-unternehmen\/kontakte-und-auslandsburos\/milano\/\"]}]},{\"@type\":\"BreadcrumbList\",\"@id\":\"https:\/\/www.smglanguages.com\/de\/das-unternehmen\/kontakte-und-auslandsburos\/milano\/#breadcrumb\",\"itemListElement\":[{\"@type\":\"ListItem\",\"position\":1,\"name\":\"Home\",\"item\":\"https:\/\/www.smglanguages.com\/de\/\"},{\"@type\":\"ListItem\",\"position\":2,\"name\":\"Geschichte, Mission und Vision\",\"item\":\"https:\/\/www.smglanguages.com\/de\/das-unternehmen\/?lang=de\"},{\"@type\":\"ListItem\",\"position\":3,\"name\":\"Kontakte und Auslandsb\u00fcros\",\"item\":\"https:\/\/www.smglanguages.com\/de\/das-unternehmen\/kontakte-und-auslandsburos\/?lang=de\"},{\"@type\":\"ListItem\",\"position\":4,\"name\":\"Studio Interpreti Milano\"}]},{\"@type\":\"WebSite\",\"@id\":\"https:\/\/www.smglanguages.com\/de\/#website\",\"url\":\"https:\/\/www.smglanguages.com\/de\/\",\"name\":\"SMG Languages\",\"description\":\"\",\"publisher\":{\"@id\":\"https:\/\/www.smglanguages.com\/de\/#organization\"},\"alternateName\":\"Studio Moretto Group\",\"potentialAction\":[{\"@type\":\"SearchAction\",\"target\":{\"@type\":\"EntryPoint\",\"urlTemplate\":\"https:\/\/www.smglanguages.com\/de\/?s={search_term_string}\"},\"query-input\":{\"@type\":\"PropertyValueSpecification\",\"valueRequired\":true,\"valueName\":\"search_term_string\"}}],\"inLanguage\":\"de\"},{\"@type\":\"Organization\",\"@id\":\"https:\/\/www.smglanguages.com\/de\/#organization\",\"name\":\"Studio Moretto Group\",\"alternateName\":\"SMG Languages\",\"url\":\"https:\/\/www.smglanguages.com\/de\/\",\"logo\":{\"@type\":\"ImageObject\",\"inLanguage\":\"de\",\"@id\":\"https:\/\/www.smglanguages.com\/de\/#\/schema\/logo\/image\/\",\"url\":\"https:\/\/www.smglanguages.com\/wp-content\/uploads\/2022\/09\/Logo-SMG.png\",\"contentUrl\":\"https:\/\/www.smglanguages.com\/wp-content\/uploads\/2022\/09\/Logo-SMG.png\",\"width\":882,\"height\":546,\"caption\":\"Studio Moretto Group\"},\"image\":{\"@id\":\"https:\/\/www.smglanguages.com\/de\/#\/schema\/logo\/image\/\"},\"sameAs\":[\"https:\/\/it-it.facebook.com\/smgstudiomorettogroup\/\",\"https:\/\/it.linkedin.com\/company\/studio-moretto-group-srl\"]}]}<\/script>\n<!-- \/ Yoast SEO plugin. -->","yoast_head_json":{"title":"Studio Interpreti Milano - SMG Languages","description":"Die \u00dcbersetzungsagentur Studio Interpreti Milano Srlwurde1990 im Zentrum von Mailand gegr\u00fcndet und geh\u00f6rt zu den renommiertesten \u00dcbersetzungsb\u00fcros in Italien. W\u00e4hrend seiner langj\u00e4hrigen Erfahrung hat dieses Unternehmen au\u00dfergew\u00f6hnliche F\u00e4higkeiten bei der \u00dcbersetzung hochspezialisierter Texte, insbesondere in den Fachbereichen Recht, Finanzen und Mode, unter Beweis gestellt und sich zum Bezugspunkt f\u00fcr renommierte Kunden wie Armani, Allianz und Marcegaglia entwickelt.","robots":{"index":"index","follow":"follow","max-snippet":"max-snippet:-1","max-image-preview":"max-image-preview:large","max-video-preview":"max-video-preview:-1"},"canonical":"https:\/\/www.smglanguages.com\/de\/das-unternehmen\/kontakte-und-auslandsburos\/milano\/","og_locale":"de_DE","og_type":"article","og_title":"Studio Interpreti Milano - SMG Languages","og_description":"Die \u00dcbersetzungsagentur Studio Interpreti Milano Srlwurde1990 im Zentrum von Mailand gegr\u00fcndet und geh\u00f6rt zu den renommiertesten \u00dcbersetzungsb\u00fcros in Italien. W\u00e4hrend seiner langj\u00e4hrigen Erfahrung hat dieses Unternehmen au\u00dfergew\u00f6hnliche F\u00e4higkeiten bei der \u00dcbersetzung hochspezialisierter Texte, insbesondere in den Fachbereichen Recht, Finanzen und Mode, unter Beweis gestellt und sich zum Bezugspunkt f\u00fcr renommierte Kunden wie Armani, Allianz und Marcegaglia entwickelt.","og_url":"https:\/\/www.smglanguages.com\/de\/das-unternehmen\/kontakte-und-auslandsburos\/milano\/","og_site_name":"SMG Languages","article_publisher":"https:\/\/it-it.facebook.com\/smgstudiomorettogroup\/","article_modified_time":"2023-10-31T14:58:15+00:00","og_image":[{"width":882,"height":546,"url":"https:\/\/www.smglanguages.com\/wp-content\/uploads\/2022\/09\/Logo-SMG.png","type":"image\/png"}],"twitter_card":"summary_large_image","schema":{"@context":"https:\/\/schema.org","@graph":[{"@type":"WebPage","@id":"https:\/\/www.smglanguages.com\/de\/das-unternehmen\/kontakte-und-auslandsburos\/milano\/","url":"https:\/\/www.smglanguages.com\/de\/das-unternehmen\/kontakte-und-auslandsburos\/milano\/","name":"Studio Interpreti Milano - SMG Languages","isPartOf":{"@id":"https:\/\/www.smglanguages.com\/de\/#website"},"datePublished":"2019-08-17T10:32:04+00:00","dateModified":"2023-10-31T14:58:15+00:00","description":"Die \u00dcbersetzungsagentur Studio Interpreti Milano Srlwurde1990 im Zentrum von Mailand gegr\u00fcndet und geh\u00f6rt zu den renommiertesten \u00dcbersetzungsb\u00fcros in Italien. W\u00e4hrend seiner langj\u00e4hrigen Erfahrung hat dieses Unternehmen au\u00dfergew\u00f6hnliche F\u00e4higkeiten bei der \u00dcbersetzung hochspezialisierter Texte, insbesondere in den Fachbereichen Recht, Finanzen und Mode, unter Beweis gestellt und sich zum Bezugspunkt f\u00fcr renommierte Kunden wie Armani, Allianz und Marcegaglia entwickelt.","breadcrumb":{"@id":"https:\/\/www.smglanguages.com\/de\/das-unternehmen\/kontakte-und-auslandsburos\/milano\/#breadcrumb"},"inLanguage":"de","potentialAction":[{"@type":"ReadAction","target":["https:\/\/www.smglanguages.com\/de\/das-unternehmen\/kontakte-und-auslandsburos\/milano\/"]}]},{"@type":"BreadcrumbList","@id":"https:\/\/www.smglanguages.com\/de\/das-unternehmen\/kontakte-und-auslandsburos\/milano\/#breadcrumb","itemListElement":[{"@type":"ListItem","position":1,"name":"Home","item":"https:\/\/www.smglanguages.com\/de\/"},{"@type":"ListItem","position":2,"name":"Geschichte, Mission und Vision","item":"https:\/\/www.smglanguages.com\/de\/das-unternehmen\/?lang=de"},{"@type":"ListItem","position":3,"name":"Kontakte und Auslandsb\u00fcros","item":"https:\/\/www.smglanguages.com\/de\/das-unternehmen\/kontakte-und-auslandsburos\/?lang=de"},{"@type":"ListItem","position":4,"name":"Studio Interpreti Milano"}]},{"@type":"WebSite","@id":"https:\/\/www.smglanguages.com\/de\/#website","url":"https:\/\/www.smglanguages.com\/de\/","name":"SMG Languages","description":"","publisher":{"@id":"https:\/\/www.smglanguages.com\/de\/#organization"},"alternateName":"Studio Moretto Group","potentialAction":[{"@type":"SearchAction","target":{"@type":"EntryPoint","urlTemplate":"https:\/\/www.smglanguages.com\/de\/?s={search_term_string}"},"query-input":{"@type":"PropertyValueSpecification","valueRequired":true,"valueName":"search_term_string"}}],"inLanguage":"de"},{"@type":"Organization","@id":"https:\/\/www.smglanguages.com\/de\/#organization","name":"Studio Moretto Group","alternateName":"SMG Languages","url":"https:\/\/www.smglanguages.com\/de\/","logo":{"@type":"ImageObject","inLanguage":"de","@id":"https:\/\/www.smglanguages.com\/de\/#\/schema\/logo\/image\/","url":"https:\/\/www.smglanguages.com\/wp-content\/uploads\/2022\/09\/Logo-SMG.png","contentUrl":"https:\/\/www.smglanguages.com\/wp-content\/uploads\/2022\/09\/Logo-SMG.png","width":882,"height":546,"caption":"Studio Moretto Group"},"image":{"@id":"https:\/\/www.smglanguages.com\/de\/#\/schema\/logo\/image\/"},"sameAs":["https:\/\/it-it.facebook.com\/smgstudiomorettogroup\/","https:\/\/it.linkedin.com\/company\/studio-moretto-group-srl"]}]}},"_links":{"self":[{"href":"https:\/\/www.smglanguages.com\/de\/wp-json\/wp\/v2\/pages\/51671","targetHints":{"allow":["GET"]}}],"collection":[{"href":"https:\/\/www.smglanguages.com\/de\/wp-json\/wp\/v2\/pages"}],"about":[{"href":"https:\/\/www.smglanguages.com\/de\/wp-json\/wp\/v2\/types\/page"}],"author":[{"embeddable":true,"href":"https:\/\/www.smglanguages.com\/de\/wp-json\/wp\/v2\/users\/2"}],"replies":[{"embeddable":true,"href":"https:\/\/www.smglanguages.com\/de\/wp-json\/wp\/v2\/comments?post=51671"}],"version-history":[{"count":0,"href":"https:\/\/www.smglanguages.com\/de\/wp-json\/wp\/v2\/pages\/51671\/revisions"}],"up":[{"embeddable":true,"href":"https:\/\/www.smglanguages.com\/de\/wp-json\/wp\/v2\/pages\/360"}],"wp:attachment":[{"href":"https:\/\/www.smglanguages.com\/de\/wp-json\/wp\/v2\/media?parent=51671"}],"curies":[{"name":"wp","href":"https:\/\/api.w.org\/{rel}","templated":true}]}}