{"id":55245,"date":"2020-06-09T15:03:18","date_gmt":"2020-06-09T15:03:18","guid":{"rendered":"https:\/\/www.smglanguages.com\/?page_id=55245"},"modified":"2020-06-09T15:03:18","modified_gmt":"2020-06-09T15:03:18","slug":"kundenakquise-und-marketing-per-telefon","status":"publish","type":"page","link":"https:\/\/www.smglanguages.com\/de\/go-global\/kundenakquise-und-marketing-per-telefon\/","title":{"rendered":"Kundenakquise und Marketing per Telefon"},"content":{"rendered":"","protected":false},"excerpt":{"rendered":"","protected":false},"author":2,"featured_media":0,"parent":32973,"menu_order":0,"comment_status":"closed","ping_status":"closed","template":"templates\/flexible-content.php","meta":{"_acf_changed":false,"footnotes":""},"class_list":["post-55245","page","type-page","status-publish","hentry"],"acf":[],"yoast_head":"<!-- This site is optimized with the Yoast SEO plugin v27.2 - https:\/\/yoast.com\/product\/yoast-seo-wordpress\/ -->\n<title>Kundenakquise und Marketing per Telefon - SMG Languages<\/title>\n<meta name=\"description\" content=\"Eine Werbekampagne, die auf einer gut ausgekl\u00fcgelten Marketingstrategie basiert und in deren Rahmen die f\u00fcr das zu vermarktende Produkt angemessenen Verkaufskan\u00e4le genutzt werden, kann f\u00fcr einen erheblichen Anstieg der Verkaufszahlen und f\u00fcr neue Kundenkontakte sowohl in Form von telefonischen Verkaufsgespr\u00e4chen als auch Umfragen oder Follow-Ups, von entscheidender Bedeutung sein.\" \/>\n<meta name=\"robots\" content=\"index, follow, max-snippet:-1, max-image-preview:large, max-video-preview:-1\" \/>\n<link rel=\"canonical\" href=\"https:\/\/www.smglanguages.com\/de\/go-global\/kundenakquise-und-marketing-per-telefon\/\" \/>\n<meta property=\"og:locale\" content=\"de_DE\" \/>\n<meta property=\"og:type\" content=\"article\" \/>\n<meta property=\"og:title\" content=\"Kundenakquise und Marketing per Telefon - SMG Languages\" \/>\n<meta property=\"og:description\" content=\"Eine Werbekampagne, die auf einer gut ausgekl\u00fcgelten Marketingstrategie basiert und in deren Rahmen die f\u00fcr das zu vermarktende Produkt angemessenen Verkaufskan\u00e4le genutzt werden, kann f\u00fcr einen erheblichen Anstieg der Verkaufszahlen und f\u00fcr neue Kundenkontakte sowohl in Form von telefonischen Verkaufsgespr\u00e4chen als auch Umfragen oder Follow-Ups, von entscheidender Bedeutung sein.\" \/>\n<meta property=\"og:url\" content=\"https:\/\/www.smglanguages.com\/de\/go-global\/kundenakquise-und-marketing-per-telefon\/\" \/>\n<meta property=\"og:site_name\" content=\"SMG Languages\" \/>\n<meta property=\"article:publisher\" content=\"https:\/\/it-it.facebook.com\/smgstudiomorettogroup\/\" \/>\n<meta property=\"og:image\" content=\"https:\/\/www.smglanguages.com\/wp-content\/uploads\/2022\/09\/Logo-SMG.png\" \/>\n\t<meta property=\"og:image:width\" content=\"882\" \/>\n\t<meta property=\"og:image:height\" content=\"546\" \/>\n\t<meta property=\"og:image:type\" content=\"image\/png\" \/>\n<meta name=\"twitter:card\" content=\"summary_large_image\" \/>\n<script type=\"application\/ld+json\" class=\"yoast-schema-graph\">{\"@context\":\"https:\/\/schema.org\",\"@graph\":[{\"@type\":\"WebPage\",\"@id\":\"https:\/\/www.smglanguages.com\/de\/go-global\/kundenakquise-und-marketing-per-telefon\/\",\"url\":\"https:\/\/www.smglanguages.com\/de\/go-global\/kundenakquise-und-marketing-per-telefon\/\",\"name\":\"Kundenakquise und Marketing per Telefon - SMG Languages\",\"isPartOf\":{\"@id\":\"https:\/\/www.smglanguages.com\/de\/#website\"},\"datePublished\":\"2020-06-09T15:03:18+00:00\",\"description\":\"Eine Werbekampagne, die auf einer gut ausgekl\u00fcgelten Marketingstrategie basiert und in deren Rahmen die f\u00fcr das zu vermarktende Produkt angemessenen Verkaufskan\u00e4le genutzt werden, kann f\u00fcr einen erheblichen Anstieg der Verkaufszahlen und f\u00fcr neue Kundenkontakte sowohl in Form von telefonischen Verkaufsgespr\u00e4chen als auch Umfragen oder Follow-Ups, von entscheidender Bedeutung sein.\",\"breadcrumb\":{\"@id\":\"https:\/\/www.smglanguages.com\/de\/go-global\/kundenakquise-und-marketing-per-telefon\/#breadcrumb\"},\"inLanguage\":\"de\",\"potentialAction\":[{\"@type\":\"ReadAction\",\"target\":[\"https:\/\/www.smglanguages.com\/de\/go-global\/kundenakquise-und-marketing-per-telefon\/\"]}]},{\"@type\":\"BreadcrumbList\",\"@id\":\"https:\/\/www.smglanguages.com\/de\/go-global\/kundenakquise-und-marketing-per-telefon\/#breadcrumb\",\"itemListElement\":[{\"@type\":\"ListItem\",\"position\":1,\"name\":\"Home\",\"item\":\"https:\/\/www.smglanguages.com\/de\/\"},{\"@type\":\"ListItem\",\"position\":2,\"name\":\"Go Global!\",\"item\":\"https:\/\/www.smglanguages.com\/de\/go-global\/?lang=de\"},{\"@type\":\"ListItem\",\"position\":3,\"name\":\"Kundenakquise und Marketing per Telefon\"}]},{\"@type\":\"WebSite\",\"@id\":\"https:\/\/www.smglanguages.com\/de\/#website\",\"url\":\"https:\/\/www.smglanguages.com\/de\/\",\"name\":\"SMG Languages\",\"description\":\"\",\"publisher\":{\"@id\":\"https:\/\/www.smglanguages.com\/de\/#organization\"},\"alternateName\":\"Studio Moretto Group\",\"potentialAction\":[{\"@type\":\"SearchAction\",\"target\":{\"@type\":\"EntryPoint\",\"urlTemplate\":\"https:\/\/www.smglanguages.com\/de\/?s={search_term_string}\"},\"query-input\":{\"@type\":\"PropertyValueSpecification\",\"valueRequired\":true,\"valueName\":\"search_term_string\"}}],\"inLanguage\":\"de\"},{\"@type\":\"Organization\",\"@id\":\"https:\/\/www.smglanguages.com\/de\/#organization\",\"name\":\"Studio Moretto Group\",\"alternateName\":\"SMG Languages\",\"url\":\"https:\/\/www.smglanguages.com\/de\/\",\"logo\":{\"@type\":\"ImageObject\",\"inLanguage\":\"de\",\"@id\":\"https:\/\/www.smglanguages.com\/de\/#\/schema\/logo\/image\/\",\"url\":\"https:\/\/www.smglanguages.com\/wp-content\/uploads\/2022\/09\/Logo-SMG.png\",\"contentUrl\":\"https:\/\/www.smglanguages.com\/wp-content\/uploads\/2022\/09\/Logo-SMG.png\",\"width\":882,\"height\":546,\"caption\":\"Studio Moretto Group\"},\"image\":{\"@id\":\"https:\/\/www.smglanguages.com\/de\/#\/schema\/logo\/image\/\"},\"sameAs\":[\"https:\/\/it-it.facebook.com\/smgstudiomorettogroup\/\",\"https:\/\/it.linkedin.com\/company\/studio-moretto-group-srl\"]}]}<\/script>\n<!-- \/ Yoast SEO plugin. -->","yoast_head_json":{"title":"Kundenakquise und Marketing per Telefon - SMG Languages","description":"Eine Werbekampagne, die auf einer gut ausgekl\u00fcgelten Marketingstrategie basiert und in deren Rahmen die f\u00fcr das zu vermarktende Produkt angemessenen Verkaufskan\u00e4le genutzt werden, kann f\u00fcr einen erheblichen Anstieg der Verkaufszahlen und f\u00fcr neue Kundenkontakte sowohl in Form von telefonischen Verkaufsgespr\u00e4chen als auch Umfragen oder Follow-Ups, von entscheidender Bedeutung sein.","robots":{"index":"index","follow":"follow","max-snippet":"max-snippet:-1","max-image-preview":"max-image-preview:large","max-video-preview":"max-video-preview:-1"},"canonical":"https:\/\/www.smglanguages.com\/de\/go-global\/kundenakquise-und-marketing-per-telefon\/","og_locale":"de_DE","og_type":"article","og_title":"Kundenakquise und Marketing per Telefon - SMG Languages","og_description":"Eine Werbekampagne, die auf einer gut ausgekl\u00fcgelten Marketingstrategie basiert und in deren Rahmen die f\u00fcr das zu vermarktende Produkt angemessenen Verkaufskan\u00e4le genutzt werden, kann f\u00fcr einen erheblichen Anstieg der Verkaufszahlen und f\u00fcr neue Kundenkontakte sowohl in Form von telefonischen Verkaufsgespr\u00e4chen als auch Umfragen oder Follow-Ups, von entscheidender Bedeutung sein.","og_url":"https:\/\/www.smglanguages.com\/de\/go-global\/kundenakquise-und-marketing-per-telefon\/","og_site_name":"SMG Languages","article_publisher":"https:\/\/it-it.facebook.com\/smgstudiomorettogroup\/","og_image":[{"width":882,"height":546,"url":"https:\/\/www.smglanguages.com\/wp-content\/uploads\/2022\/09\/Logo-SMG.png","type":"image\/png"}],"twitter_card":"summary_large_image","schema":{"@context":"https:\/\/schema.org","@graph":[{"@type":"WebPage","@id":"https:\/\/www.smglanguages.com\/de\/go-global\/kundenakquise-und-marketing-per-telefon\/","url":"https:\/\/www.smglanguages.com\/de\/go-global\/kundenakquise-und-marketing-per-telefon\/","name":"Kundenakquise und Marketing per Telefon - SMG Languages","isPartOf":{"@id":"https:\/\/www.smglanguages.com\/de\/#website"},"datePublished":"2020-06-09T15:03:18+00:00","description":"Eine Werbekampagne, die auf einer gut ausgekl\u00fcgelten Marketingstrategie basiert und in deren Rahmen die f\u00fcr das zu vermarktende Produkt angemessenen Verkaufskan\u00e4le genutzt werden, kann f\u00fcr einen erheblichen Anstieg der Verkaufszahlen und f\u00fcr neue Kundenkontakte sowohl in Form von telefonischen Verkaufsgespr\u00e4chen als auch Umfragen oder Follow-Ups, von entscheidender Bedeutung sein.","breadcrumb":{"@id":"https:\/\/www.smglanguages.com\/de\/go-global\/kundenakquise-und-marketing-per-telefon\/#breadcrumb"},"inLanguage":"de","potentialAction":[{"@type":"ReadAction","target":["https:\/\/www.smglanguages.com\/de\/go-global\/kundenakquise-und-marketing-per-telefon\/"]}]},{"@type":"BreadcrumbList","@id":"https:\/\/www.smglanguages.com\/de\/go-global\/kundenakquise-und-marketing-per-telefon\/#breadcrumb","itemListElement":[{"@type":"ListItem","position":1,"name":"Home","item":"https:\/\/www.smglanguages.com\/de\/"},{"@type":"ListItem","position":2,"name":"Go Global!","item":"https:\/\/www.smglanguages.com\/de\/go-global\/?lang=de"},{"@type":"ListItem","position":3,"name":"Kundenakquise und Marketing per Telefon"}]},{"@type":"WebSite","@id":"https:\/\/www.smglanguages.com\/de\/#website","url":"https:\/\/www.smglanguages.com\/de\/","name":"SMG Languages","description":"","publisher":{"@id":"https:\/\/www.smglanguages.com\/de\/#organization"},"alternateName":"Studio Moretto Group","potentialAction":[{"@type":"SearchAction","target":{"@type":"EntryPoint","urlTemplate":"https:\/\/www.smglanguages.com\/de\/?s={search_term_string}"},"query-input":{"@type":"PropertyValueSpecification","valueRequired":true,"valueName":"search_term_string"}}],"inLanguage":"de"},{"@type":"Organization","@id":"https:\/\/www.smglanguages.com\/de\/#organization","name":"Studio Moretto Group","alternateName":"SMG Languages","url":"https:\/\/www.smglanguages.com\/de\/","logo":{"@type":"ImageObject","inLanguage":"de","@id":"https:\/\/www.smglanguages.com\/de\/#\/schema\/logo\/image\/","url":"https:\/\/www.smglanguages.com\/wp-content\/uploads\/2022\/09\/Logo-SMG.png","contentUrl":"https:\/\/www.smglanguages.com\/wp-content\/uploads\/2022\/09\/Logo-SMG.png","width":882,"height":546,"caption":"Studio Moretto Group"},"image":{"@id":"https:\/\/www.smglanguages.com\/de\/#\/schema\/logo\/image\/"},"sameAs":["https:\/\/it-it.facebook.com\/smgstudiomorettogroup\/","https:\/\/it.linkedin.com\/company\/studio-moretto-group-srl"]}]}},"_links":{"self":[{"href":"https:\/\/www.smglanguages.com\/de\/wp-json\/wp\/v2\/pages\/55245","targetHints":{"allow":["GET"]}}],"collection":[{"href":"https:\/\/www.smglanguages.com\/de\/wp-json\/wp\/v2\/pages"}],"about":[{"href":"https:\/\/www.smglanguages.com\/de\/wp-json\/wp\/v2\/types\/page"}],"author":[{"embeddable":true,"href":"https:\/\/www.smglanguages.com\/de\/wp-json\/wp\/v2\/users\/2"}],"replies":[{"embeddable":true,"href":"https:\/\/www.smglanguages.com\/de\/wp-json\/wp\/v2\/comments?post=55245"}],"version-history":[{"count":0,"href":"https:\/\/www.smglanguages.com\/de\/wp-json\/wp\/v2\/pages\/55245\/revisions"}],"up":[{"embeddable":true,"href":"https:\/\/www.smglanguages.com\/de\/wp-json\/wp\/v2\/pages\/32973"}],"wp:attachment":[{"href":"https:\/\/www.smglanguages.com\/de\/wp-json\/wp\/v2\/media?parent=55245"}],"curies":[{"name":"wp","href":"https:\/\/api.w.org\/{rel}","templated":true}]}}