{"id":30133,"date":"2018-04-12T11:21:16","date_gmt":"2018-04-12T11:21:16","guid":{"rendered":"https:\/\/www.smglanguages.com\/analisi-terminologica"},"modified":"2024-07-25T09:11:24","modified_gmt":"2024-07-25T09:11:24","slug":"analisis-terminologico","status":"publish","type":"page","link":"https:\/\/www.smglanguages.com\/es\/inteligencia-internacional\/analisis-terminologico\/","title":{"rendered":"An\u00e1lisis Terminol\u00f3gico"},"content":{"rendered":"","protected":false},"excerpt":{"rendered":"","protected":false},"author":2,"featured_media":0,"parent":31826,"menu_order":0,"comment_status":"closed","ping_status":"closed","template":"templates\/flexible-content.php","meta":{"_acf_changed":false,"footnotes":""},"class_list":["post-30133","page","type-page","status-publish","hentry"],"acf":[],"yoast_head":"<!-- This site is optimized with the Yoast SEO plugin v27.2 - https:\/\/yoast.com\/product\/yoast-seo-wordpress\/ -->\n<title>Ling\u00fc\u00edstica computacional y an\u00e1lisis terminol\u00f3gico - SMG Languages<\/title>\n<meta name=\"description\" content=\"Hemos desarrollado sistemas que son capaces de analizar grandes cantidades de informaci\u00f3n, como un corpus ling\u00fc\u00edstico o la misma Internet como tal. Todo esto nos permite identificar t\u00e9rminos e ideas que son de su inter\u00e9s.Somos capaces de identificar los t\u00e9rminos que son usados con m\u00e1s frecuencia para explicar un concepto en particular, as\u00ed como t\u00e9rminos inusuales y ocultos, como expresiones de la jerga o en clave (una herramienta particularmente \u00fatil en la interpretaci\u00f3n de comunicaciones interceptadas).\" \/>\n<meta name=\"robots\" content=\"index, follow, max-snippet:-1, max-image-preview:large, max-video-preview:-1\" \/>\n<link rel=\"canonical\" href=\"https:\/\/www.smglanguages.com\/es\/inteligencia-internacional\/analisis-terminologico\/\" \/>\n<meta property=\"og:locale\" content=\"es_ES\" \/>\n<meta property=\"og:type\" content=\"article\" \/>\n<meta property=\"og:title\" content=\"Ling\u00fc\u00edstica computacional y an\u00e1lisis terminol\u00f3gico - SMG Languages\" \/>\n<meta property=\"og:description\" content=\"Hemos desarrollado sistemas que son capaces de analizar grandes cantidades de informaci\u00f3n, como un corpus ling\u00fc\u00edstico o la misma Internet como tal. Todo esto nos permite identificar t\u00e9rminos e ideas que son de su inter\u00e9s.Somos capaces de identificar los t\u00e9rminos que son usados con m\u00e1s frecuencia para explicar un concepto en particular, as\u00ed como t\u00e9rminos inusuales y ocultos, como expresiones de la jerga o en clave (una herramienta particularmente \u00fatil en la interpretaci\u00f3n de comunicaciones interceptadas).\" \/>\n<meta property=\"og:url\" content=\"https:\/\/www.smglanguages.com\/es\/inteligencia-internacional\/analisis-terminologico\/\" \/>\n<meta property=\"og:site_name\" content=\"SMG Languages\" \/>\n<meta property=\"article:publisher\" content=\"https:\/\/it-it.facebook.com\/smgstudiomorettogroup\/\" \/>\n<meta property=\"article:modified_time\" content=\"2024-07-25T09:11:24+00:00\" \/>\n<meta property=\"og:image\" content=\"https:\/\/www.smglanguages.com\/wp-content\/uploads\/2022\/09\/Logo-SMG.png\" \/>\n\t<meta property=\"og:image:width\" content=\"882\" \/>\n\t<meta property=\"og:image:height\" content=\"546\" \/>\n\t<meta property=\"og:image:type\" content=\"image\/png\" \/>\n<meta name=\"twitter:card\" content=\"summary_large_image\" \/>\n<script type=\"application\/ld+json\" class=\"yoast-schema-graph\">{\"@context\":\"https:\/\/schema.org\",\"@graph\":[{\"@type\":\"WebPage\",\"@id\":\"https:\/\/www.smglanguages.com\/es\/inteligencia-internacional\/analisis-terminologico\/\",\"url\":\"https:\/\/www.smglanguages.com\/es\/inteligencia-internacional\/analisis-terminologico\/\",\"name\":\"Ling\u00fc\u00edstica computacional y an\u00e1lisis terminol\u00f3gico - SMG Languages\",\"isPartOf\":{\"@id\":\"https:\/\/www.smglanguages.com\/es\/#website\"},\"datePublished\":\"2018-04-12T11:21:16+00:00\",\"dateModified\":\"2024-07-25T09:11:24+00:00\",\"description\":\"Hemos desarrollado sistemas que son capaces de analizar grandes cantidades de informaci\u00f3n, como un corpus ling\u00fc\u00edstico o la misma Internet como tal. Todo esto nos permite identificar t\u00e9rminos e ideas que son de su inter\u00e9s.Somos capaces de identificar los t\u00e9rminos que son usados con m\u00e1s frecuencia para explicar un concepto en particular, as\u00ed como t\u00e9rminos inusuales y ocultos, como expresiones de la jerga o en clave (una herramienta particularmente \u00fatil en la interpretaci\u00f3n de comunicaciones interceptadas).\",\"breadcrumb\":{\"@id\":\"https:\/\/www.smglanguages.com\/es\/inteligencia-internacional\/analisis-terminologico\/#breadcrumb\"},\"inLanguage\":\"es\",\"potentialAction\":[{\"@type\":\"ReadAction\",\"target\":[\"https:\/\/www.smglanguages.com\/es\/inteligencia-internacional\/analisis-terminologico\/\"]}]},{\"@type\":\"BreadcrumbList\",\"@id\":\"https:\/\/www.smglanguages.com\/es\/inteligencia-internacional\/analisis-terminologico\/#breadcrumb\",\"itemListElement\":[{\"@type\":\"ListItem\",\"position\":1,\"name\":\"Home\",\"item\":\"https:\/\/www.smglanguages.com\/es\/\"},{\"@type\":\"ListItem\",\"position\":2,\"name\":\"Inteligencia ling\u00fc\u00edstica\",\"item\":\"https:\/\/www.smglanguages.com\/es\/inteligencia-internacional\/?lang=es\"},{\"@type\":\"ListItem\",\"position\":3,\"name\":\"An\u00e1lisis Terminol\u00f3gico\"}]},{\"@type\":\"WebSite\",\"@id\":\"https:\/\/www.smglanguages.com\/es\/#website\",\"url\":\"https:\/\/www.smglanguages.com\/es\/\",\"name\":\"SMG Languages\",\"description\":\"\",\"publisher\":{\"@id\":\"https:\/\/www.smglanguages.com\/es\/#organization\"},\"alternateName\":\"Studio Moretto Group\",\"potentialAction\":[{\"@type\":\"SearchAction\",\"target\":{\"@type\":\"EntryPoint\",\"urlTemplate\":\"https:\/\/www.smglanguages.com\/es\/?s={search_term_string}\"},\"query-input\":{\"@type\":\"PropertyValueSpecification\",\"valueRequired\":true,\"valueName\":\"search_term_string\"}}],\"inLanguage\":\"es\"},{\"@type\":\"Organization\",\"@id\":\"https:\/\/www.smglanguages.com\/es\/#organization\",\"name\":\"Studio Moretto Group\",\"alternateName\":\"SMG Languages\",\"url\":\"https:\/\/www.smglanguages.com\/es\/\",\"logo\":{\"@type\":\"ImageObject\",\"inLanguage\":\"es\",\"@id\":\"https:\/\/www.smglanguages.com\/es\/#\/schema\/logo\/image\/\",\"url\":\"https:\/\/www.smglanguages.com\/wp-content\/uploads\/2022\/09\/Logo-SMG.png\",\"contentUrl\":\"https:\/\/www.smglanguages.com\/wp-content\/uploads\/2022\/09\/Logo-SMG.png\",\"width\":882,\"height\":546,\"caption\":\"Studio Moretto Group\"},\"image\":{\"@id\":\"https:\/\/www.smglanguages.com\/es\/#\/schema\/logo\/image\/\"},\"sameAs\":[\"https:\/\/it-it.facebook.com\/smgstudiomorettogroup\/\",\"https:\/\/it.linkedin.com\/company\/studio-moretto-group-srl\"]}]}<\/script>\n<!-- \/ Yoast SEO plugin. -->","yoast_head_json":{"title":"Ling\u00fc\u00edstica computacional y an\u00e1lisis terminol\u00f3gico - SMG Languages","description":"Hemos desarrollado sistemas que son capaces de analizar grandes cantidades de informaci\u00f3n, como un corpus ling\u00fc\u00edstico o la misma Internet como tal. Todo esto nos permite identificar t\u00e9rminos e ideas que son de su inter\u00e9s.Somos capaces de identificar los t\u00e9rminos que son usados con m\u00e1s frecuencia para explicar un concepto en particular, as\u00ed como t\u00e9rminos inusuales y ocultos, como expresiones de la jerga o en clave (una herramienta particularmente \u00fatil en la interpretaci\u00f3n de comunicaciones interceptadas).","robots":{"index":"index","follow":"follow","max-snippet":"max-snippet:-1","max-image-preview":"max-image-preview:large","max-video-preview":"max-video-preview:-1"},"canonical":"https:\/\/www.smglanguages.com\/es\/inteligencia-internacional\/analisis-terminologico\/","og_locale":"es_ES","og_type":"article","og_title":"Ling\u00fc\u00edstica computacional y an\u00e1lisis terminol\u00f3gico - SMG Languages","og_description":"Hemos desarrollado sistemas que son capaces de analizar grandes cantidades de informaci\u00f3n, como un corpus ling\u00fc\u00edstico o la misma Internet como tal. Todo esto nos permite identificar t\u00e9rminos e ideas que son de su inter\u00e9s.Somos capaces de identificar los t\u00e9rminos que son usados con m\u00e1s frecuencia para explicar un concepto en particular, as\u00ed como t\u00e9rminos inusuales y ocultos, como expresiones de la jerga o en clave (una herramienta particularmente \u00fatil en la interpretaci\u00f3n de comunicaciones interceptadas).","og_url":"https:\/\/www.smglanguages.com\/es\/inteligencia-internacional\/analisis-terminologico\/","og_site_name":"SMG Languages","article_publisher":"https:\/\/it-it.facebook.com\/smgstudiomorettogroup\/","article_modified_time":"2024-07-25T09:11:24+00:00","og_image":[{"width":882,"height":546,"url":"https:\/\/www.smglanguages.com\/wp-content\/uploads\/2022\/09\/Logo-SMG.png","type":"image\/png"}],"twitter_card":"summary_large_image","schema":{"@context":"https:\/\/schema.org","@graph":[{"@type":"WebPage","@id":"https:\/\/www.smglanguages.com\/es\/inteligencia-internacional\/analisis-terminologico\/","url":"https:\/\/www.smglanguages.com\/es\/inteligencia-internacional\/analisis-terminologico\/","name":"Ling\u00fc\u00edstica computacional y an\u00e1lisis terminol\u00f3gico - SMG Languages","isPartOf":{"@id":"https:\/\/www.smglanguages.com\/es\/#website"},"datePublished":"2018-04-12T11:21:16+00:00","dateModified":"2024-07-25T09:11:24+00:00","description":"Hemos desarrollado sistemas que son capaces de analizar grandes cantidades de informaci\u00f3n, como un corpus ling\u00fc\u00edstico o la misma Internet como tal. Todo esto nos permite identificar t\u00e9rminos e ideas que son de su inter\u00e9s.Somos capaces de identificar los t\u00e9rminos que son usados con m\u00e1s frecuencia para explicar un concepto en particular, as\u00ed como t\u00e9rminos inusuales y ocultos, como expresiones de la jerga o en clave (una herramienta particularmente \u00fatil en la interpretaci\u00f3n de comunicaciones interceptadas).","breadcrumb":{"@id":"https:\/\/www.smglanguages.com\/es\/inteligencia-internacional\/analisis-terminologico\/#breadcrumb"},"inLanguage":"es","potentialAction":[{"@type":"ReadAction","target":["https:\/\/www.smglanguages.com\/es\/inteligencia-internacional\/analisis-terminologico\/"]}]},{"@type":"BreadcrumbList","@id":"https:\/\/www.smglanguages.com\/es\/inteligencia-internacional\/analisis-terminologico\/#breadcrumb","itemListElement":[{"@type":"ListItem","position":1,"name":"Home","item":"https:\/\/www.smglanguages.com\/es\/"},{"@type":"ListItem","position":2,"name":"Inteligencia ling\u00fc\u00edstica","item":"https:\/\/www.smglanguages.com\/es\/inteligencia-internacional\/?lang=es"},{"@type":"ListItem","position":3,"name":"An\u00e1lisis Terminol\u00f3gico"}]},{"@type":"WebSite","@id":"https:\/\/www.smglanguages.com\/es\/#website","url":"https:\/\/www.smglanguages.com\/es\/","name":"SMG Languages","description":"","publisher":{"@id":"https:\/\/www.smglanguages.com\/es\/#organization"},"alternateName":"Studio Moretto Group","potentialAction":[{"@type":"SearchAction","target":{"@type":"EntryPoint","urlTemplate":"https:\/\/www.smglanguages.com\/es\/?s={search_term_string}"},"query-input":{"@type":"PropertyValueSpecification","valueRequired":true,"valueName":"search_term_string"}}],"inLanguage":"es"},{"@type":"Organization","@id":"https:\/\/www.smglanguages.com\/es\/#organization","name":"Studio Moretto Group","alternateName":"SMG Languages","url":"https:\/\/www.smglanguages.com\/es\/","logo":{"@type":"ImageObject","inLanguage":"es","@id":"https:\/\/www.smglanguages.com\/es\/#\/schema\/logo\/image\/","url":"https:\/\/www.smglanguages.com\/wp-content\/uploads\/2022\/09\/Logo-SMG.png","contentUrl":"https:\/\/www.smglanguages.com\/wp-content\/uploads\/2022\/09\/Logo-SMG.png","width":882,"height":546,"caption":"Studio Moretto Group"},"image":{"@id":"https:\/\/www.smglanguages.com\/es\/#\/schema\/logo\/image\/"},"sameAs":["https:\/\/it-it.facebook.com\/smgstudiomorettogroup\/","https:\/\/it.linkedin.com\/company\/studio-moretto-group-srl"]}]}},"_links":{"self":[{"href":"https:\/\/www.smglanguages.com\/es\/wp-json\/wp\/v2\/pages\/30133","targetHints":{"allow":["GET"]}}],"collection":[{"href":"https:\/\/www.smglanguages.com\/es\/wp-json\/wp\/v2\/pages"}],"about":[{"href":"https:\/\/www.smglanguages.com\/es\/wp-json\/wp\/v2\/types\/page"}],"author":[{"embeddable":true,"href":"https:\/\/www.smglanguages.com\/es\/wp-json\/wp\/v2\/users\/2"}],"replies":[{"embeddable":true,"href":"https:\/\/www.smglanguages.com\/es\/wp-json\/wp\/v2\/comments?post=30133"}],"version-history":[{"count":0,"href":"https:\/\/www.smglanguages.com\/es\/wp-json\/wp\/v2\/pages\/30133\/revisions"}],"up":[{"embeddable":true,"href":"https:\/\/www.smglanguages.com\/es\/wp-json\/wp\/v2\/pages\/31826"}],"wp:attachment":[{"href":"https:\/\/www.smglanguages.com\/es\/wp-json\/wp\/v2\/media?parent=30133"}],"curies":[{"name":"wp","href":"https:\/\/api.w.org\/{rel}","templated":true}]}}