{"id":31004,"date":"2018-04-12T11:33:09","date_gmt":"2018-04-12T11:33:09","guid":{"rendered":"https:\/\/www.smglanguages.com\/conferenze-nel-mondo"},"modified":"2026-03-23T22:22:44","modified_gmt":"2026-03-23T21:22:44","slug":"conferenze-nel-mondo","status":"publish","type":"page","link":"https:\/\/www.smglanguages.com\/es\/conferenze-nel-mondo\/","title":{"rendered":"Conferencias por todo el mundo"},"content":{"rendered":"","protected":false},"excerpt":{"rendered":"","protected":false},"author":2,"featured_media":0,"parent":0,"menu_order":0,"comment_status":"closed","ping_status":"closed","template":"templates\/flexible-content.php","meta":{"_acf_changed":false,"footnotes":""},"class_list":["post-31004","page","type-page","status-publish","hentry"],"acf":[],"yoast_head":"<!-- This site is optimized with the Yoast SEO plugin v27.2 - https:\/\/yoast.com\/product\/yoast-seo-wordpress\/ -->\n<title>Conferencias de ling\u00fc\u00edstica por todo el mundo - SMG Languages<\/title>\n<meta name=\"description\" content=\"Con el inestimable apoyo del\u00a0Centro de Investigaci\u00f3n Ling\u00fc\u00edstica, SMG Languages organiza conferencias sobre temas de ling\u00fc\u00edstica, de gesti\u00f3n de los procesos de traducci\u00f3n y de internacionalizaci\u00f3n\u00a0en colaboraci\u00f3n con prestigiosas universidades y especialistas del sector.\" \/>\n<meta name=\"robots\" content=\"index, follow, max-snippet:-1, max-image-preview:large, max-video-preview:-1\" \/>\n<link rel=\"canonical\" href=\"https:\/\/www.smglanguages.com\/es\/conferenze-nel-mondo\/\" \/>\n<meta property=\"og:locale\" content=\"es_ES\" \/>\n<meta property=\"og:type\" content=\"article\" \/>\n<meta property=\"og:title\" content=\"Conferencias de ling\u00fc\u00edstica por todo el mundo - SMG Languages\" \/>\n<meta property=\"og:description\" content=\"Con el inestimable apoyo del\u00a0Centro de Investigaci\u00f3n Ling\u00fc\u00edstica, SMG Languages organiza conferencias sobre temas de ling\u00fc\u00edstica, de gesti\u00f3n de los procesos de traducci\u00f3n y de internacionalizaci\u00f3n\u00a0en colaboraci\u00f3n con prestigiosas universidades y especialistas del sector.\" \/>\n<meta property=\"og:url\" content=\"https:\/\/www.smglanguages.com\/es\/conferenze-nel-mondo\/\" \/>\n<meta property=\"og:site_name\" content=\"SMG Languages\" \/>\n<meta property=\"article:publisher\" content=\"https:\/\/it-it.facebook.com\/smgstudiomorettogroup\/\" \/>\n<meta property=\"article:modified_time\" content=\"2026-03-23T21:22:44+00:00\" \/>\n<meta property=\"og:image\" content=\"https:\/\/www.smglanguages.com\/wp-content\/uploads\/2022\/09\/Logo-SMG.png\" \/>\n\t<meta property=\"og:image:width\" content=\"882\" \/>\n\t<meta property=\"og:image:height\" content=\"546\" \/>\n\t<meta property=\"og:image:type\" content=\"image\/png\" \/>\n<meta name=\"twitter:card\" content=\"summary_large_image\" \/>\n<meta name=\"twitter:label1\" content=\"Tiempo de lectura\" \/>\n\t<meta name=\"twitter:data1\" content=\"7 minutos\" \/>\n<script type=\"application\/ld+json\" class=\"yoast-schema-graph\">{\"@context\":\"https:\/\/schema.org\",\"@graph\":[{\"@type\":\"WebPage\",\"@id\":\"https:\/\/www.smglanguages.com\/es\/conferenze-nel-mondo\/\",\"url\":\"https:\/\/www.smglanguages.com\/es\/conferenze-nel-mondo\/\",\"name\":\"Conferencias de ling\u00fc\u00edstica por todo el mundo - SMG Languages\",\"isPartOf\":{\"@id\":\"https:\/\/www.smglanguages.com\/es\/#website\"},\"datePublished\":\"2018-04-12T11:33:09+00:00\",\"dateModified\":\"2026-03-23T21:22:44+00:00\",\"description\":\"Con el inestimable apoyo del\u00a0Centro de Investigaci\u00f3n Ling\u00fc\u00edstica, SMG Languages organiza conferencias sobre temas de ling\u00fc\u00edstica, de gesti\u00f3n de los procesos de traducci\u00f3n y de internacionalizaci\u00f3n\u00a0en colaboraci\u00f3n con prestigiosas universidades y especialistas del sector.\",\"breadcrumb\":{\"@id\":\"https:\/\/www.smglanguages.com\/es\/conferenze-nel-mondo\/#breadcrumb\"},\"inLanguage\":\"es\",\"potentialAction\":[{\"@type\":\"ReadAction\",\"target\":[\"https:\/\/www.smglanguages.com\/es\/conferenze-nel-mondo\/\"]}]},{\"@type\":\"BreadcrumbList\",\"@id\":\"https:\/\/www.smglanguages.com\/es\/conferenze-nel-mondo\/#breadcrumb\",\"itemListElement\":[{\"@type\":\"ListItem\",\"position\":1,\"name\":\"Home\",\"item\":\"https:\/\/www.smglanguages.com\/es\/\"},{\"@type\":\"ListItem\",\"position\":2,\"name\":\"Conferencias por todo el mundo\"}]},{\"@type\":\"WebSite\",\"@id\":\"https:\/\/www.smglanguages.com\/es\/#website\",\"url\":\"https:\/\/www.smglanguages.com\/es\/\",\"name\":\"SMG Languages\",\"description\":\"\",\"publisher\":{\"@id\":\"https:\/\/www.smglanguages.com\/es\/#organization\"},\"alternateName\":\"Studio Moretto Group\",\"potentialAction\":[{\"@type\":\"SearchAction\",\"target\":{\"@type\":\"EntryPoint\",\"urlTemplate\":\"https:\/\/www.smglanguages.com\/es\/?s={search_term_string}\"},\"query-input\":{\"@type\":\"PropertyValueSpecification\",\"valueRequired\":true,\"valueName\":\"search_term_string\"}}],\"inLanguage\":\"es\"},{\"@type\":\"Organization\",\"@id\":\"https:\/\/www.smglanguages.com\/es\/#organization\",\"name\":\"Studio Moretto Group\",\"alternateName\":\"SMG Languages\",\"url\":\"https:\/\/www.smglanguages.com\/es\/\",\"logo\":{\"@type\":\"ImageObject\",\"inLanguage\":\"es\",\"@id\":\"https:\/\/www.smglanguages.com\/es\/#\/schema\/logo\/image\/\",\"url\":\"https:\/\/www.smglanguages.com\/wp-content\/uploads\/2022\/09\/Logo-SMG.png\",\"contentUrl\":\"https:\/\/www.smglanguages.com\/wp-content\/uploads\/2022\/09\/Logo-SMG.png\",\"width\":882,\"height\":546,\"caption\":\"Studio Moretto Group\"},\"image\":{\"@id\":\"https:\/\/www.smglanguages.com\/es\/#\/schema\/logo\/image\/\"},\"sameAs\":[\"https:\/\/it-it.facebook.com\/smgstudiomorettogroup\/\",\"https:\/\/it.linkedin.com\/company\/studio-moretto-group-srl\"]}]}<\/script>\n<!-- \/ Yoast SEO plugin. -->","yoast_head_json":{"title":"Conferencias de ling\u00fc\u00edstica por todo el mundo - SMG Languages","description":"Con el inestimable apoyo del\u00a0Centro de Investigaci\u00f3n Ling\u00fc\u00edstica, SMG Languages organiza conferencias sobre temas de ling\u00fc\u00edstica, de gesti\u00f3n de los procesos de traducci\u00f3n y de internacionalizaci\u00f3n\u00a0en colaboraci\u00f3n con prestigiosas universidades y especialistas del sector.","robots":{"index":"index","follow":"follow","max-snippet":"max-snippet:-1","max-image-preview":"max-image-preview:large","max-video-preview":"max-video-preview:-1"},"canonical":"https:\/\/www.smglanguages.com\/es\/conferenze-nel-mondo\/","og_locale":"es_ES","og_type":"article","og_title":"Conferencias de ling\u00fc\u00edstica por todo el mundo - SMG Languages","og_description":"Con el inestimable apoyo del\u00a0Centro de Investigaci\u00f3n Ling\u00fc\u00edstica, SMG Languages organiza conferencias sobre temas de ling\u00fc\u00edstica, de gesti\u00f3n de los procesos de traducci\u00f3n y de internacionalizaci\u00f3n\u00a0en colaboraci\u00f3n con prestigiosas universidades y especialistas del sector.","og_url":"https:\/\/www.smglanguages.com\/es\/conferenze-nel-mondo\/","og_site_name":"SMG Languages","article_publisher":"https:\/\/it-it.facebook.com\/smgstudiomorettogroup\/","article_modified_time":"2026-03-23T21:22:44+00:00","og_image":[{"width":882,"height":546,"url":"https:\/\/www.smglanguages.com\/wp-content\/uploads\/2022\/09\/Logo-SMG.png","type":"image\/png"}],"twitter_card":"summary_large_image","twitter_misc":{"Tiempo de lectura":"7 minutos"},"schema":{"@context":"https:\/\/schema.org","@graph":[{"@type":"WebPage","@id":"https:\/\/www.smglanguages.com\/es\/conferenze-nel-mondo\/","url":"https:\/\/www.smglanguages.com\/es\/conferenze-nel-mondo\/","name":"Conferencias de ling\u00fc\u00edstica por todo el mundo - SMG Languages","isPartOf":{"@id":"https:\/\/www.smglanguages.com\/es\/#website"},"datePublished":"2018-04-12T11:33:09+00:00","dateModified":"2026-03-23T21:22:44+00:00","description":"Con el inestimable apoyo del\u00a0Centro de Investigaci\u00f3n Ling\u00fc\u00edstica, SMG Languages organiza conferencias sobre temas de ling\u00fc\u00edstica, de gesti\u00f3n de los procesos de traducci\u00f3n y de internacionalizaci\u00f3n\u00a0en colaboraci\u00f3n con prestigiosas universidades y especialistas del sector.","breadcrumb":{"@id":"https:\/\/www.smglanguages.com\/es\/conferenze-nel-mondo\/#breadcrumb"},"inLanguage":"es","potentialAction":[{"@type":"ReadAction","target":["https:\/\/www.smglanguages.com\/es\/conferenze-nel-mondo\/"]}]},{"@type":"BreadcrumbList","@id":"https:\/\/www.smglanguages.com\/es\/conferenze-nel-mondo\/#breadcrumb","itemListElement":[{"@type":"ListItem","position":1,"name":"Home","item":"https:\/\/www.smglanguages.com\/es\/"},{"@type":"ListItem","position":2,"name":"Conferencias por todo el mundo"}]},{"@type":"WebSite","@id":"https:\/\/www.smglanguages.com\/es\/#website","url":"https:\/\/www.smglanguages.com\/es\/","name":"SMG Languages","description":"","publisher":{"@id":"https:\/\/www.smglanguages.com\/es\/#organization"},"alternateName":"Studio Moretto Group","potentialAction":[{"@type":"SearchAction","target":{"@type":"EntryPoint","urlTemplate":"https:\/\/www.smglanguages.com\/es\/?s={search_term_string}"},"query-input":{"@type":"PropertyValueSpecification","valueRequired":true,"valueName":"search_term_string"}}],"inLanguage":"es"},{"@type":"Organization","@id":"https:\/\/www.smglanguages.com\/es\/#organization","name":"Studio Moretto Group","alternateName":"SMG Languages","url":"https:\/\/www.smglanguages.com\/es\/","logo":{"@type":"ImageObject","inLanguage":"es","@id":"https:\/\/www.smglanguages.com\/es\/#\/schema\/logo\/image\/","url":"https:\/\/www.smglanguages.com\/wp-content\/uploads\/2022\/09\/Logo-SMG.png","contentUrl":"https:\/\/www.smglanguages.com\/wp-content\/uploads\/2022\/09\/Logo-SMG.png","width":882,"height":546,"caption":"Studio Moretto Group"},"image":{"@id":"https:\/\/www.smglanguages.com\/es\/#\/schema\/logo\/image\/"},"sameAs":["https:\/\/it-it.facebook.com\/smgstudiomorettogroup\/","https:\/\/it.linkedin.com\/company\/studio-moretto-group-srl"]}]}},"_links":{"self":[{"href":"https:\/\/www.smglanguages.com\/es\/wp-json\/wp\/v2\/pages\/31004","targetHints":{"allow":["GET"]}}],"collection":[{"href":"https:\/\/www.smglanguages.com\/es\/wp-json\/wp\/v2\/pages"}],"about":[{"href":"https:\/\/www.smglanguages.com\/es\/wp-json\/wp\/v2\/types\/page"}],"author":[{"embeddable":true,"href":"https:\/\/www.smglanguages.com\/es\/wp-json\/wp\/v2\/users\/2"}],"replies":[{"embeddable":true,"href":"https:\/\/www.smglanguages.com\/es\/wp-json\/wp\/v2\/comments?post=31004"}],"version-history":[{"count":7,"href":"https:\/\/www.smglanguages.com\/es\/wp-json\/wp\/v2\/pages\/31004\/revisions"}],"predecessor-version":[{"id":154976,"href":"https:\/\/www.smglanguages.com\/es\/wp-json\/wp\/v2\/pages\/31004\/revisions\/154976"}],"wp:attachment":[{"href":"https:\/\/www.smglanguages.com\/es\/wp-json\/wp\/v2\/media?parent=31004"}],"curies":[{"name":"wp","href":"https:\/\/api.w.org\/{rel}","templated":true}]}}