{"id":45000,"date":"2018-04-04T11:10:46","date_gmt":"2018-04-04T11:10:46","guid":{"rendered":"https:\/\/www.smglanguages.com\/publicacion\/servizi-di-stampa\/"},"modified":"2025-06-13T10:00:52","modified_gmt":"2025-06-13T08:00:52","slug":"servizi-di-stampa","status":"publish","type":"page","link":"https:\/\/www.smglanguages.com\/es\/publicacion\/servizi-di-stampa\/","title":{"rendered":"Servicios de tipograf\u00eda"},"content":{"rendered":"","protected":false},"excerpt":{"rendered":"","protected":false},"author":2,"featured_media":0,"parent":33035,"menu_order":0,"comment_status":"closed","ping_status":"closed","template":"templates\/flexible-content.php","meta":{"_acf_changed":false,"footnotes":""},"class_list":["post-45000","page","type-page","status-publish","hentry"],"acf":[],"yoast_head":"<!-- This site is optimized with the Yoast SEO plugin v27.2 - https:\/\/yoast.com\/product\/yoast-seo-wordpress\/ -->\n<title>servicios tipogr\u00e1ficos y de impresi\u00f3n - SMG Languages<\/title>\n<meta name=\"description\" content=\"Gesti\u00f3n completa de los procesos de impresi\u00f3n directamente en el pa\u00eds al que se destina el material. Selecci\u00f3n por cuenta del cliente de tipograf\u00edas en el pa\u00eds al que se destina la impresi\u00f3n y traducci\u00f3n de la correspondencia entre ellos y el cliente.\" \/>\n<meta name=\"robots\" content=\"index, follow, max-snippet:-1, max-image-preview:large, max-video-preview:-1\" \/>\n<link rel=\"canonical\" href=\"https:\/\/www.smglanguages.com\/es\/publicacion\/servizi-di-stampa\/\" \/>\n<meta property=\"og:locale\" content=\"es_ES\" \/>\n<meta property=\"og:type\" content=\"article\" \/>\n<meta property=\"og:title\" content=\"servicios tipogr\u00e1ficos y de impresi\u00f3n - SMG Languages\" \/>\n<meta property=\"og:description\" content=\"Gesti\u00f3n completa de los procesos de impresi\u00f3n directamente en el pa\u00eds al que se destina el material. Selecci\u00f3n por cuenta del cliente de tipograf\u00edas en el pa\u00eds al que se destina la impresi\u00f3n y traducci\u00f3n de la correspondencia entre ellos y el cliente.\" \/>\n<meta property=\"og:url\" content=\"https:\/\/www.smglanguages.com\/es\/publicacion\/servizi-di-stampa\/\" \/>\n<meta property=\"og:site_name\" content=\"SMG Languages\" \/>\n<meta property=\"article:publisher\" content=\"https:\/\/it-it.facebook.com\/smgstudiomorettogroup\/\" \/>\n<meta property=\"article:modified_time\" content=\"2025-06-13T08:00:52+00:00\" \/>\n<meta property=\"og:image\" content=\"https:\/\/www.smglanguages.com\/wp-content\/uploads\/2022\/09\/Logo-SMG.png\" \/>\n\t<meta property=\"og:image:width\" content=\"882\" \/>\n\t<meta property=\"og:image:height\" content=\"546\" \/>\n\t<meta property=\"og:image:type\" content=\"image\/png\" \/>\n<meta name=\"twitter:card\" content=\"summary_large_image\" \/>\n<meta name=\"twitter:label1\" content=\"Tiempo de lectura\" \/>\n\t<meta name=\"twitter:data1\" content=\"4 minutos\" \/>\n<script type=\"application\/ld+json\" class=\"yoast-schema-graph\">{\"@context\":\"https:\/\/schema.org\",\"@graph\":[{\"@type\":\"WebPage\",\"@id\":\"https:\/\/www.smglanguages.com\/es\/publicacion\/servizi-di-stampa\/\",\"url\":\"https:\/\/www.smglanguages.com\/es\/publicacion\/servizi-di-stampa\/\",\"name\":\"servicios tipogr\u00e1ficos y de impresi\u00f3n - SMG Languages\",\"isPartOf\":{\"@id\":\"https:\/\/www.smglanguages.com\/es\/#website\"},\"datePublished\":\"2018-04-04T11:10:46+00:00\",\"dateModified\":\"2025-06-13T08:00:52+00:00\",\"description\":\"Gesti\u00f3n completa de los procesos de impresi\u00f3n directamente en el pa\u00eds al que se destina el material. Selecci\u00f3n por cuenta del cliente de tipograf\u00edas en el pa\u00eds al que se destina la impresi\u00f3n y traducci\u00f3n de la correspondencia entre ellos y el cliente.\",\"breadcrumb\":{\"@id\":\"https:\/\/www.smglanguages.com\/es\/publicacion\/servizi-di-stampa\/#breadcrumb\"},\"inLanguage\":\"es\",\"potentialAction\":[{\"@type\":\"ReadAction\",\"target\":[\"https:\/\/www.smglanguages.com\/es\/publicacion\/servizi-di-stampa\/\"]}]},{\"@type\":\"BreadcrumbList\",\"@id\":\"https:\/\/www.smglanguages.com\/es\/publicacion\/servizi-di-stampa\/#breadcrumb\",\"itemListElement\":[{\"@type\":\"ListItem\",\"position\":1,\"name\":\"Home\",\"item\":\"https:\/\/www.smglanguages.com\/es\/\"},{\"@type\":\"ListItem\",\"position\":2,\"name\":\"Publicaci\u00f3n: gr\u00e1fica\/web\/v\u00eddeo\",\"item\":\"https:\/\/www.smglanguages.com\/es\/publicacion\/?lang=es\"},{\"@type\":\"ListItem\",\"position\":3,\"name\":\"Servicios de tipograf\u00eda\"}]},{\"@type\":\"WebSite\",\"@id\":\"https:\/\/www.smglanguages.com\/es\/#website\",\"url\":\"https:\/\/www.smglanguages.com\/es\/\",\"name\":\"SMG Languages\",\"description\":\"\",\"publisher\":{\"@id\":\"https:\/\/www.smglanguages.com\/es\/#organization\"},\"alternateName\":\"Studio Moretto Group\",\"potentialAction\":[{\"@type\":\"SearchAction\",\"target\":{\"@type\":\"EntryPoint\",\"urlTemplate\":\"https:\/\/www.smglanguages.com\/es\/?s={search_term_string}\"},\"query-input\":{\"@type\":\"PropertyValueSpecification\",\"valueRequired\":true,\"valueName\":\"search_term_string\"}}],\"inLanguage\":\"es\"},{\"@type\":\"Organization\",\"@id\":\"https:\/\/www.smglanguages.com\/es\/#organization\",\"name\":\"Studio Moretto Group\",\"alternateName\":\"SMG Languages\",\"url\":\"https:\/\/www.smglanguages.com\/es\/\",\"logo\":{\"@type\":\"ImageObject\",\"inLanguage\":\"es\",\"@id\":\"https:\/\/www.smglanguages.com\/es\/#\/schema\/logo\/image\/\",\"url\":\"https:\/\/www.smglanguages.com\/wp-content\/uploads\/2022\/09\/Logo-SMG.png\",\"contentUrl\":\"https:\/\/www.smglanguages.com\/wp-content\/uploads\/2022\/09\/Logo-SMG.png\",\"width\":882,\"height\":546,\"caption\":\"Studio Moretto Group\"},\"image\":{\"@id\":\"https:\/\/www.smglanguages.com\/es\/#\/schema\/logo\/image\/\"},\"sameAs\":[\"https:\/\/it-it.facebook.com\/smgstudiomorettogroup\/\",\"https:\/\/it.linkedin.com\/company\/studio-moretto-group-srl\"]}]}<\/script>\n<!-- \/ Yoast SEO plugin. -->","yoast_head_json":{"title":"servicios tipogr\u00e1ficos y de impresi\u00f3n - SMG Languages","description":"Gesti\u00f3n completa de los procesos de impresi\u00f3n directamente en el pa\u00eds al que se destina el material. Selecci\u00f3n por cuenta del cliente de tipograf\u00edas en el pa\u00eds al que se destina la impresi\u00f3n y traducci\u00f3n de la correspondencia entre ellos y el cliente.","robots":{"index":"index","follow":"follow","max-snippet":"max-snippet:-1","max-image-preview":"max-image-preview:large","max-video-preview":"max-video-preview:-1"},"canonical":"https:\/\/www.smglanguages.com\/es\/publicacion\/servizi-di-stampa\/","og_locale":"es_ES","og_type":"article","og_title":"servicios tipogr\u00e1ficos y de impresi\u00f3n - SMG Languages","og_description":"Gesti\u00f3n completa de los procesos de impresi\u00f3n directamente en el pa\u00eds al que se destina el material. Selecci\u00f3n por cuenta del cliente de tipograf\u00edas en el pa\u00eds al que se destina la impresi\u00f3n y traducci\u00f3n de la correspondencia entre ellos y el cliente.","og_url":"https:\/\/www.smglanguages.com\/es\/publicacion\/servizi-di-stampa\/","og_site_name":"SMG Languages","article_publisher":"https:\/\/it-it.facebook.com\/smgstudiomorettogroup\/","article_modified_time":"2025-06-13T08:00:52+00:00","og_image":[{"width":882,"height":546,"url":"https:\/\/www.smglanguages.com\/wp-content\/uploads\/2022\/09\/Logo-SMG.png","type":"image\/png"}],"twitter_card":"summary_large_image","twitter_misc":{"Tiempo de lectura":"4 minutos"},"schema":{"@context":"https:\/\/schema.org","@graph":[{"@type":"WebPage","@id":"https:\/\/www.smglanguages.com\/es\/publicacion\/servizi-di-stampa\/","url":"https:\/\/www.smglanguages.com\/es\/publicacion\/servizi-di-stampa\/","name":"servicios tipogr\u00e1ficos y de impresi\u00f3n - SMG Languages","isPartOf":{"@id":"https:\/\/www.smglanguages.com\/es\/#website"},"datePublished":"2018-04-04T11:10:46+00:00","dateModified":"2025-06-13T08:00:52+00:00","description":"Gesti\u00f3n completa de los procesos de impresi\u00f3n directamente en el pa\u00eds al que se destina el material. Selecci\u00f3n por cuenta del cliente de tipograf\u00edas en el pa\u00eds al que se destina la impresi\u00f3n y traducci\u00f3n de la correspondencia entre ellos y el cliente.","breadcrumb":{"@id":"https:\/\/www.smglanguages.com\/es\/publicacion\/servizi-di-stampa\/#breadcrumb"},"inLanguage":"es","potentialAction":[{"@type":"ReadAction","target":["https:\/\/www.smglanguages.com\/es\/publicacion\/servizi-di-stampa\/"]}]},{"@type":"BreadcrumbList","@id":"https:\/\/www.smglanguages.com\/es\/publicacion\/servizi-di-stampa\/#breadcrumb","itemListElement":[{"@type":"ListItem","position":1,"name":"Home","item":"https:\/\/www.smglanguages.com\/es\/"},{"@type":"ListItem","position":2,"name":"Publicaci\u00f3n: gr\u00e1fica\/web\/v\u00eddeo","item":"https:\/\/www.smglanguages.com\/es\/publicacion\/?lang=es"},{"@type":"ListItem","position":3,"name":"Servicios de tipograf\u00eda"}]},{"@type":"WebSite","@id":"https:\/\/www.smglanguages.com\/es\/#website","url":"https:\/\/www.smglanguages.com\/es\/","name":"SMG Languages","description":"","publisher":{"@id":"https:\/\/www.smglanguages.com\/es\/#organization"},"alternateName":"Studio Moretto Group","potentialAction":[{"@type":"SearchAction","target":{"@type":"EntryPoint","urlTemplate":"https:\/\/www.smglanguages.com\/es\/?s={search_term_string}"},"query-input":{"@type":"PropertyValueSpecification","valueRequired":true,"valueName":"search_term_string"}}],"inLanguage":"es"},{"@type":"Organization","@id":"https:\/\/www.smglanguages.com\/es\/#organization","name":"Studio Moretto Group","alternateName":"SMG Languages","url":"https:\/\/www.smglanguages.com\/es\/","logo":{"@type":"ImageObject","inLanguage":"es","@id":"https:\/\/www.smglanguages.com\/es\/#\/schema\/logo\/image\/","url":"https:\/\/www.smglanguages.com\/wp-content\/uploads\/2022\/09\/Logo-SMG.png","contentUrl":"https:\/\/www.smglanguages.com\/wp-content\/uploads\/2022\/09\/Logo-SMG.png","width":882,"height":546,"caption":"Studio Moretto Group"},"image":{"@id":"https:\/\/www.smglanguages.com\/es\/#\/schema\/logo\/image\/"},"sameAs":["https:\/\/it-it.facebook.com\/smgstudiomorettogroup\/","https:\/\/it.linkedin.com\/company\/studio-moretto-group-srl"]}]}},"_links":{"self":[{"href":"https:\/\/www.smglanguages.com\/es\/wp-json\/wp\/v2\/pages\/45000","targetHints":{"allow":["GET"]}}],"collection":[{"href":"https:\/\/www.smglanguages.com\/es\/wp-json\/wp\/v2\/pages"}],"about":[{"href":"https:\/\/www.smglanguages.com\/es\/wp-json\/wp\/v2\/types\/page"}],"author":[{"embeddable":true,"href":"https:\/\/www.smglanguages.com\/es\/wp-json\/wp\/v2\/users\/2"}],"replies":[{"embeddable":true,"href":"https:\/\/www.smglanguages.com\/es\/wp-json\/wp\/v2\/comments?post=45000"}],"version-history":[{"count":0,"href":"https:\/\/www.smglanguages.com\/es\/wp-json\/wp\/v2\/pages\/45000\/revisions"}],"up":[{"embeddable":true,"href":"https:\/\/www.smglanguages.com\/es\/wp-json\/wp\/v2\/pages\/33035"}],"wp:attachment":[{"href":"https:\/\/www.smglanguages.com\/es\/wp-json\/wp\/v2\/media?parent=45000"}],"curies":[{"name":"wp","href":"https:\/\/api.w.org\/{rel}","templated":true}]}}