{"id":45373,"date":"2018-04-17T09:03:25","date_gmt":"2018-04-17T09:03:25","guid":{"rendered":"https:\/\/www.smglanguages.com\/servicios-de-traduccion-profesional\/traducciones-tecnicas\/macchine-utensili\/"},"modified":"2025-07-21T15:52:22","modified_gmt":"2025-07-21T13:52:22","slug":"macchine-utensili","status":"publish","type":"page","link":"https:\/\/www.smglanguages.com\/es\/servicios-de-traduccion-profesional\/traducciones-tecnicas\/macchine-utensili\/","title":{"rendered":"M\u00e1quinas de utensilios"},"content":{"rendered":"","protected":false},"excerpt":{"rendered":"","protected":false},"author":2,"featured_media":0,"parent":39576,"menu_order":0,"comment_status":"closed","ping_status":"closed","template":"templates\/flexible-content.php","meta":{"_acf_changed":false,"footnotes":""},"class_list":["post-45373","page","type-page","status-publish","hentry"],"acf":[],"yoast_head":"<!-- This site is optimized with the Yoast SEO plugin v27.2 - https:\/\/yoast.com\/product\/yoast-seo-wordpress\/ -->\n<title>M\u00e1quinas de utensilios - servicio de traducci\u00f3n - SMG Languages<\/title>\n<meta name=\"description\" content=\"Desde el 2001 brindamos traducciones profesionales multiling\u00fces para la documentaci\u00f3n de m\u00e1quinas de utensilios y maquinaria industrial.El resultado de nuestro trabajo hasta el d\u00eda de hoy es de m\u00e1s de 15.000.000 palabras traducidas para manuales t\u00e9cnicos, cat\u00e1logos, dise\u00f1os, AutoCAD, especificaciones t\u00e9cnicas, medidas disciplinarias de competencias, normativas internacionales, patentes, programas de software.\" \/>\n<meta name=\"robots\" content=\"index, follow, max-snippet:-1, max-image-preview:large, max-video-preview:-1\" \/>\n<link rel=\"canonical\" href=\"https:\/\/www.smglanguages.com\/es\/servicios-de-traduccion-profesional\/traducciones-tecnicas\/macchine-utensili\/\" \/>\n<meta property=\"og:locale\" content=\"es_ES\" \/>\n<meta property=\"og:type\" content=\"article\" \/>\n<meta property=\"og:title\" content=\"M\u00e1quinas de utensilios - servicio de traducci\u00f3n - SMG Languages\" \/>\n<meta property=\"og:description\" content=\"Desde el 2001 brindamos traducciones profesionales multiling\u00fces para la documentaci\u00f3n de m\u00e1quinas de utensilios y maquinaria industrial.El resultado de nuestro trabajo hasta el d\u00eda de hoy es de m\u00e1s de 15.000.000 palabras traducidas para manuales t\u00e9cnicos, cat\u00e1logos, dise\u00f1os, AutoCAD, especificaciones t\u00e9cnicas, medidas disciplinarias de competencias, normativas internacionales, patentes, programas de software.\" \/>\n<meta property=\"og:url\" content=\"https:\/\/www.smglanguages.com\/es\/servicios-de-traduccion-profesional\/traducciones-tecnicas\/macchine-utensili\/\" \/>\n<meta property=\"og:site_name\" content=\"SMG Languages\" \/>\n<meta property=\"article:publisher\" content=\"https:\/\/it-it.facebook.com\/smgstudiomorettogroup\/\" \/>\n<meta property=\"article:modified_time\" content=\"2025-07-21T13:52:22+00:00\" \/>\n<meta property=\"og:image\" content=\"https:\/\/www.smglanguages.com\/wp-content\/uploads\/2022\/09\/Logo-SMG.png\" \/>\n\t<meta property=\"og:image:width\" content=\"882\" \/>\n\t<meta property=\"og:image:height\" content=\"546\" \/>\n\t<meta property=\"og:image:type\" content=\"image\/png\" \/>\n<meta name=\"twitter:card\" content=\"summary_large_image\" \/>\n<meta name=\"twitter:label1\" content=\"Tiempo de lectura\" \/>\n\t<meta name=\"twitter:data1\" content=\"4 minutos\" \/>\n<script type=\"application\/ld+json\" class=\"yoast-schema-graph\">{\"@context\":\"https:\/\/schema.org\",\"@graph\":[{\"@type\":\"WebPage\",\"@id\":\"https:\/\/www.smglanguages.com\/es\/servicios-de-traduccion-profesional\/traducciones-tecnicas\/macchine-utensili\/\",\"url\":\"https:\/\/www.smglanguages.com\/es\/servicios-de-traduccion-profesional\/traducciones-tecnicas\/macchine-utensili\/\",\"name\":\"M\u00e1quinas de utensilios - servicio de traducci\u00f3n - SMG Languages\",\"isPartOf\":{\"@id\":\"https:\/\/www.smglanguages.com\/es\/#website\"},\"datePublished\":\"2018-04-17T09:03:25+00:00\",\"dateModified\":\"2025-07-21T13:52:22+00:00\",\"description\":\"Desde el 2001 brindamos traducciones profesionales multiling\u00fces para la documentaci\u00f3n de m\u00e1quinas de utensilios y maquinaria industrial.El resultado de nuestro trabajo hasta el d\u00eda de hoy es de m\u00e1s de 15.000.000 palabras traducidas para manuales t\u00e9cnicos, cat\u00e1logos, dise\u00f1os, AutoCAD, especificaciones t\u00e9cnicas, medidas disciplinarias de competencias, normativas internacionales, patentes, programas de software.\",\"breadcrumb\":{\"@id\":\"https:\/\/www.smglanguages.com\/es\/servicios-de-traduccion-profesional\/traducciones-tecnicas\/macchine-utensili\/#breadcrumb\"},\"inLanguage\":\"es\",\"potentialAction\":[{\"@type\":\"ReadAction\",\"target\":[\"https:\/\/www.smglanguages.com\/es\/servicios-de-traduccion-profesional\/traducciones-tecnicas\/macchine-utensili\/\"]}]},{\"@type\":\"BreadcrumbList\",\"@id\":\"https:\/\/www.smglanguages.com\/es\/servicios-de-traduccion-profesional\/traducciones-tecnicas\/macchine-utensili\/#breadcrumb\",\"itemListElement\":[{\"@type\":\"ListItem\",\"position\":1,\"name\":\"Home\",\"item\":\"https:\/\/www.smglanguages.com\/es\/\"},{\"@type\":\"ListItem\",\"position\":2,\"name\":\"Traducciones especializadas\",\"item\":\"https:\/\/www.smglanguages.com\/es\/servicios-de-traduccion-profesional\/?lang=es\"},{\"@type\":\"ListItem\",\"position\":3,\"name\":\"Traducciones t\u00e9cnicas\",\"item\":\"https:\/\/www.smglanguages.com\/es\/servicios-de-traduccion-profesional\/traducciones-tecnicas\/?lang=es\"},{\"@type\":\"ListItem\",\"position\":4,\"name\":\"M\u00e1quinas de utensilios\"}]},{\"@type\":\"WebSite\",\"@id\":\"https:\/\/www.smglanguages.com\/es\/#website\",\"url\":\"https:\/\/www.smglanguages.com\/es\/\",\"name\":\"SMG Languages\",\"description\":\"\",\"publisher\":{\"@id\":\"https:\/\/www.smglanguages.com\/es\/#organization\"},\"alternateName\":\"Studio Moretto Group\",\"potentialAction\":[{\"@type\":\"SearchAction\",\"target\":{\"@type\":\"EntryPoint\",\"urlTemplate\":\"https:\/\/www.smglanguages.com\/es\/?s={search_term_string}\"},\"query-input\":{\"@type\":\"PropertyValueSpecification\",\"valueRequired\":true,\"valueName\":\"search_term_string\"}}],\"inLanguage\":\"es\"},{\"@type\":\"Organization\",\"@id\":\"https:\/\/www.smglanguages.com\/es\/#organization\",\"name\":\"Studio Moretto Group\",\"alternateName\":\"SMG Languages\",\"url\":\"https:\/\/www.smglanguages.com\/es\/\",\"logo\":{\"@type\":\"ImageObject\",\"inLanguage\":\"es\",\"@id\":\"https:\/\/www.smglanguages.com\/es\/#\/schema\/logo\/image\/\",\"url\":\"https:\/\/www.smglanguages.com\/wp-content\/uploads\/2022\/09\/Logo-SMG.png\",\"contentUrl\":\"https:\/\/www.smglanguages.com\/wp-content\/uploads\/2022\/09\/Logo-SMG.png\",\"width\":882,\"height\":546,\"caption\":\"Studio Moretto Group\"},\"image\":{\"@id\":\"https:\/\/www.smglanguages.com\/es\/#\/schema\/logo\/image\/\"},\"sameAs\":[\"https:\/\/it-it.facebook.com\/smgstudiomorettogroup\/\",\"https:\/\/it.linkedin.com\/company\/studio-moretto-group-srl\"]}]}<\/script>\n<!-- \/ Yoast SEO plugin. -->","yoast_head_json":{"title":"M\u00e1quinas de utensilios - servicio de traducci\u00f3n - SMG Languages","description":"Desde el 2001 brindamos traducciones profesionales multiling\u00fces para la documentaci\u00f3n de m\u00e1quinas de utensilios y maquinaria industrial.El resultado de nuestro trabajo hasta el d\u00eda de hoy es de m\u00e1s de 15.000.000 palabras traducidas para manuales t\u00e9cnicos, cat\u00e1logos, dise\u00f1os, AutoCAD, especificaciones t\u00e9cnicas, medidas disciplinarias de competencias, normativas internacionales, patentes, programas de software.","robots":{"index":"index","follow":"follow","max-snippet":"max-snippet:-1","max-image-preview":"max-image-preview:large","max-video-preview":"max-video-preview:-1"},"canonical":"https:\/\/www.smglanguages.com\/es\/servicios-de-traduccion-profesional\/traducciones-tecnicas\/macchine-utensili\/","og_locale":"es_ES","og_type":"article","og_title":"M\u00e1quinas de utensilios - servicio de traducci\u00f3n - SMG Languages","og_description":"Desde el 2001 brindamos traducciones profesionales multiling\u00fces para la documentaci\u00f3n de m\u00e1quinas de utensilios y maquinaria industrial.El resultado de nuestro trabajo hasta el d\u00eda de hoy es de m\u00e1s de 15.000.000 palabras traducidas para manuales t\u00e9cnicos, cat\u00e1logos, dise\u00f1os, AutoCAD, especificaciones t\u00e9cnicas, medidas disciplinarias de competencias, normativas internacionales, patentes, programas de software.","og_url":"https:\/\/www.smglanguages.com\/es\/servicios-de-traduccion-profesional\/traducciones-tecnicas\/macchine-utensili\/","og_site_name":"SMG Languages","article_publisher":"https:\/\/it-it.facebook.com\/smgstudiomorettogroup\/","article_modified_time":"2025-07-21T13:52:22+00:00","og_image":[{"width":882,"height":546,"url":"https:\/\/www.smglanguages.com\/wp-content\/uploads\/2022\/09\/Logo-SMG.png","type":"image\/png"}],"twitter_card":"summary_large_image","twitter_misc":{"Tiempo de lectura":"4 minutos"},"schema":{"@context":"https:\/\/schema.org","@graph":[{"@type":"WebPage","@id":"https:\/\/www.smglanguages.com\/es\/servicios-de-traduccion-profesional\/traducciones-tecnicas\/macchine-utensili\/","url":"https:\/\/www.smglanguages.com\/es\/servicios-de-traduccion-profesional\/traducciones-tecnicas\/macchine-utensili\/","name":"M\u00e1quinas de utensilios - servicio de traducci\u00f3n - SMG Languages","isPartOf":{"@id":"https:\/\/www.smglanguages.com\/es\/#website"},"datePublished":"2018-04-17T09:03:25+00:00","dateModified":"2025-07-21T13:52:22+00:00","description":"Desde el 2001 brindamos traducciones profesionales multiling\u00fces para la documentaci\u00f3n de m\u00e1quinas de utensilios y maquinaria industrial.El resultado de nuestro trabajo hasta el d\u00eda de hoy es de m\u00e1s de 15.000.000 palabras traducidas para manuales t\u00e9cnicos, cat\u00e1logos, dise\u00f1os, AutoCAD, especificaciones t\u00e9cnicas, medidas disciplinarias de competencias, normativas internacionales, patentes, programas de software.","breadcrumb":{"@id":"https:\/\/www.smglanguages.com\/es\/servicios-de-traduccion-profesional\/traducciones-tecnicas\/macchine-utensili\/#breadcrumb"},"inLanguage":"es","potentialAction":[{"@type":"ReadAction","target":["https:\/\/www.smglanguages.com\/es\/servicios-de-traduccion-profesional\/traducciones-tecnicas\/macchine-utensili\/"]}]},{"@type":"BreadcrumbList","@id":"https:\/\/www.smglanguages.com\/es\/servicios-de-traduccion-profesional\/traducciones-tecnicas\/macchine-utensili\/#breadcrumb","itemListElement":[{"@type":"ListItem","position":1,"name":"Home","item":"https:\/\/www.smglanguages.com\/es\/"},{"@type":"ListItem","position":2,"name":"Traducciones especializadas","item":"https:\/\/www.smglanguages.com\/es\/servicios-de-traduccion-profesional\/?lang=es"},{"@type":"ListItem","position":3,"name":"Traducciones t\u00e9cnicas","item":"https:\/\/www.smglanguages.com\/es\/servicios-de-traduccion-profesional\/traducciones-tecnicas\/?lang=es"},{"@type":"ListItem","position":4,"name":"M\u00e1quinas de utensilios"}]},{"@type":"WebSite","@id":"https:\/\/www.smglanguages.com\/es\/#website","url":"https:\/\/www.smglanguages.com\/es\/","name":"SMG Languages","description":"","publisher":{"@id":"https:\/\/www.smglanguages.com\/es\/#organization"},"alternateName":"Studio Moretto Group","potentialAction":[{"@type":"SearchAction","target":{"@type":"EntryPoint","urlTemplate":"https:\/\/www.smglanguages.com\/es\/?s={search_term_string}"},"query-input":{"@type":"PropertyValueSpecification","valueRequired":true,"valueName":"search_term_string"}}],"inLanguage":"es"},{"@type":"Organization","@id":"https:\/\/www.smglanguages.com\/es\/#organization","name":"Studio Moretto Group","alternateName":"SMG Languages","url":"https:\/\/www.smglanguages.com\/es\/","logo":{"@type":"ImageObject","inLanguage":"es","@id":"https:\/\/www.smglanguages.com\/es\/#\/schema\/logo\/image\/","url":"https:\/\/www.smglanguages.com\/wp-content\/uploads\/2022\/09\/Logo-SMG.png","contentUrl":"https:\/\/www.smglanguages.com\/wp-content\/uploads\/2022\/09\/Logo-SMG.png","width":882,"height":546,"caption":"Studio Moretto Group"},"image":{"@id":"https:\/\/www.smglanguages.com\/es\/#\/schema\/logo\/image\/"},"sameAs":["https:\/\/it-it.facebook.com\/smgstudiomorettogroup\/","https:\/\/it.linkedin.com\/company\/studio-moretto-group-srl"]}]}},"_links":{"self":[{"href":"https:\/\/www.smglanguages.com\/es\/wp-json\/wp\/v2\/pages\/45373","targetHints":{"allow":["GET"]}}],"collection":[{"href":"https:\/\/www.smglanguages.com\/es\/wp-json\/wp\/v2\/pages"}],"about":[{"href":"https:\/\/www.smglanguages.com\/es\/wp-json\/wp\/v2\/types\/page"}],"author":[{"embeddable":true,"href":"https:\/\/www.smglanguages.com\/es\/wp-json\/wp\/v2\/users\/2"}],"replies":[{"embeddable":true,"href":"https:\/\/www.smglanguages.com\/es\/wp-json\/wp\/v2\/comments?post=45373"}],"version-history":[{"count":0,"href":"https:\/\/www.smglanguages.com\/es\/wp-json\/wp\/v2\/pages\/45373\/revisions"}],"up":[{"embeddable":true,"href":"https:\/\/www.smglanguages.com\/es\/wp-json\/wp\/v2\/pages\/39576"}],"wp:attachment":[{"href":"https:\/\/www.smglanguages.com\/es\/wp-json\/wp\/v2\/media?parent=45373"}],"curies":[{"name":"wp","href":"https:\/\/api.w.org\/{rel}","templated":true}]}}