{"id":51490,"date":"2019-09-17T12:06:57","date_gmt":"2019-09-17T12:06:57","guid":{"rendered":"https:\/\/www.smglanguages.com\/?page_id=51490"},"modified":"2023-10-31T14:58:59","modified_gmt":"2023-10-31T14:58:59","slug":"milano","status":"publish","type":"page","link":"https:\/\/www.smglanguages.com\/es\/la-empresa\/contactos-y-sedes-extranjeros\/milano\/","title":{"rendered":"Studio Interpreti Milano"},"content":{"rendered":"","protected":false},"excerpt":{"rendered":"","protected":false},"author":2,"featured_media":0,"parent":31035,"menu_order":0,"comment_status":"closed","ping_status":"closed","template":"templates\/flexible-content.php","meta":{"_acf_changed":false,"footnotes":""},"class_list":["post-51490","page","type-page","status-publish","hentry"],"acf":[],"yoast_head":"<!-- This site is optimized with the Yoast SEO plugin v27.2 - https:\/\/yoast.com\/product\/yoast-seo-wordpress\/ -->\n<title>Studio Interpreti Milano - SMG Languages<\/title>\n<meta name=\"description\" content=\"La agencia de traducci\u00f3n Studio Interpreti Milano Srl fue fundada en 1990 en el centro de Mil\u00e1n y es una de las agencias de traducci\u00f3n m\u00e1s prestigiosas de Italia. Durante sus a\u00f1os de experiencia, la empresa ha demostrado una extraordinaria maestr\u00eda en la traducci\u00f3n de textos altamente especializados, especialmente en los sectores legal, financiero y de la moda, lo que la ha convertido en una empresa de referencia para clientes tan prestigiosos como Armani, Allianz o Marcegaglia.\" \/>\n<meta name=\"robots\" content=\"index, follow, max-snippet:-1, max-image-preview:large, max-video-preview:-1\" \/>\n<link rel=\"canonical\" href=\"https:\/\/www.smglanguages.com\/es\/la-empresa\/contactos-y-sedes-extranjeros\/milano\/\" \/>\n<meta property=\"og:locale\" content=\"es_ES\" \/>\n<meta property=\"og:type\" content=\"article\" \/>\n<meta property=\"og:title\" content=\"Studio Interpreti Milano - SMG Languages\" \/>\n<meta property=\"og:description\" content=\"La agencia de traducci\u00f3n Studio Interpreti Milano Srl fue fundada en 1990 en el centro de Mil\u00e1n y es una de las agencias de traducci\u00f3n m\u00e1s prestigiosas de Italia. Durante sus a\u00f1os de experiencia, la empresa ha demostrado una extraordinaria maestr\u00eda en la traducci\u00f3n de textos altamente especializados, especialmente en los sectores legal, financiero y de la moda, lo que la ha convertido en una empresa de referencia para clientes tan prestigiosos como Armani, Allianz o Marcegaglia.\" \/>\n<meta property=\"og:url\" content=\"https:\/\/www.smglanguages.com\/es\/la-empresa\/contactos-y-sedes-extranjeros\/milano\/\" \/>\n<meta property=\"og:site_name\" content=\"SMG Languages\" \/>\n<meta property=\"article:publisher\" content=\"https:\/\/it-it.facebook.com\/smgstudiomorettogroup\/\" \/>\n<meta property=\"article:modified_time\" content=\"2023-10-31T14:58:59+00:00\" \/>\n<meta property=\"og:image\" content=\"https:\/\/www.smglanguages.com\/wp-content\/uploads\/2022\/09\/Logo-SMG.png\" \/>\n\t<meta property=\"og:image:width\" content=\"882\" \/>\n\t<meta property=\"og:image:height\" content=\"546\" \/>\n\t<meta property=\"og:image:type\" content=\"image\/png\" \/>\n<meta name=\"twitter:card\" content=\"summary_large_image\" \/>\n<script type=\"application\/ld+json\" class=\"yoast-schema-graph\">{\"@context\":\"https:\/\/schema.org\",\"@graph\":[{\"@type\":\"WebPage\",\"@id\":\"https:\/\/www.smglanguages.com\/es\/la-empresa\/contactos-y-sedes-extranjeros\/milano\/\",\"url\":\"https:\/\/www.smglanguages.com\/es\/la-empresa\/contactos-y-sedes-extranjeros\/milano\/\",\"name\":\"Studio Interpreti Milano - SMG Languages\",\"isPartOf\":{\"@id\":\"https:\/\/www.smglanguages.com\/es\/#website\"},\"datePublished\":\"2019-09-17T12:06:57+00:00\",\"dateModified\":\"2023-10-31T14:58:59+00:00\",\"description\":\"La agencia de traducci\u00f3n Studio Interpreti Milano Srl fue fundada en 1990 en el centro de Mil\u00e1n y es una de las agencias de traducci\u00f3n m\u00e1s prestigiosas de Italia. Durante sus a\u00f1os de experiencia, la empresa ha demostrado una extraordinaria maestr\u00eda en la traducci\u00f3n de textos altamente especializados, especialmente en los sectores legal, financiero y de la moda, lo que la ha convertido en una empresa de referencia para clientes tan prestigiosos como Armani, Allianz o Marcegaglia.\",\"breadcrumb\":{\"@id\":\"https:\/\/www.smglanguages.com\/es\/la-empresa\/contactos-y-sedes-extranjeros\/milano\/#breadcrumb\"},\"inLanguage\":\"es\",\"potentialAction\":[{\"@type\":\"ReadAction\",\"target\":[\"https:\/\/www.smglanguages.com\/es\/la-empresa\/contactos-y-sedes-extranjeros\/milano\/\"]}]},{\"@type\":\"BreadcrumbList\",\"@id\":\"https:\/\/www.smglanguages.com\/es\/la-empresa\/contactos-y-sedes-extranjeros\/milano\/#breadcrumb\",\"itemListElement\":[{\"@type\":\"ListItem\",\"position\":1,\"name\":\"Home\",\"item\":\"https:\/\/www.smglanguages.com\/es\/\"},{\"@type\":\"ListItem\",\"position\":2,\"name\":\"Historia, misi\u00f3n y visi\u00f3n\",\"item\":\"https:\/\/www.smglanguages.com\/es\/la-empresa\/?lang=es\"},{\"@type\":\"ListItem\",\"position\":3,\"name\":\"Contactos y sedes en el extranjero\",\"item\":\"https:\/\/www.smglanguages.com\/es\/la-empresa\/contactos-y-sedes-extranjeros\/?lang=es\"},{\"@type\":\"ListItem\",\"position\":4,\"name\":\"Studio Interpreti Milano\"}]},{\"@type\":\"WebSite\",\"@id\":\"https:\/\/www.smglanguages.com\/es\/#website\",\"url\":\"https:\/\/www.smglanguages.com\/es\/\",\"name\":\"SMG Languages\",\"description\":\"\",\"publisher\":{\"@id\":\"https:\/\/www.smglanguages.com\/es\/#organization\"},\"alternateName\":\"Studio Moretto Group\",\"potentialAction\":[{\"@type\":\"SearchAction\",\"target\":{\"@type\":\"EntryPoint\",\"urlTemplate\":\"https:\/\/www.smglanguages.com\/es\/?s={search_term_string}\"},\"query-input\":{\"@type\":\"PropertyValueSpecification\",\"valueRequired\":true,\"valueName\":\"search_term_string\"}}],\"inLanguage\":\"es\"},{\"@type\":\"Organization\",\"@id\":\"https:\/\/www.smglanguages.com\/es\/#organization\",\"name\":\"Studio Moretto Group\",\"alternateName\":\"SMG Languages\",\"url\":\"https:\/\/www.smglanguages.com\/es\/\",\"logo\":{\"@type\":\"ImageObject\",\"inLanguage\":\"es\",\"@id\":\"https:\/\/www.smglanguages.com\/es\/#\/schema\/logo\/image\/\",\"url\":\"https:\/\/www.smglanguages.com\/wp-content\/uploads\/2022\/09\/Logo-SMG.png\",\"contentUrl\":\"https:\/\/www.smglanguages.com\/wp-content\/uploads\/2022\/09\/Logo-SMG.png\",\"width\":882,\"height\":546,\"caption\":\"Studio Moretto Group\"},\"image\":{\"@id\":\"https:\/\/www.smglanguages.com\/es\/#\/schema\/logo\/image\/\"},\"sameAs\":[\"https:\/\/it-it.facebook.com\/smgstudiomorettogroup\/\",\"https:\/\/it.linkedin.com\/company\/studio-moretto-group-srl\"]}]}<\/script>\n<!-- \/ Yoast SEO plugin. -->","yoast_head_json":{"title":"Studio Interpreti Milano - SMG Languages","description":"La agencia de traducci\u00f3n Studio Interpreti Milano Srl fue fundada en 1990 en el centro de Mil\u00e1n y es una de las agencias de traducci\u00f3n m\u00e1s prestigiosas de Italia. Durante sus a\u00f1os de experiencia, la empresa ha demostrado una extraordinaria maestr\u00eda en la traducci\u00f3n de textos altamente especializados, especialmente en los sectores legal, financiero y de la moda, lo que la ha convertido en una empresa de referencia para clientes tan prestigiosos como Armani, Allianz o Marcegaglia.","robots":{"index":"index","follow":"follow","max-snippet":"max-snippet:-1","max-image-preview":"max-image-preview:large","max-video-preview":"max-video-preview:-1"},"canonical":"https:\/\/www.smglanguages.com\/es\/la-empresa\/contactos-y-sedes-extranjeros\/milano\/","og_locale":"es_ES","og_type":"article","og_title":"Studio Interpreti Milano - SMG Languages","og_description":"La agencia de traducci\u00f3n Studio Interpreti Milano Srl fue fundada en 1990 en el centro de Mil\u00e1n y es una de las agencias de traducci\u00f3n m\u00e1s prestigiosas de Italia. Durante sus a\u00f1os de experiencia, la empresa ha demostrado una extraordinaria maestr\u00eda en la traducci\u00f3n de textos altamente especializados, especialmente en los sectores legal, financiero y de la moda, lo que la ha convertido en una empresa de referencia para clientes tan prestigiosos como Armani, Allianz o Marcegaglia.","og_url":"https:\/\/www.smglanguages.com\/es\/la-empresa\/contactos-y-sedes-extranjeros\/milano\/","og_site_name":"SMG Languages","article_publisher":"https:\/\/it-it.facebook.com\/smgstudiomorettogroup\/","article_modified_time":"2023-10-31T14:58:59+00:00","og_image":[{"width":882,"height":546,"url":"https:\/\/www.smglanguages.com\/wp-content\/uploads\/2022\/09\/Logo-SMG.png","type":"image\/png"}],"twitter_card":"summary_large_image","schema":{"@context":"https:\/\/schema.org","@graph":[{"@type":"WebPage","@id":"https:\/\/www.smglanguages.com\/es\/la-empresa\/contactos-y-sedes-extranjeros\/milano\/","url":"https:\/\/www.smglanguages.com\/es\/la-empresa\/contactos-y-sedes-extranjeros\/milano\/","name":"Studio Interpreti Milano - SMG Languages","isPartOf":{"@id":"https:\/\/www.smglanguages.com\/es\/#website"},"datePublished":"2019-09-17T12:06:57+00:00","dateModified":"2023-10-31T14:58:59+00:00","description":"La agencia de traducci\u00f3n Studio Interpreti Milano Srl fue fundada en 1990 en el centro de Mil\u00e1n y es una de las agencias de traducci\u00f3n m\u00e1s prestigiosas de Italia. Durante sus a\u00f1os de experiencia, la empresa ha demostrado una extraordinaria maestr\u00eda en la traducci\u00f3n de textos altamente especializados, especialmente en los sectores legal, financiero y de la moda, lo que la ha convertido en una empresa de referencia para clientes tan prestigiosos como Armani, Allianz o Marcegaglia.","breadcrumb":{"@id":"https:\/\/www.smglanguages.com\/es\/la-empresa\/contactos-y-sedes-extranjeros\/milano\/#breadcrumb"},"inLanguage":"es","potentialAction":[{"@type":"ReadAction","target":["https:\/\/www.smglanguages.com\/es\/la-empresa\/contactos-y-sedes-extranjeros\/milano\/"]}]},{"@type":"BreadcrumbList","@id":"https:\/\/www.smglanguages.com\/es\/la-empresa\/contactos-y-sedes-extranjeros\/milano\/#breadcrumb","itemListElement":[{"@type":"ListItem","position":1,"name":"Home","item":"https:\/\/www.smglanguages.com\/es\/"},{"@type":"ListItem","position":2,"name":"Historia, misi\u00f3n y visi\u00f3n","item":"https:\/\/www.smglanguages.com\/es\/la-empresa\/?lang=es"},{"@type":"ListItem","position":3,"name":"Contactos y sedes en el extranjero","item":"https:\/\/www.smglanguages.com\/es\/la-empresa\/contactos-y-sedes-extranjeros\/?lang=es"},{"@type":"ListItem","position":4,"name":"Studio Interpreti Milano"}]},{"@type":"WebSite","@id":"https:\/\/www.smglanguages.com\/es\/#website","url":"https:\/\/www.smglanguages.com\/es\/","name":"SMG Languages","description":"","publisher":{"@id":"https:\/\/www.smglanguages.com\/es\/#organization"},"alternateName":"Studio Moretto Group","potentialAction":[{"@type":"SearchAction","target":{"@type":"EntryPoint","urlTemplate":"https:\/\/www.smglanguages.com\/es\/?s={search_term_string}"},"query-input":{"@type":"PropertyValueSpecification","valueRequired":true,"valueName":"search_term_string"}}],"inLanguage":"es"},{"@type":"Organization","@id":"https:\/\/www.smglanguages.com\/es\/#organization","name":"Studio Moretto Group","alternateName":"SMG Languages","url":"https:\/\/www.smglanguages.com\/es\/","logo":{"@type":"ImageObject","inLanguage":"es","@id":"https:\/\/www.smglanguages.com\/es\/#\/schema\/logo\/image\/","url":"https:\/\/www.smglanguages.com\/wp-content\/uploads\/2022\/09\/Logo-SMG.png","contentUrl":"https:\/\/www.smglanguages.com\/wp-content\/uploads\/2022\/09\/Logo-SMG.png","width":882,"height":546,"caption":"Studio Moretto Group"},"image":{"@id":"https:\/\/www.smglanguages.com\/es\/#\/schema\/logo\/image\/"},"sameAs":["https:\/\/it-it.facebook.com\/smgstudiomorettogroup\/","https:\/\/it.linkedin.com\/company\/studio-moretto-group-srl"]}]}},"_links":{"self":[{"href":"https:\/\/www.smglanguages.com\/es\/wp-json\/wp\/v2\/pages\/51490","targetHints":{"allow":["GET"]}}],"collection":[{"href":"https:\/\/www.smglanguages.com\/es\/wp-json\/wp\/v2\/pages"}],"about":[{"href":"https:\/\/www.smglanguages.com\/es\/wp-json\/wp\/v2\/types\/page"}],"author":[{"embeddable":true,"href":"https:\/\/www.smglanguages.com\/es\/wp-json\/wp\/v2\/users\/2"}],"replies":[{"embeddable":true,"href":"https:\/\/www.smglanguages.com\/es\/wp-json\/wp\/v2\/comments?post=51490"}],"version-history":[{"count":0,"href":"https:\/\/www.smglanguages.com\/es\/wp-json\/wp\/v2\/pages\/51490\/revisions"}],"up":[{"embeddable":true,"href":"https:\/\/www.smglanguages.com\/es\/wp-json\/wp\/v2\/pages\/31035"}],"wp:attachment":[{"href":"https:\/\/www.smglanguages.com\/es\/wp-json\/wp\/v2\/media?parent=51490"}],"curies":[{"name":"wp","href":"https:\/\/api.w.org\/{rel}","templated":true}]}}