{"id":24740,"date":"2018-04-12T08:44:06","date_gmt":"2018-04-12T08:44:06","guid":{"rendered":"https:\/\/www.smglanguages.com\/assurance-qualite\/riservatezza"},"modified":"2025-06-12T17:31:31","modified_gmt":"2025-06-12T15:31:31","slug":"confidentialite","status":"publish","type":"page","link":"https:\/\/www.smglanguages.com\/fr\/entreprise\/assurance-qualite\/confidentialite\/","title":{"rendered":"Confidentialit\u00e9"},"content":{"rendered":"","protected":false},"excerpt":{"rendered":"","protected":false},"author":2,"featured_media":0,"parent":24733,"menu_order":0,"comment_status":"closed","ping_status":"closed","template":"templates\/flexible-content.php","meta":{"_acf_changed":false,"footnotes":""},"class_list":["post-24740","page","type-page","status-publish","hentry"],"acf":[],"yoast_head":"<!-- This site is optimized with the Yoast SEO plugin v27.2 - https:\/\/yoast.com\/product\/yoast-seo-wordpress\/ -->\n<title>Services de traduction des informations classifi\u00e9es<\/title>\n<meta name=\"description\" content=\"Conscient de ses responsabilit\u00e9s dans la gestion des informations classifi\u00e9es,\u00a0SMG Languages\u00a0garantit la plus grande confidentialit\u00e9 dans la gestion de ses services linguistiques, de traduction et d&#039;interpr\u00e9tariat gr\u00e2ce \u00e0 son Syst\u00e8me interne de s\u00e9curit\u00e9.\" \/>\n<meta name=\"robots\" content=\"index, follow, max-snippet:-1, max-image-preview:large, max-video-preview:-1\" \/>\n<link rel=\"canonical\" href=\"https:\/\/www.smglanguages.com\/fr\/entreprise\/assurance-qualite\/confidentialite\/\" \/>\n<meta property=\"og:locale\" content=\"fr_FR\" \/>\n<meta property=\"og:type\" content=\"article\" \/>\n<meta property=\"og:title\" content=\"Services de traduction des informations classifi\u00e9es\" \/>\n<meta property=\"og:description\" content=\"Conscient de ses responsabilit\u00e9s dans la gestion des informations classifi\u00e9es,\u00a0SMG Languages\u00a0garantit la plus grande confidentialit\u00e9 dans la gestion de ses services linguistiques, de traduction et d&#039;interpr\u00e9tariat gr\u00e2ce \u00e0 son Syst\u00e8me interne de s\u00e9curit\u00e9.\" \/>\n<meta property=\"og:url\" content=\"https:\/\/www.smglanguages.com\/fr\/entreprise\/assurance-qualite\/confidentialite\/\" \/>\n<meta property=\"og:site_name\" content=\"SMG Languages\" \/>\n<meta property=\"article:publisher\" content=\"https:\/\/it-it.facebook.com\/smgstudiomorettogroup\/\" \/>\n<meta property=\"article:modified_time\" content=\"2025-06-12T15:31:31+00:00\" \/>\n<meta property=\"og:image\" content=\"https:\/\/www.smglanguages.com\/wp-content\/uploads\/2022\/09\/Logo-SMG.png\" \/>\n\t<meta property=\"og:image:width\" content=\"882\" \/>\n\t<meta property=\"og:image:height\" content=\"546\" \/>\n\t<meta property=\"og:image:type\" content=\"image\/png\" \/>\n<meta name=\"twitter:card\" content=\"summary_large_image\" \/>\n<meta name=\"twitter:label1\" content=\"Dur\u00e9e de lecture estim\u00e9e\" \/>\n\t<meta name=\"twitter:data1\" content=\"5 minutes\" \/>\n<script type=\"application\/ld+json\" class=\"yoast-schema-graph\">{\"@context\":\"https:\/\/schema.org\",\"@graph\":[{\"@type\":\"WebPage\",\"@id\":\"https:\/\/www.smglanguages.com\/fr\/entreprise\/assurance-qualite\/confidentialite\/\",\"url\":\"https:\/\/www.smglanguages.com\/fr\/entreprise\/assurance-qualite\/confidentialite\/\",\"name\":\"Services de traduction des informations classifi\u00e9es\",\"isPartOf\":{\"@id\":\"https:\/\/www.smglanguages.com\/fr\/#website\"},\"datePublished\":\"2018-04-12T08:44:06+00:00\",\"dateModified\":\"2025-06-12T15:31:31+00:00\",\"description\":\"Conscient de ses responsabilit\u00e9s dans la gestion des informations classifi\u00e9es,\u00a0SMG Languages\u00a0garantit la plus grande confidentialit\u00e9 dans la gestion de ses services linguistiques, de traduction et d'interpr\u00e9tariat gr\u00e2ce \u00e0 son Syst\u00e8me interne de s\u00e9curit\u00e9.\",\"breadcrumb\":{\"@id\":\"https:\/\/www.smglanguages.com\/fr\/entreprise\/assurance-qualite\/confidentialite\/#breadcrumb\"},\"inLanguage\":\"fr-FR\",\"potentialAction\":[{\"@type\":\"ReadAction\",\"target\":[\"https:\/\/www.smglanguages.com\/fr\/entreprise\/assurance-qualite\/confidentialite\/\"]}]},{\"@type\":\"BreadcrumbList\",\"@id\":\"https:\/\/www.smglanguages.com\/fr\/entreprise\/assurance-qualite\/confidentialite\/#breadcrumb\",\"itemListElement\":[{\"@type\":\"ListItem\",\"position\":1,\"name\":\"Home\",\"item\":\"https:\/\/www.smglanguages.com\/fr\/\"},{\"@type\":\"ListItem\",\"position\":2,\"name\":\"Histoire, mission et vision\",\"item\":\"https:\/\/www.smglanguages.com\/fr\/entreprise\/?lang=fr\"},{\"@type\":\"ListItem\",\"position\":3,\"name\":\"Qualit\u00e9 et responsabilit\u00e9\",\"item\":\"https:\/\/www.smglanguages.com\/fr\/entreprise\/assurance-qualite\/?lang=fr\"},{\"@type\":\"ListItem\",\"position\":4,\"name\":\"Confidentialit\u00e9\"}]},{\"@type\":\"WebSite\",\"@id\":\"https:\/\/www.smglanguages.com\/fr\/#website\",\"url\":\"https:\/\/www.smglanguages.com\/fr\/\",\"name\":\"SMG Languages\",\"description\":\"\",\"publisher\":{\"@id\":\"https:\/\/www.smglanguages.com\/fr\/#organization\"},\"alternateName\":\"Studio Moretto Group\",\"potentialAction\":[{\"@type\":\"SearchAction\",\"target\":{\"@type\":\"EntryPoint\",\"urlTemplate\":\"https:\/\/www.smglanguages.com\/fr\/?s={search_term_string}\"},\"query-input\":{\"@type\":\"PropertyValueSpecification\",\"valueRequired\":true,\"valueName\":\"search_term_string\"}}],\"inLanguage\":\"fr-FR\"},{\"@type\":\"Organization\",\"@id\":\"https:\/\/www.smglanguages.com\/fr\/#organization\",\"name\":\"Studio Moretto Group\",\"alternateName\":\"SMG Languages\",\"url\":\"https:\/\/www.smglanguages.com\/fr\/\",\"logo\":{\"@type\":\"ImageObject\",\"inLanguage\":\"fr-FR\",\"@id\":\"https:\/\/www.smglanguages.com\/fr\/#\/schema\/logo\/image\/\",\"url\":\"https:\/\/www.smglanguages.com\/wp-content\/uploads\/2022\/09\/Logo-SMG.png\",\"contentUrl\":\"https:\/\/www.smglanguages.com\/wp-content\/uploads\/2022\/09\/Logo-SMG.png\",\"width\":882,\"height\":546,\"caption\":\"Studio Moretto Group\"},\"image\":{\"@id\":\"https:\/\/www.smglanguages.com\/fr\/#\/schema\/logo\/image\/\"},\"sameAs\":[\"https:\/\/it-it.facebook.com\/smgstudiomorettogroup\/\",\"https:\/\/it.linkedin.com\/company\/studio-moretto-group-srl\"]}]}<\/script>\n<!-- \/ Yoast SEO plugin. -->","yoast_head_json":{"title":"Services de traduction des informations classifi\u00e9es","description":"Conscient de ses responsabilit\u00e9s dans la gestion des informations classifi\u00e9es,\u00a0SMG Languages\u00a0garantit la plus grande confidentialit\u00e9 dans la gestion de ses services linguistiques, de traduction et d'interpr\u00e9tariat gr\u00e2ce \u00e0 son Syst\u00e8me interne de s\u00e9curit\u00e9.","robots":{"index":"index","follow":"follow","max-snippet":"max-snippet:-1","max-image-preview":"max-image-preview:large","max-video-preview":"max-video-preview:-1"},"canonical":"https:\/\/www.smglanguages.com\/fr\/entreprise\/assurance-qualite\/confidentialite\/","og_locale":"fr_FR","og_type":"article","og_title":"Services de traduction des informations classifi\u00e9es","og_description":"Conscient de ses responsabilit\u00e9s dans la gestion des informations classifi\u00e9es,\u00a0SMG Languages\u00a0garantit la plus grande confidentialit\u00e9 dans la gestion de ses services linguistiques, de traduction et d'interpr\u00e9tariat gr\u00e2ce \u00e0 son Syst\u00e8me interne de s\u00e9curit\u00e9.","og_url":"https:\/\/www.smglanguages.com\/fr\/entreprise\/assurance-qualite\/confidentialite\/","og_site_name":"SMG Languages","article_publisher":"https:\/\/it-it.facebook.com\/smgstudiomorettogroup\/","article_modified_time":"2025-06-12T15:31:31+00:00","og_image":[{"width":882,"height":546,"url":"https:\/\/www.smglanguages.com\/wp-content\/uploads\/2022\/09\/Logo-SMG.png","type":"image\/png"}],"twitter_card":"summary_large_image","twitter_misc":{"Dur\u00e9e de lecture estim\u00e9e":"5 minutes"},"schema":{"@context":"https:\/\/schema.org","@graph":[{"@type":"WebPage","@id":"https:\/\/www.smglanguages.com\/fr\/entreprise\/assurance-qualite\/confidentialite\/","url":"https:\/\/www.smglanguages.com\/fr\/entreprise\/assurance-qualite\/confidentialite\/","name":"Services de traduction des informations classifi\u00e9es","isPartOf":{"@id":"https:\/\/www.smglanguages.com\/fr\/#website"},"datePublished":"2018-04-12T08:44:06+00:00","dateModified":"2025-06-12T15:31:31+00:00","description":"Conscient de ses responsabilit\u00e9s dans la gestion des informations classifi\u00e9es,\u00a0SMG Languages\u00a0garantit la plus grande confidentialit\u00e9 dans la gestion de ses services linguistiques, de traduction et d'interpr\u00e9tariat gr\u00e2ce \u00e0 son Syst\u00e8me interne de s\u00e9curit\u00e9.","breadcrumb":{"@id":"https:\/\/www.smglanguages.com\/fr\/entreprise\/assurance-qualite\/confidentialite\/#breadcrumb"},"inLanguage":"fr-FR","potentialAction":[{"@type":"ReadAction","target":["https:\/\/www.smglanguages.com\/fr\/entreprise\/assurance-qualite\/confidentialite\/"]}]},{"@type":"BreadcrumbList","@id":"https:\/\/www.smglanguages.com\/fr\/entreprise\/assurance-qualite\/confidentialite\/#breadcrumb","itemListElement":[{"@type":"ListItem","position":1,"name":"Home","item":"https:\/\/www.smglanguages.com\/fr\/"},{"@type":"ListItem","position":2,"name":"Histoire, mission et vision","item":"https:\/\/www.smglanguages.com\/fr\/entreprise\/?lang=fr"},{"@type":"ListItem","position":3,"name":"Qualit\u00e9 et responsabilit\u00e9","item":"https:\/\/www.smglanguages.com\/fr\/entreprise\/assurance-qualite\/?lang=fr"},{"@type":"ListItem","position":4,"name":"Confidentialit\u00e9"}]},{"@type":"WebSite","@id":"https:\/\/www.smglanguages.com\/fr\/#website","url":"https:\/\/www.smglanguages.com\/fr\/","name":"SMG Languages","description":"","publisher":{"@id":"https:\/\/www.smglanguages.com\/fr\/#organization"},"alternateName":"Studio Moretto Group","potentialAction":[{"@type":"SearchAction","target":{"@type":"EntryPoint","urlTemplate":"https:\/\/www.smglanguages.com\/fr\/?s={search_term_string}"},"query-input":{"@type":"PropertyValueSpecification","valueRequired":true,"valueName":"search_term_string"}}],"inLanguage":"fr-FR"},{"@type":"Organization","@id":"https:\/\/www.smglanguages.com\/fr\/#organization","name":"Studio Moretto Group","alternateName":"SMG Languages","url":"https:\/\/www.smglanguages.com\/fr\/","logo":{"@type":"ImageObject","inLanguage":"fr-FR","@id":"https:\/\/www.smglanguages.com\/fr\/#\/schema\/logo\/image\/","url":"https:\/\/www.smglanguages.com\/wp-content\/uploads\/2022\/09\/Logo-SMG.png","contentUrl":"https:\/\/www.smglanguages.com\/wp-content\/uploads\/2022\/09\/Logo-SMG.png","width":882,"height":546,"caption":"Studio Moretto Group"},"image":{"@id":"https:\/\/www.smglanguages.com\/fr\/#\/schema\/logo\/image\/"},"sameAs":["https:\/\/it-it.facebook.com\/smgstudiomorettogroup\/","https:\/\/it.linkedin.com\/company\/studio-moretto-group-srl"]}]}},"_links":{"self":[{"href":"https:\/\/www.smglanguages.com\/fr\/wp-json\/wp\/v2\/pages\/24740","targetHints":{"allow":["GET"]}}],"collection":[{"href":"https:\/\/www.smglanguages.com\/fr\/wp-json\/wp\/v2\/pages"}],"about":[{"href":"https:\/\/www.smglanguages.com\/fr\/wp-json\/wp\/v2\/types\/page"}],"author":[{"embeddable":true,"href":"https:\/\/www.smglanguages.com\/fr\/wp-json\/wp\/v2\/users\/2"}],"replies":[{"embeddable":true,"href":"https:\/\/www.smglanguages.com\/fr\/wp-json\/wp\/v2\/comments?post=24740"}],"version-history":[{"count":0,"href":"https:\/\/www.smglanguages.com\/fr\/wp-json\/wp\/v2\/pages\/24740\/revisions"}],"up":[{"embeddable":true,"href":"https:\/\/www.smglanguages.com\/fr\/wp-json\/wp\/v2\/pages\/24733"}],"wp:attachment":[{"href":"https:\/\/www.smglanguages.com\/fr\/wp-json\/wp\/v2\/media?parent=24740"}],"curies":[{"name":"wp","href":"https:\/\/api.w.org\/{rel}","templated":true}]}}