{"id":24754,"date":"2018-04-12T08:57:45","date_gmt":"2018-04-12T08:57:45","guid":{"rendered":"https:\/\/www.smglanguages.com\/recherche-talent\/stage"},"modified":"2025-07-14T15:37:07","modified_gmt":"2025-07-14T13:37:07","slug":"stages","status":"publish","type":"page","link":"https:\/\/www.smglanguages.com\/fr\/travailler-avec-nous\/stages\/","title":{"rendered":"Stages"},"content":{"rendered":"","protected":false},"excerpt":{"rendered":"","protected":false},"author":2,"featured_media":0,"parent":24750,"menu_order":0,"comment_status":"closed","ping_status":"closed","template":"templates\/flexible-content.php","meta":{"_acf_changed":false,"footnotes":""},"class_list":["post-24754","page","type-page","status-publish","hentry"],"acf":[],"yoast_head":"<!-- This site is optimized with the Yoast SEO plugin v27.2 - https:\/\/yoast.com\/product\/yoast-seo-wordpress\/ -->\n<title>Stages en traduction, gestion de projets et administration<\/title>\n<meta name=\"description\" content=\"SMG Languages est une soci\u00e9t\u00e9 multinationale de traduction avec des si\u00e8ges en Italie, UK, Espagne et Am\u00e9rique latine, pr\u00eats \u00e0 accueillir des \u00e9tudiants stagiaires en traduction, gestion de projets, gestion des ressources humaines, administration et marketing. Venez lire la description de nos programmes !\" \/>\n<meta name=\"robots\" content=\"index, follow, max-snippet:-1, max-image-preview:large, max-video-preview:-1\" \/>\n<link rel=\"canonical\" href=\"https:\/\/www.smglanguages.com\/fr\/travailler-avec-nous\/stages\/\" \/>\n<meta property=\"og:locale\" content=\"fr_FR\" \/>\n<meta property=\"og:type\" content=\"article\" \/>\n<meta property=\"og:title\" content=\"Stages en traduction, gestion de projets et administration\" \/>\n<meta property=\"og:description\" content=\"SMG Languages est une soci\u00e9t\u00e9 multinationale de traduction avec des si\u00e8ges en Italie, UK, Espagne et Am\u00e9rique latine, pr\u00eats \u00e0 accueillir des \u00e9tudiants stagiaires en traduction, gestion de projets, gestion des ressources humaines, administration et marketing. Venez lire la description de nos programmes !\" \/>\n<meta property=\"og:url\" content=\"https:\/\/www.smglanguages.com\/fr\/travailler-avec-nous\/stages\/\" \/>\n<meta property=\"og:site_name\" content=\"SMG Languages\" \/>\n<meta property=\"article:publisher\" content=\"https:\/\/it-it.facebook.com\/smgstudiomorettogroup\/\" \/>\n<meta property=\"article:modified_time\" content=\"2025-07-14T13:37:07+00:00\" \/>\n<meta property=\"og:image\" content=\"https:\/\/www.smglanguages.com\/wp-content\/uploads\/2022\/09\/Logo-SMG.png\" \/>\n\t<meta property=\"og:image:width\" content=\"882\" \/>\n\t<meta property=\"og:image:height\" content=\"546\" \/>\n\t<meta property=\"og:image:type\" content=\"image\/png\" \/>\n<meta name=\"twitter:card\" content=\"summary_large_image\" \/>\n<meta name=\"twitter:label1\" content=\"Dur\u00e9e de lecture estim\u00e9e\" \/>\n\t<meta name=\"twitter:data1\" content=\"10 minutes\" \/>\n<script type=\"application\/ld+json\" class=\"yoast-schema-graph\">{\"@context\":\"https:\/\/schema.org\",\"@graph\":[{\"@type\":\"WebPage\",\"@id\":\"https:\/\/www.smglanguages.com\/fr\/travailler-avec-nous\/stages\/\",\"url\":\"https:\/\/www.smglanguages.com\/fr\/travailler-avec-nous\/stages\/\",\"name\":\"Stages en traduction, gestion de projets et administration\",\"isPartOf\":{\"@id\":\"https:\/\/www.smglanguages.com\/fr\/#website\"},\"datePublished\":\"2018-04-12T08:57:45+00:00\",\"dateModified\":\"2025-07-14T13:37:07+00:00\",\"description\":\"SMG Languages est une soci\u00e9t\u00e9 multinationale de traduction avec des si\u00e8ges en Italie, UK, Espagne et Am\u00e9rique latine, pr\u00eats \u00e0 accueillir des \u00e9tudiants stagiaires en traduction, gestion de projets, gestion des ressources humaines, administration et marketing. Venez lire la description de nos programmes !\",\"breadcrumb\":{\"@id\":\"https:\/\/www.smglanguages.com\/fr\/travailler-avec-nous\/stages\/#breadcrumb\"},\"inLanguage\":\"fr-FR\",\"potentialAction\":[{\"@type\":\"ReadAction\",\"target\":[\"https:\/\/www.smglanguages.com\/fr\/travailler-avec-nous\/stages\/\"]}]},{\"@type\":\"BreadcrumbList\",\"@id\":\"https:\/\/www.smglanguages.com\/fr\/travailler-avec-nous\/stages\/#breadcrumb\",\"itemListElement\":[{\"@type\":\"ListItem\",\"position\":1,\"name\":\"Home\",\"item\":\"https:\/\/www.smglanguages.com\/fr\/\"},{\"@type\":\"ListItem\",\"position\":2,\"name\":\"Travailler avec nous\",\"item\":\"https:\/\/www.smglanguages.com\/fr\/travailler-avec-nous\/?lang=fr\"},{\"@type\":\"ListItem\",\"position\":3,\"name\":\"Stages\"}]},{\"@type\":\"WebSite\",\"@id\":\"https:\/\/www.smglanguages.com\/fr\/#website\",\"url\":\"https:\/\/www.smglanguages.com\/fr\/\",\"name\":\"SMG Languages\",\"description\":\"\",\"publisher\":{\"@id\":\"https:\/\/www.smglanguages.com\/fr\/#organization\"},\"alternateName\":\"Studio Moretto Group\",\"potentialAction\":[{\"@type\":\"SearchAction\",\"target\":{\"@type\":\"EntryPoint\",\"urlTemplate\":\"https:\/\/www.smglanguages.com\/fr\/?s={search_term_string}\"},\"query-input\":{\"@type\":\"PropertyValueSpecification\",\"valueRequired\":true,\"valueName\":\"search_term_string\"}}],\"inLanguage\":\"fr-FR\"},{\"@type\":\"Organization\",\"@id\":\"https:\/\/www.smglanguages.com\/fr\/#organization\",\"name\":\"Studio Moretto Group\",\"alternateName\":\"SMG Languages\",\"url\":\"https:\/\/www.smglanguages.com\/fr\/\",\"logo\":{\"@type\":\"ImageObject\",\"inLanguage\":\"fr-FR\",\"@id\":\"https:\/\/www.smglanguages.com\/fr\/#\/schema\/logo\/image\/\",\"url\":\"https:\/\/www.smglanguages.com\/wp-content\/uploads\/2022\/09\/Logo-SMG.png\",\"contentUrl\":\"https:\/\/www.smglanguages.com\/wp-content\/uploads\/2022\/09\/Logo-SMG.png\",\"width\":882,\"height\":546,\"caption\":\"Studio Moretto Group\"},\"image\":{\"@id\":\"https:\/\/www.smglanguages.com\/fr\/#\/schema\/logo\/image\/\"},\"sameAs\":[\"https:\/\/it-it.facebook.com\/smgstudiomorettogroup\/\",\"https:\/\/it.linkedin.com\/company\/studio-moretto-group-srl\"]}]}<\/script>\n<!-- \/ Yoast SEO plugin. -->","yoast_head_json":{"title":"Stages en traduction, gestion de projets et administration","description":"SMG Languages est une soci\u00e9t\u00e9 multinationale de traduction avec des si\u00e8ges en Italie, UK, Espagne et Am\u00e9rique latine, pr\u00eats \u00e0 accueillir des \u00e9tudiants stagiaires en traduction, gestion de projets, gestion des ressources humaines, administration et marketing. Venez lire la description de nos programmes !","robots":{"index":"index","follow":"follow","max-snippet":"max-snippet:-1","max-image-preview":"max-image-preview:large","max-video-preview":"max-video-preview:-1"},"canonical":"https:\/\/www.smglanguages.com\/fr\/travailler-avec-nous\/stages\/","og_locale":"fr_FR","og_type":"article","og_title":"Stages en traduction, gestion de projets et administration","og_description":"SMG Languages est une soci\u00e9t\u00e9 multinationale de traduction avec des si\u00e8ges en Italie, UK, Espagne et Am\u00e9rique latine, pr\u00eats \u00e0 accueillir des \u00e9tudiants stagiaires en traduction, gestion de projets, gestion des ressources humaines, administration et marketing. Venez lire la description de nos programmes !","og_url":"https:\/\/www.smglanguages.com\/fr\/travailler-avec-nous\/stages\/","og_site_name":"SMG Languages","article_publisher":"https:\/\/it-it.facebook.com\/smgstudiomorettogroup\/","article_modified_time":"2025-07-14T13:37:07+00:00","og_image":[{"width":882,"height":546,"url":"https:\/\/www.smglanguages.com\/wp-content\/uploads\/2022\/09\/Logo-SMG.png","type":"image\/png"}],"twitter_card":"summary_large_image","twitter_misc":{"Dur\u00e9e de lecture estim\u00e9e":"10 minutes"},"schema":{"@context":"https:\/\/schema.org","@graph":[{"@type":"WebPage","@id":"https:\/\/www.smglanguages.com\/fr\/travailler-avec-nous\/stages\/","url":"https:\/\/www.smglanguages.com\/fr\/travailler-avec-nous\/stages\/","name":"Stages en traduction, gestion de projets et administration","isPartOf":{"@id":"https:\/\/www.smglanguages.com\/fr\/#website"},"datePublished":"2018-04-12T08:57:45+00:00","dateModified":"2025-07-14T13:37:07+00:00","description":"SMG Languages est une soci\u00e9t\u00e9 multinationale de traduction avec des si\u00e8ges en Italie, UK, Espagne et Am\u00e9rique latine, pr\u00eats \u00e0 accueillir des \u00e9tudiants stagiaires en traduction, gestion de projets, gestion des ressources humaines, administration et marketing. Venez lire la description de nos programmes !","breadcrumb":{"@id":"https:\/\/www.smglanguages.com\/fr\/travailler-avec-nous\/stages\/#breadcrumb"},"inLanguage":"fr-FR","potentialAction":[{"@type":"ReadAction","target":["https:\/\/www.smglanguages.com\/fr\/travailler-avec-nous\/stages\/"]}]},{"@type":"BreadcrumbList","@id":"https:\/\/www.smglanguages.com\/fr\/travailler-avec-nous\/stages\/#breadcrumb","itemListElement":[{"@type":"ListItem","position":1,"name":"Home","item":"https:\/\/www.smglanguages.com\/fr\/"},{"@type":"ListItem","position":2,"name":"Travailler avec nous","item":"https:\/\/www.smglanguages.com\/fr\/travailler-avec-nous\/?lang=fr"},{"@type":"ListItem","position":3,"name":"Stages"}]},{"@type":"WebSite","@id":"https:\/\/www.smglanguages.com\/fr\/#website","url":"https:\/\/www.smglanguages.com\/fr\/","name":"SMG Languages","description":"","publisher":{"@id":"https:\/\/www.smglanguages.com\/fr\/#organization"},"alternateName":"Studio Moretto Group","potentialAction":[{"@type":"SearchAction","target":{"@type":"EntryPoint","urlTemplate":"https:\/\/www.smglanguages.com\/fr\/?s={search_term_string}"},"query-input":{"@type":"PropertyValueSpecification","valueRequired":true,"valueName":"search_term_string"}}],"inLanguage":"fr-FR"},{"@type":"Organization","@id":"https:\/\/www.smglanguages.com\/fr\/#organization","name":"Studio Moretto Group","alternateName":"SMG Languages","url":"https:\/\/www.smglanguages.com\/fr\/","logo":{"@type":"ImageObject","inLanguage":"fr-FR","@id":"https:\/\/www.smglanguages.com\/fr\/#\/schema\/logo\/image\/","url":"https:\/\/www.smglanguages.com\/wp-content\/uploads\/2022\/09\/Logo-SMG.png","contentUrl":"https:\/\/www.smglanguages.com\/wp-content\/uploads\/2022\/09\/Logo-SMG.png","width":882,"height":546,"caption":"Studio Moretto Group"},"image":{"@id":"https:\/\/www.smglanguages.com\/fr\/#\/schema\/logo\/image\/"},"sameAs":["https:\/\/it-it.facebook.com\/smgstudiomorettogroup\/","https:\/\/it.linkedin.com\/company\/studio-moretto-group-srl"]}]}},"_links":{"self":[{"href":"https:\/\/www.smglanguages.com\/fr\/wp-json\/wp\/v2\/pages\/24754","targetHints":{"allow":["GET"]}}],"collection":[{"href":"https:\/\/www.smglanguages.com\/fr\/wp-json\/wp\/v2\/pages"}],"about":[{"href":"https:\/\/www.smglanguages.com\/fr\/wp-json\/wp\/v2\/types\/page"}],"author":[{"embeddable":true,"href":"https:\/\/www.smglanguages.com\/fr\/wp-json\/wp\/v2\/users\/2"}],"replies":[{"embeddable":true,"href":"https:\/\/www.smglanguages.com\/fr\/wp-json\/wp\/v2\/comments?post=24754"}],"version-history":[{"count":0,"href":"https:\/\/www.smglanguages.com\/fr\/wp-json\/wp\/v2\/pages\/24754\/revisions"}],"up":[{"embeddable":true,"href":"https:\/\/www.smglanguages.com\/fr\/wp-json\/wp\/v2\/pages\/24750"}],"wp:attachment":[{"href":"https:\/\/www.smglanguages.com\/fr\/wp-json\/wp\/v2\/media?parent=24754"}],"curies":[{"name":"wp","href":"https:\/\/api.w.org\/{rel}","templated":true}]}}