{"id":30034,"date":"2018-04-12T11:21:16","date_gmt":"2018-04-12T11:21:16","guid":{"rendered":"https:\/\/www.smglanguages.com\/analisi-terminologica"},"modified":"2024-07-25T09:12:01","modified_gmt":"2024-07-25T09:12:01","slug":"analyse-terminologique","status":"publish","type":"page","link":"https:\/\/www.smglanguages.com\/fr\/intelligence-economique-strategie-commerciale\/analyse-terminologique\/","title":{"rendered":"Analyse terminologique"},"content":{"rendered":"","protected":false},"excerpt":{"rendered":"","protected":false},"author":2,"featured_media":0,"parent":31810,"menu_order":0,"comment_status":"closed","ping_status":"closed","template":"templates\/flexible-content.php","meta":{"_acf_changed":false,"footnotes":""},"class_list":["post-30034","page","type-page","status-publish","hentry"],"acf":[],"yoast_head":"<!-- This site is optimized with the Yoast SEO plugin v27.2 - https:\/\/yoast.com\/product\/yoast-seo-wordpress\/ -->\n<title>Linguistique informatique et analyse terminologique - SMG Languages<\/title>\n<meta name=\"description\" content=\"Nous avons mis au point des syst\u00e8mes d\u00e9di\u00e9s \u00e0 l\u2019analyse d\u2019importantes masses d\u2019informations, tels que des ensembles de textes volumineux (corpus) ou le web m\u00eame qui permettent d\u2019identifier les termes et concepts qui vous int\u00e9ressent.Nous sommes \u00e0 m\u00eame d\u2019identifier la\u00a0terminologie la plus utilis\u00e9e\u00a0pour exprimer un concept ou bien des termes cach\u00e9s et inhabituels, comme une expression issue d\u2019un jargon ou d\u2019un langage cod\u00e9 (analyse particuli\u00e8rement utile pour l\u2019interpr\u00e9tation linguistique des \u00e9coutes).\" \/>\n<meta name=\"robots\" content=\"index, follow, max-snippet:-1, max-image-preview:large, max-video-preview:-1\" \/>\n<link rel=\"canonical\" href=\"https:\/\/www.smglanguages.com\/fr\/intelligence-economique-strategie-commerciale\/analyse-terminologique\/\" \/>\n<meta property=\"og:locale\" content=\"fr_FR\" \/>\n<meta property=\"og:type\" content=\"article\" \/>\n<meta property=\"og:title\" content=\"Linguistique informatique et analyse terminologique - SMG Languages\" \/>\n<meta property=\"og:description\" content=\"Nous avons mis au point des syst\u00e8mes d\u00e9di\u00e9s \u00e0 l\u2019analyse d\u2019importantes masses d\u2019informations, tels que des ensembles de textes volumineux (corpus) ou le web m\u00eame qui permettent d\u2019identifier les termes et concepts qui vous int\u00e9ressent.Nous sommes \u00e0 m\u00eame d\u2019identifier la\u00a0terminologie la plus utilis\u00e9e\u00a0pour exprimer un concept ou bien des termes cach\u00e9s et inhabituels, comme une expression issue d\u2019un jargon ou d\u2019un langage cod\u00e9 (analyse particuli\u00e8rement utile pour l\u2019interpr\u00e9tation linguistique des \u00e9coutes).\" \/>\n<meta property=\"og:url\" content=\"https:\/\/www.smglanguages.com\/fr\/intelligence-economique-strategie-commerciale\/analyse-terminologique\/\" \/>\n<meta property=\"og:site_name\" content=\"SMG Languages\" \/>\n<meta property=\"article:publisher\" content=\"https:\/\/it-it.facebook.com\/smgstudiomorettogroup\/\" \/>\n<meta property=\"article:modified_time\" content=\"2024-07-25T09:12:01+00:00\" \/>\n<meta property=\"og:image\" content=\"https:\/\/www.smglanguages.com\/wp-content\/uploads\/2022\/09\/Logo-SMG.png\" \/>\n\t<meta property=\"og:image:width\" content=\"882\" \/>\n\t<meta property=\"og:image:height\" content=\"546\" \/>\n\t<meta property=\"og:image:type\" content=\"image\/png\" \/>\n<meta name=\"twitter:card\" content=\"summary_large_image\" \/>\n<script type=\"application\/ld+json\" class=\"yoast-schema-graph\">{\"@context\":\"https:\/\/schema.org\",\"@graph\":[{\"@type\":\"WebPage\",\"@id\":\"https:\/\/www.smglanguages.com\/fr\/intelligence-economique-strategie-commerciale\/analyse-terminologique\/\",\"url\":\"https:\/\/www.smglanguages.com\/fr\/intelligence-economique-strategie-commerciale\/analyse-terminologique\/\",\"name\":\"Linguistique informatique et analyse terminologique - SMG Languages\",\"isPartOf\":{\"@id\":\"https:\/\/www.smglanguages.com\/fr\/#website\"},\"datePublished\":\"2018-04-12T11:21:16+00:00\",\"dateModified\":\"2024-07-25T09:12:01+00:00\",\"description\":\"Nous avons mis au point des syst\u00e8mes d\u00e9di\u00e9s \u00e0 l\u2019analyse d\u2019importantes masses d\u2019informations, tels que des ensembles de textes volumineux (corpus) ou le web m\u00eame qui permettent d\u2019identifier les termes et concepts qui vous int\u00e9ressent.Nous sommes \u00e0 m\u00eame d\u2019identifier la\u00a0terminologie la plus utilis\u00e9e\u00a0pour exprimer un concept ou bien des termes cach\u00e9s et inhabituels, comme une expression issue d\u2019un jargon ou d\u2019un langage cod\u00e9 (analyse particuli\u00e8rement utile pour l\u2019interpr\u00e9tation linguistique des \u00e9coutes).\",\"breadcrumb\":{\"@id\":\"https:\/\/www.smglanguages.com\/fr\/intelligence-economique-strategie-commerciale\/analyse-terminologique\/#breadcrumb\"},\"inLanguage\":\"fr-FR\",\"potentialAction\":[{\"@type\":\"ReadAction\",\"target\":[\"https:\/\/www.smglanguages.com\/fr\/intelligence-economique-strategie-commerciale\/analyse-terminologique\/\"]}]},{\"@type\":\"BreadcrumbList\",\"@id\":\"https:\/\/www.smglanguages.com\/fr\/intelligence-economique-strategie-commerciale\/analyse-terminologique\/#breadcrumb\",\"itemListElement\":[{\"@type\":\"ListItem\",\"position\":1,\"name\":\"Home\",\"item\":\"https:\/\/www.smglanguages.com\/fr\/\"},{\"@type\":\"ListItem\",\"position\":2,\"name\":\"Intelligence linguistique\",\"item\":\"https:\/\/www.smglanguages.com\/fr\/intelligence-economique-strategie-commerciale\/?lang=fr\"},{\"@type\":\"ListItem\",\"position\":3,\"name\":\"Analyse terminologique\"}]},{\"@type\":\"WebSite\",\"@id\":\"https:\/\/www.smglanguages.com\/fr\/#website\",\"url\":\"https:\/\/www.smglanguages.com\/fr\/\",\"name\":\"SMG Languages\",\"description\":\"\",\"publisher\":{\"@id\":\"https:\/\/www.smglanguages.com\/fr\/#organization\"},\"alternateName\":\"Studio Moretto Group\",\"potentialAction\":[{\"@type\":\"SearchAction\",\"target\":{\"@type\":\"EntryPoint\",\"urlTemplate\":\"https:\/\/www.smglanguages.com\/fr\/?s={search_term_string}\"},\"query-input\":{\"@type\":\"PropertyValueSpecification\",\"valueRequired\":true,\"valueName\":\"search_term_string\"}}],\"inLanguage\":\"fr-FR\"},{\"@type\":\"Organization\",\"@id\":\"https:\/\/www.smglanguages.com\/fr\/#organization\",\"name\":\"Studio Moretto Group\",\"alternateName\":\"SMG Languages\",\"url\":\"https:\/\/www.smglanguages.com\/fr\/\",\"logo\":{\"@type\":\"ImageObject\",\"inLanguage\":\"fr-FR\",\"@id\":\"https:\/\/www.smglanguages.com\/fr\/#\/schema\/logo\/image\/\",\"url\":\"https:\/\/www.smglanguages.com\/wp-content\/uploads\/2022\/09\/Logo-SMG.png\",\"contentUrl\":\"https:\/\/www.smglanguages.com\/wp-content\/uploads\/2022\/09\/Logo-SMG.png\",\"width\":882,\"height\":546,\"caption\":\"Studio Moretto Group\"},\"image\":{\"@id\":\"https:\/\/www.smglanguages.com\/fr\/#\/schema\/logo\/image\/\"},\"sameAs\":[\"https:\/\/it-it.facebook.com\/smgstudiomorettogroup\/\",\"https:\/\/it.linkedin.com\/company\/studio-moretto-group-srl\"]}]}<\/script>\n<!-- \/ Yoast SEO plugin. -->","yoast_head_json":{"title":"Linguistique informatique et analyse terminologique - SMG Languages","description":"Nous avons mis au point des syst\u00e8mes d\u00e9di\u00e9s \u00e0 l\u2019analyse d\u2019importantes masses d\u2019informations, tels que des ensembles de textes volumineux (corpus) ou le web m\u00eame qui permettent d\u2019identifier les termes et concepts qui vous int\u00e9ressent.Nous sommes \u00e0 m\u00eame d\u2019identifier la\u00a0terminologie la plus utilis\u00e9e\u00a0pour exprimer un concept ou bien des termes cach\u00e9s et inhabituels, comme une expression issue d\u2019un jargon ou d\u2019un langage cod\u00e9 (analyse particuli\u00e8rement utile pour l\u2019interpr\u00e9tation linguistique des \u00e9coutes).","robots":{"index":"index","follow":"follow","max-snippet":"max-snippet:-1","max-image-preview":"max-image-preview:large","max-video-preview":"max-video-preview:-1"},"canonical":"https:\/\/www.smglanguages.com\/fr\/intelligence-economique-strategie-commerciale\/analyse-terminologique\/","og_locale":"fr_FR","og_type":"article","og_title":"Linguistique informatique et analyse terminologique - SMG Languages","og_description":"Nous avons mis au point des syst\u00e8mes d\u00e9di\u00e9s \u00e0 l\u2019analyse d\u2019importantes masses d\u2019informations, tels que des ensembles de textes volumineux (corpus) ou le web m\u00eame qui permettent d\u2019identifier les termes et concepts qui vous int\u00e9ressent.Nous sommes \u00e0 m\u00eame d\u2019identifier la\u00a0terminologie la plus utilis\u00e9e\u00a0pour exprimer un concept ou bien des termes cach\u00e9s et inhabituels, comme une expression issue d\u2019un jargon ou d\u2019un langage cod\u00e9 (analyse particuli\u00e8rement utile pour l\u2019interpr\u00e9tation linguistique des \u00e9coutes).","og_url":"https:\/\/www.smglanguages.com\/fr\/intelligence-economique-strategie-commerciale\/analyse-terminologique\/","og_site_name":"SMG Languages","article_publisher":"https:\/\/it-it.facebook.com\/smgstudiomorettogroup\/","article_modified_time":"2024-07-25T09:12:01+00:00","og_image":[{"width":882,"height":546,"url":"https:\/\/www.smglanguages.com\/wp-content\/uploads\/2022\/09\/Logo-SMG.png","type":"image\/png"}],"twitter_card":"summary_large_image","schema":{"@context":"https:\/\/schema.org","@graph":[{"@type":"WebPage","@id":"https:\/\/www.smglanguages.com\/fr\/intelligence-economique-strategie-commerciale\/analyse-terminologique\/","url":"https:\/\/www.smglanguages.com\/fr\/intelligence-economique-strategie-commerciale\/analyse-terminologique\/","name":"Linguistique informatique et analyse terminologique - SMG Languages","isPartOf":{"@id":"https:\/\/www.smglanguages.com\/fr\/#website"},"datePublished":"2018-04-12T11:21:16+00:00","dateModified":"2024-07-25T09:12:01+00:00","description":"Nous avons mis au point des syst\u00e8mes d\u00e9di\u00e9s \u00e0 l\u2019analyse d\u2019importantes masses d\u2019informations, tels que des ensembles de textes volumineux (corpus) ou le web m\u00eame qui permettent d\u2019identifier les termes et concepts qui vous int\u00e9ressent.Nous sommes \u00e0 m\u00eame d\u2019identifier la\u00a0terminologie la plus utilis\u00e9e\u00a0pour exprimer un concept ou bien des termes cach\u00e9s et inhabituels, comme une expression issue d\u2019un jargon ou d\u2019un langage cod\u00e9 (analyse particuli\u00e8rement utile pour l\u2019interpr\u00e9tation linguistique des \u00e9coutes).","breadcrumb":{"@id":"https:\/\/www.smglanguages.com\/fr\/intelligence-economique-strategie-commerciale\/analyse-terminologique\/#breadcrumb"},"inLanguage":"fr-FR","potentialAction":[{"@type":"ReadAction","target":["https:\/\/www.smglanguages.com\/fr\/intelligence-economique-strategie-commerciale\/analyse-terminologique\/"]}]},{"@type":"BreadcrumbList","@id":"https:\/\/www.smglanguages.com\/fr\/intelligence-economique-strategie-commerciale\/analyse-terminologique\/#breadcrumb","itemListElement":[{"@type":"ListItem","position":1,"name":"Home","item":"https:\/\/www.smglanguages.com\/fr\/"},{"@type":"ListItem","position":2,"name":"Intelligence linguistique","item":"https:\/\/www.smglanguages.com\/fr\/intelligence-economique-strategie-commerciale\/?lang=fr"},{"@type":"ListItem","position":3,"name":"Analyse terminologique"}]},{"@type":"WebSite","@id":"https:\/\/www.smglanguages.com\/fr\/#website","url":"https:\/\/www.smglanguages.com\/fr\/","name":"SMG Languages","description":"","publisher":{"@id":"https:\/\/www.smglanguages.com\/fr\/#organization"},"alternateName":"Studio Moretto Group","potentialAction":[{"@type":"SearchAction","target":{"@type":"EntryPoint","urlTemplate":"https:\/\/www.smglanguages.com\/fr\/?s={search_term_string}"},"query-input":{"@type":"PropertyValueSpecification","valueRequired":true,"valueName":"search_term_string"}}],"inLanguage":"fr-FR"},{"@type":"Organization","@id":"https:\/\/www.smglanguages.com\/fr\/#organization","name":"Studio Moretto Group","alternateName":"SMG Languages","url":"https:\/\/www.smglanguages.com\/fr\/","logo":{"@type":"ImageObject","inLanguage":"fr-FR","@id":"https:\/\/www.smglanguages.com\/fr\/#\/schema\/logo\/image\/","url":"https:\/\/www.smglanguages.com\/wp-content\/uploads\/2022\/09\/Logo-SMG.png","contentUrl":"https:\/\/www.smglanguages.com\/wp-content\/uploads\/2022\/09\/Logo-SMG.png","width":882,"height":546,"caption":"Studio Moretto Group"},"image":{"@id":"https:\/\/www.smglanguages.com\/fr\/#\/schema\/logo\/image\/"},"sameAs":["https:\/\/it-it.facebook.com\/smgstudiomorettogroup\/","https:\/\/it.linkedin.com\/company\/studio-moretto-group-srl"]}]}},"_links":{"self":[{"href":"https:\/\/www.smglanguages.com\/fr\/wp-json\/wp\/v2\/pages\/30034","targetHints":{"allow":["GET"]}}],"collection":[{"href":"https:\/\/www.smglanguages.com\/fr\/wp-json\/wp\/v2\/pages"}],"about":[{"href":"https:\/\/www.smglanguages.com\/fr\/wp-json\/wp\/v2\/types\/page"}],"author":[{"embeddable":true,"href":"https:\/\/www.smglanguages.com\/fr\/wp-json\/wp\/v2\/users\/2"}],"replies":[{"embeddable":true,"href":"https:\/\/www.smglanguages.com\/fr\/wp-json\/wp\/v2\/comments?post=30034"}],"version-history":[{"count":0,"href":"https:\/\/www.smglanguages.com\/fr\/wp-json\/wp\/v2\/pages\/30034\/revisions"}],"up":[{"embeddable":true,"href":"https:\/\/www.smglanguages.com\/fr\/wp-json\/wp\/v2\/pages\/31810"}],"wp:attachment":[{"href":"https:\/\/www.smglanguages.com\/fr\/wp-json\/wp\/v2\/media?parent=30034"}],"curies":[{"name":"wp","href":"https:\/\/api.w.org\/{rel}","templated":true}]}}