{"id":30222,"date":"2018-04-16T09:33:46","date_gmt":"2018-04-16T09:33:46","guid":{"rendered":"https:\/\/www.smglanguages.com\/traduzioni-assicurative"},"modified":"2025-07-23T17:58:09","modified_gmt":"2025-07-23T15:58:09","slug":"traduction-assurances","status":"publish","type":"page","link":"https:\/\/www.smglanguages.com\/fr\/services-traduction\/traduction-economique-et-financiere\/traduction-assurances\/","title":{"rendered":"Assurances"},"content":{"rendered":"","protected":false},"excerpt":{"rendered":"","protected":false},"author":2,"featured_media":0,"parent":41514,"menu_order":0,"comment_status":"closed","ping_status":"closed","template":"templates\/flexible-content.php","meta":{"_acf_changed":false,"footnotes":""},"class_list":["post-30222","page","type-page","status-publish","hentry"],"acf":[],"yoast_head":"<!-- This site is optimized with the Yoast SEO plugin v27.2 - https:\/\/yoast.com\/product\/yoast-seo-wordpress\/ -->\n<title>Assurances - SMG Languages<\/title>\n<meta name=\"description\" content=\"Nos services de traduction dans le domaine des assurances ont \u00e9t\u00e9 sp\u00e9cifiquement con\u00e7us pour fournir aux acteurs du secteur une assistance linguistique et pour assister les entreprises dans la traduction de polices et documents d\u2019assurances\" \/>\n<meta name=\"robots\" content=\"index, follow, max-snippet:-1, max-image-preview:large, max-video-preview:-1\" \/>\n<link rel=\"canonical\" href=\"https:\/\/www.smglanguages.com\/fr\/services-traduction\/traduction-economique-et-financiere\/traduction-assurances\/\" \/>\n<meta property=\"og:locale\" content=\"fr_FR\" \/>\n<meta property=\"og:type\" content=\"article\" \/>\n<meta property=\"og:title\" content=\"Assurances - SMG Languages\" \/>\n<meta property=\"og:description\" content=\"Nos services de traduction dans le domaine des assurances ont \u00e9t\u00e9 sp\u00e9cifiquement con\u00e7us pour fournir aux acteurs du secteur une assistance linguistique et pour assister les entreprises dans la traduction de polices et documents d\u2019assurances\" \/>\n<meta property=\"og:url\" content=\"https:\/\/www.smglanguages.com\/fr\/services-traduction\/traduction-economique-et-financiere\/traduction-assurances\/\" \/>\n<meta property=\"og:site_name\" content=\"SMG Languages\" \/>\n<meta property=\"article:publisher\" content=\"https:\/\/it-it.facebook.com\/smgstudiomorettogroup\/\" \/>\n<meta property=\"article:modified_time\" content=\"2025-07-23T15:58:09+00:00\" \/>\n<meta property=\"og:image\" content=\"https:\/\/www.smglanguages.com\/wp-content\/uploads\/2022\/09\/Logo-SMG.png\" \/>\n\t<meta property=\"og:image:width\" content=\"882\" \/>\n\t<meta property=\"og:image:height\" content=\"546\" \/>\n\t<meta property=\"og:image:type\" content=\"image\/png\" \/>\n<meta name=\"twitter:card\" content=\"summary_large_image\" \/>\n<meta name=\"twitter:label1\" content=\"Dur\u00e9e de lecture estim\u00e9e\" \/>\n\t<meta name=\"twitter:data1\" content=\"4 minutes\" \/>\n<script type=\"application\/ld+json\" class=\"yoast-schema-graph\">{\"@context\":\"https:\/\/schema.org\",\"@graph\":[{\"@type\":\"WebPage\",\"@id\":\"https:\/\/www.smglanguages.com\/fr\/services-traduction\/traduction-economique-et-financiere\/traduction-assurances\/\",\"url\":\"https:\/\/www.smglanguages.com\/fr\/services-traduction\/traduction-economique-et-financiere\/traduction-assurances\/\",\"name\":\"Assurances - SMG Languages\",\"isPartOf\":{\"@id\":\"https:\/\/www.smglanguages.com\/fr\/#website\"},\"datePublished\":\"2018-04-16T09:33:46+00:00\",\"dateModified\":\"2025-07-23T15:58:09+00:00\",\"description\":\"Nos services de traduction dans le domaine des assurances ont \u00e9t\u00e9 sp\u00e9cifiquement con\u00e7us pour fournir aux acteurs du secteur une assistance linguistique et pour assister les entreprises dans la traduction de polices et documents d\u2019assurances\",\"breadcrumb\":{\"@id\":\"https:\/\/www.smglanguages.com\/fr\/services-traduction\/traduction-economique-et-financiere\/traduction-assurances\/#breadcrumb\"},\"inLanguage\":\"fr-FR\",\"potentialAction\":[{\"@type\":\"ReadAction\",\"target\":[\"https:\/\/www.smglanguages.com\/fr\/services-traduction\/traduction-economique-et-financiere\/traduction-assurances\/\"]}]},{\"@type\":\"BreadcrumbList\",\"@id\":\"https:\/\/www.smglanguages.com\/fr\/services-traduction\/traduction-economique-et-financiere\/traduction-assurances\/#breadcrumb\",\"itemListElement\":[{\"@type\":\"ListItem\",\"position\":1,\"name\":\"Home\",\"item\":\"https:\/\/www.smglanguages.com\/fr\/\"},{\"@type\":\"ListItem\",\"position\":2,\"name\":\"Traduction sp\u00e9cialis\u00e9e\",\"item\":\"https:\/\/www.smglanguages.com\/fr\/services-traduction\/?lang=fr\"},{\"@type\":\"ListItem\",\"position\":3,\"name\":\"Traductions \u00e9conomiques et financi\u00e8res\",\"item\":\"https:\/\/www.smglanguages.com\/fr\/services-traduction\/traduction-economique-et-financiere\/?lang=fr\"},{\"@type\":\"ListItem\",\"position\":4,\"name\":\"Assurances\"}]},{\"@type\":\"WebSite\",\"@id\":\"https:\/\/www.smglanguages.com\/fr\/#website\",\"url\":\"https:\/\/www.smglanguages.com\/fr\/\",\"name\":\"SMG Languages\",\"description\":\"\",\"publisher\":{\"@id\":\"https:\/\/www.smglanguages.com\/fr\/#organization\"},\"alternateName\":\"Studio Moretto Group\",\"potentialAction\":[{\"@type\":\"SearchAction\",\"target\":{\"@type\":\"EntryPoint\",\"urlTemplate\":\"https:\/\/www.smglanguages.com\/fr\/?s={search_term_string}\"},\"query-input\":{\"@type\":\"PropertyValueSpecification\",\"valueRequired\":true,\"valueName\":\"search_term_string\"}}],\"inLanguage\":\"fr-FR\"},{\"@type\":\"Organization\",\"@id\":\"https:\/\/www.smglanguages.com\/fr\/#organization\",\"name\":\"Studio Moretto Group\",\"alternateName\":\"SMG Languages\",\"url\":\"https:\/\/www.smglanguages.com\/fr\/\",\"logo\":{\"@type\":\"ImageObject\",\"inLanguage\":\"fr-FR\",\"@id\":\"https:\/\/www.smglanguages.com\/fr\/#\/schema\/logo\/image\/\",\"url\":\"https:\/\/www.smglanguages.com\/wp-content\/uploads\/2022\/09\/Logo-SMG.png\",\"contentUrl\":\"https:\/\/www.smglanguages.com\/wp-content\/uploads\/2022\/09\/Logo-SMG.png\",\"width\":882,\"height\":546,\"caption\":\"Studio Moretto Group\"},\"image\":{\"@id\":\"https:\/\/www.smglanguages.com\/fr\/#\/schema\/logo\/image\/\"},\"sameAs\":[\"https:\/\/it-it.facebook.com\/smgstudiomorettogroup\/\",\"https:\/\/it.linkedin.com\/company\/studio-moretto-group-srl\"]}]}<\/script>\n<!-- \/ Yoast SEO plugin. -->","yoast_head_json":{"title":"Assurances - SMG Languages","description":"Nos services de traduction dans le domaine des assurances ont \u00e9t\u00e9 sp\u00e9cifiquement con\u00e7us pour fournir aux acteurs du secteur une assistance linguistique et pour assister les entreprises dans la traduction de polices et documents d\u2019assurances","robots":{"index":"index","follow":"follow","max-snippet":"max-snippet:-1","max-image-preview":"max-image-preview:large","max-video-preview":"max-video-preview:-1"},"canonical":"https:\/\/www.smglanguages.com\/fr\/services-traduction\/traduction-economique-et-financiere\/traduction-assurances\/","og_locale":"fr_FR","og_type":"article","og_title":"Assurances - SMG Languages","og_description":"Nos services de traduction dans le domaine des assurances ont \u00e9t\u00e9 sp\u00e9cifiquement con\u00e7us pour fournir aux acteurs du secteur une assistance linguistique et pour assister les entreprises dans la traduction de polices et documents d\u2019assurances","og_url":"https:\/\/www.smglanguages.com\/fr\/services-traduction\/traduction-economique-et-financiere\/traduction-assurances\/","og_site_name":"SMG Languages","article_publisher":"https:\/\/it-it.facebook.com\/smgstudiomorettogroup\/","article_modified_time":"2025-07-23T15:58:09+00:00","og_image":[{"width":882,"height":546,"url":"https:\/\/www.smglanguages.com\/wp-content\/uploads\/2022\/09\/Logo-SMG.png","type":"image\/png"}],"twitter_card":"summary_large_image","twitter_misc":{"Dur\u00e9e de lecture estim\u00e9e":"4 minutes"},"schema":{"@context":"https:\/\/schema.org","@graph":[{"@type":"WebPage","@id":"https:\/\/www.smglanguages.com\/fr\/services-traduction\/traduction-economique-et-financiere\/traduction-assurances\/","url":"https:\/\/www.smglanguages.com\/fr\/services-traduction\/traduction-economique-et-financiere\/traduction-assurances\/","name":"Assurances - SMG Languages","isPartOf":{"@id":"https:\/\/www.smglanguages.com\/fr\/#website"},"datePublished":"2018-04-16T09:33:46+00:00","dateModified":"2025-07-23T15:58:09+00:00","description":"Nos services de traduction dans le domaine des assurances ont \u00e9t\u00e9 sp\u00e9cifiquement con\u00e7us pour fournir aux acteurs du secteur une assistance linguistique et pour assister les entreprises dans la traduction de polices et documents d\u2019assurances","breadcrumb":{"@id":"https:\/\/www.smglanguages.com\/fr\/services-traduction\/traduction-economique-et-financiere\/traduction-assurances\/#breadcrumb"},"inLanguage":"fr-FR","potentialAction":[{"@type":"ReadAction","target":["https:\/\/www.smglanguages.com\/fr\/services-traduction\/traduction-economique-et-financiere\/traduction-assurances\/"]}]},{"@type":"BreadcrumbList","@id":"https:\/\/www.smglanguages.com\/fr\/services-traduction\/traduction-economique-et-financiere\/traduction-assurances\/#breadcrumb","itemListElement":[{"@type":"ListItem","position":1,"name":"Home","item":"https:\/\/www.smglanguages.com\/fr\/"},{"@type":"ListItem","position":2,"name":"Traduction sp\u00e9cialis\u00e9e","item":"https:\/\/www.smglanguages.com\/fr\/services-traduction\/?lang=fr"},{"@type":"ListItem","position":3,"name":"Traductions \u00e9conomiques et financi\u00e8res","item":"https:\/\/www.smglanguages.com\/fr\/services-traduction\/traduction-economique-et-financiere\/?lang=fr"},{"@type":"ListItem","position":4,"name":"Assurances"}]},{"@type":"WebSite","@id":"https:\/\/www.smglanguages.com\/fr\/#website","url":"https:\/\/www.smglanguages.com\/fr\/","name":"SMG Languages","description":"","publisher":{"@id":"https:\/\/www.smglanguages.com\/fr\/#organization"},"alternateName":"Studio Moretto Group","potentialAction":[{"@type":"SearchAction","target":{"@type":"EntryPoint","urlTemplate":"https:\/\/www.smglanguages.com\/fr\/?s={search_term_string}"},"query-input":{"@type":"PropertyValueSpecification","valueRequired":true,"valueName":"search_term_string"}}],"inLanguage":"fr-FR"},{"@type":"Organization","@id":"https:\/\/www.smglanguages.com\/fr\/#organization","name":"Studio Moretto Group","alternateName":"SMG Languages","url":"https:\/\/www.smglanguages.com\/fr\/","logo":{"@type":"ImageObject","inLanguage":"fr-FR","@id":"https:\/\/www.smglanguages.com\/fr\/#\/schema\/logo\/image\/","url":"https:\/\/www.smglanguages.com\/wp-content\/uploads\/2022\/09\/Logo-SMG.png","contentUrl":"https:\/\/www.smglanguages.com\/wp-content\/uploads\/2022\/09\/Logo-SMG.png","width":882,"height":546,"caption":"Studio Moretto Group"},"image":{"@id":"https:\/\/www.smglanguages.com\/fr\/#\/schema\/logo\/image\/"},"sameAs":["https:\/\/it-it.facebook.com\/smgstudiomorettogroup\/","https:\/\/it.linkedin.com\/company\/studio-moretto-group-srl"]}]}},"_links":{"self":[{"href":"https:\/\/www.smglanguages.com\/fr\/wp-json\/wp\/v2\/pages\/30222","targetHints":{"allow":["GET"]}}],"collection":[{"href":"https:\/\/www.smglanguages.com\/fr\/wp-json\/wp\/v2\/pages"}],"about":[{"href":"https:\/\/www.smglanguages.com\/fr\/wp-json\/wp\/v2\/types\/page"}],"author":[{"embeddable":true,"href":"https:\/\/www.smglanguages.com\/fr\/wp-json\/wp\/v2\/users\/2"}],"replies":[{"embeddable":true,"href":"https:\/\/www.smglanguages.com\/fr\/wp-json\/wp\/v2\/comments?post=30222"}],"version-history":[{"count":0,"href":"https:\/\/www.smglanguages.com\/fr\/wp-json\/wp\/v2\/pages\/30222\/revisions"}],"up":[{"embeddable":true,"href":"https:\/\/www.smglanguages.com\/fr\/wp-json\/wp\/v2\/pages\/41514"}],"wp:attachment":[{"href":"https:\/\/www.smglanguages.com\/fr\/wp-json\/wp\/v2\/media?parent=30222"}],"curies":[{"name":"wp","href":"https:\/\/api.w.org\/{rel}","templated":true}]}}