{"id":32669,"date":"2018-04-18T07:46:08","date_gmt":"2018-04-18T07:46:08","guid":{"rendered":"https:\/\/www.smglanguages.com\/mediazione-culturale"},"modified":"2025-07-29T17:39:59","modified_gmt":"2025-07-29T15:39:59","slug":"mediation-interculturelle","status":"publish","type":"page","link":"https:\/\/www.smglanguages.com\/fr\/service-interpretes\/mediation-interculturelle\/","title":{"rendered":"M\u00e9diation culturelle"},"content":{"rendered":"","protected":false},"excerpt":{"rendered":"","protected":false},"author":2,"featured_media":0,"parent":33288,"menu_order":0,"comment_status":"closed","ping_status":"closed","template":"templates\/flexible-content.php","meta":{"_acf_changed":false,"footnotes":""},"class_list":["post-32669","page","type-page","status-publish","hentry"],"acf":[],"yoast_head":"<!-- This site is optimized with the Yoast SEO plugin v27.2 - https:\/\/yoast.com\/product\/yoast-seo-wordpress\/ -->\n<title>Service de m\u00e9diation linguistique et interculturelle - SMG Languages<\/title>\n<meta name=\"description\" content=\"Le service de m\u00e9diation linguistique et interculturelle de SMG Languages a \u00e9t\u00e9 sp\u00e9cifiquement con\u00e7u pour satisfaire aux exigences des administrations publiques et des grandes organisations et enterprises qui ont besoin d\u2019une assistance linguistique culturelle pour g\u00e9rer le dialogue avec des personnes de cultures et d\u2019ethnies diff\u00e9rentes de la leur.\" \/>\n<meta name=\"robots\" content=\"index, follow, max-snippet:-1, max-image-preview:large, max-video-preview:-1\" \/>\n<link rel=\"canonical\" href=\"https:\/\/www.smglanguages.com\/fr\/service-interpretes\/mediation-interculturelle\/\" \/>\n<meta property=\"og:locale\" content=\"fr_FR\" \/>\n<meta property=\"og:type\" content=\"article\" \/>\n<meta property=\"og:title\" content=\"Service de m\u00e9diation linguistique et interculturelle - SMG Languages\" \/>\n<meta property=\"og:description\" content=\"Le service de m\u00e9diation linguistique et interculturelle de SMG Languages a \u00e9t\u00e9 sp\u00e9cifiquement con\u00e7u pour satisfaire aux exigences des administrations publiques et des grandes organisations et enterprises qui ont besoin d\u2019une assistance linguistique culturelle pour g\u00e9rer le dialogue avec des personnes de cultures et d\u2019ethnies diff\u00e9rentes de la leur.\" \/>\n<meta property=\"og:url\" content=\"https:\/\/www.smglanguages.com\/fr\/service-interpretes\/mediation-interculturelle\/\" \/>\n<meta property=\"og:site_name\" content=\"SMG Languages\" \/>\n<meta property=\"article:publisher\" content=\"https:\/\/it-it.facebook.com\/smgstudiomorettogroup\/\" \/>\n<meta property=\"article:modified_time\" content=\"2025-07-29T15:39:59+00:00\" \/>\n<meta property=\"og:image\" content=\"https:\/\/www.smglanguages.com\/wp-content\/uploads\/2022\/09\/Logo-SMG.png\" \/>\n\t<meta property=\"og:image:width\" content=\"882\" \/>\n\t<meta property=\"og:image:height\" content=\"546\" \/>\n\t<meta property=\"og:image:type\" content=\"image\/png\" \/>\n<meta name=\"twitter:card\" content=\"summary_large_image\" \/>\n<meta name=\"twitter:label1\" content=\"Dur\u00e9e de lecture estim\u00e9e\" \/>\n\t<meta name=\"twitter:data1\" content=\"11 minutes\" \/>\n<script type=\"application\/ld+json\" class=\"yoast-schema-graph\">{\"@context\":\"https:\/\/schema.org\",\"@graph\":[{\"@type\":\"WebPage\",\"@id\":\"https:\/\/www.smglanguages.com\/fr\/service-interpretes\/mediation-interculturelle\/\",\"url\":\"https:\/\/www.smglanguages.com\/fr\/service-interpretes\/mediation-interculturelle\/\",\"name\":\"Service de m\u00e9diation linguistique et interculturelle - SMG Languages\",\"isPartOf\":{\"@id\":\"https:\/\/www.smglanguages.com\/fr\/#website\"},\"datePublished\":\"2018-04-18T07:46:08+00:00\",\"dateModified\":\"2025-07-29T15:39:59+00:00\",\"description\":\"Le service de m\u00e9diation linguistique et interculturelle de SMG Languages a \u00e9t\u00e9 sp\u00e9cifiquement con\u00e7u pour satisfaire aux exigences des administrations publiques et des grandes organisations et enterprises qui ont besoin d\u2019une assistance linguistique culturelle pour g\u00e9rer le dialogue avec des personnes de cultures et d\u2019ethnies diff\u00e9rentes de la leur.\",\"breadcrumb\":{\"@id\":\"https:\/\/www.smglanguages.com\/fr\/service-interpretes\/mediation-interculturelle\/#breadcrumb\"},\"inLanguage\":\"fr-FR\",\"potentialAction\":[{\"@type\":\"ReadAction\",\"target\":[\"https:\/\/www.smglanguages.com\/fr\/service-interpretes\/mediation-interculturelle\/\"]}]},{\"@type\":\"BreadcrumbList\",\"@id\":\"https:\/\/www.smglanguages.com\/fr\/service-interpretes\/mediation-interculturelle\/#breadcrumb\",\"itemListElement\":[{\"@type\":\"ListItem\",\"position\":1,\"name\":\"Home\",\"item\":\"https:\/\/www.smglanguages.com\/fr\/\"},{\"@type\":\"ListItem\",\"position\":2,\"name\":\"Service d\u2019interpr\u00e8tes\",\"item\":\"https:\/\/www.smglanguages.com\/fr\/service-interpretes\/?lang=fr\"},{\"@type\":\"ListItem\",\"position\":3,\"name\":\"M\u00e9diation culturelle\"}]},{\"@type\":\"WebSite\",\"@id\":\"https:\/\/www.smglanguages.com\/fr\/#website\",\"url\":\"https:\/\/www.smglanguages.com\/fr\/\",\"name\":\"SMG Languages\",\"description\":\"\",\"publisher\":{\"@id\":\"https:\/\/www.smglanguages.com\/fr\/#organization\"},\"alternateName\":\"Studio Moretto Group\",\"potentialAction\":[{\"@type\":\"SearchAction\",\"target\":{\"@type\":\"EntryPoint\",\"urlTemplate\":\"https:\/\/www.smglanguages.com\/fr\/?s={search_term_string}\"},\"query-input\":{\"@type\":\"PropertyValueSpecification\",\"valueRequired\":true,\"valueName\":\"search_term_string\"}}],\"inLanguage\":\"fr-FR\"},{\"@type\":\"Organization\",\"@id\":\"https:\/\/www.smglanguages.com\/fr\/#organization\",\"name\":\"Studio Moretto Group\",\"alternateName\":\"SMG Languages\",\"url\":\"https:\/\/www.smglanguages.com\/fr\/\",\"logo\":{\"@type\":\"ImageObject\",\"inLanguage\":\"fr-FR\",\"@id\":\"https:\/\/www.smglanguages.com\/fr\/#\/schema\/logo\/image\/\",\"url\":\"https:\/\/www.smglanguages.com\/wp-content\/uploads\/2022\/09\/Logo-SMG.png\",\"contentUrl\":\"https:\/\/www.smglanguages.com\/wp-content\/uploads\/2022\/09\/Logo-SMG.png\",\"width\":882,\"height\":546,\"caption\":\"Studio Moretto Group\"},\"image\":{\"@id\":\"https:\/\/www.smglanguages.com\/fr\/#\/schema\/logo\/image\/\"},\"sameAs\":[\"https:\/\/it-it.facebook.com\/smgstudiomorettogroup\/\",\"https:\/\/it.linkedin.com\/company\/studio-moretto-group-srl\"]}]}<\/script>\n<!-- \/ Yoast SEO plugin. -->","yoast_head_json":{"title":"Service de m\u00e9diation linguistique et interculturelle - SMG Languages","description":"Le service de m\u00e9diation linguistique et interculturelle de SMG Languages a \u00e9t\u00e9 sp\u00e9cifiquement con\u00e7u pour satisfaire aux exigences des administrations publiques et des grandes organisations et enterprises qui ont besoin d\u2019une assistance linguistique culturelle pour g\u00e9rer le dialogue avec des personnes de cultures et d\u2019ethnies diff\u00e9rentes de la leur.","robots":{"index":"index","follow":"follow","max-snippet":"max-snippet:-1","max-image-preview":"max-image-preview:large","max-video-preview":"max-video-preview:-1"},"canonical":"https:\/\/www.smglanguages.com\/fr\/service-interpretes\/mediation-interculturelle\/","og_locale":"fr_FR","og_type":"article","og_title":"Service de m\u00e9diation linguistique et interculturelle - SMG Languages","og_description":"Le service de m\u00e9diation linguistique et interculturelle de SMG Languages a \u00e9t\u00e9 sp\u00e9cifiquement con\u00e7u pour satisfaire aux exigences des administrations publiques et des grandes organisations et enterprises qui ont besoin d\u2019une assistance linguistique culturelle pour g\u00e9rer le dialogue avec des personnes de cultures et d\u2019ethnies diff\u00e9rentes de la leur.","og_url":"https:\/\/www.smglanguages.com\/fr\/service-interpretes\/mediation-interculturelle\/","og_site_name":"SMG Languages","article_publisher":"https:\/\/it-it.facebook.com\/smgstudiomorettogroup\/","article_modified_time":"2025-07-29T15:39:59+00:00","og_image":[{"width":882,"height":546,"url":"https:\/\/www.smglanguages.com\/wp-content\/uploads\/2022\/09\/Logo-SMG.png","type":"image\/png"}],"twitter_card":"summary_large_image","twitter_misc":{"Dur\u00e9e de lecture estim\u00e9e":"11 minutes"},"schema":{"@context":"https:\/\/schema.org","@graph":[{"@type":"WebPage","@id":"https:\/\/www.smglanguages.com\/fr\/service-interpretes\/mediation-interculturelle\/","url":"https:\/\/www.smglanguages.com\/fr\/service-interpretes\/mediation-interculturelle\/","name":"Service de m\u00e9diation linguistique et interculturelle - SMG Languages","isPartOf":{"@id":"https:\/\/www.smglanguages.com\/fr\/#website"},"datePublished":"2018-04-18T07:46:08+00:00","dateModified":"2025-07-29T15:39:59+00:00","description":"Le service de m\u00e9diation linguistique et interculturelle de SMG Languages a \u00e9t\u00e9 sp\u00e9cifiquement con\u00e7u pour satisfaire aux exigences des administrations publiques et des grandes organisations et enterprises qui ont besoin d\u2019une assistance linguistique culturelle pour g\u00e9rer le dialogue avec des personnes de cultures et d\u2019ethnies diff\u00e9rentes de la leur.","breadcrumb":{"@id":"https:\/\/www.smglanguages.com\/fr\/service-interpretes\/mediation-interculturelle\/#breadcrumb"},"inLanguage":"fr-FR","potentialAction":[{"@type":"ReadAction","target":["https:\/\/www.smglanguages.com\/fr\/service-interpretes\/mediation-interculturelle\/"]}]},{"@type":"BreadcrumbList","@id":"https:\/\/www.smglanguages.com\/fr\/service-interpretes\/mediation-interculturelle\/#breadcrumb","itemListElement":[{"@type":"ListItem","position":1,"name":"Home","item":"https:\/\/www.smglanguages.com\/fr\/"},{"@type":"ListItem","position":2,"name":"Service d\u2019interpr\u00e8tes","item":"https:\/\/www.smglanguages.com\/fr\/service-interpretes\/?lang=fr"},{"@type":"ListItem","position":3,"name":"M\u00e9diation culturelle"}]},{"@type":"WebSite","@id":"https:\/\/www.smglanguages.com\/fr\/#website","url":"https:\/\/www.smglanguages.com\/fr\/","name":"SMG Languages","description":"","publisher":{"@id":"https:\/\/www.smglanguages.com\/fr\/#organization"},"alternateName":"Studio Moretto Group","potentialAction":[{"@type":"SearchAction","target":{"@type":"EntryPoint","urlTemplate":"https:\/\/www.smglanguages.com\/fr\/?s={search_term_string}"},"query-input":{"@type":"PropertyValueSpecification","valueRequired":true,"valueName":"search_term_string"}}],"inLanguage":"fr-FR"},{"@type":"Organization","@id":"https:\/\/www.smglanguages.com\/fr\/#organization","name":"Studio Moretto Group","alternateName":"SMG Languages","url":"https:\/\/www.smglanguages.com\/fr\/","logo":{"@type":"ImageObject","inLanguage":"fr-FR","@id":"https:\/\/www.smglanguages.com\/fr\/#\/schema\/logo\/image\/","url":"https:\/\/www.smglanguages.com\/wp-content\/uploads\/2022\/09\/Logo-SMG.png","contentUrl":"https:\/\/www.smglanguages.com\/wp-content\/uploads\/2022\/09\/Logo-SMG.png","width":882,"height":546,"caption":"Studio Moretto Group"},"image":{"@id":"https:\/\/www.smglanguages.com\/fr\/#\/schema\/logo\/image\/"},"sameAs":["https:\/\/it-it.facebook.com\/smgstudiomorettogroup\/","https:\/\/it.linkedin.com\/company\/studio-moretto-group-srl"]}]}},"_links":{"self":[{"href":"https:\/\/www.smglanguages.com\/fr\/wp-json\/wp\/v2\/pages\/32669","targetHints":{"allow":["GET"]}}],"collection":[{"href":"https:\/\/www.smglanguages.com\/fr\/wp-json\/wp\/v2\/pages"}],"about":[{"href":"https:\/\/www.smglanguages.com\/fr\/wp-json\/wp\/v2\/types\/page"}],"author":[{"embeddable":true,"href":"https:\/\/www.smglanguages.com\/fr\/wp-json\/wp\/v2\/users\/2"}],"replies":[{"embeddable":true,"href":"https:\/\/www.smglanguages.com\/fr\/wp-json\/wp\/v2\/comments?post=32669"}],"version-history":[{"count":0,"href":"https:\/\/www.smglanguages.com\/fr\/wp-json\/wp\/v2\/pages\/32669\/revisions"}],"up":[{"embeddable":true,"href":"https:\/\/www.smglanguages.com\/fr\/wp-json\/wp\/v2\/pages\/33288"}],"wp:attachment":[{"href":"https:\/\/www.smglanguages.com\/fr\/wp-json\/wp\/v2\/media?parent=32669"}],"curies":[{"name":"wp","href":"https:\/\/api.w.org\/{rel}","templated":true}]}}