{"id":33022,"date":"2018-04-04T11:08:56","date_gmt":"2018-04-04T11:08:56","guid":{"rendered":"https:\/\/www.smglanguages.com\/pubblicazione"},"modified":"2025-06-16T10:05:14","modified_gmt":"2025-06-16T08:05:14","slug":"publication","status":"publish","type":"page","link":"https:\/\/www.smglanguages.com\/fr\/publication\/","title":{"rendered":"Publication : graphisme\/web\/vid\u00e9os"},"content":{"rendered":"","protected":false},"excerpt":{"rendered":"","protected":false},"author":2,"featured_media":0,"parent":0,"menu_order":0,"comment_status":"closed","ping_status":"closed","template":"templates\/flexible-content.php","meta":{"_acf_changed":false,"footnotes":""},"class_list":["post-33022","page","type-page","status-publish","hentry"],"acf":[],"yoast_head":"<!-- This site is optimized with the Yoast SEO plugin v27.2 - https:\/\/yoast.com\/product\/yoast-seo-wordpress\/ -->\n<title>Services de publication multilingue - SMG Languages<\/title>\n<meta name=\"description\" content=\"Gr\u00e2ce \u00e0 de nombreuses ann\u00e9es d\u2019exp\u00e9rience dans la traduction sp\u00e9cialis\u00e9e auxquelles s\u2019ajoute une infrastructure technique parmi les plus \u00e9tendues et les plus consolid\u00e9es du secteur de la publication multilingue, SMG Languages fournit des services de publication multim\u00e9dia de contenus en langue \u00e9trang\u00e8re, qu\u2019ils soient textuels, graphiques, audio, vid\u00e9o ou autres ou pour l\u2019impression.\" \/>\n<meta name=\"robots\" content=\"index, follow, max-snippet:-1, max-image-preview:large, max-video-preview:-1\" \/>\n<link rel=\"canonical\" href=\"https:\/\/www.smglanguages.com\/fr\/publication\/\" \/>\n<meta property=\"og:locale\" content=\"fr_FR\" \/>\n<meta property=\"og:type\" content=\"article\" \/>\n<meta property=\"og:title\" content=\"Services de publication multilingue - SMG Languages\" \/>\n<meta property=\"og:description\" content=\"Gr\u00e2ce \u00e0 de nombreuses ann\u00e9es d\u2019exp\u00e9rience dans la traduction sp\u00e9cialis\u00e9e auxquelles s\u2019ajoute une infrastructure technique parmi les plus \u00e9tendues et les plus consolid\u00e9es du secteur de la publication multilingue, SMG Languages fournit des services de publication multim\u00e9dia de contenus en langue \u00e9trang\u00e8re, qu\u2019ils soient textuels, graphiques, audio, vid\u00e9o ou autres ou pour l\u2019impression.\" \/>\n<meta property=\"og:url\" content=\"https:\/\/www.smglanguages.com\/fr\/publication\/\" \/>\n<meta property=\"og:site_name\" content=\"SMG Languages\" \/>\n<meta property=\"article:publisher\" content=\"https:\/\/it-it.facebook.com\/smgstudiomorettogroup\/\" \/>\n<meta property=\"article:modified_time\" content=\"2025-06-16T08:05:14+00:00\" \/>\n<meta property=\"og:image\" content=\"https:\/\/www.smglanguages.com\/wp-content\/uploads\/2022\/09\/Logo-SMG.png\" \/>\n\t<meta property=\"og:image:width\" content=\"882\" \/>\n\t<meta property=\"og:image:height\" content=\"546\" \/>\n\t<meta property=\"og:image:type\" content=\"image\/png\" \/>\n<meta name=\"twitter:card\" content=\"summary_large_image\" \/>\n<meta name=\"twitter:label1\" content=\"Dur\u00e9e de lecture estim\u00e9e\" \/>\n\t<meta name=\"twitter:data1\" content=\"4 minutes\" \/>\n<script type=\"application\/ld+json\" class=\"yoast-schema-graph\">{\"@context\":\"https:\/\/schema.org\",\"@graph\":[{\"@type\":\"WebPage\",\"@id\":\"https:\/\/www.smglanguages.com\/fr\/publication\/\",\"url\":\"https:\/\/www.smglanguages.com\/fr\/publication\/\",\"name\":\"Services de publication multilingue - SMG Languages\",\"isPartOf\":{\"@id\":\"https:\/\/www.smglanguages.com\/fr\/#website\"},\"datePublished\":\"2018-04-04T11:08:56+00:00\",\"dateModified\":\"2025-06-16T08:05:14+00:00\",\"description\":\"Gr\u00e2ce \u00e0 de nombreuses ann\u00e9es d\u2019exp\u00e9rience dans la traduction sp\u00e9cialis\u00e9e auxquelles s\u2019ajoute une infrastructure technique parmi les plus \u00e9tendues et les plus consolid\u00e9es du secteur de la publication multilingue, SMG Languages fournit des services de publication multim\u00e9dia de contenus en langue \u00e9trang\u00e8re, qu\u2019ils soient textuels, graphiques, audio, vid\u00e9o ou autres ou pour l\u2019impression.\",\"breadcrumb\":{\"@id\":\"https:\/\/www.smglanguages.com\/fr\/publication\/#breadcrumb\"},\"inLanguage\":\"fr-FR\",\"potentialAction\":[{\"@type\":\"ReadAction\",\"target\":[\"https:\/\/www.smglanguages.com\/fr\/publication\/\"]}]},{\"@type\":\"BreadcrumbList\",\"@id\":\"https:\/\/www.smglanguages.com\/fr\/publication\/#breadcrumb\",\"itemListElement\":[{\"@type\":\"ListItem\",\"position\":1,\"name\":\"Home\",\"item\":\"https:\/\/www.smglanguages.com\/fr\/\"},{\"@type\":\"ListItem\",\"position\":2,\"name\":\"Publication : graphisme\/web\/vid\u00e9os\"}]},{\"@type\":\"WebSite\",\"@id\":\"https:\/\/www.smglanguages.com\/fr\/#website\",\"url\":\"https:\/\/www.smglanguages.com\/fr\/\",\"name\":\"SMG Languages\",\"description\":\"\",\"publisher\":{\"@id\":\"https:\/\/www.smglanguages.com\/fr\/#organization\"},\"alternateName\":\"Studio Moretto Group\",\"potentialAction\":[{\"@type\":\"SearchAction\",\"target\":{\"@type\":\"EntryPoint\",\"urlTemplate\":\"https:\/\/www.smglanguages.com\/fr\/?s={search_term_string}\"},\"query-input\":{\"@type\":\"PropertyValueSpecification\",\"valueRequired\":true,\"valueName\":\"search_term_string\"}}],\"inLanguage\":\"fr-FR\"},{\"@type\":\"Organization\",\"@id\":\"https:\/\/www.smglanguages.com\/fr\/#organization\",\"name\":\"Studio Moretto Group\",\"alternateName\":\"SMG Languages\",\"url\":\"https:\/\/www.smglanguages.com\/fr\/\",\"logo\":{\"@type\":\"ImageObject\",\"inLanguage\":\"fr-FR\",\"@id\":\"https:\/\/www.smglanguages.com\/fr\/#\/schema\/logo\/image\/\",\"url\":\"https:\/\/www.smglanguages.com\/wp-content\/uploads\/2022\/09\/Logo-SMG.png\",\"contentUrl\":\"https:\/\/www.smglanguages.com\/wp-content\/uploads\/2022\/09\/Logo-SMG.png\",\"width\":882,\"height\":546,\"caption\":\"Studio Moretto Group\"},\"image\":{\"@id\":\"https:\/\/www.smglanguages.com\/fr\/#\/schema\/logo\/image\/\"},\"sameAs\":[\"https:\/\/it-it.facebook.com\/smgstudiomorettogroup\/\",\"https:\/\/it.linkedin.com\/company\/studio-moretto-group-srl\"]}]}<\/script>\n<!-- \/ Yoast SEO plugin. -->","yoast_head_json":{"title":"Services de publication multilingue - SMG Languages","description":"Gr\u00e2ce \u00e0 de nombreuses ann\u00e9es d\u2019exp\u00e9rience dans la traduction sp\u00e9cialis\u00e9e auxquelles s\u2019ajoute une infrastructure technique parmi les plus \u00e9tendues et les plus consolid\u00e9es du secteur de la publication multilingue, SMG Languages fournit des services de publication multim\u00e9dia de contenus en langue \u00e9trang\u00e8re, qu\u2019ils soient textuels, graphiques, audio, vid\u00e9o ou autres ou pour l\u2019impression.","robots":{"index":"index","follow":"follow","max-snippet":"max-snippet:-1","max-image-preview":"max-image-preview:large","max-video-preview":"max-video-preview:-1"},"canonical":"https:\/\/www.smglanguages.com\/fr\/publication\/","og_locale":"fr_FR","og_type":"article","og_title":"Services de publication multilingue - SMG Languages","og_description":"Gr\u00e2ce \u00e0 de nombreuses ann\u00e9es d\u2019exp\u00e9rience dans la traduction sp\u00e9cialis\u00e9e auxquelles s\u2019ajoute une infrastructure technique parmi les plus \u00e9tendues et les plus consolid\u00e9es du secteur de la publication multilingue, SMG Languages fournit des services de publication multim\u00e9dia de contenus en langue \u00e9trang\u00e8re, qu\u2019ils soient textuels, graphiques, audio, vid\u00e9o ou autres ou pour l\u2019impression.","og_url":"https:\/\/www.smglanguages.com\/fr\/publication\/","og_site_name":"SMG Languages","article_publisher":"https:\/\/it-it.facebook.com\/smgstudiomorettogroup\/","article_modified_time":"2025-06-16T08:05:14+00:00","og_image":[{"width":882,"height":546,"url":"https:\/\/www.smglanguages.com\/wp-content\/uploads\/2022\/09\/Logo-SMG.png","type":"image\/png"}],"twitter_card":"summary_large_image","twitter_misc":{"Dur\u00e9e de lecture estim\u00e9e":"4 minutes"},"schema":{"@context":"https:\/\/schema.org","@graph":[{"@type":"WebPage","@id":"https:\/\/www.smglanguages.com\/fr\/publication\/","url":"https:\/\/www.smglanguages.com\/fr\/publication\/","name":"Services de publication multilingue - SMG Languages","isPartOf":{"@id":"https:\/\/www.smglanguages.com\/fr\/#website"},"datePublished":"2018-04-04T11:08:56+00:00","dateModified":"2025-06-16T08:05:14+00:00","description":"Gr\u00e2ce \u00e0 de nombreuses ann\u00e9es d\u2019exp\u00e9rience dans la traduction sp\u00e9cialis\u00e9e auxquelles s\u2019ajoute une infrastructure technique parmi les plus \u00e9tendues et les plus consolid\u00e9es du secteur de la publication multilingue, SMG Languages fournit des services de publication multim\u00e9dia de contenus en langue \u00e9trang\u00e8re, qu\u2019ils soient textuels, graphiques, audio, vid\u00e9o ou autres ou pour l\u2019impression.","breadcrumb":{"@id":"https:\/\/www.smglanguages.com\/fr\/publication\/#breadcrumb"},"inLanguage":"fr-FR","potentialAction":[{"@type":"ReadAction","target":["https:\/\/www.smglanguages.com\/fr\/publication\/"]}]},{"@type":"BreadcrumbList","@id":"https:\/\/www.smglanguages.com\/fr\/publication\/#breadcrumb","itemListElement":[{"@type":"ListItem","position":1,"name":"Home","item":"https:\/\/www.smglanguages.com\/fr\/"},{"@type":"ListItem","position":2,"name":"Publication : graphisme\/web\/vid\u00e9os"}]},{"@type":"WebSite","@id":"https:\/\/www.smglanguages.com\/fr\/#website","url":"https:\/\/www.smglanguages.com\/fr\/","name":"SMG Languages","description":"","publisher":{"@id":"https:\/\/www.smglanguages.com\/fr\/#organization"},"alternateName":"Studio Moretto Group","potentialAction":[{"@type":"SearchAction","target":{"@type":"EntryPoint","urlTemplate":"https:\/\/www.smglanguages.com\/fr\/?s={search_term_string}"},"query-input":{"@type":"PropertyValueSpecification","valueRequired":true,"valueName":"search_term_string"}}],"inLanguage":"fr-FR"},{"@type":"Organization","@id":"https:\/\/www.smglanguages.com\/fr\/#organization","name":"Studio Moretto Group","alternateName":"SMG Languages","url":"https:\/\/www.smglanguages.com\/fr\/","logo":{"@type":"ImageObject","inLanguage":"fr-FR","@id":"https:\/\/www.smglanguages.com\/fr\/#\/schema\/logo\/image\/","url":"https:\/\/www.smglanguages.com\/wp-content\/uploads\/2022\/09\/Logo-SMG.png","contentUrl":"https:\/\/www.smglanguages.com\/wp-content\/uploads\/2022\/09\/Logo-SMG.png","width":882,"height":546,"caption":"Studio Moretto Group"},"image":{"@id":"https:\/\/www.smglanguages.com\/fr\/#\/schema\/logo\/image\/"},"sameAs":["https:\/\/it-it.facebook.com\/smgstudiomorettogroup\/","https:\/\/it.linkedin.com\/company\/studio-moretto-group-srl"]}]}},"_links":{"self":[{"href":"https:\/\/www.smglanguages.com\/fr\/wp-json\/wp\/v2\/pages\/33022","targetHints":{"allow":["GET"]}}],"collection":[{"href":"https:\/\/www.smglanguages.com\/fr\/wp-json\/wp\/v2\/pages"}],"about":[{"href":"https:\/\/www.smglanguages.com\/fr\/wp-json\/wp\/v2\/types\/page"}],"author":[{"embeddable":true,"href":"https:\/\/www.smglanguages.com\/fr\/wp-json\/wp\/v2\/users\/2"}],"replies":[{"embeddable":true,"href":"https:\/\/www.smglanguages.com\/fr\/wp-json\/wp\/v2\/comments?post=33022"}],"version-history":[{"count":0,"href":"https:\/\/www.smglanguages.com\/fr\/wp-json\/wp\/v2\/pages\/33022\/revisions"}],"wp:attachment":[{"href":"https:\/\/www.smglanguages.com\/fr\/wp-json\/wp\/v2\/media?parent=33022"}],"curies":[{"name":"wp","href":"https:\/\/api.w.org\/{rel}","templated":true}]}}