{"id":37525,"date":"2018-04-03T10:04:09","date_gmt":"2018-04-03T10:04:09","guid":{"rendered":"https:\/\/www.smglanguages.com\/traduzioni-professionali"},"modified":"2025-07-28T10:02:50","modified_gmt":"2025-07-28T08:02:50","slug":"services-traduction","status":"publish","type":"page","link":"https:\/\/www.smglanguages.com\/fr\/services-traduction\/","title":{"rendered":"Traduction sp\u00e9cialis\u00e9e"},"content":{"rendered":"","protected":false},"excerpt":{"rendered":"","protected":false},"author":2,"featured_media":0,"parent":0,"menu_order":0,"comment_status":"closed","ping_status":"closed","template":"templates\/flexible-content.php","meta":{"_acf_changed":false,"footnotes":""},"class_list":["post-37525","page","type-page","status-publish","hentry"],"acf":[],"yoast_head":"<!-- This site is optimized with the Yoast SEO plugin v27.2 - https:\/\/yoast.com\/product\/yoast-seo-wordpress\/ -->\n<title>Services de traduction sp\u00e9cialis\u00e9e, certifi\u00e9s ISO 17100 et UNI EN 15038<\/title>\n<meta name=\"description\" content=\"Nos bureaux pr\u00e9sents dans le monde entier traduisent des textes sp\u00e9cialis\u00e9s vers plus de 160 langues, en fournissant un service de traduction professionnelle d\u00e9j\u00e0 appr\u00e9ci\u00e9 par de prestigieux clients tels que le minist\u00e8re de la D\u00e9fense italien, l&#039;Union europ\u00e9enne et la Cour de cassation fran\u00e7aise. Les traductions sont effectu\u00e9es par un personnel de langue maternelle sp\u00e9cialis\u00e9 et sont soumises \u00e0 des contr\u00f4les qualit\u00e9 UNI EN 15038 et ISO 17100.\" \/>\n<meta name=\"robots\" content=\"index, follow, max-snippet:-1, max-image-preview:large, max-video-preview:-1\" \/>\n<link rel=\"canonical\" href=\"https:\/\/www.smglanguages.com\/fr\/services-traduction\/\" \/>\n<meta property=\"og:locale\" content=\"fr_FR\" \/>\n<meta property=\"og:type\" content=\"article\" \/>\n<meta property=\"og:title\" content=\"Services de traduction sp\u00e9cialis\u00e9e, certifi\u00e9s ISO 17100 et UNI EN 15038\" \/>\n<meta property=\"og:description\" content=\"Nos bureaux pr\u00e9sents dans le monde entier traduisent des textes sp\u00e9cialis\u00e9s vers plus de 160 langues, en fournissant un service de traduction professionnelle d\u00e9j\u00e0 appr\u00e9ci\u00e9 par de prestigieux clients tels que le minist\u00e8re de la D\u00e9fense italien, l&#039;Union europ\u00e9enne et la Cour de cassation fran\u00e7aise. Les traductions sont effectu\u00e9es par un personnel de langue maternelle sp\u00e9cialis\u00e9 et sont soumises \u00e0 des contr\u00f4les qualit\u00e9 UNI EN 15038 et ISO 17100.\" \/>\n<meta property=\"og:url\" content=\"https:\/\/www.smglanguages.com\/fr\/services-traduction\/\" \/>\n<meta property=\"og:site_name\" content=\"SMG Languages\" \/>\n<meta property=\"article:publisher\" content=\"https:\/\/it-it.facebook.com\/smgstudiomorettogroup\/\" \/>\n<meta property=\"article:modified_time\" content=\"2025-07-28T08:02:50+00:00\" \/>\n<meta property=\"og:image\" content=\"https:\/\/www.smglanguages.com\/wp-content\/uploads\/2022\/09\/Logo-SMG.png\" \/>\n\t<meta property=\"og:image:width\" content=\"882\" \/>\n\t<meta property=\"og:image:height\" content=\"546\" \/>\n\t<meta property=\"og:image:type\" content=\"image\/png\" \/>\n<meta name=\"twitter:card\" content=\"summary_large_image\" \/>\n<meta name=\"twitter:label1\" content=\"Dur\u00e9e de lecture estim\u00e9e\" \/>\n\t<meta name=\"twitter:data1\" content=\"18 minutes\" \/>\n<script type=\"application\/ld+json\" class=\"yoast-schema-graph\">{\"@context\":\"https:\/\/schema.org\",\"@graph\":[{\"@type\":\"WebPage\",\"@id\":\"https:\/\/www.smglanguages.com\/fr\/services-traduction\/\",\"url\":\"https:\/\/www.smglanguages.com\/fr\/services-traduction\/\",\"name\":\"Services de traduction sp\u00e9cialis\u00e9e, certifi\u00e9s ISO 17100 et UNI EN 15038\",\"isPartOf\":{\"@id\":\"https:\/\/www.smglanguages.com\/fr\/#website\"},\"datePublished\":\"2018-04-03T10:04:09+00:00\",\"dateModified\":\"2025-07-28T08:02:50+00:00\",\"description\":\"Nos bureaux pr\u00e9sents dans le monde entier traduisent des textes sp\u00e9cialis\u00e9s vers plus de 160 langues, en fournissant un service de traduction professionnelle d\u00e9j\u00e0 appr\u00e9ci\u00e9 par de prestigieux clients tels que le minist\u00e8re de la D\u00e9fense italien, l'Union europ\u00e9enne et la Cour de cassation fran\u00e7aise. Les traductions sont effectu\u00e9es par un personnel de langue maternelle sp\u00e9cialis\u00e9 et sont soumises \u00e0 des contr\u00f4les qualit\u00e9 UNI EN 15038 et ISO 17100.\",\"breadcrumb\":{\"@id\":\"https:\/\/www.smglanguages.com\/fr\/services-traduction\/#breadcrumb\"},\"inLanguage\":\"fr-FR\",\"potentialAction\":[{\"@type\":\"ReadAction\",\"target\":[\"https:\/\/www.smglanguages.com\/fr\/services-traduction\/\"]}]},{\"@type\":\"BreadcrumbList\",\"@id\":\"https:\/\/www.smglanguages.com\/fr\/services-traduction\/#breadcrumb\",\"itemListElement\":[{\"@type\":\"ListItem\",\"position\":1,\"name\":\"Home\",\"item\":\"https:\/\/www.smglanguages.com\/fr\/\"},{\"@type\":\"ListItem\",\"position\":2,\"name\":\"Traduction sp\u00e9cialis\u00e9e\"}]},{\"@type\":\"WebSite\",\"@id\":\"https:\/\/www.smglanguages.com\/fr\/#website\",\"url\":\"https:\/\/www.smglanguages.com\/fr\/\",\"name\":\"SMG Languages\",\"description\":\"\",\"publisher\":{\"@id\":\"https:\/\/www.smglanguages.com\/fr\/#organization\"},\"alternateName\":\"Studio Moretto Group\",\"potentialAction\":[{\"@type\":\"SearchAction\",\"target\":{\"@type\":\"EntryPoint\",\"urlTemplate\":\"https:\/\/www.smglanguages.com\/fr\/?s={search_term_string}\"},\"query-input\":{\"@type\":\"PropertyValueSpecification\",\"valueRequired\":true,\"valueName\":\"search_term_string\"}}],\"inLanguage\":\"fr-FR\"},{\"@type\":\"Organization\",\"@id\":\"https:\/\/www.smglanguages.com\/fr\/#organization\",\"name\":\"Studio Moretto Group\",\"alternateName\":\"SMG Languages\",\"url\":\"https:\/\/www.smglanguages.com\/fr\/\",\"logo\":{\"@type\":\"ImageObject\",\"inLanguage\":\"fr-FR\",\"@id\":\"https:\/\/www.smglanguages.com\/fr\/#\/schema\/logo\/image\/\",\"url\":\"https:\/\/www.smglanguages.com\/wp-content\/uploads\/2022\/09\/Logo-SMG.png\",\"contentUrl\":\"https:\/\/www.smglanguages.com\/wp-content\/uploads\/2022\/09\/Logo-SMG.png\",\"width\":882,\"height\":546,\"caption\":\"Studio Moretto Group\"},\"image\":{\"@id\":\"https:\/\/www.smglanguages.com\/fr\/#\/schema\/logo\/image\/\"},\"sameAs\":[\"https:\/\/it-it.facebook.com\/smgstudiomorettogroup\/\",\"https:\/\/it.linkedin.com\/company\/studio-moretto-group-srl\"]}]}<\/script>\n<!-- \/ Yoast SEO plugin. -->","yoast_head_json":{"title":"Services de traduction sp\u00e9cialis\u00e9e, certifi\u00e9s ISO 17100 et UNI EN 15038","description":"Nos bureaux pr\u00e9sents dans le monde entier traduisent des textes sp\u00e9cialis\u00e9s vers plus de 160 langues, en fournissant un service de traduction professionnelle d\u00e9j\u00e0 appr\u00e9ci\u00e9 par de prestigieux clients tels que le minist\u00e8re de la D\u00e9fense italien, l'Union europ\u00e9enne et la Cour de cassation fran\u00e7aise. Les traductions sont effectu\u00e9es par un personnel de langue maternelle sp\u00e9cialis\u00e9 et sont soumises \u00e0 des contr\u00f4les qualit\u00e9 UNI EN 15038 et ISO 17100.","robots":{"index":"index","follow":"follow","max-snippet":"max-snippet:-1","max-image-preview":"max-image-preview:large","max-video-preview":"max-video-preview:-1"},"canonical":"https:\/\/www.smglanguages.com\/fr\/services-traduction\/","og_locale":"fr_FR","og_type":"article","og_title":"Services de traduction sp\u00e9cialis\u00e9e, certifi\u00e9s ISO 17100 et UNI EN 15038","og_description":"Nos bureaux pr\u00e9sents dans le monde entier traduisent des textes sp\u00e9cialis\u00e9s vers plus de 160 langues, en fournissant un service de traduction professionnelle d\u00e9j\u00e0 appr\u00e9ci\u00e9 par de prestigieux clients tels que le minist\u00e8re de la D\u00e9fense italien, l'Union europ\u00e9enne et la Cour de cassation fran\u00e7aise. Les traductions sont effectu\u00e9es par un personnel de langue maternelle sp\u00e9cialis\u00e9 et sont soumises \u00e0 des contr\u00f4les qualit\u00e9 UNI EN 15038 et ISO 17100.","og_url":"https:\/\/www.smglanguages.com\/fr\/services-traduction\/","og_site_name":"SMG Languages","article_publisher":"https:\/\/it-it.facebook.com\/smgstudiomorettogroup\/","article_modified_time":"2025-07-28T08:02:50+00:00","og_image":[{"width":882,"height":546,"url":"https:\/\/www.smglanguages.com\/wp-content\/uploads\/2022\/09\/Logo-SMG.png","type":"image\/png"}],"twitter_card":"summary_large_image","twitter_misc":{"Dur\u00e9e de lecture estim\u00e9e":"18 minutes"},"schema":{"@context":"https:\/\/schema.org","@graph":[{"@type":"WebPage","@id":"https:\/\/www.smglanguages.com\/fr\/services-traduction\/","url":"https:\/\/www.smglanguages.com\/fr\/services-traduction\/","name":"Services de traduction sp\u00e9cialis\u00e9e, certifi\u00e9s ISO 17100 et UNI EN 15038","isPartOf":{"@id":"https:\/\/www.smglanguages.com\/fr\/#website"},"datePublished":"2018-04-03T10:04:09+00:00","dateModified":"2025-07-28T08:02:50+00:00","description":"Nos bureaux pr\u00e9sents dans le monde entier traduisent des textes sp\u00e9cialis\u00e9s vers plus de 160 langues, en fournissant un service de traduction professionnelle d\u00e9j\u00e0 appr\u00e9ci\u00e9 par de prestigieux clients tels que le minist\u00e8re de la D\u00e9fense italien, l'Union europ\u00e9enne et la Cour de cassation fran\u00e7aise. Les traductions sont effectu\u00e9es par un personnel de langue maternelle sp\u00e9cialis\u00e9 et sont soumises \u00e0 des contr\u00f4les qualit\u00e9 UNI EN 15038 et ISO 17100.","breadcrumb":{"@id":"https:\/\/www.smglanguages.com\/fr\/services-traduction\/#breadcrumb"},"inLanguage":"fr-FR","potentialAction":[{"@type":"ReadAction","target":["https:\/\/www.smglanguages.com\/fr\/services-traduction\/"]}]},{"@type":"BreadcrumbList","@id":"https:\/\/www.smglanguages.com\/fr\/services-traduction\/#breadcrumb","itemListElement":[{"@type":"ListItem","position":1,"name":"Home","item":"https:\/\/www.smglanguages.com\/fr\/"},{"@type":"ListItem","position":2,"name":"Traduction sp\u00e9cialis\u00e9e"}]},{"@type":"WebSite","@id":"https:\/\/www.smglanguages.com\/fr\/#website","url":"https:\/\/www.smglanguages.com\/fr\/","name":"SMG Languages","description":"","publisher":{"@id":"https:\/\/www.smglanguages.com\/fr\/#organization"},"alternateName":"Studio Moretto Group","potentialAction":[{"@type":"SearchAction","target":{"@type":"EntryPoint","urlTemplate":"https:\/\/www.smglanguages.com\/fr\/?s={search_term_string}"},"query-input":{"@type":"PropertyValueSpecification","valueRequired":true,"valueName":"search_term_string"}}],"inLanguage":"fr-FR"},{"@type":"Organization","@id":"https:\/\/www.smglanguages.com\/fr\/#organization","name":"Studio Moretto Group","alternateName":"SMG Languages","url":"https:\/\/www.smglanguages.com\/fr\/","logo":{"@type":"ImageObject","inLanguage":"fr-FR","@id":"https:\/\/www.smglanguages.com\/fr\/#\/schema\/logo\/image\/","url":"https:\/\/www.smglanguages.com\/wp-content\/uploads\/2022\/09\/Logo-SMG.png","contentUrl":"https:\/\/www.smglanguages.com\/wp-content\/uploads\/2022\/09\/Logo-SMG.png","width":882,"height":546,"caption":"Studio Moretto Group"},"image":{"@id":"https:\/\/www.smglanguages.com\/fr\/#\/schema\/logo\/image\/"},"sameAs":["https:\/\/it-it.facebook.com\/smgstudiomorettogroup\/","https:\/\/it.linkedin.com\/company\/studio-moretto-group-srl"]}]}},"_links":{"self":[{"href":"https:\/\/www.smglanguages.com\/fr\/wp-json\/wp\/v2\/pages\/37525","targetHints":{"allow":["GET"]}}],"collection":[{"href":"https:\/\/www.smglanguages.com\/fr\/wp-json\/wp\/v2\/pages"}],"about":[{"href":"https:\/\/www.smglanguages.com\/fr\/wp-json\/wp\/v2\/types\/page"}],"author":[{"embeddable":true,"href":"https:\/\/www.smglanguages.com\/fr\/wp-json\/wp\/v2\/users\/2"}],"replies":[{"embeddable":true,"href":"https:\/\/www.smglanguages.com\/fr\/wp-json\/wp\/v2\/comments?post=37525"}],"version-history":[{"count":0,"href":"https:\/\/www.smglanguages.com\/fr\/wp-json\/wp\/v2\/pages\/37525\/revisions"}],"wp:attachment":[{"href":"https:\/\/www.smglanguages.com\/fr\/wp-json\/wp\/v2\/media?parent=37525"}],"curies":[{"name":"wp","href":"https:\/\/api.w.org\/{rel}","templated":true}]}}