{"id":37713,"date":"2018-04-16T10:55:07","date_gmt":"2018-04-16T10:55:07","guid":{"rendered":"https:\/\/www.smglanguages.com\/services-de-traduction\/traduzioni-pa"},"modified":"2025-07-24T17:33:06","modified_gmt":"2025-07-24T15:33:06","slug":"traductions-ap","status":"publish","type":"page","link":"https:\/\/www.smglanguages.com\/fr\/services-traduction\/traductions-ap\/","title":{"rendered":"Traductions administratives"},"content":{"rendered":"","protected":false},"excerpt":{"rendered":"","protected":false},"author":2,"featured_media":0,"parent":37525,"menu_order":0,"comment_status":"closed","ping_status":"closed","template":"templates\/flexible-content.php","meta":{"_acf_changed":false,"footnotes":""},"class_list":["post-37713","page","type-page","status-publish","hentry"],"acf":[],"yoast_head":"<!-- This site is optimized with the Yoast SEO plugin v27.2 - https:\/\/yoast.com\/product\/yoast-seo-wordpress\/ -->\n<title>Servizio de traduction administrative - SMG Languages<\/title>\n<meta name=\"description\" content=\"Le D\u00e9partement de traduction juridique et financi\u00e8re de SMG Languages est sp\u00e9cialis\u00e9 dans la traduction en langue \u00e9trang\u00e8re de textes administratifs. En effet, nous comptons parmi nos clients des institutions telles que l\u2019UE, les R\u00e9gions, les Provinces, les Municipalit\u00e9s, les minist\u00e8res, les agences et institutions gouvernementales.\" \/>\n<meta name=\"robots\" content=\"index, follow, max-snippet:-1, max-image-preview:large, max-video-preview:-1\" \/>\n<link rel=\"canonical\" href=\"https:\/\/www.smglanguages.com\/fr\/services-traduction\/traductions-ap\/\" \/>\n<meta property=\"og:locale\" content=\"fr_FR\" \/>\n<meta property=\"og:type\" content=\"article\" \/>\n<meta property=\"og:title\" content=\"Servizio de traduction administrative - SMG Languages\" \/>\n<meta property=\"og:description\" content=\"Le D\u00e9partement de traduction juridique et financi\u00e8re de SMG Languages est sp\u00e9cialis\u00e9 dans la traduction en langue \u00e9trang\u00e8re de textes administratifs. En effet, nous comptons parmi nos clients des institutions telles que l\u2019UE, les R\u00e9gions, les Provinces, les Municipalit\u00e9s, les minist\u00e8res, les agences et institutions gouvernementales.\" \/>\n<meta property=\"og:url\" content=\"https:\/\/www.smglanguages.com\/fr\/services-traduction\/traductions-ap\/\" \/>\n<meta property=\"og:site_name\" content=\"SMG Languages\" \/>\n<meta property=\"article:publisher\" content=\"https:\/\/it-it.facebook.com\/smgstudiomorettogroup\/\" \/>\n<meta property=\"article:modified_time\" content=\"2025-07-24T15:33:06+00:00\" \/>\n<meta property=\"og:image\" content=\"https:\/\/www.smglanguages.com\/wp-content\/uploads\/2022\/09\/Logo-SMG.png\" \/>\n\t<meta property=\"og:image:width\" content=\"882\" \/>\n\t<meta property=\"og:image:height\" content=\"546\" \/>\n\t<meta property=\"og:image:type\" content=\"image\/png\" \/>\n<meta name=\"twitter:card\" content=\"summary_large_image\" \/>\n<meta name=\"twitter:label1\" content=\"Dur\u00e9e de lecture estim\u00e9e\" \/>\n\t<meta name=\"twitter:data1\" content=\"5 minutes\" \/>\n<script type=\"application\/ld+json\" class=\"yoast-schema-graph\">{\"@context\":\"https:\/\/schema.org\",\"@graph\":[{\"@type\":\"WebPage\",\"@id\":\"https:\/\/www.smglanguages.com\/fr\/services-traduction\/traductions-ap\/\",\"url\":\"https:\/\/www.smglanguages.com\/fr\/services-traduction\/traductions-ap\/\",\"name\":\"Servizio de traduction administrative - SMG Languages\",\"isPartOf\":{\"@id\":\"https:\/\/www.smglanguages.com\/fr\/#website\"},\"datePublished\":\"2018-04-16T10:55:07+00:00\",\"dateModified\":\"2025-07-24T15:33:06+00:00\",\"description\":\"Le D\u00e9partement de traduction juridique et financi\u00e8re de SMG Languages est sp\u00e9cialis\u00e9 dans la traduction en langue \u00e9trang\u00e8re de textes administratifs. En effet, nous comptons parmi nos clients des institutions telles que l\u2019UE, les R\u00e9gions, les Provinces, les Municipalit\u00e9s, les minist\u00e8res, les agences et institutions gouvernementales.\",\"breadcrumb\":{\"@id\":\"https:\/\/www.smglanguages.com\/fr\/services-traduction\/traductions-ap\/#breadcrumb\"},\"inLanguage\":\"fr-FR\",\"potentialAction\":[{\"@type\":\"ReadAction\",\"target\":[\"https:\/\/www.smglanguages.com\/fr\/services-traduction\/traductions-ap\/\"]}]},{\"@type\":\"BreadcrumbList\",\"@id\":\"https:\/\/www.smglanguages.com\/fr\/services-traduction\/traductions-ap\/#breadcrumb\",\"itemListElement\":[{\"@type\":\"ListItem\",\"position\":1,\"name\":\"Home\",\"item\":\"https:\/\/www.smglanguages.com\/fr\/\"},{\"@type\":\"ListItem\",\"position\":2,\"name\":\"Traduction sp\u00e9cialis\u00e9e\",\"item\":\"https:\/\/www.smglanguages.com\/fr\/services-traduction\/?lang=fr\"},{\"@type\":\"ListItem\",\"position\":3,\"name\":\"Traductions administratives\"}]},{\"@type\":\"WebSite\",\"@id\":\"https:\/\/www.smglanguages.com\/fr\/#website\",\"url\":\"https:\/\/www.smglanguages.com\/fr\/\",\"name\":\"SMG Languages\",\"description\":\"\",\"publisher\":{\"@id\":\"https:\/\/www.smglanguages.com\/fr\/#organization\"},\"alternateName\":\"Studio Moretto Group\",\"potentialAction\":[{\"@type\":\"SearchAction\",\"target\":{\"@type\":\"EntryPoint\",\"urlTemplate\":\"https:\/\/www.smglanguages.com\/fr\/?s={search_term_string}\"},\"query-input\":{\"@type\":\"PropertyValueSpecification\",\"valueRequired\":true,\"valueName\":\"search_term_string\"}}],\"inLanguage\":\"fr-FR\"},{\"@type\":\"Organization\",\"@id\":\"https:\/\/www.smglanguages.com\/fr\/#organization\",\"name\":\"Studio Moretto Group\",\"alternateName\":\"SMG Languages\",\"url\":\"https:\/\/www.smglanguages.com\/fr\/\",\"logo\":{\"@type\":\"ImageObject\",\"inLanguage\":\"fr-FR\",\"@id\":\"https:\/\/www.smglanguages.com\/fr\/#\/schema\/logo\/image\/\",\"url\":\"https:\/\/www.smglanguages.com\/wp-content\/uploads\/2022\/09\/Logo-SMG.png\",\"contentUrl\":\"https:\/\/www.smglanguages.com\/wp-content\/uploads\/2022\/09\/Logo-SMG.png\",\"width\":882,\"height\":546,\"caption\":\"Studio Moretto Group\"},\"image\":{\"@id\":\"https:\/\/www.smglanguages.com\/fr\/#\/schema\/logo\/image\/\"},\"sameAs\":[\"https:\/\/it-it.facebook.com\/smgstudiomorettogroup\/\",\"https:\/\/it.linkedin.com\/company\/studio-moretto-group-srl\"]}]}<\/script>\n<!-- \/ Yoast SEO plugin. -->","yoast_head_json":{"title":"Servizio de traduction administrative - SMG Languages","description":"Le D\u00e9partement de traduction juridique et financi\u00e8re de SMG Languages est sp\u00e9cialis\u00e9 dans la traduction en langue \u00e9trang\u00e8re de textes administratifs. En effet, nous comptons parmi nos clients des institutions telles que l\u2019UE, les R\u00e9gions, les Provinces, les Municipalit\u00e9s, les minist\u00e8res, les agences et institutions gouvernementales.","robots":{"index":"index","follow":"follow","max-snippet":"max-snippet:-1","max-image-preview":"max-image-preview:large","max-video-preview":"max-video-preview:-1"},"canonical":"https:\/\/www.smglanguages.com\/fr\/services-traduction\/traductions-ap\/","og_locale":"fr_FR","og_type":"article","og_title":"Servizio de traduction administrative - SMG Languages","og_description":"Le D\u00e9partement de traduction juridique et financi\u00e8re de SMG Languages est sp\u00e9cialis\u00e9 dans la traduction en langue \u00e9trang\u00e8re de textes administratifs. En effet, nous comptons parmi nos clients des institutions telles que l\u2019UE, les R\u00e9gions, les Provinces, les Municipalit\u00e9s, les minist\u00e8res, les agences et institutions gouvernementales.","og_url":"https:\/\/www.smglanguages.com\/fr\/services-traduction\/traductions-ap\/","og_site_name":"SMG Languages","article_publisher":"https:\/\/it-it.facebook.com\/smgstudiomorettogroup\/","article_modified_time":"2025-07-24T15:33:06+00:00","og_image":[{"width":882,"height":546,"url":"https:\/\/www.smglanguages.com\/wp-content\/uploads\/2022\/09\/Logo-SMG.png","type":"image\/png"}],"twitter_card":"summary_large_image","twitter_misc":{"Dur\u00e9e de lecture estim\u00e9e":"5 minutes"},"schema":{"@context":"https:\/\/schema.org","@graph":[{"@type":"WebPage","@id":"https:\/\/www.smglanguages.com\/fr\/services-traduction\/traductions-ap\/","url":"https:\/\/www.smglanguages.com\/fr\/services-traduction\/traductions-ap\/","name":"Servizio de traduction administrative - SMG Languages","isPartOf":{"@id":"https:\/\/www.smglanguages.com\/fr\/#website"},"datePublished":"2018-04-16T10:55:07+00:00","dateModified":"2025-07-24T15:33:06+00:00","description":"Le D\u00e9partement de traduction juridique et financi\u00e8re de SMG Languages est sp\u00e9cialis\u00e9 dans la traduction en langue \u00e9trang\u00e8re de textes administratifs. En effet, nous comptons parmi nos clients des institutions telles que l\u2019UE, les R\u00e9gions, les Provinces, les Municipalit\u00e9s, les minist\u00e8res, les agences et institutions gouvernementales.","breadcrumb":{"@id":"https:\/\/www.smglanguages.com\/fr\/services-traduction\/traductions-ap\/#breadcrumb"},"inLanguage":"fr-FR","potentialAction":[{"@type":"ReadAction","target":["https:\/\/www.smglanguages.com\/fr\/services-traduction\/traductions-ap\/"]}]},{"@type":"BreadcrumbList","@id":"https:\/\/www.smglanguages.com\/fr\/services-traduction\/traductions-ap\/#breadcrumb","itemListElement":[{"@type":"ListItem","position":1,"name":"Home","item":"https:\/\/www.smglanguages.com\/fr\/"},{"@type":"ListItem","position":2,"name":"Traduction sp\u00e9cialis\u00e9e","item":"https:\/\/www.smglanguages.com\/fr\/services-traduction\/?lang=fr"},{"@type":"ListItem","position":3,"name":"Traductions administratives"}]},{"@type":"WebSite","@id":"https:\/\/www.smglanguages.com\/fr\/#website","url":"https:\/\/www.smglanguages.com\/fr\/","name":"SMG Languages","description":"","publisher":{"@id":"https:\/\/www.smglanguages.com\/fr\/#organization"},"alternateName":"Studio Moretto Group","potentialAction":[{"@type":"SearchAction","target":{"@type":"EntryPoint","urlTemplate":"https:\/\/www.smglanguages.com\/fr\/?s={search_term_string}"},"query-input":{"@type":"PropertyValueSpecification","valueRequired":true,"valueName":"search_term_string"}}],"inLanguage":"fr-FR"},{"@type":"Organization","@id":"https:\/\/www.smglanguages.com\/fr\/#organization","name":"Studio Moretto Group","alternateName":"SMG Languages","url":"https:\/\/www.smglanguages.com\/fr\/","logo":{"@type":"ImageObject","inLanguage":"fr-FR","@id":"https:\/\/www.smglanguages.com\/fr\/#\/schema\/logo\/image\/","url":"https:\/\/www.smglanguages.com\/wp-content\/uploads\/2022\/09\/Logo-SMG.png","contentUrl":"https:\/\/www.smglanguages.com\/wp-content\/uploads\/2022\/09\/Logo-SMG.png","width":882,"height":546,"caption":"Studio Moretto Group"},"image":{"@id":"https:\/\/www.smglanguages.com\/fr\/#\/schema\/logo\/image\/"},"sameAs":["https:\/\/it-it.facebook.com\/smgstudiomorettogroup\/","https:\/\/it.linkedin.com\/company\/studio-moretto-group-srl"]}]}},"_links":{"self":[{"href":"https:\/\/www.smglanguages.com\/fr\/wp-json\/wp\/v2\/pages\/37713","targetHints":{"allow":["GET"]}}],"collection":[{"href":"https:\/\/www.smglanguages.com\/fr\/wp-json\/wp\/v2\/pages"}],"about":[{"href":"https:\/\/www.smglanguages.com\/fr\/wp-json\/wp\/v2\/types\/page"}],"author":[{"embeddable":true,"href":"https:\/\/www.smglanguages.com\/fr\/wp-json\/wp\/v2\/users\/2"}],"replies":[{"embeddable":true,"href":"https:\/\/www.smglanguages.com\/fr\/wp-json\/wp\/v2\/comments?post=37713"}],"version-history":[{"count":0,"href":"https:\/\/www.smglanguages.com\/fr\/wp-json\/wp\/v2\/pages\/37713\/revisions"}],"up":[{"embeddable":true,"href":"https:\/\/www.smglanguages.com\/fr\/wp-json\/wp\/v2\/pages\/37525"}],"wp:attachment":[{"href":"https:\/\/www.smglanguages.com\/fr\/wp-json\/wp\/v2\/media?parent=37713"}],"curies":[{"name":"wp","href":"https:\/\/api.w.org\/{rel}","templated":true}]}}