{"id":47867,"date":"2019-02-14T13:24:10","date_gmt":"2019-02-14T13:24:10","guid":{"rendered":"https:\/\/www.smglanguages.com\/?page_id=47867"},"modified":"2025-07-28T14:19:02","modified_gmt":"2025-07-28T12:19:02","slug":"recherche-clients-et-telemarketing","status":"publish","type":"page","link":"https:\/\/www.smglanguages.com\/fr\/go-global-2\/recherche-clients-et-telemarketing\/","title":{"rendered":"Recherche clients et t\u00e9l\u00e9marketing"},"content":{"rendered":"<p style=\"text-align: center;\">PAGE EN CONSTRUCTION<\/p>\n","protected":false},"excerpt":{"rendered":"<p>PAGE EN CONSTRUCTION<\/p>\n","protected":false},"author":2,"featured_media":0,"parent":32970,"menu_order":0,"comment_status":"closed","ping_status":"closed","template":"templates\/flexible-content.php","meta":{"_acf_changed":false,"footnotes":""},"class_list":["post-47867","page","type-page","status-publish","hentry"],"acf":[],"yoast_head":"<!-- This site is optimized with the Yoast SEO plugin v27.2 - https:\/\/yoast.com\/product\/yoast-seo-wordpress\/ -->\n<title>Recherche clients et t\u00e9l\u00e9marketing - SMG Languages<\/title>\n<meta name=\"description\" content=\"Gr\u00e2ce \u00e0 ses bureaux \u00e0 l&#039;\u00e9tranger et \u00e0 son personnel local, SMG vous permet d&#039;acc\u00e9der au march\u00e9 mondial en organisant tous les aspects de la communication et de la promotion de votre proposition commerciale\" \/>\n<meta name=\"robots\" content=\"index, follow, max-snippet:-1, max-image-preview:large, max-video-preview:-1\" \/>\n<link rel=\"canonical\" href=\"https:\/\/www.smglanguages.com\/fr\/go-global-2\/recherche-clients-et-telemarketing\/\" \/>\n<meta property=\"og:locale\" content=\"fr_FR\" \/>\n<meta property=\"og:type\" content=\"article\" \/>\n<meta property=\"og:title\" content=\"Recherche clients et t\u00e9l\u00e9marketing - SMG Languages\" \/>\n<meta property=\"og:description\" content=\"Gr\u00e2ce \u00e0 ses bureaux \u00e0 l&#039;\u00e9tranger et \u00e0 son personnel local, SMG vous permet d&#039;acc\u00e9der au march\u00e9 mondial en organisant tous les aspects de la communication et de la promotion de votre proposition commerciale\" \/>\n<meta property=\"og:url\" content=\"https:\/\/www.smglanguages.com\/fr\/go-global-2\/recherche-clients-et-telemarketing\/\" \/>\n<meta property=\"og:site_name\" content=\"SMG Languages\" \/>\n<meta property=\"article:publisher\" content=\"https:\/\/it-it.facebook.com\/smgstudiomorettogroup\/\" \/>\n<meta property=\"article:modified_time\" content=\"2025-07-28T12:19:02+00:00\" \/>\n<meta property=\"og:image\" content=\"https:\/\/www.smglanguages.com\/wp-content\/uploads\/2022\/09\/Logo-SMG.png\" \/>\n\t<meta property=\"og:image:width\" content=\"882\" \/>\n\t<meta property=\"og:image:height\" content=\"546\" \/>\n\t<meta property=\"og:image:type\" content=\"image\/png\" \/>\n<meta name=\"twitter:card\" content=\"summary_large_image\" \/>\n<meta name=\"twitter:label1\" content=\"Dur\u00e9e de lecture estim\u00e9e\" \/>\n\t<meta name=\"twitter:data1\" content=\"3 minutes\" \/>\n<script type=\"application\/ld+json\" class=\"yoast-schema-graph\">{\"@context\":\"https:\/\/schema.org\",\"@graph\":[{\"@type\":\"WebPage\",\"@id\":\"https:\/\/www.smglanguages.com\/fr\/go-global-2\/recherche-clients-et-telemarketing\/\",\"url\":\"https:\/\/www.smglanguages.com\/fr\/go-global-2\/recherche-clients-et-telemarketing\/\",\"name\":\"Recherche clients et t\u00e9l\u00e9marketing - SMG Languages\",\"isPartOf\":{\"@id\":\"https:\/\/www.smglanguages.com\/fr\/#website\"},\"datePublished\":\"2019-02-14T13:24:10+00:00\",\"dateModified\":\"2025-07-28T12:19:02+00:00\",\"description\":\"Gr\u00e2ce \u00e0 ses bureaux \u00e0 l'\u00e9tranger et \u00e0 son personnel local, SMG vous permet d'acc\u00e9der au march\u00e9 mondial en organisant tous les aspects de la communication et de la promotion de votre proposition commerciale\",\"breadcrumb\":{\"@id\":\"https:\/\/www.smglanguages.com\/fr\/go-global-2\/recherche-clients-et-telemarketing\/#breadcrumb\"},\"inLanguage\":\"fr-FR\",\"potentialAction\":[{\"@type\":\"ReadAction\",\"target\":[\"https:\/\/www.smglanguages.com\/fr\/go-global-2\/recherche-clients-et-telemarketing\/\"]}]},{\"@type\":\"BreadcrumbList\",\"@id\":\"https:\/\/www.smglanguages.com\/fr\/go-global-2\/recherche-clients-et-telemarketing\/#breadcrumb\",\"itemListElement\":[{\"@type\":\"ListItem\",\"position\":1,\"name\":\"Home\",\"item\":\"https:\/\/www.smglanguages.com\/fr\/\"},{\"@type\":\"ListItem\",\"position\":2,\"name\":\"Go Global !\",\"item\":\"https:\/\/www.smglanguages.com\/fr\/go-global-2\/?lang=fr\"},{\"@type\":\"ListItem\",\"position\":3,\"name\":\"Recherche clients et t\u00e9l\u00e9marketing\"}]},{\"@type\":\"WebSite\",\"@id\":\"https:\/\/www.smglanguages.com\/fr\/#website\",\"url\":\"https:\/\/www.smglanguages.com\/fr\/\",\"name\":\"SMG Languages\",\"description\":\"\",\"publisher\":{\"@id\":\"https:\/\/www.smglanguages.com\/fr\/#organization\"},\"alternateName\":\"Studio Moretto Group\",\"potentialAction\":[{\"@type\":\"SearchAction\",\"target\":{\"@type\":\"EntryPoint\",\"urlTemplate\":\"https:\/\/www.smglanguages.com\/fr\/?s={search_term_string}\"},\"query-input\":{\"@type\":\"PropertyValueSpecification\",\"valueRequired\":true,\"valueName\":\"search_term_string\"}}],\"inLanguage\":\"fr-FR\"},{\"@type\":\"Organization\",\"@id\":\"https:\/\/www.smglanguages.com\/fr\/#organization\",\"name\":\"Studio Moretto Group\",\"alternateName\":\"SMG Languages\",\"url\":\"https:\/\/www.smglanguages.com\/fr\/\",\"logo\":{\"@type\":\"ImageObject\",\"inLanguage\":\"fr-FR\",\"@id\":\"https:\/\/www.smglanguages.com\/fr\/#\/schema\/logo\/image\/\",\"url\":\"https:\/\/www.smglanguages.com\/wp-content\/uploads\/2022\/09\/Logo-SMG.png\",\"contentUrl\":\"https:\/\/www.smglanguages.com\/wp-content\/uploads\/2022\/09\/Logo-SMG.png\",\"width\":882,\"height\":546,\"caption\":\"Studio Moretto Group\"},\"image\":{\"@id\":\"https:\/\/www.smglanguages.com\/fr\/#\/schema\/logo\/image\/\"},\"sameAs\":[\"https:\/\/it-it.facebook.com\/smgstudiomorettogroup\/\",\"https:\/\/it.linkedin.com\/company\/studio-moretto-group-srl\"]}]}<\/script>\n<!-- \/ Yoast SEO plugin. -->","yoast_head_json":{"title":"Recherche clients et t\u00e9l\u00e9marketing - SMG Languages","description":"Gr\u00e2ce \u00e0 ses bureaux \u00e0 l'\u00e9tranger et \u00e0 son personnel local, SMG vous permet d'acc\u00e9der au march\u00e9 mondial en organisant tous les aspects de la communication et de la promotion de votre proposition commerciale","robots":{"index":"index","follow":"follow","max-snippet":"max-snippet:-1","max-image-preview":"max-image-preview:large","max-video-preview":"max-video-preview:-1"},"canonical":"https:\/\/www.smglanguages.com\/fr\/go-global-2\/recherche-clients-et-telemarketing\/","og_locale":"fr_FR","og_type":"article","og_title":"Recherche clients et t\u00e9l\u00e9marketing - SMG Languages","og_description":"Gr\u00e2ce \u00e0 ses bureaux \u00e0 l'\u00e9tranger et \u00e0 son personnel local, SMG vous permet d'acc\u00e9der au march\u00e9 mondial en organisant tous les aspects de la communication et de la promotion de votre proposition commerciale","og_url":"https:\/\/www.smglanguages.com\/fr\/go-global-2\/recherche-clients-et-telemarketing\/","og_site_name":"SMG Languages","article_publisher":"https:\/\/it-it.facebook.com\/smgstudiomorettogroup\/","article_modified_time":"2025-07-28T12:19:02+00:00","og_image":[{"width":882,"height":546,"url":"https:\/\/www.smglanguages.com\/wp-content\/uploads\/2022\/09\/Logo-SMG.png","type":"image\/png"}],"twitter_card":"summary_large_image","twitter_misc":{"Dur\u00e9e de lecture estim\u00e9e":"3 minutes"},"schema":{"@context":"https:\/\/schema.org","@graph":[{"@type":"WebPage","@id":"https:\/\/www.smglanguages.com\/fr\/go-global-2\/recherche-clients-et-telemarketing\/","url":"https:\/\/www.smglanguages.com\/fr\/go-global-2\/recherche-clients-et-telemarketing\/","name":"Recherche clients et t\u00e9l\u00e9marketing - SMG Languages","isPartOf":{"@id":"https:\/\/www.smglanguages.com\/fr\/#website"},"datePublished":"2019-02-14T13:24:10+00:00","dateModified":"2025-07-28T12:19:02+00:00","description":"Gr\u00e2ce \u00e0 ses bureaux \u00e0 l'\u00e9tranger et \u00e0 son personnel local, SMG vous permet d'acc\u00e9der au march\u00e9 mondial en organisant tous les aspects de la communication et de la promotion de votre proposition commerciale","breadcrumb":{"@id":"https:\/\/www.smglanguages.com\/fr\/go-global-2\/recherche-clients-et-telemarketing\/#breadcrumb"},"inLanguage":"fr-FR","potentialAction":[{"@type":"ReadAction","target":["https:\/\/www.smglanguages.com\/fr\/go-global-2\/recherche-clients-et-telemarketing\/"]}]},{"@type":"BreadcrumbList","@id":"https:\/\/www.smglanguages.com\/fr\/go-global-2\/recherche-clients-et-telemarketing\/#breadcrumb","itemListElement":[{"@type":"ListItem","position":1,"name":"Home","item":"https:\/\/www.smglanguages.com\/fr\/"},{"@type":"ListItem","position":2,"name":"Go Global !","item":"https:\/\/www.smglanguages.com\/fr\/go-global-2\/?lang=fr"},{"@type":"ListItem","position":3,"name":"Recherche clients et t\u00e9l\u00e9marketing"}]},{"@type":"WebSite","@id":"https:\/\/www.smglanguages.com\/fr\/#website","url":"https:\/\/www.smglanguages.com\/fr\/","name":"SMG Languages","description":"","publisher":{"@id":"https:\/\/www.smglanguages.com\/fr\/#organization"},"alternateName":"Studio Moretto Group","potentialAction":[{"@type":"SearchAction","target":{"@type":"EntryPoint","urlTemplate":"https:\/\/www.smglanguages.com\/fr\/?s={search_term_string}"},"query-input":{"@type":"PropertyValueSpecification","valueRequired":true,"valueName":"search_term_string"}}],"inLanguage":"fr-FR"},{"@type":"Organization","@id":"https:\/\/www.smglanguages.com\/fr\/#organization","name":"Studio Moretto Group","alternateName":"SMG Languages","url":"https:\/\/www.smglanguages.com\/fr\/","logo":{"@type":"ImageObject","inLanguage":"fr-FR","@id":"https:\/\/www.smglanguages.com\/fr\/#\/schema\/logo\/image\/","url":"https:\/\/www.smglanguages.com\/wp-content\/uploads\/2022\/09\/Logo-SMG.png","contentUrl":"https:\/\/www.smglanguages.com\/wp-content\/uploads\/2022\/09\/Logo-SMG.png","width":882,"height":546,"caption":"Studio Moretto Group"},"image":{"@id":"https:\/\/www.smglanguages.com\/fr\/#\/schema\/logo\/image\/"},"sameAs":["https:\/\/it-it.facebook.com\/smgstudiomorettogroup\/","https:\/\/it.linkedin.com\/company\/studio-moretto-group-srl"]}]}},"_links":{"self":[{"href":"https:\/\/www.smglanguages.com\/fr\/wp-json\/wp\/v2\/pages\/47867","targetHints":{"allow":["GET"]}}],"collection":[{"href":"https:\/\/www.smglanguages.com\/fr\/wp-json\/wp\/v2\/pages"}],"about":[{"href":"https:\/\/www.smglanguages.com\/fr\/wp-json\/wp\/v2\/types\/page"}],"author":[{"embeddable":true,"href":"https:\/\/www.smglanguages.com\/fr\/wp-json\/wp\/v2\/users\/2"}],"replies":[{"embeddable":true,"href":"https:\/\/www.smglanguages.com\/fr\/wp-json\/wp\/v2\/comments?post=47867"}],"version-history":[{"count":0,"href":"https:\/\/www.smglanguages.com\/fr\/wp-json\/wp\/v2\/pages\/47867\/revisions"}],"up":[{"embeddable":true,"href":"https:\/\/www.smglanguages.com\/fr\/wp-json\/wp\/v2\/pages\/32970"}],"wp:attachment":[{"href":"https:\/\/www.smglanguages.com\/fr\/wp-json\/wp\/v2\/media?parent=47867"}],"curies":[{"name":"wp","href":"https:\/\/api.w.org\/{rel}","templated":true}]}}