{"id":51685,"date":"2019-08-17T10:32:04","date_gmt":"2019-08-17T10:32:04","guid":{"rendered":"https:\/\/www.smglanguages.com\/milano\/"},"modified":"2024-09-06T15:09:40","modified_gmt":"2024-09-06T15:09:40","slug":"milano","status":"publish","type":"page","link":"https:\/\/www.smglanguages.com\/fr\/entreprise\/sieges-internationaux\/milano\/","title":{"rendered":"Studio Interpreti Milano"},"content":{"rendered":"","protected":false},"excerpt":{"rendered":"","protected":false},"author":2,"featured_media":0,"parent":381,"menu_order":0,"comment_status":"closed","ping_status":"closed","template":"templates\/flexible-content.php","meta":{"_acf_changed":false,"footnotes":""},"class_list":["post-51685","page","type-page","status-publish","hentry"],"acf":[],"yoast_head":"<!-- This site is optimized with the Yoast SEO plugin v27.2 - https:\/\/yoast.com\/product\/yoast-seo-wordpress\/ -->\n<title>Studio Interpreti Milano - SMG Languages<\/title>\n<meta name=\"description\" content=\"L&#039;agence de traduction Studio Interpreti Milano Srl a \u00e9t\u00e9 fond\u00e9e en 1990 dans le centre de Milan et repr\u00e9sente l\u2019une des agences de traduction les plus prestigieuses d&#039;Italie. Au cours de sa longue exp\u00e9rience, cette soci\u00e9t\u00e9 a fait preuve de comp\u00e9tences exceptionnelles dans la traduction de textes hautement sp\u00e9cialis\u00e9s, notamment en mati\u00e8re juridique, financi\u00e8re et pour l\u2019industrie de la mode, devenant le point de r\u00e9f\u00e9rence de prestigieux clients tels que Armani, Allianz et Marcegaglia.\" \/>\n<meta name=\"robots\" content=\"index, follow, max-snippet:-1, max-image-preview:large, max-video-preview:-1\" \/>\n<link rel=\"canonical\" href=\"https:\/\/www.smglanguages.com\/fr\/entreprise\/sieges-internationaux\/milano\/\" \/>\n<meta property=\"og:locale\" content=\"fr_FR\" \/>\n<meta property=\"og:type\" content=\"article\" \/>\n<meta property=\"og:title\" content=\"Studio Interpreti Milano - SMG Languages\" \/>\n<meta property=\"og:description\" content=\"L&#039;agence de traduction Studio Interpreti Milano Srl a \u00e9t\u00e9 fond\u00e9e en 1990 dans le centre de Milan et repr\u00e9sente l\u2019une des agences de traduction les plus prestigieuses d&#039;Italie. Au cours de sa longue exp\u00e9rience, cette soci\u00e9t\u00e9 a fait preuve de comp\u00e9tences exceptionnelles dans la traduction de textes hautement sp\u00e9cialis\u00e9s, notamment en mati\u00e8re juridique, financi\u00e8re et pour l\u2019industrie de la mode, devenant le point de r\u00e9f\u00e9rence de prestigieux clients tels que Armani, Allianz et Marcegaglia.\" \/>\n<meta property=\"og:url\" content=\"https:\/\/www.smglanguages.com\/fr\/entreprise\/sieges-internationaux\/milano\/\" \/>\n<meta property=\"og:site_name\" content=\"SMG Languages\" \/>\n<meta property=\"article:publisher\" content=\"https:\/\/it-it.facebook.com\/smgstudiomorettogroup\/\" \/>\n<meta property=\"article:modified_time\" content=\"2024-09-06T15:09:40+00:00\" \/>\n<meta property=\"og:image\" content=\"https:\/\/www.smglanguages.com\/wp-content\/uploads\/2022\/09\/Logo-SMG.png\" \/>\n\t<meta property=\"og:image:width\" content=\"882\" \/>\n\t<meta property=\"og:image:height\" content=\"546\" \/>\n\t<meta property=\"og:image:type\" content=\"image\/png\" \/>\n<meta name=\"twitter:card\" content=\"summary_large_image\" \/>\n<meta name=\"twitter:label1\" content=\"Dur\u00e9e de lecture estim\u00e9e\" \/>\n\t<meta name=\"twitter:data1\" content=\"2 minutes\" \/>\n<script type=\"application\/ld+json\" class=\"yoast-schema-graph\">{\"@context\":\"https:\/\/schema.org\",\"@graph\":[{\"@type\":\"WebPage\",\"@id\":\"https:\/\/www.smglanguages.com\/fr\/entreprise\/sieges-internationaux\/milano\/\",\"url\":\"https:\/\/www.smglanguages.com\/fr\/entreprise\/sieges-internationaux\/milano\/\",\"name\":\"Studio Interpreti Milano - SMG Languages\",\"isPartOf\":{\"@id\":\"https:\/\/www.smglanguages.com\/fr\/#website\"},\"datePublished\":\"2019-08-17T10:32:04+00:00\",\"dateModified\":\"2024-09-06T15:09:40+00:00\",\"description\":\"L'agence de traduction Studio Interpreti Milano Srl a \u00e9t\u00e9 fond\u00e9e en 1990 dans le centre de Milan et repr\u00e9sente l\u2019une des agences de traduction les plus prestigieuses d'Italie. Au cours de sa longue exp\u00e9rience, cette soci\u00e9t\u00e9 a fait preuve de comp\u00e9tences exceptionnelles dans la traduction de textes hautement sp\u00e9cialis\u00e9s, notamment en mati\u00e8re juridique, financi\u00e8re et pour l\u2019industrie de la mode, devenant le point de r\u00e9f\u00e9rence de prestigieux clients tels que Armani, Allianz et Marcegaglia.\",\"breadcrumb\":{\"@id\":\"https:\/\/www.smglanguages.com\/fr\/entreprise\/sieges-internationaux\/milano\/#breadcrumb\"},\"inLanguage\":\"fr-FR\",\"potentialAction\":[{\"@type\":\"ReadAction\",\"target\":[\"https:\/\/www.smglanguages.com\/fr\/entreprise\/sieges-internationaux\/milano\/\"]}]},{\"@type\":\"BreadcrumbList\",\"@id\":\"https:\/\/www.smglanguages.com\/fr\/entreprise\/sieges-internationaux\/milano\/#breadcrumb\",\"itemListElement\":[{\"@type\":\"ListItem\",\"position\":1,\"name\":\"Home\",\"item\":\"https:\/\/www.smglanguages.com\/fr\/\"},{\"@type\":\"ListItem\",\"position\":2,\"name\":\"Histoire, mission et vision\",\"item\":\"https:\/\/www.smglanguages.com\/fr\/entreprise\/?lang=fr\"},{\"@type\":\"ListItem\",\"position\":3,\"name\":\"Contacts et si\u00e8ges internationaux\",\"item\":\"https:\/\/www.smglanguages.com\/fr\/entreprise\/sieges-internationaux\/?lang=fr\"},{\"@type\":\"ListItem\",\"position\":4,\"name\":\"Studio Interpreti Milano\"}]},{\"@type\":\"WebSite\",\"@id\":\"https:\/\/www.smglanguages.com\/fr\/#website\",\"url\":\"https:\/\/www.smglanguages.com\/fr\/\",\"name\":\"SMG Languages\",\"description\":\"\",\"publisher\":{\"@id\":\"https:\/\/www.smglanguages.com\/fr\/#organization\"},\"alternateName\":\"Studio Moretto Group\",\"potentialAction\":[{\"@type\":\"SearchAction\",\"target\":{\"@type\":\"EntryPoint\",\"urlTemplate\":\"https:\/\/www.smglanguages.com\/fr\/?s={search_term_string}\"},\"query-input\":{\"@type\":\"PropertyValueSpecification\",\"valueRequired\":true,\"valueName\":\"search_term_string\"}}],\"inLanguage\":\"fr-FR\"},{\"@type\":\"Organization\",\"@id\":\"https:\/\/www.smglanguages.com\/fr\/#organization\",\"name\":\"Studio Moretto Group\",\"alternateName\":\"SMG Languages\",\"url\":\"https:\/\/www.smglanguages.com\/fr\/\",\"logo\":{\"@type\":\"ImageObject\",\"inLanguage\":\"fr-FR\",\"@id\":\"https:\/\/www.smglanguages.com\/fr\/#\/schema\/logo\/image\/\",\"url\":\"https:\/\/www.smglanguages.com\/wp-content\/uploads\/2022\/09\/Logo-SMG.png\",\"contentUrl\":\"https:\/\/www.smglanguages.com\/wp-content\/uploads\/2022\/09\/Logo-SMG.png\",\"width\":882,\"height\":546,\"caption\":\"Studio Moretto Group\"},\"image\":{\"@id\":\"https:\/\/www.smglanguages.com\/fr\/#\/schema\/logo\/image\/\"},\"sameAs\":[\"https:\/\/it-it.facebook.com\/smgstudiomorettogroup\/\",\"https:\/\/it.linkedin.com\/company\/studio-moretto-group-srl\"]}]}<\/script>\n<!-- \/ Yoast SEO plugin. -->","yoast_head_json":{"title":"Studio Interpreti Milano - SMG Languages","description":"L'agence de traduction Studio Interpreti Milano Srl a \u00e9t\u00e9 fond\u00e9e en 1990 dans le centre de Milan et repr\u00e9sente l\u2019une des agences de traduction les plus prestigieuses d'Italie. Au cours de sa longue exp\u00e9rience, cette soci\u00e9t\u00e9 a fait preuve de comp\u00e9tences exceptionnelles dans la traduction de textes hautement sp\u00e9cialis\u00e9s, notamment en mati\u00e8re juridique, financi\u00e8re et pour l\u2019industrie de la mode, devenant le point de r\u00e9f\u00e9rence de prestigieux clients tels que Armani, Allianz et Marcegaglia.","robots":{"index":"index","follow":"follow","max-snippet":"max-snippet:-1","max-image-preview":"max-image-preview:large","max-video-preview":"max-video-preview:-1"},"canonical":"https:\/\/www.smglanguages.com\/fr\/entreprise\/sieges-internationaux\/milano\/","og_locale":"fr_FR","og_type":"article","og_title":"Studio Interpreti Milano - SMG Languages","og_description":"L'agence de traduction Studio Interpreti Milano Srl a \u00e9t\u00e9 fond\u00e9e en 1990 dans le centre de Milan et repr\u00e9sente l\u2019une des agences de traduction les plus prestigieuses d'Italie. Au cours de sa longue exp\u00e9rience, cette soci\u00e9t\u00e9 a fait preuve de comp\u00e9tences exceptionnelles dans la traduction de textes hautement sp\u00e9cialis\u00e9s, notamment en mati\u00e8re juridique, financi\u00e8re et pour l\u2019industrie de la mode, devenant le point de r\u00e9f\u00e9rence de prestigieux clients tels que Armani, Allianz et Marcegaglia.","og_url":"https:\/\/www.smglanguages.com\/fr\/entreprise\/sieges-internationaux\/milano\/","og_site_name":"SMG Languages","article_publisher":"https:\/\/it-it.facebook.com\/smgstudiomorettogroup\/","article_modified_time":"2024-09-06T15:09:40+00:00","og_image":[{"width":882,"height":546,"url":"https:\/\/www.smglanguages.com\/wp-content\/uploads\/2022\/09\/Logo-SMG.png","type":"image\/png"}],"twitter_card":"summary_large_image","twitter_misc":{"Dur\u00e9e de lecture estim\u00e9e":"2 minutes"},"schema":{"@context":"https:\/\/schema.org","@graph":[{"@type":"WebPage","@id":"https:\/\/www.smglanguages.com\/fr\/entreprise\/sieges-internationaux\/milano\/","url":"https:\/\/www.smglanguages.com\/fr\/entreprise\/sieges-internationaux\/milano\/","name":"Studio Interpreti Milano - SMG Languages","isPartOf":{"@id":"https:\/\/www.smglanguages.com\/fr\/#website"},"datePublished":"2019-08-17T10:32:04+00:00","dateModified":"2024-09-06T15:09:40+00:00","description":"L'agence de traduction Studio Interpreti Milano Srl a \u00e9t\u00e9 fond\u00e9e en 1990 dans le centre de Milan et repr\u00e9sente l\u2019une des agences de traduction les plus prestigieuses d'Italie. Au cours de sa longue exp\u00e9rience, cette soci\u00e9t\u00e9 a fait preuve de comp\u00e9tences exceptionnelles dans la traduction de textes hautement sp\u00e9cialis\u00e9s, notamment en mati\u00e8re juridique, financi\u00e8re et pour l\u2019industrie de la mode, devenant le point de r\u00e9f\u00e9rence de prestigieux clients tels que Armani, Allianz et Marcegaglia.","breadcrumb":{"@id":"https:\/\/www.smglanguages.com\/fr\/entreprise\/sieges-internationaux\/milano\/#breadcrumb"},"inLanguage":"fr-FR","potentialAction":[{"@type":"ReadAction","target":["https:\/\/www.smglanguages.com\/fr\/entreprise\/sieges-internationaux\/milano\/"]}]},{"@type":"BreadcrumbList","@id":"https:\/\/www.smglanguages.com\/fr\/entreprise\/sieges-internationaux\/milano\/#breadcrumb","itemListElement":[{"@type":"ListItem","position":1,"name":"Home","item":"https:\/\/www.smglanguages.com\/fr\/"},{"@type":"ListItem","position":2,"name":"Histoire, mission et vision","item":"https:\/\/www.smglanguages.com\/fr\/entreprise\/?lang=fr"},{"@type":"ListItem","position":3,"name":"Contacts et si\u00e8ges internationaux","item":"https:\/\/www.smglanguages.com\/fr\/entreprise\/sieges-internationaux\/?lang=fr"},{"@type":"ListItem","position":4,"name":"Studio Interpreti Milano"}]},{"@type":"WebSite","@id":"https:\/\/www.smglanguages.com\/fr\/#website","url":"https:\/\/www.smglanguages.com\/fr\/","name":"SMG Languages","description":"","publisher":{"@id":"https:\/\/www.smglanguages.com\/fr\/#organization"},"alternateName":"Studio Moretto Group","potentialAction":[{"@type":"SearchAction","target":{"@type":"EntryPoint","urlTemplate":"https:\/\/www.smglanguages.com\/fr\/?s={search_term_string}"},"query-input":{"@type":"PropertyValueSpecification","valueRequired":true,"valueName":"search_term_string"}}],"inLanguage":"fr-FR"},{"@type":"Organization","@id":"https:\/\/www.smglanguages.com\/fr\/#organization","name":"Studio Moretto Group","alternateName":"SMG Languages","url":"https:\/\/www.smglanguages.com\/fr\/","logo":{"@type":"ImageObject","inLanguage":"fr-FR","@id":"https:\/\/www.smglanguages.com\/fr\/#\/schema\/logo\/image\/","url":"https:\/\/www.smglanguages.com\/wp-content\/uploads\/2022\/09\/Logo-SMG.png","contentUrl":"https:\/\/www.smglanguages.com\/wp-content\/uploads\/2022\/09\/Logo-SMG.png","width":882,"height":546,"caption":"Studio Moretto Group"},"image":{"@id":"https:\/\/www.smglanguages.com\/fr\/#\/schema\/logo\/image\/"},"sameAs":["https:\/\/it-it.facebook.com\/smgstudiomorettogroup\/","https:\/\/it.linkedin.com\/company\/studio-moretto-group-srl"]}]}},"_links":{"self":[{"href":"https:\/\/www.smglanguages.com\/fr\/wp-json\/wp\/v2\/pages\/51685","targetHints":{"allow":["GET"]}}],"collection":[{"href":"https:\/\/www.smglanguages.com\/fr\/wp-json\/wp\/v2\/pages"}],"about":[{"href":"https:\/\/www.smglanguages.com\/fr\/wp-json\/wp\/v2\/types\/page"}],"author":[{"embeddable":true,"href":"https:\/\/www.smglanguages.com\/fr\/wp-json\/wp\/v2\/users\/2"}],"replies":[{"embeddable":true,"href":"https:\/\/www.smglanguages.com\/fr\/wp-json\/wp\/v2\/comments?post=51685"}],"version-history":[{"count":0,"href":"https:\/\/www.smglanguages.com\/fr\/wp-json\/wp\/v2\/pages\/51685\/revisions"}],"up":[{"embeddable":true,"href":"https:\/\/www.smglanguages.com\/fr\/wp-json\/wp\/v2\/pages\/381"}],"wp:attachment":[{"href":"https:\/\/www.smglanguages.com\/fr\/wp-json\/wp\/v2\/media?parent=51685"}],"curies":[{"name":"wp","href":"https:\/\/api.w.org\/{rel}","templated":true}]}}