{"id":32950,"date":"2018-04-12T08:57:45","date_gmt":"2018-04-12T08:57:45","guid":{"rendered":"https:\/\/www.smglanguages.com\/pridruzite-nam-se\/stage"},"modified":"2025-06-06T10:56:53","modified_gmt":"2025-06-06T08:56:53","slug":"staziranje","status":"publish","type":"page","link":"https:\/\/www.smglanguages.com\/hr\/posao\/pridruzite-nam-se\/staziranje\/","title":{"rendered":"Sta\u017eiranje"},"content":{"rendered":"","protected":false},"excerpt":{"rendered":"","protected":false},"author":2,"featured_media":0,"parent":32513,"menu_order":0,"comment_status":"closed","ping_status":"closed","template":"templates\/flexible-content.php","meta":{"_acf_changed":false,"footnotes":""},"class_list":["post-32950","page","type-page","status-publish","hentry"],"acf":[],"yoast_head":"<!-- This site is optimized with the Yoast SEO plugin v27.2 - https:\/\/yoast.com\/product\/yoast-seo-wordpress\/ -->\n<title>Sta\u017eiranje za usmeno i pismeno prevo\u0111enje<\/title>\n<meta name=\"description\" content=\"Najbolji biv\u0161i sta\u017eisti imat \u0107e mogu\u0107nost otvaranja vlastitog centra za prevo\u0111enje pod okriljem SMG Languages-a. Osim \u0161to \u0107emo mu dodijeliti software paket koji olak\u0161ava vo\u0111enje prevoditeljskog centra, korisnik fran\u0161ize sudjeluje u na\u0161im aktivnostima poslovne i jezi\u010dne obuke, prima promid\u017ebeni materijal, korisnik je na\u0161eg marketinga i na\u0161e podr\u0161ke u cilju dostizanja visoke kvalitete usluga: u drugim rije\u010dima, u kratkom vremenu mo\u017ee se pokrenuti centar za prevo\u0111enje uz ve\u0107 priznato ime u svom sektoru.\" \/>\n<meta name=\"robots\" content=\"index, follow, max-snippet:-1, max-image-preview:large, max-video-preview:-1\" \/>\n<link rel=\"canonical\" href=\"https:\/\/www.smglanguages.com\/hr\/posao\/pridruzite-nam-se\/staziranje\/\" \/>\n<meta property=\"og:locale\" content=\"hr_HR\" \/>\n<meta property=\"og:type\" content=\"article\" \/>\n<meta property=\"og:title\" content=\"Sta\u017eiranje za usmeno i pismeno prevo\u0111enje\" \/>\n<meta property=\"og:description\" content=\"Najbolji biv\u0161i sta\u017eisti imat \u0107e mogu\u0107nost otvaranja vlastitog centra za prevo\u0111enje pod okriljem SMG Languages-a. Osim \u0161to \u0107emo mu dodijeliti software paket koji olak\u0161ava vo\u0111enje prevoditeljskog centra, korisnik fran\u0161ize sudjeluje u na\u0161im aktivnostima poslovne i jezi\u010dne obuke, prima promid\u017ebeni materijal, korisnik je na\u0161eg marketinga i na\u0161e podr\u0161ke u cilju dostizanja visoke kvalitete usluga: u drugim rije\u010dima, u kratkom vremenu mo\u017ee se pokrenuti centar za prevo\u0111enje uz ve\u0107 priznato ime u svom sektoru.\" \/>\n<meta property=\"og:url\" content=\"https:\/\/www.smglanguages.com\/hr\/posao\/pridruzite-nam-se\/staziranje\/\" \/>\n<meta property=\"og:site_name\" content=\"SMG Languages\" \/>\n<meta property=\"article:publisher\" content=\"https:\/\/it-it.facebook.com\/smgstudiomorettogroup\/\" \/>\n<meta property=\"article:modified_time\" content=\"2025-06-06T08:56:53+00:00\" \/>\n<meta property=\"og:image\" content=\"https:\/\/www.smglanguages.com\/wp-content\/uploads\/2022\/09\/Logo-SMG.png\" \/>\n\t<meta property=\"og:image:width\" content=\"882\" \/>\n\t<meta property=\"og:image:height\" content=\"546\" \/>\n\t<meta property=\"og:image:type\" content=\"image\/png\" \/>\n<meta name=\"twitter:card\" content=\"summary_large_image\" \/>\n<meta name=\"twitter:label1\" content=\"Est. reading time\" \/>\n\t<meta name=\"twitter:data1\" content=\"2 minutes\" \/>\n<script type=\"application\/ld+json\" class=\"yoast-schema-graph\">{\"@context\":\"https:\/\/schema.org\",\"@graph\":[{\"@type\":\"WebPage\",\"@id\":\"https:\/\/www.smglanguages.com\/hr\/posao\/pridruzite-nam-se\/staziranje\/\",\"url\":\"https:\/\/www.smglanguages.com\/hr\/posao\/pridruzite-nam-se\/staziranje\/\",\"name\":\"Sta\u017eiranje za usmeno i pismeno prevo\u0111enje\",\"isPartOf\":{\"@id\":\"https:\/\/www.smglanguages.com\/hr\/#website\"},\"datePublished\":\"2018-04-12T08:57:45+00:00\",\"dateModified\":\"2025-06-06T08:56:53+00:00\",\"description\":\"Najbolji biv\u0161i sta\u017eisti imat \u0107e mogu\u0107nost otvaranja vlastitog centra za prevo\u0111enje pod okriljem SMG Languages-a. Osim \u0161to \u0107emo mu dodijeliti software paket koji olak\u0161ava vo\u0111enje prevoditeljskog centra, korisnik fran\u0161ize sudjeluje u na\u0161im aktivnostima poslovne i jezi\u010dne obuke, prima promid\u017ebeni materijal, korisnik je na\u0161eg marketinga i na\u0161e podr\u0161ke u cilju dostizanja visoke kvalitete usluga: u drugim rije\u010dima, u kratkom vremenu mo\u017ee se pokrenuti centar za prevo\u0111enje uz ve\u0107 priznato ime u svom sektoru.\",\"breadcrumb\":{\"@id\":\"https:\/\/www.smglanguages.com\/hr\/posao\/pridruzite-nam-se\/staziranje\/#breadcrumb\"},\"inLanguage\":\"hr-HR\",\"potentialAction\":[{\"@type\":\"ReadAction\",\"target\":[\"https:\/\/www.smglanguages.com\/hr\/posao\/pridruzite-nam-se\/staziranje\/\"]}]},{\"@type\":\"BreadcrumbList\",\"@id\":\"https:\/\/www.smglanguages.com\/hr\/posao\/pridruzite-nam-se\/staziranje\/#breadcrumb\",\"itemListElement\":[{\"@type\":\"ListItem\",\"position\":1,\"name\":\"Home\",\"item\":\"https:\/\/www.smglanguages.com\/hr\/?lang=hr\"},{\"@type\":\"ListItem\",\"position\":2,\"name\":\"Posao\",\"item\":\"https:\/\/www.smglanguages.com\/hr\/posao\/?lang=hr\"},{\"@type\":\"ListItem\",\"position\":3,\"name\":\"Pridru\u017eite nam se\",\"item\":\"https:\/\/www.smglanguages.com\/hr\/posao\/pridruzite-nam-se\/?lang=hr\"},{\"@type\":\"ListItem\",\"position\":4,\"name\":\"Sta\u017eiranje\"}]},{\"@type\":\"WebSite\",\"@id\":\"https:\/\/www.smglanguages.com\/hr\/#website\",\"url\":\"https:\/\/www.smglanguages.com\/hr\/\",\"name\":\"SMG Languages\",\"description\":\"\",\"publisher\":{\"@id\":\"https:\/\/www.smglanguages.com\/hr\/#organization\"},\"alternateName\":\"Studio Moretto Group\",\"potentialAction\":[{\"@type\":\"SearchAction\",\"target\":{\"@type\":\"EntryPoint\",\"urlTemplate\":\"https:\/\/www.smglanguages.com\/hr\/?s={search_term_string}\"},\"query-input\":{\"@type\":\"PropertyValueSpecification\",\"valueRequired\":true,\"valueName\":\"search_term_string\"}}],\"inLanguage\":\"hr-HR\"},{\"@type\":\"Organization\",\"@id\":\"https:\/\/www.smglanguages.com\/hr\/#organization\",\"name\":\"Studio Moretto Group\",\"alternateName\":\"SMG Languages\",\"url\":\"https:\/\/www.smglanguages.com\/hr\/\",\"logo\":{\"@type\":\"ImageObject\",\"inLanguage\":\"hr-HR\",\"@id\":\"https:\/\/www.smglanguages.com\/hr\/#\/schema\/logo\/image\/\",\"url\":\"https:\/\/www.smglanguages.com\/wp-content\/uploads\/2022\/09\/Logo-SMG.png\",\"contentUrl\":\"https:\/\/www.smglanguages.com\/wp-content\/uploads\/2022\/09\/Logo-SMG.png\",\"width\":882,\"height\":546,\"caption\":\"Studio Moretto Group\"},\"image\":{\"@id\":\"https:\/\/www.smglanguages.com\/hr\/#\/schema\/logo\/image\/\"},\"sameAs\":[\"https:\/\/it-it.facebook.com\/smgstudiomorettogroup\/\",\"https:\/\/it.linkedin.com\/company\/studio-moretto-group-srl\"]}]}<\/script>\n<!-- \/ Yoast SEO plugin. -->","yoast_head_json":{"title":"Sta\u017eiranje za usmeno i pismeno prevo\u0111enje","description":"Najbolji biv\u0161i sta\u017eisti imat \u0107e mogu\u0107nost otvaranja vlastitog centra za prevo\u0111enje pod okriljem SMG Languages-a. Osim \u0161to \u0107emo mu dodijeliti software paket koji olak\u0161ava vo\u0111enje prevoditeljskog centra, korisnik fran\u0161ize sudjeluje u na\u0161im aktivnostima poslovne i jezi\u010dne obuke, prima promid\u017ebeni materijal, korisnik je na\u0161eg marketinga i na\u0161e podr\u0161ke u cilju dostizanja visoke kvalitete usluga: u drugim rije\u010dima, u kratkom vremenu mo\u017ee se pokrenuti centar za prevo\u0111enje uz ve\u0107 priznato ime u svom sektoru.","robots":{"index":"index","follow":"follow","max-snippet":"max-snippet:-1","max-image-preview":"max-image-preview:large","max-video-preview":"max-video-preview:-1"},"canonical":"https:\/\/www.smglanguages.com\/hr\/posao\/pridruzite-nam-se\/staziranje\/","og_locale":"hr_HR","og_type":"article","og_title":"Sta\u017eiranje za usmeno i pismeno prevo\u0111enje","og_description":"Najbolji biv\u0161i sta\u017eisti imat \u0107e mogu\u0107nost otvaranja vlastitog centra za prevo\u0111enje pod okriljem SMG Languages-a. Osim \u0161to \u0107emo mu dodijeliti software paket koji olak\u0161ava vo\u0111enje prevoditeljskog centra, korisnik fran\u0161ize sudjeluje u na\u0161im aktivnostima poslovne i jezi\u010dne obuke, prima promid\u017ebeni materijal, korisnik je na\u0161eg marketinga i na\u0161e podr\u0161ke u cilju dostizanja visoke kvalitete usluga: u drugim rije\u010dima, u kratkom vremenu mo\u017ee se pokrenuti centar za prevo\u0111enje uz ve\u0107 priznato ime u svom sektoru.","og_url":"https:\/\/www.smglanguages.com\/hr\/posao\/pridruzite-nam-se\/staziranje\/","og_site_name":"SMG Languages","article_publisher":"https:\/\/it-it.facebook.com\/smgstudiomorettogroup\/","article_modified_time":"2025-06-06T08:56:53+00:00","og_image":[{"width":882,"height":546,"url":"https:\/\/www.smglanguages.com\/wp-content\/uploads\/2022\/09\/Logo-SMG.png","type":"image\/png"}],"twitter_card":"summary_large_image","twitter_misc":{"Est. reading time":"2 minutes"},"schema":{"@context":"https:\/\/schema.org","@graph":[{"@type":"WebPage","@id":"https:\/\/www.smglanguages.com\/hr\/posao\/pridruzite-nam-se\/staziranje\/","url":"https:\/\/www.smglanguages.com\/hr\/posao\/pridruzite-nam-se\/staziranje\/","name":"Sta\u017eiranje za usmeno i pismeno prevo\u0111enje","isPartOf":{"@id":"https:\/\/www.smglanguages.com\/hr\/#website"},"datePublished":"2018-04-12T08:57:45+00:00","dateModified":"2025-06-06T08:56:53+00:00","description":"Najbolji biv\u0161i sta\u017eisti imat \u0107e mogu\u0107nost otvaranja vlastitog centra za prevo\u0111enje pod okriljem SMG Languages-a. Osim \u0161to \u0107emo mu dodijeliti software paket koji olak\u0161ava vo\u0111enje prevoditeljskog centra, korisnik fran\u0161ize sudjeluje u na\u0161im aktivnostima poslovne i jezi\u010dne obuke, prima promid\u017ebeni materijal, korisnik je na\u0161eg marketinga i na\u0161e podr\u0161ke u cilju dostizanja visoke kvalitete usluga: u drugim rije\u010dima, u kratkom vremenu mo\u017ee se pokrenuti centar za prevo\u0111enje uz ve\u0107 priznato ime u svom sektoru.","breadcrumb":{"@id":"https:\/\/www.smglanguages.com\/hr\/posao\/pridruzite-nam-se\/staziranje\/#breadcrumb"},"inLanguage":"hr-HR","potentialAction":[{"@type":"ReadAction","target":["https:\/\/www.smglanguages.com\/hr\/posao\/pridruzite-nam-se\/staziranje\/"]}]},{"@type":"BreadcrumbList","@id":"https:\/\/www.smglanguages.com\/hr\/posao\/pridruzite-nam-se\/staziranje\/#breadcrumb","itemListElement":[{"@type":"ListItem","position":1,"name":"Home","item":"https:\/\/www.smglanguages.com\/hr\/?lang=hr"},{"@type":"ListItem","position":2,"name":"Posao","item":"https:\/\/www.smglanguages.com\/hr\/posao\/?lang=hr"},{"@type":"ListItem","position":3,"name":"Pridru\u017eite nam se","item":"https:\/\/www.smglanguages.com\/hr\/posao\/pridruzite-nam-se\/?lang=hr"},{"@type":"ListItem","position":4,"name":"Sta\u017eiranje"}]},{"@type":"WebSite","@id":"https:\/\/www.smglanguages.com\/hr\/#website","url":"https:\/\/www.smglanguages.com\/hr\/","name":"SMG Languages","description":"","publisher":{"@id":"https:\/\/www.smglanguages.com\/hr\/#organization"},"alternateName":"Studio Moretto Group","potentialAction":[{"@type":"SearchAction","target":{"@type":"EntryPoint","urlTemplate":"https:\/\/www.smglanguages.com\/hr\/?s={search_term_string}"},"query-input":{"@type":"PropertyValueSpecification","valueRequired":true,"valueName":"search_term_string"}}],"inLanguage":"hr-HR"},{"@type":"Organization","@id":"https:\/\/www.smglanguages.com\/hr\/#organization","name":"Studio Moretto Group","alternateName":"SMG Languages","url":"https:\/\/www.smglanguages.com\/hr\/","logo":{"@type":"ImageObject","inLanguage":"hr-HR","@id":"https:\/\/www.smglanguages.com\/hr\/#\/schema\/logo\/image\/","url":"https:\/\/www.smglanguages.com\/wp-content\/uploads\/2022\/09\/Logo-SMG.png","contentUrl":"https:\/\/www.smglanguages.com\/wp-content\/uploads\/2022\/09\/Logo-SMG.png","width":882,"height":546,"caption":"Studio Moretto Group"},"image":{"@id":"https:\/\/www.smglanguages.com\/hr\/#\/schema\/logo\/image\/"},"sameAs":["https:\/\/it-it.facebook.com\/smgstudiomorettogroup\/","https:\/\/it.linkedin.com\/company\/studio-moretto-group-srl"]}]}},"_links":{"self":[{"href":"https:\/\/www.smglanguages.com\/hr\/wp-json\/wp\/v2\/pages\/32950","targetHints":{"allow":["GET"]}}],"collection":[{"href":"https:\/\/www.smglanguages.com\/hr\/wp-json\/wp\/v2\/pages"}],"about":[{"href":"https:\/\/www.smglanguages.com\/hr\/wp-json\/wp\/v2\/types\/page"}],"author":[{"embeddable":true,"href":"https:\/\/www.smglanguages.com\/hr\/wp-json\/wp\/v2\/users\/2"}],"replies":[{"embeddable":true,"href":"https:\/\/www.smglanguages.com\/hr\/wp-json\/wp\/v2\/comments?post=32950"}],"version-history":[{"count":0,"href":"https:\/\/www.smglanguages.com\/hr\/wp-json\/wp\/v2\/pages\/32950\/revisions"}],"up":[{"embeddable":true,"href":"https:\/\/www.smglanguages.com\/hr\/wp-json\/wp\/v2\/pages\/32513"}],"wp:attachment":[{"href":"https:\/\/www.smglanguages.com\/hr\/wp-json\/wp\/v2\/media?parent=32950"}],"curies":[{"name":"wp","href":"https:\/\/api.w.org\/{rel}","templated":true}]}}