{"id":31052,"date":"2018-03-13T11:32:16","date_gmt":"2018-03-13T11:32:16","guid":{"rendered":"https:\/\/www.smglanguages.com\/sedi-nel-mondo"},"modified":"2025-06-05T17:32:03","modified_gmt":"2025-06-05T15:32:03","slug":"kapcsolatok","status":"publish","type":"page","link":"https:\/\/www.smglanguages.com\/hu\/vallalat\/kapcsolatok\/","title":{"rendered":"Kapcsolatok"},"content":{"rendered":"","protected":false},"excerpt":{"rendered":"","protected":false},"author":2,"featured_media":25279,"parent":30604,"menu_order":0,"comment_status":"closed","ping_status":"closed","template":"templates\/flexible-content.php","meta":{"_acf_changed":false,"footnotes":""},"class_list":["post-31052","page","type-page","status-publish","has-post-thumbnail","hentry"],"acf":[],"yoast_head":"<!-- This site is optimized with the Yoast SEO plugin v27.2 - https:\/\/yoast.com\/product\/yoast-seo-wordpress\/ -->\n<title>Kapcsolatok - SMG Languages<\/title>\n<meta name=\"description\" content=\"A SMG Languages nemzetk\u00f6zi ford\u00edt\u00f3iroda: a vil\u00e1g sz\u00e1mos orsz\u00e1g\u00e1ban m\u0171k\u00f6dtetett saj\u00e1t irod\u00e1inknak \u00e9s magasan k\u00e9pzett, anyanyelv\u00fck\u00f6n dolgoz\u00f3 helyi munkat\u00e1rsakb\u00f3l \u00e1ll\u00f3 h\u00e1l\u00f3zatunknak k\u00f6sz\u00f6nhet\u0151en t\u00f6bb mint 160 nyelven ny\u00fajtunk szolg\u00e1ltat\u00e1st.\" \/>\n<meta name=\"robots\" content=\"index, follow, max-snippet:-1, max-image-preview:large, max-video-preview:-1\" \/>\n<link rel=\"canonical\" href=\"https:\/\/www.smglanguages.com\/hu\/vallalat\/kapcsolatok\/\" \/>\n<meta property=\"og:locale\" content=\"hu_HU\" \/>\n<meta property=\"og:type\" content=\"article\" \/>\n<meta property=\"og:title\" content=\"Kapcsolatok - SMG Languages\" \/>\n<meta property=\"og:description\" content=\"A SMG Languages nemzetk\u00f6zi ford\u00edt\u00f3iroda: a vil\u00e1g sz\u00e1mos orsz\u00e1g\u00e1ban m\u0171k\u00f6dtetett saj\u00e1t irod\u00e1inknak \u00e9s magasan k\u00e9pzett, anyanyelv\u00fck\u00f6n dolgoz\u00f3 helyi munkat\u00e1rsakb\u00f3l \u00e1ll\u00f3 h\u00e1l\u00f3zatunknak k\u00f6sz\u00f6nhet\u0151en t\u00f6bb mint 160 nyelven ny\u00fajtunk szolg\u00e1ltat\u00e1st.\" \/>\n<meta property=\"og:url\" content=\"https:\/\/www.smglanguages.com\/hu\/vallalat\/kapcsolatok\/\" \/>\n<meta property=\"og:site_name\" content=\"SMG Languages\" \/>\n<meta property=\"article:publisher\" content=\"https:\/\/it-it.facebook.com\/smgstudiomorettogroup\/\" \/>\n<meta property=\"article:modified_time\" content=\"2025-06-05T15:32:03+00:00\" \/>\n<meta property=\"og:image\" content=\"https:\/\/www.smglanguages.com\/wp-content\/uploads\/2018\/03\/Contatti-e-Sedi-Estere-hover-SMG_languages-.jpg\" \/>\n\t<meta property=\"og:image:width\" content=\"1920\" \/>\n\t<meta property=\"og:image:height\" content=\"451\" \/>\n\t<meta property=\"og:image:type\" content=\"image\/jpeg\" \/>\n<meta name=\"twitter:card\" content=\"summary_large_image\" \/>\n<meta name=\"twitter:label1\" content=\"Becs\u00fclt olvas\u00e1si id\u0151\" \/>\n\t<meta name=\"twitter:data1\" content=\"2 perc\" \/>\n<script type=\"application\/ld+json\" class=\"yoast-schema-graph\">{\"@context\":\"https:\/\/schema.org\",\"@graph\":[{\"@type\":\"WebPage\",\"@id\":\"https:\/\/www.smglanguages.com\/hu\/vallalat\/kapcsolatok\/\",\"url\":\"https:\/\/www.smglanguages.com\/hu\/vallalat\/kapcsolatok\/\",\"name\":\"Kapcsolatok - SMG Languages\",\"isPartOf\":{\"@id\":\"https:\/\/www.smglanguages.com\/hu\/#website\"},\"primaryImageOfPage\":{\"@id\":\"https:\/\/www.smglanguages.com\/hu\/vallalat\/kapcsolatok\/#primaryimage\"},\"image\":{\"@id\":\"https:\/\/www.smglanguages.com\/hu\/vallalat\/kapcsolatok\/#primaryimage\"},\"thumbnailUrl\":\"https:\/\/www.smglanguages.com\/wp-content\/uploads\/2018\/03\/Contatti-e-Sedi-Estere-hover-SMG_languages-.jpg\",\"datePublished\":\"2018-03-13T11:32:16+00:00\",\"dateModified\":\"2025-06-05T15:32:03+00:00\",\"description\":\"A SMG Languages nemzetk\u00f6zi ford\u00edt\u00f3iroda: a vil\u00e1g sz\u00e1mos orsz\u00e1g\u00e1ban m\u0171k\u00f6dtetett saj\u00e1t irod\u00e1inknak \u00e9s magasan k\u00e9pzett, anyanyelv\u00fck\u00f6n dolgoz\u00f3 helyi munkat\u00e1rsakb\u00f3l \u00e1ll\u00f3 h\u00e1l\u00f3zatunknak k\u00f6sz\u00f6nhet\u0151en t\u00f6bb mint 160 nyelven ny\u00fajtunk szolg\u00e1ltat\u00e1st.\",\"breadcrumb\":{\"@id\":\"https:\/\/www.smglanguages.com\/hu\/vallalat\/kapcsolatok\/#breadcrumb\"},\"inLanguage\":\"hu\",\"potentialAction\":[{\"@type\":\"ReadAction\",\"target\":[\"https:\/\/www.smglanguages.com\/hu\/vallalat\/kapcsolatok\/\"]}]},{\"@type\":\"ImageObject\",\"inLanguage\":\"hu\",\"@id\":\"https:\/\/www.smglanguages.com\/hu\/vallalat\/kapcsolatok\/#primaryimage\",\"url\":\"https:\/\/www.smglanguages.com\/wp-content\/uploads\/2018\/03\/Contatti-e-Sedi-Estere-hover-SMG_languages-.jpg\",\"contentUrl\":\"https:\/\/www.smglanguages.com\/wp-content\/uploads\/2018\/03\/Contatti-e-Sedi-Estere-hover-SMG_languages-.jpg\",\"width\":1920,\"height\":451},{\"@type\":\"BreadcrumbList\",\"@id\":\"https:\/\/www.smglanguages.com\/hu\/vallalat\/kapcsolatok\/#breadcrumb\",\"itemListElement\":[{\"@type\":\"ListItem\",\"position\":1,\"name\":\"Home\",\"item\":\"https:\/\/www.smglanguages.com\/hu\/?lang=hu\"},{\"@type\":\"ListItem\",\"position\":2,\"name\":\"V\u00e1llalat\",\"item\":\"https:\/\/www.smglanguages.com\/hu\/vallalat\/?lang=hu\"},{\"@type\":\"ListItem\",\"position\":3,\"name\":\"Kapcsolatok\"}]},{\"@type\":\"WebSite\",\"@id\":\"https:\/\/www.smglanguages.com\/hu\/#website\",\"url\":\"https:\/\/www.smglanguages.com\/hu\/\",\"name\":\"SMG Languages\",\"description\":\"\",\"publisher\":{\"@id\":\"https:\/\/www.smglanguages.com\/hu\/#organization\"},\"alternateName\":\"Studio Moretto Group\",\"potentialAction\":[{\"@type\":\"SearchAction\",\"target\":{\"@type\":\"EntryPoint\",\"urlTemplate\":\"https:\/\/www.smglanguages.com\/hu\/?s={search_term_string}\"},\"query-input\":{\"@type\":\"PropertyValueSpecification\",\"valueRequired\":true,\"valueName\":\"search_term_string\"}}],\"inLanguage\":\"hu\"},{\"@type\":\"Organization\",\"@id\":\"https:\/\/www.smglanguages.com\/hu\/#organization\",\"name\":\"Studio Moretto Group\",\"alternateName\":\"SMG Languages\",\"url\":\"https:\/\/www.smglanguages.com\/hu\/\",\"logo\":{\"@type\":\"ImageObject\",\"inLanguage\":\"hu\",\"@id\":\"https:\/\/www.smglanguages.com\/hu\/#\/schema\/logo\/image\/\",\"url\":\"https:\/\/www.smglanguages.com\/wp-content\/uploads\/2022\/09\/Logo-SMG.png\",\"contentUrl\":\"https:\/\/www.smglanguages.com\/wp-content\/uploads\/2022\/09\/Logo-SMG.png\",\"width\":882,\"height\":546,\"caption\":\"Studio Moretto Group\"},\"image\":{\"@id\":\"https:\/\/www.smglanguages.com\/hu\/#\/schema\/logo\/image\/\"},\"sameAs\":[\"https:\/\/it-it.facebook.com\/smgstudiomorettogroup\/\",\"https:\/\/it.linkedin.com\/company\/studio-moretto-group-srl\"]}]}<\/script>\n<!-- \/ Yoast SEO plugin. -->","yoast_head_json":{"title":"Kapcsolatok - SMG Languages","description":"A SMG Languages nemzetk\u00f6zi ford\u00edt\u00f3iroda: a vil\u00e1g sz\u00e1mos orsz\u00e1g\u00e1ban m\u0171k\u00f6dtetett saj\u00e1t irod\u00e1inknak \u00e9s magasan k\u00e9pzett, anyanyelv\u00fck\u00f6n dolgoz\u00f3 helyi munkat\u00e1rsakb\u00f3l \u00e1ll\u00f3 h\u00e1l\u00f3zatunknak k\u00f6sz\u00f6nhet\u0151en t\u00f6bb mint 160 nyelven ny\u00fajtunk szolg\u00e1ltat\u00e1st.","robots":{"index":"index","follow":"follow","max-snippet":"max-snippet:-1","max-image-preview":"max-image-preview:large","max-video-preview":"max-video-preview:-1"},"canonical":"https:\/\/www.smglanguages.com\/hu\/vallalat\/kapcsolatok\/","og_locale":"hu_HU","og_type":"article","og_title":"Kapcsolatok - SMG Languages","og_description":"A SMG Languages nemzetk\u00f6zi ford\u00edt\u00f3iroda: a vil\u00e1g sz\u00e1mos orsz\u00e1g\u00e1ban m\u0171k\u00f6dtetett saj\u00e1t irod\u00e1inknak \u00e9s magasan k\u00e9pzett, anyanyelv\u00fck\u00f6n dolgoz\u00f3 helyi munkat\u00e1rsakb\u00f3l \u00e1ll\u00f3 h\u00e1l\u00f3zatunknak k\u00f6sz\u00f6nhet\u0151en t\u00f6bb mint 160 nyelven ny\u00fajtunk szolg\u00e1ltat\u00e1st.","og_url":"https:\/\/www.smglanguages.com\/hu\/vallalat\/kapcsolatok\/","og_site_name":"SMG Languages","article_publisher":"https:\/\/it-it.facebook.com\/smgstudiomorettogroup\/","article_modified_time":"2025-06-05T15:32:03+00:00","og_image":[{"width":1920,"height":451,"url":"https:\/\/www.smglanguages.com\/wp-content\/uploads\/2018\/03\/Contatti-e-Sedi-Estere-hover-SMG_languages-.jpg","type":"image\/jpeg"}],"twitter_card":"summary_large_image","twitter_misc":{"Becs\u00fclt olvas\u00e1si id\u0151":"2 perc"},"schema":{"@context":"https:\/\/schema.org","@graph":[{"@type":"WebPage","@id":"https:\/\/www.smglanguages.com\/hu\/vallalat\/kapcsolatok\/","url":"https:\/\/www.smglanguages.com\/hu\/vallalat\/kapcsolatok\/","name":"Kapcsolatok - SMG Languages","isPartOf":{"@id":"https:\/\/www.smglanguages.com\/hu\/#website"},"primaryImageOfPage":{"@id":"https:\/\/www.smglanguages.com\/hu\/vallalat\/kapcsolatok\/#primaryimage"},"image":{"@id":"https:\/\/www.smglanguages.com\/hu\/vallalat\/kapcsolatok\/#primaryimage"},"thumbnailUrl":"https:\/\/www.smglanguages.com\/wp-content\/uploads\/2018\/03\/Contatti-e-Sedi-Estere-hover-SMG_languages-.jpg","datePublished":"2018-03-13T11:32:16+00:00","dateModified":"2025-06-05T15:32:03+00:00","description":"A SMG Languages nemzetk\u00f6zi ford\u00edt\u00f3iroda: a vil\u00e1g sz\u00e1mos orsz\u00e1g\u00e1ban m\u0171k\u00f6dtetett saj\u00e1t irod\u00e1inknak \u00e9s magasan k\u00e9pzett, anyanyelv\u00fck\u00f6n dolgoz\u00f3 helyi munkat\u00e1rsakb\u00f3l \u00e1ll\u00f3 h\u00e1l\u00f3zatunknak k\u00f6sz\u00f6nhet\u0151en t\u00f6bb mint 160 nyelven ny\u00fajtunk szolg\u00e1ltat\u00e1st.","breadcrumb":{"@id":"https:\/\/www.smglanguages.com\/hu\/vallalat\/kapcsolatok\/#breadcrumb"},"inLanguage":"hu","potentialAction":[{"@type":"ReadAction","target":["https:\/\/www.smglanguages.com\/hu\/vallalat\/kapcsolatok\/"]}]},{"@type":"ImageObject","inLanguage":"hu","@id":"https:\/\/www.smglanguages.com\/hu\/vallalat\/kapcsolatok\/#primaryimage","url":"https:\/\/www.smglanguages.com\/wp-content\/uploads\/2018\/03\/Contatti-e-Sedi-Estere-hover-SMG_languages-.jpg","contentUrl":"https:\/\/www.smglanguages.com\/wp-content\/uploads\/2018\/03\/Contatti-e-Sedi-Estere-hover-SMG_languages-.jpg","width":1920,"height":451},{"@type":"BreadcrumbList","@id":"https:\/\/www.smglanguages.com\/hu\/vallalat\/kapcsolatok\/#breadcrumb","itemListElement":[{"@type":"ListItem","position":1,"name":"Home","item":"https:\/\/www.smglanguages.com\/hu\/?lang=hu"},{"@type":"ListItem","position":2,"name":"V\u00e1llalat","item":"https:\/\/www.smglanguages.com\/hu\/vallalat\/?lang=hu"},{"@type":"ListItem","position":3,"name":"Kapcsolatok"}]},{"@type":"WebSite","@id":"https:\/\/www.smglanguages.com\/hu\/#website","url":"https:\/\/www.smglanguages.com\/hu\/","name":"SMG Languages","description":"","publisher":{"@id":"https:\/\/www.smglanguages.com\/hu\/#organization"},"alternateName":"Studio Moretto Group","potentialAction":[{"@type":"SearchAction","target":{"@type":"EntryPoint","urlTemplate":"https:\/\/www.smglanguages.com\/hu\/?s={search_term_string}"},"query-input":{"@type":"PropertyValueSpecification","valueRequired":true,"valueName":"search_term_string"}}],"inLanguage":"hu"},{"@type":"Organization","@id":"https:\/\/www.smglanguages.com\/hu\/#organization","name":"Studio Moretto Group","alternateName":"SMG Languages","url":"https:\/\/www.smglanguages.com\/hu\/","logo":{"@type":"ImageObject","inLanguage":"hu","@id":"https:\/\/www.smglanguages.com\/hu\/#\/schema\/logo\/image\/","url":"https:\/\/www.smglanguages.com\/wp-content\/uploads\/2022\/09\/Logo-SMG.png","contentUrl":"https:\/\/www.smglanguages.com\/wp-content\/uploads\/2022\/09\/Logo-SMG.png","width":882,"height":546,"caption":"Studio Moretto Group"},"image":{"@id":"https:\/\/www.smglanguages.com\/hu\/#\/schema\/logo\/image\/"},"sameAs":["https:\/\/it-it.facebook.com\/smgstudiomorettogroup\/","https:\/\/it.linkedin.com\/company\/studio-moretto-group-srl"]}]}},"_links":{"self":[{"href":"https:\/\/www.smglanguages.com\/hu\/wp-json\/wp\/v2\/pages\/31052","targetHints":{"allow":["GET"]}}],"collection":[{"href":"https:\/\/www.smglanguages.com\/hu\/wp-json\/wp\/v2\/pages"}],"about":[{"href":"https:\/\/www.smglanguages.com\/hu\/wp-json\/wp\/v2\/types\/page"}],"author":[{"embeddable":true,"href":"https:\/\/www.smglanguages.com\/hu\/wp-json\/wp\/v2\/users\/2"}],"replies":[{"embeddable":true,"href":"https:\/\/www.smglanguages.com\/hu\/wp-json\/wp\/v2\/comments?post=31052"}],"version-history":[{"count":0,"href":"https:\/\/www.smglanguages.com\/hu\/wp-json\/wp\/v2\/pages\/31052\/revisions"}],"up":[{"embeddable":true,"href":"https:\/\/www.smglanguages.com\/hu\/wp-json\/wp\/v2\/pages\/30604"}],"wp:featuredmedia":[{"embeddable":true,"href":"https:\/\/www.smglanguages.com\/hu\/wp-json\/wp\/v2\/media\/25279"}],"wp:attachment":[{"href":"https:\/\/www.smglanguages.com\/hu\/wp-json\/wp\/v2\/media?parent=31052"}],"curies":[{"name":"wp","href":"https:\/\/api.w.org\/{rel}","templated":true}]}}