{"id":33133,"date":"2018-04-05T09:54:44","date_gmt":"2018-04-05T09:54:44","guid":{"rendered":"https:\/\/www.smglanguages.com\/redazione-testi-multilingue"},"modified":"2025-08-06T11:54:56","modified_gmt":"2025-08-06T09:54:56","slug":"szerkesztes","status":"publish","type":"page","link":"https:\/\/www.smglanguages.com\/hu\/szerkesztes\/","title":{"rendered":"Redayione \u00e9s sz\u00f6vegek korrekci\u00f3ja"},"content":{"rendered":"","protected":false},"excerpt":{"rendered":"","protected":false},"author":2,"featured_media":0,"parent":0,"menu_order":0,"comment_status":"closed","ping_status":"closed","template":"templates\/flexible-content.php","meta":{"_acf_changed":false,"footnotes":""},"class_list":["post-33133","page","type-page","status-publish","hentry"],"acf":[],"yoast_head":"<!-- This site is optimized with the Yoast SEO plugin v27.2 - https:\/\/yoast.com\/product\/yoast-seo-wordpress\/ -->\n<title>T\u00f6bbnyelv\u0171 sz\u00f6vegek szerkeszt\u00e9si szolg\u00e1ltat\u00e1sa - SMG Languages<\/title>\n<meta name=\"description\" content=\"Mint k\u00fclf\u00f6ldi kommunik\u00e1ci\u00f3s c\u00e9g, a SMG Languages m\u0171szaki sz\u00f6vegszerkeszt\u00e9st \u00e9s kreat\u00edv ford\u00edt\u00e1st ny\u00fajt a v\u00e1llalatok r\u00e9sz\u00e9re.\" \/>\n<meta name=\"robots\" content=\"index, follow, max-snippet:-1, max-image-preview:large, max-video-preview:-1\" \/>\n<link rel=\"canonical\" href=\"https:\/\/www.smglanguages.com\/hu\/szerkesztes\/\" \/>\n<meta property=\"og:locale\" content=\"hu_HU\" \/>\n<meta property=\"og:type\" content=\"article\" \/>\n<meta property=\"og:title\" content=\"T\u00f6bbnyelv\u0171 sz\u00f6vegek szerkeszt\u00e9si szolg\u00e1ltat\u00e1sa - SMG Languages\" \/>\n<meta property=\"og:description\" content=\"Mint k\u00fclf\u00f6ldi kommunik\u00e1ci\u00f3s c\u00e9g, a SMG Languages m\u0171szaki sz\u00f6vegszerkeszt\u00e9st \u00e9s kreat\u00edv ford\u00edt\u00e1st ny\u00fajt a v\u00e1llalatok r\u00e9sz\u00e9re.\" \/>\n<meta property=\"og:url\" content=\"https:\/\/www.smglanguages.com\/hu\/szerkesztes\/\" \/>\n<meta property=\"og:site_name\" content=\"SMG Languages\" \/>\n<meta property=\"article:publisher\" content=\"https:\/\/it-it.facebook.com\/smgstudiomorettogroup\/\" \/>\n<meta property=\"article:modified_time\" content=\"2025-08-06T09:54:56+00:00\" \/>\n<meta property=\"og:image\" content=\"https:\/\/www.smglanguages.com\/wp-content\/uploads\/2022\/09\/Logo-SMG.png\" \/>\n\t<meta property=\"og:image:width\" content=\"882\" \/>\n\t<meta property=\"og:image:height\" content=\"546\" \/>\n\t<meta property=\"og:image:type\" content=\"image\/png\" \/>\n<meta name=\"twitter:card\" content=\"summary_large_image\" \/>\n<meta name=\"twitter:label1\" content=\"Becs\u00fclt olvas\u00e1si id\u0151\" \/>\n\t<meta name=\"twitter:data1\" content=\"4 perc\" \/>\n<script type=\"application\/ld+json\" class=\"yoast-schema-graph\">{\"@context\":\"https:\/\/schema.org\",\"@graph\":[{\"@type\":\"WebPage\",\"@id\":\"https:\/\/www.smglanguages.com\/hu\/szerkesztes\/\",\"url\":\"https:\/\/www.smglanguages.com\/hu\/szerkesztes\/\",\"name\":\"T\u00f6bbnyelv\u0171 sz\u00f6vegek szerkeszt\u00e9si szolg\u00e1ltat\u00e1sa - SMG Languages\",\"isPartOf\":{\"@id\":\"https:\/\/www.smglanguages.com\/hu\/#website\"},\"datePublished\":\"2018-04-05T09:54:44+00:00\",\"dateModified\":\"2025-08-06T09:54:56+00:00\",\"description\":\"Mint k\u00fclf\u00f6ldi kommunik\u00e1ci\u00f3s c\u00e9g, a SMG Languages m\u0171szaki sz\u00f6vegszerkeszt\u00e9st \u00e9s kreat\u00edv ford\u00edt\u00e1st ny\u00fajt a v\u00e1llalatok r\u00e9sz\u00e9re.\",\"breadcrumb\":{\"@id\":\"https:\/\/www.smglanguages.com\/hu\/szerkesztes\/#breadcrumb\"},\"inLanguage\":\"hu\",\"potentialAction\":[{\"@type\":\"ReadAction\",\"target\":[\"https:\/\/www.smglanguages.com\/hu\/szerkesztes\/\"]}]},{\"@type\":\"BreadcrumbList\",\"@id\":\"https:\/\/www.smglanguages.com\/hu\/szerkesztes\/#breadcrumb\",\"itemListElement\":[{\"@type\":\"ListItem\",\"position\":1,\"name\":\"Home\",\"item\":\"https:\/\/www.smglanguages.com\/hu\/?lang=hu\"},{\"@type\":\"ListItem\",\"position\":2,\"name\":\"Redayione \u00e9s sz\u00f6vegek korrekci\u00f3ja\"}]},{\"@type\":\"WebSite\",\"@id\":\"https:\/\/www.smglanguages.com\/hu\/#website\",\"url\":\"https:\/\/www.smglanguages.com\/hu\/\",\"name\":\"SMG Languages\",\"description\":\"\",\"publisher\":{\"@id\":\"https:\/\/www.smglanguages.com\/hu\/#organization\"},\"alternateName\":\"Studio Moretto Group\",\"potentialAction\":[{\"@type\":\"SearchAction\",\"target\":{\"@type\":\"EntryPoint\",\"urlTemplate\":\"https:\/\/www.smglanguages.com\/hu\/?s={search_term_string}\"},\"query-input\":{\"@type\":\"PropertyValueSpecification\",\"valueRequired\":true,\"valueName\":\"search_term_string\"}}],\"inLanguage\":\"hu\"},{\"@type\":\"Organization\",\"@id\":\"https:\/\/www.smglanguages.com\/hu\/#organization\",\"name\":\"Studio Moretto Group\",\"alternateName\":\"SMG Languages\",\"url\":\"https:\/\/www.smglanguages.com\/hu\/\",\"logo\":{\"@type\":\"ImageObject\",\"inLanguage\":\"hu\",\"@id\":\"https:\/\/www.smglanguages.com\/hu\/#\/schema\/logo\/image\/\",\"url\":\"https:\/\/www.smglanguages.com\/wp-content\/uploads\/2022\/09\/Logo-SMG.png\",\"contentUrl\":\"https:\/\/www.smglanguages.com\/wp-content\/uploads\/2022\/09\/Logo-SMG.png\",\"width\":882,\"height\":546,\"caption\":\"Studio Moretto Group\"},\"image\":{\"@id\":\"https:\/\/www.smglanguages.com\/hu\/#\/schema\/logo\/image\/\"},\"sameAs\":[\"https:\/\/it-it.facebook.com\/smgstudiomorettogroup\/\",\"https:\/\/it.linkedin.com\/company\/studio-moretto-group-srl\"]}]}<\/script>\n<!-- \/ Yoast SEO plugin. -->","yoast_head_json":{"title":"T\u00f6bbnyelv\u0171 sz\u00f6vegek szerkeszt\u00e9si szolg\u00e1ltat\u00e1sa - SMG Languages","description":"Mint k\u00fclf\u00f6ldi kommunik\u00e1ci\u00f3s c\u00e9g, a SMG Languages m\u0171szaki sz\u00f6vegszerkeszt\u00e9st \u00e9s kreat\u00edv ford\u00edt\u00e1st ny\u00fajt a v\u00e1llalatok r\u00e9sz\u00e9re.","robots":{"index":"index","follow":"follow","max-snippet":"max-snippet:-1","max-image-preview":"max-image-preview:large","max-video-preview":"max-video-preview:-1"},"canonical":"https:\/\/www.smglanguages.com\/hu\/szerkesztes\/","og_locale":"hu_HU","og_type":"article","og_title":"T\u00f6bbnyelv\u0171 sz\u00f6vegek szerkeszt\u00e9si szolg\u00e1ltat\u00e1sa - SMG Languages","og_description":"Mint k\u00fclf\u00f6ldi kommunik\u00e1ci\u00f3s c\u00e9g, a SMG Languages m\u0171szaki sz\u00f6vegszerkeszt\u00e9st \u00e9s kreat\u00edv ford\u00edt\u00e1st ny\u00fajt a v\u00e1llalatok r\u00e9sz\u00e9re.","og_url":"https:\/\/www.smglanguages.com\/hu\/szerkesztes\/","og_site_name":"SMG Languages","article_publisher":"https:\/\/it-it.facebook.com\/smgstudiomorettogroup\/","article_modified_time":"2025-08-06T09:54:56+00:00","og_image":[{"width":882,"height":546,"url":"https:\/\/www.smglanguages.com\/wp-content\/uploads\/2022\/09\/Logo-SMG.png","type":"image\/png"}],"twitter_card":"summary_large_image","twitter_misc":{"Becs\u00fclt olvas\u00e1si id\u0151":"4 perc"},"schema":{"@context":"https:\/\/schema.org","@graph":[{"@type":"WebPage","@id":"https:\/\/www.smglanguages.com\/hu\/szerkesztes\/","url":"https:\/\/www.smglanguages.com\/hu\/szerkesztes\/","name":"T\u00f6bbnyelv\u0171 sz\u00f6vegek szerkeszt\u00e9si szolg\u00e1ltat\u00e1sa - SMG Languages","isPartOf":{"@id":"https:\/\/www.smglanguages.com\/hu\/#website"},"datePublished":"2018-04-05T09:54:44+00:00","dateModified":"2025-08-06T09:54:56+00:00","description":"Mint k\u00fclf\u00f6ldi kommunik\u00e1ci\u00f3s c\u00e9g, a SMG Languages m\u0171szaki sz\u00f6vegszerkeszt\u00e9st \u00e9s kreat\u00edv ford\u00edt\u00e1st ny\u00fajt a v\u00e1llalatok r\u00e9sz\u00e9re.","breadcrumb":{"@id":"https:\/\/www.smglanguages.com\/hu\/szerkesztes\/#breadcrumb"},"inLanguage":"hu","potentialAction":[{"@type":"ReadAction","target":["https:\/\/www.smglanguages.com\/hu\/szerkesztes\/"]}]},{"@type":"BreadcrumbList","@id":"https:\/\/www.smglanguages.com\/hu\/szerkesztes\/#breadcrumb","itemListElement":[{"@type":"ListItem","position":1,"name":"Home","item":"https:\/\/www.smglanguages.com\/hu\/?lang=hu"},{"@type":"ListItem","position":2,"name":"Redayione \u00e9s sz\u00f6vegek korrekci\u00f3ja"}]},{"@type":"WebSite","@id":"https:\/\/www.smglanguages.com\/hu\/#website","url":"https:\/\/www.smglanguages.com\/hu\/","name":"SMG Languages","description":"","publisher":{"@id":"https:\/\/www.smglanguages.com\/hu\/#organization"},"alternateName":"Studio Moretto Group","potentialAction":[{"@type":"SearchAction","target":{"@type":"EntryPoint","urlTemplate":"https:\/\/www.smglanguages.com\/hu\/?s={search_term_string}"},"query-input":{"@type":"PropertyValueSpecification","valueRequired":true,"valueName":"search_term_string"}}],"inLanguage":"hu"},{"@type":"Organization","@id":"https:\/\/www.smglanguages.com\/hu\/#organization","name":"Studio Moretto Group","alternateName":"SMG Languages","url":"https:\/\/www.smglanguages.com\/hu\/","logo":{"@type":"ImageObject","inLanguage":"hu","@id":"https:\/\/www.smglanguages.com\/hu\/#\/schema\/logo\/image\/","url":"https:\/\/www.smglanguages.com\/wp-content\/uploads\/2022\/09\/Logo-SMG.png","contentUrl":"https:\/\/www.smglanguages.com\/wp-content\/uploads\/2022\/09\/Logo-SMG.png","width":882,"height":546,"caption":"Studio Moretto Group"},"image":{"@id":"https:\/\/www.smglanguages.com\/hu\/#\/schema\/logo\/image\/"},"sameAs":["https:\/\/it-it.facebook.com\/smgstudiomorettogroup\/","https:\/\/it.linkedin.com\/company\/studio-moretto-group-srl"]}]}},"_links":{"self":[{"href":"https:\/\/www.smglanguages.com\/hu\/wp-json\/wp\/v2\/pages\/33133","targetHints":{"allow":["GET"]}}],"collection":[{"href":"https:\/\/www.smglanguages.com\/hu\/wp-json\/wp\/v2\/pages"}],"about":[{"href":"https:\/\/www.smglanguages.com\/hu\/wp-json\/wp\/v2\/types\/page"}],"author":[{"embeddable":true,"href":"https:\/\/www.smglanguages.com\/hu\/wp-json\/wp\/v2\/users\/2"}],"replies":[{"embeddable":true,"href":"https:\/\/www.smglanguages.com\/hu\/wp-json\/wp\/v2\/comments?post=33133"}],"version-history":[{"count":0,"href":"https:\/\/www.smglanguages.com\/hu\/wp-json\/wp\/v2\/pages\/33133\/revisions"}],"wp:attachment":[{"href":"https:\/\/www.smglanguages.com\/hu\/wp-json\/wp\/v2\/media?parent=33133"}],"curies":[{"name":"wp","href":"https:\/\/api.w.org\/{rel}","templated":true}]}}