{"id":37557,"date":"2018-04-03T10:04:09","date_gmt":"2018-04-03T10:04:09","guid":{"rendered":"https:\/\/www.smglanguages.com\/traduzioni-professionali"},"modified":"2018-12-20T14:07:57","modified_gmt":"2018-12-20T14:07:57","slug":"forditok","status":"publish","type":"page","link":"https:\/\/www.smglanguages.com\/hu\/forditok\/","title":{"rendered":"Ford\u00edt\u00f3k"},"content":{"rendered":"","protected":false},"excerpt":{"rendered":"","protected":false},"author":2,"featured_media":0,"parent":0,"menu_order":0,"comment_status":"closed","ping_status":"closed","template":"templates\/flexible-content.php","meta":{"_acf_changed":false,"footnotes":""},"class_list":["post-37557","page","type-page","status-publish","hentry"],"acf":[],"yoast_head":"<!-- This site is optimized with the Yoast SEO plugin v27.2 - https:\/\/yoast.com\/product\/yoast-seo-wordpress\/ -->\n<title>Ford\u00edt\u00f3k - SMG Languages<\/title>\n<meta name=\"description\" content=\"Irod\u00e1ink t\u00f6bb mint 160 nyelvre ford\u00edtanak gyorsan \u00e9s olyan illusztris \u00fcgyfeleink \u00e1ltal elismerten, mint az Olasz Hadsereg, az Eur\u00f3pai Uni\u00f3 \u00e9s a francia Kassz\u00e1ci\u00f3s B\u00edr\u00f3s\u00e1g.A ford\u00edt\u00e1sokat az adott anyagra szakosodott anyanyelv\u0171 ford\u00edt\u00f3k v\u00e9gzik. Munk\u00e1jukat min\u0151s\u00e9gi szempontb\u00f3l szigor\u00faan ellen\u0151rizz\u00fck az EN MSZ 15038 eur\u00f3pai szabv\u00e1ny el\u0151\u00edr\u00e1sainak megfelel\u0151en.\" \/>\n<meta name=\"robots\" content=\"index, follow, max-snippet:-1, max-image-preview:large, max-video-preview:-1\" \/>\n<link rel=\"canonical\" href=\"https:\/\/www.smglanguages.com\/hu\/forditok\/\" \/>\n<meta property=\"og:locale\" content=\"hu_HU\" \/>\n<meta property=\"og:type\" content=\"article\" \/>\n<meta property=\"og:title\" content=\"Ford\u00edt\u00f3k - SMG Languages\" \/>\n<meta property=\"og:description\" content=\"Irod\u00e1ink t\u00f6bb mint 160 nyelvre ford\u00edtanak gyorsan \u00e9s olyan illusztris \u00fcgyfeleink \u00e1ltal elismerten, mint az Olasz Hadsereg, az Eur\u00f3pai Uni\u00f3 \u00e9s a francia Kassz\u00e1ci\u00f3s B\u00edr\u00f3s\u00e1g.A ford\u00edt\u00e1sokat az adott anyagra szakosodott anyanyelv\u0171 ford\u00edt\u00f3k v\u00e9gzik. Munk\u00e1jukat min\u0151s\u00e9gi szempontb\u00f3l szigor\u00faan ellen\u0151rizz\u00fck az EN MSZ 15038 eur\u00f3pai szabv\u00e1ny el\u0151\u00edr\u00e1sainak megfelel\u0151en.\" \/>\n<meta property=\"og:url\" content=\"https:\/\/www.smglanguages.com\/hu\/forditok\/\" \/>\n<meta property=\"og:site_name\" content=\"SMG Languages\" \/>\n<meta property=\"article:publisher\" content=\"https:\/\/it-it.facebook.com\/smgstudiomorettogroup\/\" \/>\n<meta property=\"article:modified_time\" content=\"2018-12-20T14:07:57+00:00\" \/>\n<meta property=\"og:image\" content=\"https:\/\/www.smglanguages.com\/wp-content\/uploads\/2022\/09\/Logo-SMG.png\" \/>\n\t<meta property=\"og:image:width\" content=\"882\" \/>\n\t<meta property=\"og:image:height\" content=\"546\" \/>\n\t<meta property=\"og:image:type\" content=\"image\/png\" \/>\n<meta name=\"twitter:card\" content=\"summary_large_image\" \/>\n<script type=\"application\/ld+json\" class=\"yoast-schema-graph\">{\"@context\":\"https:\/\/schema.org\",\"@graph\":[{\"@type\":\"WebPage\",\"@id\":\"https:\/\/www.smglanguages.com\/hu\/forditok\/\",\"url\":\"https:\/\/www.smglanguages.com\/hu\/forditok\/\",\"name\":\"Ford\u00edt\u00f3k - SMG Languages\",\"isPartOf\":{\"@id\":\"https:\/\/www.smglanguages.com\/hu\/#website\"},\"datePublished\":\"2018-04-03T10:04:09+00:00\",\"dateModified\":\"2018-12-20T14:07:57+00:00\",\"description\":\"Irod\u00e1ink t\u00f6bb mint 160 nyelvre ford\u00edtanak gyorsan \u00e9s olyan illusztris \u00fcgyfeleink \u00e1ltal elismerten, mint az Olasz Hadsereg, az Eur\u00f3pai Uni\u00f3 \u00e9s a francia Kassz\u00e1ci\u00f3s B\u00edr\u00f3s\u00e1g.A ford\u00edt\u00e1sokat az adott anyagra szakosodott anyanyelv\u0171 ford\u00edt\u00f3k v\u00e9gzik. Munk\u00e1jukat min\u0151s\u00e9gi szempontb\u00f3l szigor\u00faan ellen\u0151rizz\u00fck az EN MSZ 15038 eur\u00f3pai szabv\u00e1ny el\u0151\u00edr\u00e1sainak megfelel\u0151en.\",\"breadcrumb\":{\"@id\":\"https:\/\/www.smglanguages.com\/hu\/forditok\/#breadcrumb\"},\"inLanguage\":\"hu\",\"potentialAction\":[{\"@type\":\"ReadAction\",\"target\":[\"https:\/\/www.smglanguages.com\/hu\/forditok\/\"]}]},{\"@type\":\"BreadcrumbList\",\"@id\":\"https:\/\/www.smglanguages.com\/hu\/forditok\/#breadcrumb\",\"itemListElement\":[{\"@type\":\"ListItem\",\"position\":1,\"name\":\"Home\",\"item\":\"https:\/\/www.smglanguages.com\/hu\/?lang=hu\"},{\"@type\":\"ListItem\",\"position\":2,\"name\":\"Ford\u00edt\u00f3k\"}]},{\"@type\":\"WebSite\",\"@id\":\"https:\/\/www.smglanguages.com\/hu\/#website\",\"url\":\"https:\/\/www.smglanguages.com\/hu\/\",\"name\":\"SMG Languages\",\"description\":\"\",\"publisher\":{\"@id\":\"https:\/\/www.smglanguages.com\/hu\/#organization\"},\"alternateName\":\"Studio Moretto Group\",\"potentialAction\":[{\"@type\":\"SearchAction\",\"target\":{\"@type\":\"EntryPoint\",\"urlTemplate\":\"https:\/\/www.smglanguages.com\/hu\/?s={search_term_string}\"},\"query-input\":{\"@type\":\"PropertyValueSpecification\",\"valueRequired\":true,\"valueName\":\"search_term_string\"}}],\"inLanguage\":\"hu\"},{\"@type\":\"Organization\",\"@id\":\"https:\/\/www.smglanguages.com\/hu\/#organization\",\"name\":\"Studio Moretto Group\",\"alternateName\":\"SMG Languages\",\"url\":\"https:\/\/www.smglanguages.com\/hu\/\",\"logo\":{\"@type\":\"ImageObject\",\"inLanguage\":\"hu\",\"@id\":\"https:\/\/www.smglanguages.com\/hu\/#\/schema\/logo\/image\/\",\"url\":\"https:\/\/www.smglanguages.com\/wp-content\/uploads\/2022\/09\/Logo-SMG.png\",\"contentUrl\":\"https:\/\/www.smglanguages.com\/wp-content\/uploads\/2022\/09\/Logo-SMG.png\",\"width\":882,\"height\":546,\"caption\":\"Studio Moretto Group\"},\"image\":{\"@id\":\"https:\/\/www.smglanguages.com\/hu\/#\/schema\/logo\/image\/\"},\"sameAs\":[\"https:\/\/it-it.facebook.com\/smgstudiomorettogroup\/\",\"https:\/\/it.linkedin.com\/company\/studio-moretto-group-srl\"]}]}<\/script>\n<!-- \/ Yoast SEO plugin. -->","yoast_head_json":{"title":"Ford\u00edt\u00f3k - SMG Languages","description":"Irod\u00e1ink t\u00f6bb mint 160 nyelvre ford\u00edtanak gyorsan \u00e9s olyan illusztris \u00fcgyfeleink \u00e1ltal elismerten, mint az Olasz Hadsereg, az Eur\u00f3pai Uni\u00f3 \u00e9s a francia Kassz\u00e1ci\u00f3s B\u00edr\u00f3s\u00e1g.A ford\u00edt\u00e1sokat az adott anyagra szakosodott anyanyelv\u0171 ford\u00edt\u00f3k v\u00e9gzik. Munk\u00e1jukat min\u0151s\u00e9gi szempontb\u00f3l szigor\u00faan ellen\u0151rizz\u00fck az EN MSZ 15038 eur\u00f3pai szabv\u00e1ny el\u0151\u00edr\u00e1sainak megfelel\u0151en.","robots":{"index":"index","follow":"follow","max-snippet":"max-snippet:-1","max-image-preview":"max-image-preview:large","max-video-preview":"max-video-preview:-1"},"canonical":"https:\/\/www.smglanguages.com\/hu\/forditok\/","og_locale":"hu_HU","og_type":"article","og_title":"Ford\u00edt\u00f3k - SMG Languages","og_description":"Irod\u00e1ink t\u00f6bb mint 160 nyelvre ford\u00edtanak gyorsan \u00e9s olyan illusztris \u00fcgyfeleink \u00e1ltal elismerten, mint az Olasz Hadsereg, az Eur\u00f3pai Uni\u00f3 \u00e9s a francia Kassz\u00e1ci\u00f3s B\u00edr\u00f3s\u00e1g.A ford\u00edt\u00e1sokat az adott anyagra szakosodott anyanyelv\u0171 ford\u00edt\u00f3k v\u00e9gzik. Munk\u00e1jukat min\u0151s\u00e9gi szempontb\u00f3l szigor\u00faan ellen\u0151rizz\u00fck az EN MSZ 15038 eur\u00f3pai szabv\u00e1ny el\u0151\u00edr\u00e1sainak megfelel\u0151en.","og_url":"https:\/\/www.smglanguages.com\/hu\/forditok\/","og_site_name":"SMG Languages","article_publisher":"https:\/\/it-it.facebook.com\/smgstudiomorettogroup\/","article_modified_time":"2018-12-20T14:07:57+00:00","og_image":[{"width":882,"height":546,"url":"https:\/\/www.smglanguages.com\/wp-content\/uploads\/2022\/09\/Logo-SMG.png","type":"image\/png"}],"twitter_card":"summary_large_image","schema":{"@context":"https:\/\/schema.org","@graph":[{"@type":"WebPage","@id":"https:\/\/www.smglanguages.com\/hu\/forditok\/","url":"https:\/\/www.smglanguages.com\/hu\/forditok\/","name":"Ford\u00edt\u00f3k - SMG Languages","isPartOf":{"@id":"https:\/\/www.smglanguages.com\/hu\/#website"},"datePublished":"2018-04-03T10:04:09+00:00","dateModified":"2018-12-20T14:07:57+00:00","description":"Irod\u00e1ink t\u00f6bb mint 160 nyelvre ford\u00edtanak gyorsan \u00e9s olyan illusztris \u00fcgyfeleink \u00e1ltal elismerten, mint az Olasz Hadsereg, az Eur\u00f3pai Uni\u00f3 \u00e9s a francia Kassz\u00e1ci\u00f3s B\u00edr\u00f3s\u00e1g.A ford\u00edt\u00e1sokat az adott anyagra szakosodott anyanyelv\u0171 ford\u00edt\u00f3k v\u00e9gzik. Munk\u00e1jukat min\u0151s\u00e9gi szempontb\u00f3l szigor\u00faan ellen\u0151rizz\u00fck az EN MSZ 15038 eur\u00f3pai szabv\u00e1ny el\u0151\u00edr\u00e1sainak megfelel\u0151en.","breadcrumb":{"@id":"https:\/\/www.smglanguages.com\/hu\/forditok\/#breadcrumb"},"inLanguage":"hu","potentialAction":[{"@type":"ReadAction","target":["https:\/\/www.smglanguages.com\/hu\/forditok\/"]}]},{"@type":"BreadcrumbList","@id":"https:\/\/www.smglanguages.com\/hu\/forditok\/#breadcrumb","itemListElement":[{"@type":"ListItem","position":1,"name":"Home","item":"https:\/\/www.smglanguages.com\/hu\/?lang=hu"},{"@type":"ListItem","position":2,"name":"Ford\u00edt\u00f3k"}]},{"@type":"WebSite","@id":"https:\/\/www.smglanguages.com\/hu\/#website","url":"https:\/\/www.smglanguages.com\/hu\/","name":"SMG Languages","description":"","publisher":{"@id":"https:\/\/www.smglanguages.com\/hu\/#organization"},"alternateName":"Studio Moretto Group","potentialAction":[{"@type":"SearchAction","target":{"@type":"EntryPoint","urlTemplate":"https:\/\/www.smglanguages.com\/hu\/?s={search_term_string}"},"query-input":{"@type":"PropertyValueSpecification","valueRequired":true,"valueName":"search_term_string"}}],"inLanguage":"hu"},{"@type":"Organization","@id":"https:\/\/www.smglanguages.com\/hu\/#organization","name":"Studio Moretto Group","alternateName":"SMG Languages","url":"https:\/\/www.smglanguages.com\/hu\/","logo":{"@type":"ImageObject","inLanguage":"hu","@id":"https:\/\/www.smglanguages.com\/hu\/#\/schema\/logo\/image\/","url":"https:\/\/www.smglanguages.com\/wp-content\/uploads\/2022\/09\/Logo-SMG.png","contentUrl":"https:\/\/www.smglanguages.com\/wp-content\/uploads\/2022\/09\/Logo-SMG.png","width":882,"height":546,"caption":"Studio Moretto Group"},"image":{"@id":"https:\/\/www.smglanguages.com\/hu\/#\/schema\/logo\/image\/"},"sameAs":["https:\/\/it-it.facebook.com\/smgstudiomorettogroup\/","https:\/\/it.linkedin.com\/company\/studio-moretto-group-srl"]}]}},"_links":{"self":[{"href":"https:\/\/www.smglanguages.com\/hu\/wp-json\/wp\/v2\/pages\/37557","targetHints":{"allow":["GET"]}}],"collection":[{"href":"https:\/\/www.smglanguages.com\/hu\/wp-json\/wp\/v2\/pages"}],"about":[{"href":"https:\/\/www.smglanguages.com\/hu\/wp-json\/wp\/v2\/types\/page"}],"author":[{"embeddable":true,"href":"https:\/\/www.smglanguages.com\/hu\/wp-json\/wp\/v2\/users\/2"}],"replies":[{"embeddable":true,"href":"https:\/\/www.smglanguages.com\/hu\/wp-json\/wp\/v2\/comments?post=37557"}],"version-history":[{"count":0,"href":"https:\/\/www.smglanguages.com\/hu\/wp-json\/wp\/v2\/pages\/37557\/revisions"}],"wp:attachment":[{"href":"https:\/\/www.smglanguages.com\/hu\/wp-json\/wp\/v2\/media?parent=37557"}],"curies":[{"name":"wp","href":"https:\/\/api.w.org\/{rel}","templated":true}]}}