{"id":39626,"date":"2018-04-04T10:26:57","date_gmt":"2018-04-04T10:26:57","guid":{"rendered":"https:\/\/www.smglanguages.com\/forditok\/traduzioni-urgenti"},"modified":"2024-08-28T10:34:10","modified_gmt":"2024-08-28T10:34:10","slug":"surgos-forditasok","status":"publish","type":"page","link":"https:\/\/www.smglanguages.com\/hu\/forditok\/surgos-forditasok\/","title":{"rendered":"S\u00fcrg\u0151s ford\u00edt\u00e1sok"},"content":{"rendered":"","protected":false},"excerpt":{"rendered":"","protected":false},"author":2,"featured_media":0,"parent":37557,"menu_order":0,"comment_status":"closed","ping_status":"closed","template":"templates\/flexible-content.php","meta":{"_acf_changed":false,"footnotes":""},"class_list":["post-39626","page","type-page","status-publish","hentry"],"acf":[],"yoast_head":"<!-- This site is optimized with the Yoast SEO plugin v27.2 - https:\/\/yoast.com\/product\/yoast-seo-wordpress\/ -->\n<title>S\u00fcrg\u0151s ford\u00edt\u00e1sok - SMG Languages<\/title>\n<meta name=\"description\" content=\"A Studio Moretto Group soha nem alszik: vil\u00e1gm\u00e9ret\u0171 szem\u00e9lyzet\u00fcnk mindig k\u00e9szenl\u00e9tben \u00e1ll, hogy s\u00fcrg\u0151s ford\u00edt\u00e1sait a nap 24 \u00f3r\u00e1j\u00e1ban elv\u00e9gezze!\" \/>\n<meta name=\"robots\" content=\"index, follow, max-snippet:-1, max-image-preview:large, max-video-preview:-1\" \/>\n<link rel=\"canonical\" href=\"https:\/\/www.smglanguages.com\/hu\/forditok\/surgos-forditasok\/\" \/>\n<meta property=\"og:locale\" content=\"hu_HU\" \/>\n<meta property=\"og:type\" content=\"article\" \/>\n<meta property=\"og:title\" content=\"S\u00fcrg\u0151s ford\u00edt\u00e1sok - SMG Languages\" \/>\n<meta property=\"og:description\" content=\"A Studio Moretto Group soha nem alszik: vil\u00e1gm\u00e9ret\u0171 szem\u00e9lyzet\u00fcnk mindig k\u00e9szenl\u00e9tben \u00e1ll, hogy s\u00fcrg\u0151s ford\u00edt\u00e1sait a nap 24 \u00f3r\u00e1j\u00e1ban elv\u00e9gezze!\" \/>\n<meta property=\"og:url\" content=\"https:\/\/www.smglanguages.com\/hu\/forditok\/surgos-forditasok\/\" \/>\n<meta property=\"og:site_name\" content=\"SMG Languages\" \/>\n<meta property=\"article:publisher\" content=\"https:\/\/it-it.facebook.com\/smgstudiomorettogroup\/\" \/>\n<meta property=\"article:modified_time\" content=\"2024-08-28T10:34:10+00:00\" \/>\n<meta property=\"og:image\" content=\"https:\/\/www.smglanguages.com\/wp-content\/uploads\/2022\/09\/Logo-SMG.png\" \/>\n\t<meta property=\"og:image:width\" content=\"882\" \/>\n\t<meta property=\"og:image:height\" content=\"546\" \/>\n\t<meta property=\"og:image:type\" content=\"image\/png\" \/>\n<meta name=\"twitter:card\" content=\"summary_large_image\" \/>\n<meta name=\"twitter:label1\" content=\"Becs\u00fclt olvas\u00e1si id\u0151\" \/>\n\t<meta name=\"twitter:data1\" content=\"2 perc\" \/>\n<script type=\"application\/ld+json\" class=\"yoast-schema-graph\">{\"@context\":\"https:\/\/schema.org\",\"@graph\":[{\"@type\":\"WebPage\",\"@id\":\"https:\/\/www.smglanguages.com\/hu\/forditok\/surgos-forditasok\/\",\"url\":\"https:\/\/www.smglanguages.com\/hu\/forditok\/surgos-forditasok\/\",\"name\":\"S\u00fcrg\u0151s ford\u00edt\u00e1sok - SMG Languages\",\"isPartOf\":{\"@id\":\"https:\/\/www.smglanguages.com\/hu\/#website\"},\"datePublished\":\"2018-04-04T10:26:57+00:00\",\"dateModified\":\"2024-08-28T10:34:10+00:00\",\"description\":\"A Studio Moretto Group soha nem alszik: vil\u00e1gm\u00e9ret\u0171 szem\u00e9lyzet\u00fcnk mindig k\u00e9szenl\u00e9tben \u00e1ll, hogy s\u00fcrg\u0151s ford\u00edt\u00e1sait a nap 24 \u00f3r\u00e1j\u00e1ban elv\u00e9gezze!\",\"breadcrumb\":{\"@id\":\"https:\/\/www.smglanguages.com\/hu\/forditok\/surgos-forditasok\/#breadcrumb\"},\"inLanguage\":\"hu\",\"potentialAction\":[{\"@type\":\"ReadAction\",\"target\":[\"https:\/\/www.smglanguages.com\/hu\/forditok\/surgos-forditasok\/\"]}]},{\"@type\":\"BreadcrumbList\",\"@id\":\"https:\/\/www.smglanguages.com\/hu\/forditok\/surgos-forditasok\/#breadcrumb\",\"itemListElement\":[{\"@type\":\"ListItem\",\"position\":1,\"name\":\"Home\",\"item\":\"https:\/\/www.smglanguages.com\/hu\/?lang=hu\"},{\"@type\":\"ListItem\",\"position\":2,\"name\":\"Ford\u00edt\u00f3k\",\"item\":\"https:\/\/www.smglanguages.com\/hu\/forditok\/?lang=hu\"},{\"@type\":\"ListItem\",\"position\":3,\"name\":\"S\u00fcrg\u0151s ford\u00edt\u00e1sok\"}]},{\"@type\":\"WebSite\",\"@id\":\"https:\/\/www.smglanguages.com\/hu\/#website\",\"url\":\"https:\/\/www.smglanguages.com\/hu\/\",\"name\":\"SMG Languages\",\"description\":\"\",\"publisher\":{\"@id\":\"https:\/\/www.smglanguages.com\/hu\/#organization\"},\"alternateName\":\"Studio Moretto Group\",\"potentialAction\":[{\"@type\":\"SearchAction\",\"target\":{\"@type\":\"EntryPoint\",\"urlTemplate\":\"https:\/\/www.smglanguages.com\/hu\/?s={search_term_string}\"},\"query-input\":{\"@type\":\"PropertyValueSpecification\",\"valueRequired\":true,\"valueName\":\"search_term_string\"}}],\"inLanguage\":\"hu\"},{\"@type\":\"Organization\",\"@id\":\"https:\/\/www.smglanguages.com\/hu\/#organization\",\"name\":\"Studio Moretto Group\",\"alternateName\":\"SMG Languages\",\"url\":\"https:\/\/www.smglanguages.com\/hu\/\",\"logo\":{\"@type\":\"ImageObject\",\"inLanguage\":\"hu\",\"@id\":\"https:\/\/www.smglanguages.com\/hu\/#\/schema\/logo\/image\/\",\"url\":\"https:\/\/www.smglanguages.com\/wp-content\/uploads\/2022\/09\/Logo-SMG.png\",\"contentUrl\":\"https:\/\/www.smglanguages.com\/wp-content\/uploads\/2022\/09\/Logo-SMG.png\",\"width\":882,\"height\":546,\"caption\":\"Studio Moretto Group\"},\"image\":{\"@id\":\"https:\/\/www.smglanguages.com\/hu\/#\/schema\/logo\/image\/\"},\"sameAs\":[\"https:\/\/it-it.facebook.com\/smgstudiomorettogroup\/\",\"https:\/\/it.linkedin.com\/company\/studio-moretto-group-srl\"]}]}<\/script>\n<!-- \/ Yoast SEO plugin. -->","yoast_head_json":{"title":"S\u00fcrg\u0151s ford\u00edt\u00e1sok - SMG Languages","description":"A Studio Moretto Group soha nem alszik: vil\u00e1gm\u00e9ret\u0171 szem\u00e9lyzet\u00fcnk mindig k\u00e9szenl\u00e9tben \u00e1ll, hogy s\u00fcrg\u0151s ford\u00edt\u00e1sait a nap 24 \u00f3r\u00e1j\u00e1ban elv\u00e9gezze!","robots":{"index":"index","follow":"follow","max-snippet":"max-snippet:-1","max-image-preview":"max-image-preview:large","max-video-preview":"max-video-preview:-1"},"canonical":"https:\/\/www.smglanguages.com\/hu\/forditok\/surgos-forditasok\/","og_locale":"hu_HU","og_type":"article","og_title":"S\u00fcrg\u0151s ford\u00edt\u00e1sok - SMG Languages","og_description":"A Studio Moretto Group soha nem alszik: vil\u00e1gm\u00e9ret\u0171 szem\u00e9lyzet\u00fcnk mindig k\u00e9szenl\u00e9tben \u00e1ll, hogy s\u00fcrg\u0151s ford\u00edt\u00e1sait a nap 24 \u00f3r\u00e1j\u00e1ban elv\u00e9gezze!","og_url":"https:\/\/www.smglanguages.com\/hu\/forditok\/surgos-forditasok\/","og_site_name":"SMG Languages","article_publisher":"https:\/\/it-it.facebook.com\/smgstudiomorettogroup\/","article_modified_time":"2024-08-28T10:34:10+00:00","og_image":[{"width":882,"height":546,"url":"https:\/\/www.smglanguages.com\/wp-content\/uploads\/2022\/09\/Logo-SMG.png","type":"image\/png"}],"twitter_card":"summary_large_image","twitter_misc":{"Becs\u00fclt olvas\u00e1si id\u0151":"2 perc"},"schema":{"@context":"https:\/\/schema.org","@graph":[{"@type":"WebPage","@id":"https:\/\/www.smglanguages.com\/hu\/forditok\/surgos-forditasok\/","url":"https:\/\/www.smglanguages.com\/hu\/forditok\/surgos-forditasok\/","name":"S\u00fcrg\u0151s ford\u00edt\u00e1sok - SMG Languages","isPartOf":{"@id":"https:\/\/www.smglanguages.com\/hu\/#website"},"datePublished":"2018-04-04T10:26:57+00:00","dateModified":"2024-08-28T10:34:10+00:00","description":"A Studio Moretto Group soha nem alszik: vil\u00e1gm\u00e9ret\u0171 szem\u00e9lyzet\u00fcnk mindig k\u00e9szenl\u00e9tben \u00e1ll, hogy s\u00fcrg\u0151s ford\u00edt\u00e1sait a nap 24 \u00f3r\u00e1j\u00e1ban elv\u00e9gezze!","breadcrumb":{"@id":"https:\/\/www.smglanguages.com\/hu\/forditok\/surgos-forditasok\/#breadcrumb"},"inLanguage":"hu","potentialAction":[{"@type":"ReadAction","target":["https:\/\/www.smglanguages.com\/hu\/forditok\/surgos-forditasok\/"]}]},{"@type":"BreadcrumbList","@id":"https:\/\/www.smglanguages.com\/hu\/forditok\/surgos-forditasok\/#breadcrumb","itemListElement":[{"@type":"ListItem","position":1,"name":"Home","item":"https:\/\/www.smglanguages.com\/hu\/?lang=hu"},{"@type":"ListItem","position":2,"name":"Ford\u00edt\u00f3k","item":"https:\/\/www.smglanguages.com\/hu\/forditok\/?lang=hu"},{"@type":"ListItem","position":3,"name":"S\u00fcrg\u0151s ford\u00edt\u00e1sok"}]},{"@type":"WebSite","@id":"https:\/\/www.smglanguages.com\/hu\/#website","url":"https:\/\/www.smglanguages.com\/hu\/","name":"SMG Languages","description":"","publisher":{"@id":"https:\/\/www.smglanguages.com\/hu\/#organization"},"alternateName":"Studio Moretto Group","potentialAction":[{"@type":"SearchAction","target":{"@type":"EntryPoint","urlTemplate":"https:\/\/www.smglanguages.com\/hu\/?s={search_term_string}"},"query-input":{"@type":"PropertyValueSpecification","valueRequired":true,"valueName":"search_term_string"}}],"inLanguage":"hu"},{"@type":"Organization","@id":"https:\/\/www.smglanguages.com\/hu\/#organization","name":"Studio Moretto Group","alternateName":"SMG Languages","url":"https:\/\/www.smglanguages.com\/hu\/","logo":{"@type":"ImageObject","inLanguage":"hu","@id":"https:\/\/www.smglanguages.com\/hu\/#\/schema\/logo\/image\/","url":"https:\/\/www.smglanguages.com\/wp-content\/uploads\/2022\/09\/Logo-SMG.png","contentUrl":"https:\/\/www.smglanguages.com\/wp-content\/uploads\/2022\/09\/Logo-SMG.png","width":882,"height":546,"caption":"Studio Moretto Group"},"image":{"@id":"https:\/\/www.smglanguages.com\/hu\/#\/schema\/logo\/image\/"},"sameAs":["https:\/\/it-it.facebook.com\/smgstudiomorettogroup\/","https:\/\/it.linkedin.com\/company\/studio-moretto-group-srl"]}]}},"_links":{"self":[{"href":"https:\/\/www.smglanguages.com\/hu\/wp-json\/wp\/v2\/pages\/39626","targetHints":{"allow":["GET"]}}],"collection":[{"href":"https:\/\/www.smglanguages.com\/hu\/wp-json\/wp\/v2\/pages"}],"about":[{"href":"https:\/\/www.smglanguages.com\/hu\/wp-json\/wp\/v2\/types\/page"}],"author":[{"embeddable":true,"href":"https:\/\/www.smglanguages.com\/hu\/wp-json\/wp\/v2\/users\/2"}],"replies":[{"embeddable":true,"href":"https:\/\/www.smglanguages.com\/hu\/wp-json\/wp\/v2\/comments?post=39626"}],"version-history":[{"count":0,"href":"https:\/\/www.smglanguages.com\/hu\/wp-json\/wp\/v2\/pages\/39626\/revisions"}],"up":[{"embeddable":true,"href":"https:\/\/www.smglanguages.com\/hu\/wp-json\/wp\/v2\/pages\/37557"}],"wp:attachment":[{"href":"https:\/\/www.smglanguages.com\/hu\/wp-json\/wp\/v2\/media?parent=39626"}],"curies":[{"name":"wp","href":"https:\/\/api.w.org\/{rel}","templated":true}]}}