{"id":40525,"date":"2018-05-04T09:55:27","date_gmt":"2018-05-04T09:55:27","guid":{"rendered":"https:\/\/www.smglanguages.com\/richiesta-preventivo"},"modified":"2025-05-13T10:53:56","modified_gmt":"2025-05-13T10:53:56","slug":"richiesta-preventivo","status":"publish","type":"page","link":"https:\/\/www.smglanguages.com\/hu\/richiesta-preventivo\/","title":{"rendered":"Aj\u00e1nlatot K\u00e9rjen"},"content":{"rendered":"","protected":false},"excerpt":{"rendered":"","protected":false},"author":5,"featured_media":0,"parent":0,"menu_order":0,"comment_status":"closed","ping_status":"closed","template":"templates\/contact-page.php","meta":{"_acf_changed":false,"footnotes":""},"class_list":["post-40525","page","type-page","status-publish","hentry"],"acf":[],"yoast_head":"<!-- This site is optimized with the Yoast SEO plugin v27.2 - https:\/\/yoast.com\/product\/yoast-seo-wordpress\/ -->\n<title>Aj\u00e1nlatot K\u00e9rjen - SMG Languages<\/title>\n<meta name=\"description\" content=\"K\u00e9rjen azonnal szem\u00e9lyre szabott \u00e1raj\u00e1nlatot t\u00f6bb mint 160 nyelven ny\u00fajtott ford\u00edt\u00e1si \u00e9s tolm\u00e1csol\u00e1si szolg\u00e1ltat\u00e1sainkra!\" \/>\n<meta name=\"robots\" content=\"index, follow, max-snippet:-1, max-image-preview:large, max-video-preview:-1\" \/>\n<link rel=\"canonical\" href=\"https:\/\/www.smglanguages.com\/hu\/richiesta-preventivo\/\" \/>\n<meta property=\"og:locale\" content=\"hu_HU\" \/>\n<meta property=\"og:type\" content=\"article\" \/>\n<meta property=\"og:title\" content=\"Aj\u00e1nlatot K\u00e9rjen - SMG Languages\" \/>\n<meta property=\"og:description\" content=\"K\u00e9rjen azonnal szem\u00e9lyre szabott \u00e1raj\u00e1nlatot t\u00f6bb mint 160 nyelven ny\u00fajtott ford\u00edt\u00e1si \u00e9s tolm\u00e1csol\u00e1si szolg\u00e1ltat\u00e1sainkra!\" \/>\n<meta property=\"og:url\" content=\"https:\/\/www.smglanguages.com\/hu\/richiesta-preventivo\/\" \/>\n<meta property=\"og:site_name\" content=\"SMG Languages\" \/>\n<meta property=\"article:publisher\" content=\"https:\/\/it-it.facebook.com\/smgstudiomorettogroup\/\" \/>\n<meta property=\"article:modified_time\" content=\"2025-05-13T10:53:56+00:00\" \/>\n<meta property=\"og:image\" content=\"https:\/\/www.smglanguages.com\/wp-content\/uploads\/2022\/09\/Logo-SMG.png\" \/>\n\t<meta property=\"og:image:width\" content=\"882\" \/>\n\t<meta property=\"og:image:height\" content=\"546\" \/>\n\t<meta property=\"og:image:type\" content=\"image\/png\" \/>\n<meta name=\"twitter:card\" content=\"summary_large_image\" \/>\n<meta name=\"twitter:label1\" content=\"Becs\u00fclt olvas\u00e1si id\u0151\" \/>\n\t<meta name=\"twitter:data1\" content=\"1 perc\" \/>\n<script type=\"application\/ld+json\" class=\"yoast-schema-graph\">{\"@context\":\"https:\/\/schema.org\",\"@graph\":[{\"@type\":\"WebPage\",\"@id\":\"https:\/\/www.smglanguages.com\/hu\/richiesta-preventivo\/\",\"url\":\"https:\/\/www.smglanguages.com\/hu\/richiesta-preventivo\/\",\"name\":\"Aj\u00e1nlatot K\u00e9rjen - SMG Languages\",\"isPartOf\":{\"@id\":\"https:\/\/www.smglanguages.com\/hu\/#website\"},\"datePublished\":\"2018-05-04T09:55:27+00:00\",\"dateModified\":\"2025-05-13T10:53:56+00:00\",\"description\":\"K\u00e9rjen azonnal szem\u00e9lyre szabott \u00e1raj\u00e1nlatot t\u00f6bb mint 160 nyelven ny\u00fajtott ford\u00edt\u00e1si \u00e9s tolm\u00e1csol\u00e1si szolg\u00e1ltat\u00e1sainkra!\",\"breadcrumb\":{\"@id\":\"https:\/\/www.smglanguages.com\/hu\/richiesta-preventivo\/#breadcrumb\"},\"inLanguage\":\"hu\",\"potentialAction\":[{\"@type\":\"ReadAction\",\"target\":[\"https:\/\/www.smglanguages.com\/hu\/richiesta-preventivo\/\"]}]},{\"@type\":\"BreadcrumbList\",\"@id\":\"https:\/\/www.smglanguages.com\/hu\/richiesta-preventivo\/#breadcrumb\",\"itemListElement\":[{\"@type\":\"ListItem\",\"position\":1,\"name\":\"Home\",\"item\":\"https:\/\/www.smglanguages.com\/hu\/?lang=hu\"},{\"@type\":\"ListItem\",\"position\":2,\"name\":\"Aj\u00e1nlatot K\u00e9rjen\"}]},{\"@type\":\"WebSite\",\"@id\":\"https:\/\/www.smglanguages.com\/hu\/#website\",\"url\":\"https:\/\/www.smglanguages.com\/hu\/\",\"name\":\"SMG Languages\",\"description\":\"\",\"publisher\":{\"@id\":\"https:\/\/www.smglanguages.com\/hu\/#organization\"},\"alternateName\":\"Studio Moretto Group\",\"potentialAction\":[{\"@type\":\"SearchAction\",\"target\":{\"@type\":\"EntryPoint\",\"urlTemplate\":\"https:\/\/www.smglanguages.com\/hu\/?s={search_term_string}\"},\"query-input\":{\"@type\":\"PropertyValueSpecification\",\"valueRequired\":true,\"valueName\":\"search_term_string\"}}],\"inLanguage\":\"hu\"},{\"@type\":\"Organization\",\"@id\":\"https:\/\/www.smglanguages.com\/hu\/#organization\",\"name\":\"Studio Moretto Group\",\"alternateName\":\"SMG Languages\",\"url\":\"https:\/\/www.smglanguages.com\/hu\/\",\"logo\":{\"@type\":\"ImageObject\",\"inLanguage\":\"hu\",\"@id\":\"https:\/\/www.smglanguages.com\/hu\/#\/schema\/logo\/image\/\",\"url\":\"https:\/\/www.smglanguages.com\/wp-content\/uploads\/2022\/09\/Logo-SMG.png\",\"contentUrl\":\"https:\/\/www.smglanguages.com\/wp-content\/uploads\/2022\/09\/Logo-SMG.png\",\"width\":882,\"height\":546,\"caption\":\"Studio Moretto Group\"},\"image\":{\"@id\":\"https:\/\/www.smglanguages.com\/hu\/#\/schema\/logo\/image\/\"},\"sameAs\":[\"https:\/\/it-it.facebook.com\/smgstudiomorettogroup\/\",\"https:\/\/it.linkedin.com\/company\/studio-moretto-group-srl\"]}]}<\/script>\n<!-- \/ Yoast SEO plugin. -->","yoast_head_json":{"title":"Aj\u00e1nlatot K\u00e9rjen - SMG Languages","description":"K\u00e9rjen azonnal szem\u00e9lyre szabott \u00e1raj\u00e1nlatot t\u00f6bb mint 160 nyelven ny\u00fajtott ford\u00edt\u00e1si \u00e9s tolm\u00e1csol\u00e1si szolg\u00e1ltat\u00e1sainkra!","robots":{"index":"index","follow":"follow","max-snippet":"max-snippet:-1","max-image-preview":"max-image-preview:large","max-video-preview":"max-video-preview:-1"},"canonical":"https:\/\/www.smglanguages.com\/hu\/richiesta-preventivo\/","og_locale":"hu_HU","og_type":"article","og_title":"Aj\u00e1nlatot K\u00e9rjen - SMG Languages","og_description":"K\u00e9rjen azonnal szem\u00e9lyre szabott \u00e1raj\u00e1nlatot t\u00f6bb mint 160 nyelven ny\u00fajtott ford\u00edt\u00e1si \u00e9s tolm\u00e1csol\u00e1si szolg\u00e1ltat\u00e1sainkra!","og_url":"https:\/\/www.smglanguages.com\/hu\/richiesta-preventivo\/","og_site_name":"SMG Languages","article_publisher":"https:\/\/it-it.facebook.com\/smgstudiomorettogroup\/","article_modified_time":"2025-05-13T10:53:56+00:00","og_image":[{"width":882,"height":546,"url":"https:\/\/www.smglanguages.com\/wp-content\/uploads\/2022\/09\/Logo-SMG.png","type":"image\/png"}],"twitter_card":"summary_large_image","twitter_misc":{"Becs\u00fclt olvas\u00e1si id\u0151":"1 perc"},"schema":{"@context":"https:\/\/schema.org","@graph":[{"@type":"WebPage","@id":"https:\/\/www.smglanguages.com\/hu\/richiesta-preventivo\/","url":"https:\/\/www.smglanguages.com\/hu\/richiesta-preventivo\/","name":"Aj\u00e1nlatot K\u00e9rjen - SMG Languages","isPartOf":{"@id":"https:\/\/www.smglanguages.com\/hu\/#website"},"datePublished":"2018-05-04T09:55:27+00:00","dateModified":"2025-05-13T10:53:56+00:00","description":"K\u00e9rjen azonnal szem\u00e9lyre szabott \u00e1raj\u00e1nlatot t\u00f6bb mint 160 nyelven ny\u00fajtott ford\u00edt\u00e1si \u00e9s tolm\u00e1csol\u00e1si szolg\u00e1ltat\u00e1sainkra!","breadcrumb":{"@id":"https:\/\/www.smglanguages.com\/hu\/richiesta-preventivo\/#breadcrumb"},"inLanguage":"hu","potentialAction":[{"@type":"ReadAction","target":["https:\/\/www.smglanguages.com\/hu\/richiesta-preventivo\/"]}]},{"@type":"BreadcrumbList","@id":"https:\/\/www.smglanguages.com\/hu\/richiesta-preventivo\/#breadcrumb","itemListElement":[{"@type":"ListItem","position":1,"name":"Home","item":"https:\/\/www.smglanguages.com\/hu\/?lang=hu"},{"@type":"ListItem","position":2,"name":"Aj\u00e1nlatot K\u00e9rjen"}]},{"@type":"WebSite","@id":"https:\/\/www.smglanguages.com\/hu\/#website","url":"https:\/\/www.smglanguages.com\/hu\/","name":"SMG Languages","description":"","publisher":{"@id":"https:\/\/www.smglanguages.com\/hu\/#organization"},"alternateName":"Studio Moretto Group","potentialAction":[{"@type":"SearchAction","target":{"@type":"EntryPoint","urlTemplate":"https:\/\/www.smglanguages.com\/hu\/?s={search_term_string}"},"query-input":{"@type":"PropertyValueSpecification","valueRequired":true,"valueName":"search_term_string"}}],"inLanguage":"hu"},{"@type":"Organization","@id":"https:\/\/www.smglanguages.com\/hu\/#organization","name":"Studio Moretto Group","alternateName":"SMG Languages","url":"https:\/\/www.smglanguages.com\/hu\/","logo":{"@type":"ImageObject","inLanguage":"hu","@id":"https:\/\/www.smglanguages.com\/hu\/#\/schema\/logo\/image\/","url":"https:\/\/www.smglanguages.com\/wp-content\/uploads\/2022\/09\/Logo-SMG.png","contentUrl":"https:\/\/www.smglanguages.com\/wp-content\/uploads\/2022\/09\/Logo-SMG.png","width":882,"height":546,"caption":"Studio Moretto Group"},"image":{"@id":"https:\/\/www.smglanguages.com\/hu\/#\/schema\/logo\/image\/"},"sameAs":["https:\/\/it-it.facebook.com\/smgstudiomorettogroup\/","https:\/\/it.linkedin.com\/company\/studio-moretto-group-srl"]}]}},"_links":{"self":[{"href":"https:\/\/www.smglanguages.com\/hu\/wp-json\/wp\/v2\/pages\/40525","targetHints":{"allow":["GET"]}}],"collection":[{"href":"https:\/\/www.smglanguages.com\/hu\/wp-json\/wp\/v2\/pages"}],"about":[{"href":"https:\/\/www.smglanguages.com\/hu\/wp-json\/wp\/v2\/types\/page"}],"author":[{"embeddable":true,"href":"https:\/\/www.smglanguages.com\/hu\/wp-json\/wp\/v2\/users\/5"}],"replies":[{"embeddable":true,"href":"https:\/\/www.smglanguages.com\/hu\/wp-json\/wp\/v2\/comments?post=40525"}],"version-history":[{"count":0,"href":"https:\/\/www.smglanguages.com\/hu\/wp-json\/wp\/v2\/pages\/40525\/revisions"}],"wp:attachment":[{"href":"https:\/\/www.smglanguages.com\/hu\/wp-json\/wp\/v2\/media?parent=40525"}],"curies":[{"name":"wp","href":"https:\/\/api.w.org\/{rel}","templated":true}]}}