{"id":31056,"date":"2018-03-13T11:32:16","date_gmt":"2018-03-13T11:32:16","guid":{"rendered":"https:\/\/www.smglanguages.com\/sedi-nel-mondo"},"modified":"2025-06-05T17:37:19","modified_gmt":"2025-06-05T15:37:19","slug":"kontakt-og-utelandskontorer","status":"publish","type":"page","link":"https:\/\/www.smglanguages.com\/no\/selskap\/kontakt-og-utelandskontorer\/","title":{"rendered":"Kontakt og utelandskontorer"},"content":{"rendered":"","protected":false},"excerpt":{"rendered":"","protected":false},"author":2,"featured_media":31057,"parent":30617,"menu_order":0,"comment_status":"closed","ping_status":"closed","template":"templates\/flexible-content.php","meta":{"_acf_changed":false,"footnotes":""},"class_list":["post-31056","page","type-page","status-publish","has-post-thumbnail","hentry"],"acf":[],"yoast_head":"<!-- This site is optimized with the Yoast SEO plugin v27.2 - https:\/\/yoast.com\/product\/yoast-seo-wordpress\/ -->\n<title>Kontakt og utelandskontorer - SMG Languages<\/title>\n<meta name=\"description\" content=\"SMG Languages er et &#039;internasjonalt oversettelsesbyr\u00e5:Vi kan tilby spr\u00e5klig hjelp p\u00e5 over 160 spr\u00e5k fordi vi er fysisk tilstede i mange land, gjennom egne kontorer og h\u00f8yt kvalifiserte lokale morsm\u00e5lstjenester.\" \/>\n<meta name=\"robots\" content=\"index, follow, max-snippet:-1, max-image-preview:large, max-video-preview:-1\" \/>\n<link rel=\"canonical\" href=\"https:\/\/www.smglanguages.com\/no\/selskap\/kontakt-og-utelandskontorer\/\" \/>\n<meta property=\"og:locale\" content=\"nb_NO\" \/>\n<meta property=\"og:type\" content=\"article\" \/>\n<meta property=\"og:title\" content=\"Kontakt og utelandskontorer - SMG Languages\" \/>\n<meta property=\"og:description\" content=\"SMG Languages er et &#039;internasjonalt oversettelsesbyr\u00e5:Vi kan tilby spr\u00e5klig hjelp p\u00e5 over 160 spr\u00e5k fordi vi er fysisk tilstede i mange land, gjennom egne kontorer og h\u00f8yt kvalifiserte lokale morsm\u00e5lstjenester.\" \/>\n<meta property=\"og:url\" content=\"https:\/\/www.smglanguages.com\/no\/selskap\/kontakt-og-utelandskontorer\/\" \/>\n<meta property=\"og:site_name\" content=\"SMG Languages\" \/>\n<meta property=\"article:publisher\" content=\"https:\/\/it-it.facebook.com\/smgstudiomorettogroup\/\" \/>\n<meta property=\"article:modified_time\" content=\"2025-06-05T15:37:19+00:00\" \/>\n<meta property=\"og:image\" content=\"https:\/\/www.smglanguages.com\/wp-content\/uploads\/2018\/03\/Contatti-e-Sedi-Estere-hover-SMG_languages-.jpg\" \/>\n\t<meta property=\"og:image:width\" content=\"1920\" \/>\n\t<meta property=\"og:image:height\" content=\"451\" \/>\n\t<meta property=\"og:image:type\" content=\"image\/jpeg\" \/>\n<meta name=\"twitter:card\" content=\"summary_large_image\" \/>\n<meta name=\"twitter:label1\" content=\"Ansl. lesetid\" \/>\n\t<meta name=\"twitter:data1\" content=\"3 minutter\" \/>\n<script type=\"application\/ld+json\" class=\"yoast-schema-graph\">{\"@context\":\"https:\/\/schema.org\",\"@graph\":[{\"@type\":\"WebPage\",\"@id\":\"https:\/\/www.smglanguages.com\/no\/selskap\/kontakt-og-utelandskontorer\/\",\"url\":\"https:\/\/www.smglanguages.com\/no\/selskap\/kontakt-og-utelandskontorer\/\",\"name\":\"Kontakt og utelandskontorer - SMG Languages\",\"isPartOf\":{\"@id\":\"https:\/\/www.smglanguages.com\/no\/#website\"},\"primaryImageOfPage\":{\"@id\":\"https:\/\/www.smglanguages.com\/no\/selskap\/kontakt-og-utelandskontorer\/#primaryimage\"},\"image\":{\"@id\":\"https:\/\/www.smglanguages.com\/no\/selskap\/kontakt-og-utelandskontorer\/#primaryimage\"},\"thumbnailUrl\":\"https:\/\/www.smglanguages.com\/wp-content\/uploads\/2018\/03\/Contatti-e-Sedi-Estere-hover-SMG_languages-.jpg\",\"datePublished\":\"2018-03-13T11:32:16+00:00\",\"dateModified\":\"2025-06-05T15:37:19+00:00\",\"description\":\"SMG Languages er et 'internasjonalt oversettelsesbyr\u00e5:Vi kan tilby spr\u00e5klig hjelp p\u00e5 over 160 spr\u00e5k fordi vi er fysisk tilstede i mange land, gjennom egne kontorer og h\u00f8yt kvalifiserte lokale morsm\u00e5lstjenester.\",\"breadcrumb\":{\"@id\":\"https:\/\/www.smglanguages.com\/no\/selskap\/kontakt-og-utelandskontorer\/#breadcrumb\"},\"inLanguage\":\"nb-NO\",\"potentialAction\":[{\"@type\":\"ReadAction\",\"target\":[\"https:\/\/www.smglanguages.com\/no\/selskap\/kontakt-og-utelandskontorer\/\"]}]},{\"@type\":\"ImageObject\",\"inLanguage\":\"nb-NO\",\"@id\":\"https:\/\/www.smglanguages.com\/no\/selskap\/kontakt-og-utelandskontorer\/#primaryimage\",\"url\":\"https:\/\/www.smglanguages.com\/wp-content\/uploads\/2018\/03\/Contatti-e-Sedi-Estere-hover-SMG_languages-.jpg\",\"contentUrl\":\"https:\/\/www.smglanguages.com\/wp-content\/uploads\/2018\/03\/Contatti-e-Sedi-Estere-hover-SMG_languages-.jpg\",\"width\":1920,\"height\":451},{\"@type\":\"BreadcrumbList\",\"@id\":\"https:\/\/www.smglanguages.com\/no\/selskap\/kontakt-og-utelandskontorer\/#breadcrumb\",\"itemListElement\":[{\"@type\":\"ListItem\",\"position\":1,\"name\":\"Home\",\"item\":\"https:\/\/www.smglanguages.com\/no\/?lang=no\"},{\"@type\":\"ListItem\",\"position\":2,\"name\":\"Selskap\",\"item\":\"https:\/\/www.smglanguages.com\/no\/selskap\/?lang=no\"},{\"@type\":\"ListItem\",\"position\":3,\"name\":\"Kontakt og utelandskontorer\"}]},{\"@type\":\"WebSite\",\"@id\":\"https:\/\/www.smglanguages.com\/no\/#website\",\"url\":\"https:\/\/www.smglanguages.com\/no\/\",\"name\":\"SMG Languages\",\"description\":\"\",\"publisher\":{\"@id\":\"https:\/\/www.smglanguages.com\/no\/#organization\"},\"alternateName\":\"Studio Moretto Group\",\"potentialAction\":[{\"@type\":\"SearchAction\",\"target\":{\"@type\":\"EntryPoint\",\"urlTemplate\":\"https:\/\/www.smglanguages.com\/no\/?s={search_term_string}\"},\"query-input\":{\"@type\":\"PropertyValueSpecification\",\"valueRequired\":true,\"valueName\":\"search_term_string\"}}],\"inLanguage\":\"nb-NO\"},{\"@type\":\"Organization\",\"@id\":\"https:\/\/www.smglanguages.com\/no\/#organization\",\"name\":\"Studio Moretto Group\",\"alternateName\":\"SMG Languages\",\"url\":\"https:\/\/www.smglanguages.com\/no\/\",\"logo\":{\"@type\":\"ImageObject\",\"inLanguage\":\"nb-NO\",\"@id\":\"https:\/\/www.smglanguages.com\/no\/#\/schema\/logo\/image\/\",\"url\":\"https:\/\/www.smglanguages.com\/wp-content\/uploads\/2022\/09\/Logo-SMG.png\",\"contentUrl\":\"https:\/\/www.smglanguages.com\/wp-content\/uploads\/2022\/09\/Logo-SMG.png\",\"width\":882,\"height\":546,\"caption\":\"Studio Moretto Group\"},\"image\":{\"@id\":\"https:\/\/www.smglanguages.com\/no\/#\/schema\/logo\/image\/\"},\"sameAs\":[\"https:\/\/it-it.facebook.com\/smgstudiomorettogroup\/\",\"https:\/\/it.linkedin.com\/company\/studio-moretto-group-srl\"]}]}<\/script>\n<!-- \/ Yoast SEO plugin. -->","yoast_head_json":{"title":"Kontakt og utelandskontorer - SMG Languages","description":"SMG Languages er et 'internasjonalt oversettelsesbyr\u00e5:Vi kan tilby spr\u00e5klig hjelp p\u00e5 over 160 spr\u00e5k fordi vi er fysisk tilstede i mange land, gjennom egne kontorer og h\u00f8yt kvalifiserte lokale morsm\u00e5lstjenester.","robots":{"index":"index","follow":"follow","max-snippet":"max-snippet:-1","max-image-preview":"max-image-preview:large","max-video-preview":"max-video-preview:-1"},"canonical":"https:\/\/www.smglanguages.com\/no\/selskap\/kontakt-og-utelandskontorer\/","og_locale":"nb_NO","og_type":"article","og_title":"Kontakt og utelandskontorer - SMG Languages","og_description":"SMG Languages er et 'internasjonalt oversettelsesbyr\u00e5:Vi kan tilby spr\u00e5klig hjelp p\u00e5 over 160 spr\u00e5k fordi vi er fysisk tilstede i mange land, gjennom egne kontorer og h\u00f8yt kvalifiserte lokale morsm\u00e5lstjenester.","og_url":"https:\/\/www.smglanguages.com\/no\/selskap\/kontakt-og-utelandskontorer\/","og_site_name":"SMG Languages","article_publisher":"https:\/\/it-it.facebook.com\/smgstudiomorettogroup\/","article_modified_time":"2025-06-05T15:37:19+00:00","og_image":[{"width":1920,"height":451,"url":"https:\/\/www.smglanguages.com\/wp-content\/uploads\/2018\/03\/Contatti-e-Sedi-Estere-hover-SMG_languages-.jpg","type":"image\/jpeg"}],"twitter_card":"summary_large_image","twitter_misc":{"Ansl. lesetid":"3 minutter"},"schema":{"@context":"https:\/\/schema.org","@graph":[{"@type":"WebPage","@id":"https:\/\/www.smglanguages.com\/no\/selskap\/kontakt-og-utelandskontorer\/","url":"https:\/\/www.smglanguages.com\/no\/selskap\/kontakt-og-utelandskontorer\/","name":"Kontakt og utelandskontorer - SMG Languages","isPartOf":{"@id":"https:\/\/www.smglanguages.com\/no\/#website"},"primaryImageOfPage":{"@id":"https:\/\/www.smglanguages.com\/no\/selskap\/kontakt-og-utelandskontorer\/#primaryimage"},"image":{"@id":"https:\/\/www.smglanguages.com\/no\/selskap\/kontakt-og-utelandskontorer\/#primaryimage"},"thumbnailUrl":"https:\/\/www.smglanguages.com\/wp-content\/uploads\/2018\/03\/Contatti-e-Sedi-Estere-hover-SMG_languages-.jpg","datePublished":"2018-03-13T11:32:16+00:00","dateModified":"2025-06-05T15:37:19+00:00","description":"SMG Languages er et 'internasjonalt oversettelsesbyr\u00e5:Vi kan tilby spr\u00e5klig hjelp p\u00e5 over 160 spr\u00e5k fordi vi er fysisk tilstede i mange land, gjennom egne kontorer og h\u00f8yt kvalifiserte lokale morsm\u00e5lstjenester.","breadcrumb":{"@id":"https:\/\/www.smglanguages.com\/no\/selskap\/kontakt-og-utelandskontorer\/#breadcrumb"},"inLanguage":"nb-NO","potentialAction":[{"@type":"ReadAction","target":["https:\/\/www.smglanguages.com\/no\/selskap\/kontakt-og-utelandskontorer\/"]}]},{"@type":"ImageObject","inLanguage":"nb-NO","@id":"https:\/\/www.smglanguages.com\/no\/selskap\/kontakt-og-utelandskontorer\/#primaryimage","url":"https:\/\/www.smglanguages.com\/wp-content\/uploads\/2018\/03\/Contatti-e-Sedi-Estere-hover-SMG_languages-.jpg","contentUrl":"https:\/\/www.smglanguages.com\/wp-content\/uploads\/2018\/03\/Contatti-e-Sedi-Estere-hover-SMG_languages-.jpg","width":1920,"height":451},{"@type":"BreadcrumbList","@id":"https:\/\/www.smglanguages.com\/no\/selskap\/kontakt-og-utelandskontorer\/#breadcrumb","itemListElement":[{"@type":"ListItem","position":1,"name":"Home","item":"https:\/\/www.smglanguages.com\/no\/?lang=no"},{"@type":"ListItem","position":2,"name":"Selskap","item":"https:\/\/www.smglanguages.com\/no\/selskap\/?lang=no"},{"@type":"ListItem","position":3,"name":"Kontakt og utelandskontorer"}]},{"@type":"WebSite","@id":"https:\/\/www.smglanguages.com\/no\/#website","url":"https:\/\/www.smglanguages.com\/no\/","name":"SMG Languages","description":"","publisher":{"@id":"https:\/\/www.smglanguages.com\/no\/#organization"},"alternateName":"Studio Moretto Group","potentialAction":[{"@type":"SearchAction","target":{"@type":"EntryPoint","urlTemplate":"https:\/\/www.smglanguages.com\/no\/?s={search_term_string}"},"query-input":{"@type":"PropertyValueSpecification","valueRequired":true,"valueName":"search_term_string"}}],"inLanguage":"nb-NO"},{"@type":"Organization","@id":"https:\/\/www.smglanguages.com\/no\/#organization","name":"Studio Moretto Group","alternateName":"SMG Languages","url":"https:\/\/www.smglanguages.com\/no\/","logo":{"@type":"ImageObject","inLanguage":"nb-NO","@id":"https:\/\/www.smglanguages.com\/no\/#\/schema\/logo\/image\/","url":"https:\/\/www.smglanguages.com\/wp-content\/uploads\/2022\/09\/Logo-SMG.png","contentUrl":"https:\/\/www.smglanguages.com\/wp-content\/uploads\/2022\/09\/Logo-SMG.png","width":882,"height":546,"caption":"Studio Moretto Group"},"image":{"@id":"https:\/\/www.smglanguages.com\/no\/#\/schema\/logo\/image\/"},"sameAs":["https:\/\/it-it.facebook.com\/smgstudiomorettogroup\/","https:\/\/it.linkedin.com\/company\/studio-moretto-group-srl"]}]}},"_links":{"self":[{"href":"https:\/\/www.smglanguages.com\/no\/wp-json\/wp\/v2\/pages\/31056","targetHints":{"allow":["GET"]}}],"collection":[{"href":"https:\/\/www.smglanguages.com\/no\/wp-json\/wp\/v2\/pages"}],"about":[{"href":"https:\/\/www.smglanguages.com\/no\/wp-json\/wp\/v2\/types\/page"}],"author":[{"embeddable":true,"href":"https:\/\/www.smglanguages.com\/no\/wp-json\/wp\/v2\/users\/2"}],"replies":[{"embeddable":true,"href":"https:\/\/www.smglanguages.com\/no\/wp-json\/wp\/v2\/comments?post=31056"}],"version-history":[{"count":0,"href":"https:\/\/www.smglanguages.com\/no\/wp-json\/wp\/v2\/pages\/31056\/revisions"}],"up":[{"embeddable":true,"href":"https:\/\/www.smglanguages.com\/no\/wp-json\/wp\/v2\/pages\/30617"}],"wp:featuredmedia":[{"embeddable":true,"href":"https:\/\/www.smglanguages.com\/no\/wp-json\/wp\/v2\/media\/31057"}],"wp:attachment":[{"href":"https:\/\/www.smglanguages.com\/no\/wp-json\/wp\/v2\/media?parent=31056"}],"curies":[{"name":"wp","href":"https:\/\/api.w.org\/{rel}","templated":true}]}}