{"id":31352,"date":"2018-05-09T10:56:50","date_gmt":"2018-05-09T10:56:50","guid":{"rendered":"https:\/\/www.smglanguages.com\/organizzazione-eventi"},"modified":"2025-07-30T16:46:44","modified_gmt":"2025-07-30T14:46:44","slug":"organisering-av-begivenheter","status":"publish","type":"page","link":"https:\/\/www.smglanguages.com\/no\/organisering-av-begivenheter\/","title":{"rendered":"Organisering av begivenheter"},"content":{"rendered":"","protected":false},"excerpt":{"rendered":"","protected":false},"author":5,"featured_media":0,"parent":0,"menu_order":0,"comment_status":"closed","ping_status":"closed","template":"templates\/flexible-content.php","meta":{"_acf_changed":false,"footnotes":""},"class_list":["post-31352","page","type-page","status-publish","hentry"],"acf":[],"yoast_head":"<!-- This site is optimized with the Yoast SEO plugin v27.2 - https:\/\/yoast.com\/product\/yoast-seo-wordpress\/ -->\n<title>Organisering av begivenheter - SMG Languages<\/title>\n<meta name=\"description\" content=\"For at begivenheten din skal bli vellykket, trenger du en profesjonist som vet hvordan man skal bevege seg og handle lokalt, som snakker det lokale spr\u00e5ket, som kjenner vaner og kutyme, og som kan h\u00e5ndtere alle de situasjonene som vil oppst\u00e5 under begivenheten.\" \/>\n<meta name=\"robots\" content=\"index, follow, max-snippet:-1, max-image-preview:large, max-video-preview:-1\" \/>\n<link rel=\"canonical\" href=\"https:\/\/www.smglanguages.com\/no\/organisering-av-begivenheter\/\" \/>\n<meta property=\"og:locale\" content=\"nb_NO\" \/>\n<meta property=\"og:type\" content=\"article\" \/>\n<meta property=\"og:title\" content=\"Organisering av begivenheter - SMG Languages\" \/>\n<meta property=\"og:description\" content=\"For at begivenheten din skal bli vellykket, trenger du en profesjonist som vet hvordan man skal bevege seg og handle lokalt, som snakker det lokale spr\u00e5ket, som kjenner vaner og kutyme, og som kan h\u00e5ndtere alle de situasjonene som vil oppst\u00e5 under begivenheten.\" \/>\n<meta property=\"og:url\" content=\"https:\/\/www.smglanguages.com\/no\/organisering-av-begivenheter\/\" \/>\n<meta property=\"og:site_name\" content=\"SMG Languages\" \/>\n<meta property=\"article:publisher\" content=\"https:\/\/it-it.facebook.com\/smgstudiomorettogroup\/\" \/>\n<meta property=\"article:modified_time\" content=\"2025-07-30T14:46:44+00:00\" \/>\n<meta property=\"og:image\" content=\"https:\/\/www.smglanguages.com\/wp-content\/uploads\/2022\/09\/Logo-SMG.png\" \/>\n\t<meta property=\"og:image:width\" content=\"882\" \/>\n\t<meta property=\"og:image:height\" content=\"546\" \/>\n\t<meta property=\"og:image:type\" content=\"image\/png\" \/>\n<meta name=\"twitter:card\" content=\"summary_large_image\" \/>\n<meta name=\"twitter:label1\" content=\"Ansl. lesetid\" \/>\n\t<meta name=\"twitter:data1\" content=\"2 minutter\" \/>\n<script type=\"application\/ld+json\" class=\"yoast-schema-graph\">{\"@context\":\"https:\/\/schema.org\",\"@graph\":[{\"@type\":\"WebPage\",\"@id\":\"https:\/\/www.smglanguages.com\/no\/organisering-av-begivenheter\/\",\"url\":\"https:\/\/www.smglanguages.com\/no\/organisering-av-begivenheter\/\",\"name\":\"Organisering av begivenheter - SMG Languages\",\"isPartOf\":{\"@id\":\"https:\/\/www.smglanguages.com\/no\/#website\"},\"datePublished\":\"2018-05-09T10:56:50+00:00\",\"dateModified\":\"2025-07-30T14:46:44+00:00\",\"description\":\"For at begivenheten din skal bli vellykket, trenger du en profesjonist som vet hvordan man skal bevege seg og handle lokalt, som snakker det lokale spr\u00e5ket, som kjenner vaner og kutyme, og som kan h\u00e5ndtere alle de situasjonene som vil oppst\u00e5 under begivenheten.\",\"breadcrumb\":{\"@id\":\"https:\/\/www.smglanguages.com\/no\/organisering-av-begivenheter\/#breadcrumb\"},\"inLanguage\":\"nb-NO\",\"potentialAction\":[{\"@type\":\"ReadAction\",\"target\":[\"https:\/\/www.smglanguages.com\/no\/organisering-av-begivenheter\/\"]}]},{\"@type\":\"BreadcrumbList\",\"@id\":\"https:\/\/www.smglanguages.com\/no\/organisering-av-begivenheter\/#breadcrumb\",\"itemListElement\":[{\"@type\":\"ListItem\",\"position\":1,\"name\":\"Home\",\"item\":\"https:\/\/www.smglanguages.com\/no\/?lang=no\"},{\"@type\":\"ListItem\",\"position\":2,\"name\":\"Organisering av begivenheter\"}]},{\"@type\":\"WebSite\",\"@id\":\"https:\/\/www.smglanguages.com\/no\/#website\",\"url\":\"https:\/\/www.smglanguages.com\/no\/\",\"name\":\"SMG Languages\",\"description\":\"\",\"publisher\":{\"@id\":\"https:\/\/www.smglanguages.com\/no\/#organization\"},\"alternateName\":\"Studio Moretto Group\",\"potentialAction\":[{\"@type\":\"SearchAction\",\"target\":{\"@type\":\"EntryPoint\",\"urlTemplate\":\"https:\/\/www.smglanguages.com\/no\/?s={search_term_string}\"},\"query-input\":{\"@type\":\"PropertyValueSpecification\",\"valueRequired\":true,\"valueName\":\"search_term_string\"}}],\"inLanguage\":\"nb-NO\"},{\"@type\":\"Organization\",\"@id\":\"https:\/\/www.smglanguages.com\/no\/#organization\",\"name\":\"Studio Moretto Group\",\"alternateName\":\"SMG Languages\",\"url\":\"https:\/\/www.smglanguages.com\/no\/\",\"logo\":{\"@type\":\"ImageObject\",\"inLanguage\":\"nb-NO\",\"@id\":\"https:\/\/www.smglanguages.com\/no\/#\/schema\/logo\/image\/\",\"url\":\"https:\/\/www.smglanguages.com\/wp-content\/uploads\/2022\/09\/Logo-SMG.png\",\"contentUrl\":\"https:\/\/www.smglanguages.com\/wp-content\/uploads\/2022\/09\/Logo-SMG.png\",\"width\":882,\"height\":546,\"caption\":\"Studio Moretto Group\"},\"image\":{\"@id\":\"https:\/\/www.smglanguages.com\/no\/#\/schema\/logo\/image\/\"},\"sameAs\":[\"https:\/\/it-it.facebook.com\/smgstudiomorettogroup\/\",\"https:\/\/it.linkedin.com\/company\/studio-moretto-group-srl\"]}]}<\/script>\n<!-- \/ Yoast SEO plugin. -->","yoast_head_json":{"title":"Organisering av begivenheter - SMG Languages","description":"For at begivenheten din skal bli vellykket, trenger du en profesjonist som vet hvordan man skal bevege seg og handle lokalt, som snakker det lokale spr\u00e5ket, som kjenner vaner og kutyme, og som kan h\u00e5ndtere alle de situasjonene som vil oppst\u00e5 under begivenheten.","robots":{"index":"index","follow":"follow","max-snippet":"max-snippet:-1","max-image-preview":"max-image-preview:large","max-video-preview":"max-video-preview:-1"},"canonical":"https:\/\/www.smglanguages.com\/no\/organisering-av-begivenheter\/","og_locale":"nb_NO","og_type":"article","og_title":"Organisering av begivenheter - SMG Languages","og_description":"For at begivenheten din skal bli vellykket, trenger du en profesjonist som vet hvordan man skal bevege seg og handle lokalt, som snakker det lokale spr\u00e5ket, som kjenner vaner og kutyme, og som kan h\u00e5ndtere alle de situasjonene som vil oppst\u00e5 under begivenheten.","og_url":"https:\/\/www.smglanguages.com\/no\/organisering-av-begivenheter\/","og_site_name":"SMG Languages","article_publisher":"https:\/\/it-it.facebook.com\/smgstudiomorettogroup\/","article_modified_time":"2025-07-30T14:46:44+00:00","og_image":[{"width":882,"height":546,"url":"https:\/\/www.smglanguages.com\/wp-content\/uploads\/2022\/09\/Logo-SMG.png","type":"image\/png"}],"twitter_card":"summary_large_image","twitter_misc":{"Ansl. lesetid":"2 minutter"},"schema":{"@context":"https:\/\/schema.org","@graph":[{"@type":"WebPage","@id":"https:\/\/www.smglanguages.com\/no\/organisering-av-begivenheter\/","url":"https:\/\/www.smglanguages.com\/no\/organisering-av-begivenheter\/","name":"Organisering av begivenheter - SMG Languages","isPartOf":{"@id":"https:\/\/www.smglanguages.com\/no\/#website"},"datePublished":"2018-05-09T10:56:50+00:00","dateModified":"2025-07-30T14:46:44+00:00","description":"For at begivenheten din skal bli vellykket, trenger du en profesjonist som vet hvordan man skal bevege seg og handle lokalt, som snakker det lokale spr\u00e5ket, som kjenner vaner og kutyme, og som kan h\u00e5ndtere alle de situasjonene som vil oppst\u00e5 under begivenheten.","breadcrumb":{"@id":"https:\/\/www.smglanguages.com\/no\/organisering-av-begivenheter\/#breadcrumb"},"inLanguage":"nb-NO","potentialAction":[{"@type":"ReadAction","target":["https:\/\/www.smglanguages.com\/no\/organisering-av-begivenheter\/"]}]},{"@type":"BreadcrumbList","@id":"https:\/\/www.smglanguages.com\/no\/organisering-av-begivenheter\/#breadcrumb","itemListElement":[{"@type":"ListItem","position":1,"name":"Home","item":"https:\/\/www.smglanguages.com\/no\/?lang=no"},{"@type":"ListItem","position":2,"name":"Organisering av begivenheter"}]},{"@type":"WebSite","@id":"https:\/\/www.smglanguages.com\/no\/#website","url":"https:\/\/www.smglanguages.com\/no\/","name":"SMG Languages","description":"","publisher":{"@id":"https:\/\/www.smglanguages.com\/no\/#organization"},"alternateName":"Studio Moretto Group","potentialAction":[{"@type":"SearchAction","target":{"@type":"EntryPoint","urlTemplate":"https:\/\/www.smglanguages.com\/no\/?s={search_term_string}"},"query-input":{"@type":"PropertyValueSpecification","valueRequired":true,"valueName":"search_term_string"}}],"inLanguage":"nb-NO"},{"@type":"Organization","@id":"https:\/\/www.smglanguages.com\/no\/#organization","name":"Studio Moretto Group","alternateName":"SMG Languages","url":"https:\/\/www.smglanguages.com\/no\/","logo":{"@type":"ImageObject","inLanguage":"nb-NO","@id":"https:\/\/www.smglanguages.com\/no\/#\/schema\/logo\/image\/","url":"https:\/\/www.smglanguages.com\/wp-content\/uploads\/2022\/09\/Logo-SMG.png","contentUrl":"https:\/\/www.smglanguages.com\/wp-content\/uploads\/2022\/09\/Logo-SMG.png","width":882,"height":546,"caption":"Studio Moretto Group"},"image":{"@id":"https:\/\/www.smglanguages.com\/no\/#\/schema\/logo\/image\/"},"sameAs":["https:\/\/it-it.facebook.com\/smgstudiomorettogroup\/","https:\/\/it.linkedin.com\/company\/studio-moretto-group-srl"]}]}},"_links":{"self":[{"href":"https:\/\/www.smglanguages.com\/no\/wp-json\/wp\/v2\/pages\/31352","targetHints":{"allow":["GET"]}}],"collection":[{"href":"https:\/\/www.smglanguages.com\/no\/wp-json\/wp\/v2\/pages"}],"about":[{"href":"https:\/\/www.smglanguages.com\/no\/wp-json\/wp\/v2\/types\/page"}],"author":[{"embeddable":true,"href":"https:\/\/www.smglanguages.com\/no\/wp-json\/wp\/v2\/users\/5"}],"replies":[{"embeddable":true,"href":"https:\/\/www.smglanguages.com\/no\/wp-json\/wp\/v2\/comments?post=31352"}],"version-history":[{"count":0,"href":"https:\/\/www.smglanguages.com\/no\/wp-json\/wp\/v2\/pages\/31352\/revisions"}],"wp:attachment":[{"href":"https:\/\/www.smglanguages.com\/no\/wp-json\/wp\/v2\/media?parent=31352"}],"curies":[{"name":"wp","href":"https:\/\/api.w.org\/{rel}","templated":true}]}}