{"id":37560,"date":"2018-04-03T10:04:09","date_gmt":"2018-04-03T10:04:09","guid":{"rendered":"https:\/\/www.smglanguages.com\/traduzioni-professionali"},"modified":"2025-08-12T14:30:08","modified_gmt":"2025-08-12T12:30:08","slug":"oversettelser","status":"publish","type":"page","link":"https:\/\/www.smglanguages.com\/no\/oversettelser\/","title":{"rendered":"Oversettelser"},"content":{"rendered":"","protected":false},"excerpt":{"rendered":"","protected":false},"author":2,"featured_media":0,"parent":0,"menu_order":0,"comment_status":"closed","ping_status":"closed","template":"templates\/flexible-content.php","meta":{"_acf_changed":false,"footnotes":""},"class_list":["post-37560","page","type-page","status-publish","hentry"],"acf":[],"yoast_head":"<!-- This site is optimized with the Yoast SEO plugin v27.2 - https:\/\/yoast.com\/product\/yoast-seo-wordpress\/ -->\n<title>Oversettelser - SMG Languages<\/title>\n<meta name=\"description\" content=\"V\u00e5re kontorer over hele verden oversetter spesialiserte tekster p\u00e5 over 160 spr\u00e5k, og leverer en profesjonell oversettelsestjeneste allerede verdsatt av viktige kunder som Det italienske forsvaret, den Europeiske Union, og fransk h\u00f8yesterett. Oversettelsene gjennomf\u00f8res av spesialisert morsm\u00e5lspersonale og underlegges kvalitetskontroller i henhold til UNI EN 15038 og ISO 17100.\" \/>\n<meta name=\"robots\" content=\"index, follow, max-snippet:-1, max-image-preview:large, max-video-preview:-1\" \/>\n<link rel=\"canonical\" href=\"https:\/\/www.smglanguages.com\/no\/oversettelser\/\" \/>\n<meta property=\"og:locale\" content=\"nb_NO\" \/>\n<meta property=\"og:type\" content=\"article\" \/>\n<meta property=\"og:title\" content=\"Oversettelser - SMG Languages\" \/>\n<meta property=\"og:description\" content=\"V\u00e5re kontorer over hele verden oversetter spesialiserte tekster p\u00e5 over 160 spr\u00e5k, og leverer en profesjonell oversettelsestjeneste allerede verdsatt av viktige kunder som Det italienske forsvaret, den Europeiske Union, og fransk h\u00f8yesterett. Oversettelsene gjennomf\u00f8res av spesialisert morsm\u00e5lspersonale og underlegges kvalitetskontroller i henhold til UNI EN 15038 og ISO 17100.\" \/>\n<meta property=\"og:url\" content=\"https:\/\/www.smglanguages.com\/no\/oversettelser\/\" \/>\n<meta property=\"og:site_name\" content=\"SMG Languages\" \/>\n<meta property=\"article:publisher\" content=\"https:\/\/it-it.facebook.com\/smgstudiomorettogroup\/\" \/>\n<meta property=\"article:modified_time\" content=\"2025-08-12T12:30:08+00:00\" \/>\n<meta property=\"og:image\" content=\"https:\/\/www.smglanguages.com\/wp-content\/uploads\/2022\/09\/Logo-SMG.png\" \/>\n\t<meta property=\"og:image:width\" content=\"882\" \/>\n\t<meta property=\"og:image:height\" content=\"546\" \/>\n\t<meta property=\"og:image:type\" content=\"image\/png\" \/>\n<meta name=\"twitter:card\" content=\"summary_large_image\" \/>\n<meta name=\"twitter:label1\" content=\"Ansl. lesetid\" \/>\n\t<meta name=\"twitter:data1\" content=\"3 minutter\" \/>\n<script type=\"application\/ld+json\" class=\"yoast-schema-graph\">{\"@context\":\"https:\/\/schema.org\",\"@graph\":[{\"@type\":\"WebPage\",\"@id\":\"https:\/\/www.smglanguages.com\/no\/oversettelser\/\",\"url\":\"https:\/\/www.smglanguages.com\/no\/oversettelser\/\",\"name\":\"Oversettelser - SMG Languages\",\"isPartOf\":{\"@id\":\"https:\/\/www.smglanguages.com\/no\/#website\"},\"datePublished\":\"2018-04-03T10:04:09+00:00\",\"dateModified\":\"2025-08-12T12:30:08+00:00\",\"description\":\"V\u00e5re kontorer over hele verden oversetter spesialiserte tekster p\u00e5 over 160 spr\u00e5k, og leverer en profesjonell oversettelsestjeneste allerede verdsatt av viktige kunder som Det italienske forsvaret, den Europeiske Union, og fransk h\u00f8yesterett. Oversettelsene gjennomf\u00f8res av spesialisert morsm\u00e5lspersonale og underlegges kvalitetskontroller i henhold til UNI EN 15038 og ISO 17100.\",\"breadcrumb\":{\"@id\":\"https:\/\/www.smglanguages.com\/no\/oversettelser\/#breadcrumb\"},\"inLanguage\":\"nb-NO\",\"potentialAction\":[{\"@type\":\"ReadAction\",\"target\":[\"https:\/\/www.smglanguages.com\/no\/oversettelser\/\"]}]},{\"@type\":\"BreadcrumbList\",\"@id\":\"https:\/\/www.smglanguages.com\/no\/oversettelser\/#breadcrumb\",\"itemListElement\":[{\"@type\":\"ListItem\",\"position\":1,\"name\":\"Home\",\"item\":\"https:\/\/www.smglanguages.com\/no\/?lang=no\"},{\"@type\":\"ListItem\",\"position\":2,\"name\":\"Oversettelser\"}]},{\"@type\":\"WebSite\",\"@id\":\"https:\/\/www.smglanguages.com\/no\/#website\",\"url\":\"https:\/\/www.smglanguages.com\/no\/\",\"name\":\"SMG Languages\",\"description\":\"\",\"publisher\":{\"@id\":\"https:\/\/www.smglanguages.com\/no\/#organization\"},\"alternateName\":\"Studio Moretto Group\",\"potentialAction\":[{\"@type\":\"SearchAction\",\"target\":{\"@type\":\"EntryPoint\",\"urlTemplate\":\"https:\/\/www.smglanguages.com\/no\/?s={search_term_string}\"},\"query-input\":{\"@type\":\"PropertyValueSpecification\",\"valueRequired\":true,\"valueName\":\"search_term_string\"}}],\"inLanguage\":\"nb-NO\"},{\"@type\":\"Organization\",\"@id\":\"https:\/\/www.smglanguages.com\/no\/#organization\",\"name\":\"Studio Moretto Group\",\"alternateName\":\"SMG Languages\",\"url\":\"https:\/\/www.smglanguages.com\/no\/\",\"logo\":{\"@type\":\"ImageObject\",\"inLanguage\":\"nb-NO\",\"@id\":\"https:\/\/www.smglanguages.com\/no\/#\/schema\/logo\/image\/\",\"url\":\"https:\/\/www.smglanguages.com\/wp-content\/uploads\/2022\/09\/Logo-SMG.png\",\"contentUrl\":\"https:\/\/www.smglanguages.com\/wp-content\/uploads\/2022\/09\/Logo-SMG.png\",\"width\":882,\"height\":546,\"caption\":\"Studio Moretto Group\"},\"image\":{\"@id\":\"https:\/\/www.smglanguages.com\/no\/#\/schema\/logo\/image\/\"},\"sameAs\":[\"https:\/\/it-it.facebook.com\/smgstudiomorettogroup\/\",\"https:\/\/it.linkedin.com\/company\/studio-moretto-group-srl\"]}]}<\/script>\n<!-- \/ Yoast SEO plugin. -->","yoast_head_json":{"title":"Oversettelser - SMG Languages","description":"V\u00e5re kontorer over hele verden oversetter spesialiserte tekster p\u00e5 over 160 spr\u00e5k, og leverer en profesjonell oversettelsestjeneste allerede verdsatt av viktige kunder som Det italienske forsvaret, den Europeiske Union, og fransk h\u00f8yesterett. Oversettelsene gjennomf\u00f8res av spesialisert morsm\u00e5lspersonale og underlegges kvalitetskontroller i henhold til UNI EN 15038 og ISO 17100.","robots":{"index":"index","follow":"follow","max-snippet":"max-snippet:-1","max-image-preview":"max-image-preview:large","max-video-preview":"max-video-preview:-1"},"canonical":"https:\/\/www.smglanguages.com\/no\/oversettelser\/","og_locale":"nb_NO","og_type":"article","og_title":"Oversettelser - SMG Languages","og_description":"V\u00e5re kontorer over hele verden oversetter spesialiserte tekster p\u00e5 over 160 spr\u00e5k, og leverer en profesjonell oversettelsestjeneste allerede verdsatt av viktige kunder som Det italienske forsvaret, den Europeiske Union, og fransk h\u00f8yesterett. Oversettelsene gjennomf\u00f8res av spesialisert morsm\u00e5lspersonale og underlegges kvalitetskontroller i henhold til UNI EN 15038 og ISO 17100.","og_url":"https:\/\/www.smglanguages.com\/no\/oversettelser\/","og_site_name":"SMG Languages","article_publisher":"https:\/\/it-it.facebook.com\/smgstudiomorettogroup\/","article_modified_time":"2025-08-12T12:30:08+00:00","og_image":[{"width":882,"height":546,"url":"https:\/\/www.smglanguages.com\/wp-content\/uploads\/2022\/09\/Logo-SMG.png","type":"image\/png"}],"twitter_card":"summary_large_image","twitter_misc":{"Ansl. lesetid":"3 minutter"},"schema":{"@context":"https:\/\/schema.org","@graph":[{"@type":"WebPage","@id":"https:\/\/www.smglanguages.com\/no\/oversettelser\/","url":"https:\/\/www.smglanguages.com\/no\/oversettelser\/","name":"Oversettelser - SMG Languages","isPartOf":{"@id":"https:\/\/www.smglanguages.com\/no\/#website"},"datePublished":"2018-04-03T10:04:09+00:00","dateModified":"2025-08-12T12:30:08+00:00","description":"V\u00e5re kontorer over hele verden oversetter spesialiserte tekster p\u00e5 over 160 spr\u00e5k, og leverer en profesjonell oversettelsestjeneste allerede verdsatt av viktige kunder som Det italienske forsvaret, den Europeiske Union, og fransk h\u00f8yesterett. Oversettelsene gjennomf\u00f8res av spesialisert morsm\u00e5lspersonale og underlegges kvalitetskontroller i henhold til UNI EN 15038 og ISO 17100.","breadcrumb":{"@id":"https:\/\/www.smglanguages.com\/no\/oversettelser\/#breadcrumb"},"inLanguage":"nb-NO","potentialAction":[{"@type":"ReadAction","target":["https:\/\/www.smglanguages.com\/no\/oversettelser\/"]}]},{"@type":"BreadcrumbList","@id":"https:\/\/www.smglanguages.com\/no\/oversettelser\/#breadcrumb","itemListElement":[{"@type":"ListItem","position":1,"name":"Home","item":"https:\/\/www.smglanguages.com\/no\/?lang=no"},{"@type":"ListItem","position":2,"name":"Oversettelser"}]},{"@type":"WebSite","@id":"https:\/\/www.smglanguages.com\/no\/#website","url":"https:\/\/www.smglanguages.com\/no\/","name":"SMG Languages","description":"","publisher":{"@id":"https:\/\/www.smglanguages.com\/no\/#organization"},"alternateName":"Studio Moretto Group","potentialAction":[{"@type":"SearchAction","target":{"@type":"EntryPoint","urlTemplate":"https:\/\/www.smglanguages.com\/no\/?s={search_term_string}"},"query-input":{"@type":"PropertyValueSpecification","valueRequired":true,"valueName":"search_term_string"}}],"inLanguage":"nb-NO"},{"@type":"Organization","@id":"https:\/\/www.smglanguages.com\/no\/#organization","name":"Studio Moretto Group","alternateName":"SMG Languages","url":"https:\/\/www.smglanguages.com\/no\/","logo":{"@type":"ImageObject","inLanguage":"nb-NO","@id":"https:\/\/www.smglanguages.com\/no\/#\/schema\/logo\/image\/","url":"https:\/\/www.smglanguages.com\/wp-content\/uploads\/2022\/09\/Logo-SMG.png","contentUrl":"https:\/\/www.smglanguages.com\/wp-content\/uploads\/2022\/09\/Logo-SMG.png","width":882,"height":546,"caption":"Studio Moretto Group"},"image":{"@id":"https:\/\/www.smglanguages.com\/no\/#\/schema\/logo\/image\/"},"sameAs":["https:\/\/it-it.facebook.com\/smgstudiomorettogroup\/","https:\/\/it.linkedin.com\/company\/studio-moretto-group-srl"]}]}},"_links":{"self":[{"href":"https:\/\/www.smglanguages.com\/no\/wp-json\/wp\/v2\/pages\/37560","targetHints":{"allow":["GET"]}}],"collection":[{"href":"https:\/\/www.smglanguages.com\/no\/wp-json\/wp\/v2\/pages"}],"about":[{"href":"https:\/\/www.smglanguages.com\/no\/wp-json\/wp\/v2\/types\/page"}],"author":[{"embeddable":true,"href":"https:\/\/www.smglanguages.com\/no\/wp-json\/wp\/v2\/users\/2"}],"replies":[{"embeddable":true,"href":"https:\/\/www.smglanguages.com\/no\/wp-json\/wp\/v2\/comments?post=37560"}],"version-history":[{"count":0,"href":"https:\/\/www.smglanguages.com\/no\/wp-json\/wp\/v2\/pages\/37560\/revisions"}],"wp:attachment":[{"href":"https:\/\/www.smglanguages.com\/no\/wp-json\/wp\/v2\/media?parent=37560"}],"curies":[{"name":"wp","href":"https:\/\/api.w.org\/{rel}","templated":true}]}}