{"id":40498,"date":"2018-04-02T09:26:04","date_gmt":"2018-04-02T09:26:04","guid":{"rendered":"https:\/\/www.smglanguages.com\/selskap\/kontakt-og-utelandskontorer\/smg-espana"},"modified":"2025-10-20T14:53:41","modified_gmt":"2025-10-20T12:53:41","slug":"smg-espana","status":"publish","type":"page","link":"https:\/\/www.smglanguages.com\/no\/selskap\/kontakt-og-utelandskontorer\/smg-espana\/","title":{"rendered":"SMG Languages Srl, Sucursal en Espa\u00f1a"},"content":{"rendered":"","protected":false},"excerpt":{"rendered":"","protected":false},"author":2,"featured_media":0,"parent":31056,"menu_order":0,"comment_status":"closed","ping_status":"closed","template":"templates\/flexible-content.php","meta":{"_acf_changed":false,"footnotes":""},"class_list":["post-40498","page","type-page","status-publish","hentry"],"acf":[],"yoast_head":"<!-- This site is optimized with the Yoast SEO plugin v27.2 - https:\/\/yoast.com\/product\/yoast-seo-wordpress\/ -->\n<title>SMG Languages Srl, Sucursal en Espa\u00f1a - SMG Languages<\/title>\n<meta name=\"description\" content=\"Den spanske avdelingen av SMG Languages har kontor i Madrid, en by som er et symbol p\u00e5 kulturell modernitet og en viktig motor i den europeiske \u00f8konomien.\" \/>\n<meta name=\"robots\" content=\"index, follow, max-snippet:-1, max-image-preview:large, max-video-preview:-1\" \/>\n<link rel=\"canonical\" href=\"https:\/\/www.smglanguages.com\/no\/selskap\/kontakt-og-utelandskontorer\/smg-espana\/\" \/>\n<meta property=\"og:locale\" content=\"nb_NO\" \/>\n<meta property=\"og:type\" content=\"article\" \/>\n<meta property=\"og:title\" content=\"SMG Languages Srl, Sucursal en Espa\u00f1a - SMG Languages\" \/>\n<meta property=\"og:description\" content=\"Den spanske avdelingen av SMG Languages har kontor i Madrid, en by som er et symbol p\u00e5 kulturell modernitet og en viktig motor i den europeiske \u00f8konomien.\" \/>\n<meta property=\"og:url\" content=\"https:\/\/www.smglanguages.com\/no\/selskap\/kontakt-og-utelandskontorer\/smg-espana\/\" \/>\n<meta property=\"og:site_name\" content=\"SMG Languages\" \/>\n<meta property=\"article:publisher\" content=\"https:\/\/it-it.facebook.com\/smgstudiomorettogroup\/\" \/>\n<meta property=\"article:modified_time\" content=\"2025-10-20T12:53:41+00:00\" \/>\n<meta property=\"og:image\" content=\"https:\/\/www.smglanguages.com\/wp-content\/uploads\/2022\/09\/Logo-SMG.png\" \/>\n\t<meta property=\"og:image:width\" content=\"882\" \/>\n\t<meta property=\"og:image:height\" content=\"546\" \/>\n\t<meta property=\"og:image:type\" content=\"image\/png\" \/>\n<meta name=\"twitter:card\" content=\"summary_large_image\" \/>\n<meta name=\"twitter:label1\" content=\"Ansl. lesetid\" \/>\n\t<meta name=\"twitter:data1\" content=\"2 minutter\" \/>\n<script type=\"application\/ld+json\" class=\"yoast-schema-graph\">{\"@context\":\"https:\/\/schema.org\",\"@graph\":[{\"@type\":\"WebPage\",\"@id\":\"https:\/\/www.smglanguages.com\/no\/selskap\/kontakt-og-utelandskontorer\/smg-espana\/\",\"url\":\"https:\/\/www.smglanguages.com\/no\/selskap\/kontakt-og-utelandskontorer\/smg-espana\/\",\"name\":\"SMG Languages Srl, Sucursal en Espa\u00f1a - SMG Languages\",\"isPartOf\":{\"@id\":\"https:\/\/www.smglanguages.com\/no\/#website\"},\"datePublished\":\"2018-04-02T09:26:04+00:00\",\"dateModified\":\"2025-10-20T12:53:41+00:00\",\"description\":\"Den spanske avdelingen av SMG Languages har kontor i Madrid, en by som er et symbol p\u00e5 kulturell modernitet og en viktig motor i den europeiske \u00f8konomien.\",\"breadcrumb\":{\"@id\":\"https:\/\/www.smglanguages.com\/no\/selskap\/kontakt-og-utelandskontorer\/smg-espana\/#breadcrumb\"},\"inLanguage\":\"nb-NO\",\"potentialAction\":[{\"@type\":\"ReadAction\",\"target\":[\"https:\/\/www.smglanguages.com\/no\/selskap\/kontakt-og-utelandskontorer\/smg-espana\/\"]}]},{\"@type\":\"BreadcrumbList\",\"@id\":\"https:\/\/www.smglanguages.com\/no\/selskap\/kontakt-og-utelandskontorer\/smg-espana\/#breadcrumb\",\"itemListElement\":[{\"@type\":\"ListItem\",\"position\":1,\"name\":\"Home\",\"item\":\"https:\/\/www.smglanguages.com\/no\/?lang=no\"},{\"@type\":\"ListItem\",\"position\":2,\"name\":\"Selskap\",\"item\":\"https:\/\/www.smglanguages.com\/no\/selskap\/?lang=no\"},{\"@type\":\"ListItem\",\"position\":3,\"name\":\"Kontakt og utelandskontorer\",\"item\":\"https:\/\/www.smglanguages.com\/no\/selskap\/kontakt-og-utelandskontorer\/?lang=no\"},{\"@type\":\"ListItem\",\"position\":4,\"name\":\"SMG Languages Srl, Sucursal en Espa\u00f1a\"}]},{\"@type\":\"WebSite\",\"@id\":\"https:\/\/www.smglanguages.com\/no\/#website\",\"url\":\"https:\/\/www.smglanguages.com\/no\/\",\"name\":\"SMG Languages\",\"description\":\"\",\"publisher\":{\"@id\":\"https:\/\/www.smglanguages.com\/no\/#organization\"},\"alternateName\":\"Studio Moretto Group\",\"potentialAction\":[{\"@type\":\"SearchAction\",\"target\":{\"@type\":\"EntryPoint\",\"urlTemplate\":\"https:\/\/www.smglanguages.com\/no\/?s={search_term_string}\"},\"query-input\":{\"@type\":\"PropertyValueSpecification\",\"valueRequired\":true,\"valueName\":\"search_term_string\"}}],\"inLanguage\":\"nb-NO\"},{\"@type\":\"Organization\",\"@id\":\"https:\/\/www.smglanguages.com\/no\/#organization\",\"name\":\"Studio Moretto Group\",\"alternateName\":\"SMG Languages\",\"url\":\"https:\/\/www.smglanguages.com\/no\/\",\"logo\":{\"@type\":\"ImageObject\",\"inLanguage\":\"nb-NO\",\"@id\":\"https:\/\/www.smglanguages.com\/no\/#\/schema\/logo\/image\/\",\"url\":\"https:\/\/www.smglanguages.com\/wp-content\/uploads\/2022\/09\/Logo-SMG.png\",\"contentUrl\":\"https:\/\/www.smglanguages.com\/wp-content\/uploads\/2022\/09\/Logo-SMG.png\",\"width\":882,\"height\":546,\"caption\":\"Studio Moretto Group\"},\"image\":{\"@id\":\"https:\/\/www.smglanguages.com\/no\/#\/schema\/logo\/image\/\"},\"sameAs\":[\"https:\/\/it-it.facebook.com\/smgstudiomorettogroup\/\",\"https:\/\/it.linkedin.com\/company\/studio-moretto-group-srl\"]}]}<\/script>\n<!-- \/ Yoast SEO plugin. -->","yoast_head_json":{"title":"SMG Languages Srl, Sucursal en Espa\u00f1a - SMG Languages","description":"Den spanske avdelingen av SMG Languages har kontor i Madrid, en by som er et symbol p\u00e5 kulturell modernitet og en viktig motor i den europeiske \u00f8konomien.","robots":{"index":"index","follow":"follow","max-snippet":"max-snippet:-1","max-image-preview":"max-image-preview:large","max-video-preview":"max-video-preview:-1"},"canonical":"https:\/\/www.smglanguages.com\/no\/selskap\/kontakt-og-utelandskontorer\/smg-espana\/","og_locale":"nb_NO","og_type":"article","og_title":"SMG Languages Srl, Sucursal en Espa\u00f1a - SMG Languages","og_description":"Den spanske avdelingen av SMG Languages har kontor i Madrid, en by som er et symbol p\u00e5 kulturell modernitet og en viktig motor i den europeiske \u00f8konomien.","og_url":"https:\/\/www.smglanguages.com\/no\/selskap\/kontakt-og-utelandskontorer\/smg-espana\/","og_site_name":"SMG Languages","article_publisher":"https:\/\/it-it.facebook.com\/smgstudiomorettogroup\/","article_modified_time":"2025-10-20T12:53:41+00:00","og_image":[{"width":882,"height":546,"url":"https:\/\/www.smglanguages.com\/wp-content\/uploads\/2022\/09\/Logo-SMG.png","type":"image\/png"}],"twitter_card":"summary_large_image","twitter_misc":{"Ansl. lesetid":"2 minutter"},"schema":{"@context":"https:\/\/schema.org","@graph":[{"@type":"WebPage","@id":"https:\/\/www.smglanguages.com\/no\/selskap\/kontakt-og-utelandskontorer\/smg-espana\/","url":"https:\/\/www.smglanguages.com\/no\/selskap\/kontakt-og-utelandskontorer\/smg-espana\/","name":"SMG Languages Srl, Sucursal en Espa\u00f1a - SMG Languages","isPartOf":{"@id":"https:\/\/www.smglanguages.com\/no\/#website"},"datePublished":"2018-04-02T09:26:04+00:00","dateModified":"2025-10-20T12:53:41+00:00","description":"Den spanske avdelingen av SMG Languages har kontor i Madrid, en by som er et symbol p\u00e5 kulturell modernitet og en viktig motor i den europeiske \u00f8konomien.","breadcrumb":{"@id":"https:\/\/www.smglanguages.com\/no\/selskap\/kontakt-og-utelandskontorer\/smg-espana\/#breadcrumb"},"inLanguage":"nb-NO","potentialAction":[{"@type":"ReadAction","target":["https:\/\/www.smglanguages.com\/no\/selskap\/kontakt-og-utelandskontorer\/smg-espana\/"]}]},{"@type":"BreadcrumbList","@id":"https:\/\/www.smglanguages.com\/no\/selskap\/kontakt-og-utelandskontorer\/smg-espana\/#breadcrumb","itemListElement":[{"@type":"ListItem","position":1,"name":"Home","item":"https:\/\/www.smglanguages.com\/no\/?lang=no"},{"@type":"ListItem","position":2,"name":"Selskap","item":"https:\/\/www.smglanguages.com\/no\/selskap\/?lang=no"},{"@type":"ListItem","position":3,"name":"Kontakt og utelandskontorer","item":"https:\/\/www.smglanguages.com\/no\/selskap\/kontakt-og-utelandskontorer\/?lang=no"},{"@type":"ListItem","position":4,"name":"SMG Languages Srl, Sucursal en Espa\u00f1a"}]},{"@type":"WebSite","@id":"https:\/\/www.smglanguages.com\/no\/#website","url":"https:\/\/www.smglanguages.com\/no\/","name":"SMG Languages","description":"","publisher":{"@id":"https:\/\/www.smglanguages.com\/no\/#organization"},"alternateName":"Studio Moretto Group","potentialAction":[{"@type":"SearchAction","target":{"@type":"EntryPoint","urlTemplate":"https:\/\/www.smglanguages.com\/no\/?s={search_term_string}"},"query-input":{"@type":"PropertyValueSpecification","valueRequired":true,"valueName":"search_term_string"}}],"inLanguage":"nb-NO"},{"@type":"Organization","@id":"https:\/\/www.smglanguages.com\/no\/#organization","name":"Studio Moretto Group","alternateName":"SMG Languages","url":"https:\/\/www.smglanguages.com\/no\/","logo":{"@type":"ImageObject","inLanguage":"nb-NO","@id":"https:\/\/www.smglanguages.com\/no\/#\/schema\/logo\/image\/","url":"https:\/\/www.smglanguages.com\/wp-content\/uploads\/2022\/09\/Logo-SMG.png","contentUrl":"https:\/\/www.smglanguages.com\/wp-content\/uploads\/2022\/09\/Logo-SMG.png","width":882,"height":546,"caption":"Studio Moretto Group"},"image":{"@id":"https:\/\/www.smglanguages.com\/no\/#\/schema\/logo\/image\/"},"sameAs":["https:\/\/it-it.facebook.com\/smgstudiomorettogroup\/","https:\/\/it.linkedin.com\/company\/studio-moretto-group-srl"]}]}},"_links":{"self":[{"href":"https:\/\/www.smglanguages.com\/no\/wp-json\/wp\/v2\/pages\/40498","targetHints":{"allow":["GET"]}}],"collection":[{"href":"https:\/\/www.smglanguages.com\/no\/wp-json\/wp\/v2\/pages"}],"about":[{"href":"https:\/\/www.smglanguages.com\/no\/wp-json\/wp\/v2\/types\/page"}],"author":[{"embeddable":true,"href":"https:\/\/www.smglanguages.com\/no\/wp-json\/wp\/v2\/users\/2"}],"replies":[{"embeddable":true,"href":"https:\/\/www.smglanguages.com\/no\/wp-json\/wp\/v2\/comments?post=40498"}],"version-history":[{"count":0,"href":"https:\/\/www.smglanguages.com\/no\/wp-json\/wp\/v2\/pages\/40498\/revisions"}],"up":[{"embeddable":true,"href":"https:\/\/www.smglanguages.com\/no\/wp-json\/wp\/v2\/pages\/31056"}],"wp:attachment":[{"href":"https:\/\/www.smglanguages.com\/no\/wp-json\/wp\/v2\/media?parent=40498"}],"curies":[{"name":"wp","href":"https:\/\/api.w.org\/{rel}","templated":true}]}}