{"id":33737,"date":"2018-04-12T09:38:07","date_gmt":"2018-04-12T09:38:07","guid":{"rendered":"https:\/\/www.smglanguages.com\/servizio-interpreti"},"modified":"2025-07-29T11:00:55","modified_gmt":"2025-07-29T09:00:55","slug":"tlumaczenia-ustne","status":"publish","type":"page","link":"https:\/\/www.smglanguages.com\/pl\/tlumaczenia-ustne\/","title":{"rendered":"T\u0142umaczenia ustne"},"content":{"rendered":"","protected":false},"excerpt":{"rendered":"","protected":false},"author":2,"featured_media":0,"parent":0,"menu_order":0,"comment_status":"closed","ping_status":"closed","template":"templates\/flexible-content.php","meta":{"_acf_changed":false,"footnotes":""},"class_list":["post-33737","page","type-page","status-publish","hentry"],"acf":[],"yoast_head":"<!-- This site is optimized with the Yoast SEO plugin v27.2 - https:\/\/yoast.com\/product\/yoast-seo-wordpress\/ -->\n<title>T\u0142umaczenia ustne - SMG Languages<\/title>\n<meta name=\"description\" content=\"Dzi\u0119ki t\u0142umaczom z wieloletnim do\u015bwiadczeniem \u015bwiadczymy us\u0142ugi t\u0142umacze\u0144 ustnych, kt\u00f3re s\u0105 doceniane przez klient\u00f3w takich jak OECD i Komisja Europejska.\" \/>\n<meta name=\"robots\" content=\"index, follow, max-snippet:-1, max-image-preview:large, max-video-preview:-1\" \/>\n<link rel=\"canonical\" href=\"https:\/\/www.smglanguages.com\/pl\/tlumaczenia-ustne\/\" \/>\n<meta property=\"og:locale\" content=\"pl_PL\" \/>\n<meta property=\"og:type\" content=\"article\" \/>\n<meta property=\"og:title\" content=\"T\u0142umaczenia ustne - SMG Languages\" \/>\n<meta property=\"og:description\" content=\"Dzi\u0119ki t\u0142umaczom z wieloletnim do\u015bwiadczeniem \u015bwiadczymy us\u0142ugi t\u0142umacze\u0144 ustnych, kt\u00f3re s\u0105 doceniane przez klient\u00f3w takich jak OECD i Komisja Europejska.\" \/>\n<meta property=\"og:url\" content=\"https:\/\/www.smglanguages.com\/pl\/tlumaczenia-ustne\/\" \/>\n<meta property=\"og:site_name\" content=\"SMG Languages\" \/>\n<meta property=\"article:publisher\" content=\"https:\/\/it-it.facebook.com\/smgstudiomorettogroup\/\" \/>\n<meta property=\"article:modified_time\" content=\"2025-07-29T09:00:55+00:00\" \/>\n<meta property=\"og:image\" content=\"https:\/\/www.smglanguages.com\/wp-content\/uploads\/2022\/09\/Logo-SMG.png\" \/>\n\t<meta property=\"og:image:width\" content=\"882\" \/>\n\t<meta property=\"og:image:height\" content=\"546\" \/>\n\t<meta property=\"og:image:type\" content=\"image\/png\" \/>\n<meta name=\"twitter:card\" content=\"summary_large_image\" \/>\n<meta name=\"twitter:label1\" content=\"Szacowany czas czytania\" \/>\n\t<meta name=\"twitter:data1\" content=\"2 minuty\" \/>\n<script type=\"application\/ld+json\" class=\"yoast-schema-graph\">{\"@context\":\"https:\/\/schema.org\",\"@graph\":[{\"@type\":\"WebPage\",\"@id\":\"https:\/\/www.smglanguages.com\/pl\/tlumaczenia-ustne\/\",\"url\":\"https:\/\/www.smglanguages.com\/pl\/tlumaczenia-ustne\/\",\"name\":\"T\u0142umaczenia ustne - SMG Languages\",\"isPartOf\":{\"@id\":\"https:\/\/www.smglanguages.com\/pl\/#website\"},\"datePublished\":\"2018-04-12T09:38:07+00:00\",\"dateModified\":\"2025-07-29T09:00:55+00:00\",\"description\":\"Dzi\u0119ki t\u0142umaczom z wieloletnim do\u015bwiadczeniem \u015bwiadczymy us\u0142ugi t\u0142umacze\u0144 ustnych, kt\u00f3re s\u0105 doceniane przez klient\u00f3w takich jak OECD i Komisja Europejska.\",\"breadcrumb\":{\"@id\":\"https:\/\/www.smglanguages.com\/pl\/tlumaczenia-ustne\/#breadcrumb\"},\"inLanguage\":\"pl-PL\",\"potentialAction\":[{\"@type\":\"ReadAction\",\"target\":[\"https:\/\/www.smglanguages.com\/pl\/tlumaczenia-ustne\/\"]}]},{\"@type\":\"BreadcrumbList\",\"@id\":\"https:\/\/www.smglanguages.com\/pl\/tlumaczenia-ustne\/#breadcrumb\",\"itemListElement\":[{\"@type\":\"ListItem\",\"position\":1,\"name\":\"Home\",\"item\":\"https:\/\/www.smglanguages.com\/pl\/?lang=pl\"},{\"@type\":\"ListItem\",\"position\":2,\"name\":\"T\u0142umaczenia ustne\"}]},{\"@type\":\"WebSite\",\"@id\":\"https:\/\/www.smglanguages.com\/pl\/#website\",\"url\":\"https:\/\/www.smglanguages.com\/pl\/\",\"name\":\"SMG Languages\",\"description\":\"\",\"publisher\":{\"@id\":\"https:\/\/www.smglanguages.com\/pl\/#organization\"},\"alternateName\":\"Studio Moretto Group\",\"potentialAction\":[{\"@type\":\"SearchAction\",\"target\":{\"@type\":\"EntryPoint\",\"urlTemplate\":\"https:\/\/www.smglanguages.com\/pl\/?s={search_term_string}\"},\"query-input\":{\"@type\":\"PropertyValueSpecification\",\"valueRequired\":true,\"valueName\":\"search_term_string\"}}],\"inLanguage\":\"pl-PL\"},{\"@type\":\"Organization\",\"@id\":\"https:\/\/www.smglanguages.com\/pl\/#organization\",\"name\":\"Studio Moretto Group\",\"alternateName\":\"SMG Languages\",\"url\":\"https:\/\/www.smglanguages.com\/pl\/\",\"logo\":{\"@type\":\"ImageObject\",\"inLanguage\":\"pl-PL\",\"@id\":\"https:\/\/www.smglanguages.com\/pl\/#\/schema\/logo\/image\/\",\"url\":\"https:\/\/www.smglanguages.com\/wp-content\/uploads\/2022\/09\/Logo-SMG.png\",\"contentUrl\":\"https:\/\/www.smglanguages.com\/wp-content\/uploads\/2022\/09\/Logo-SMG.png\",\"width\":882,\"height\":546,\"caption\":\"Studio Moretto Group\"},\"image\":{\"@id\":\"https:\/\/www.smglanguages.com\/pl\/#\/schema\/logo\/image\/\"},\"sameAs\":[\"https:\/\/it-it.facebook.com\/smgstudiomorettogroup\/\",\"https:\/\/it.linkedin.com\/company\/studio-moretto-group-srl\"]}]}<\/script>\n<!-- \/ Yoast SEO plugin. -->","yoast_head_json":{"title":"T\u0142umaczenia ustne - SMG Languages","description":"Dzi\u0119ki t\u0142umaczom z wieloletnim do\u015bwiadczeniem \u015bwiadczymy us\u0142ugi t\u0142umacze\u0144 ustnych, kt\u00f3re s\u0105 doceniane przez klient\u00f3w takich jak OECD i Komisja Europejska.","robots":{"index":"index","follow":"follow","max-snippet":"max-snippet:-1","max-image-preview":"max-image-preview:large","max-video-preview":"max-video-preview:-1"},"canonical":"https:\/\/www.smglanguages.com\/pl\/tlumaczenia-ustne\/","og_locale":"pl_PL","og_type":"article","og_title":"T\u0142umaczenia ustne - SMG Languages","og_description":"Dzi\u0119ki t\u0142umaczom z wieloletnim do\u015bwiadczeniem \u015bwiadczymy us\u0142ugi t\u0142umacze\u0144 ustnych, kt\u00f3re s\u0105 doceniane przez klient\u00f3w takich jak OECD i Komisja Europejska.","og_url":"https:\/\/www.smglanguages.com\/pl\/tlumaczenia-ustne\/","og_site_name":"SMG Languages","article_publisher":"https:\/\/it-it.facebook.com\/smgstudiomorettogroup\/","article_modified_time":"2025-07-29T09:00:55+00:00","og_image":[{"width":882,"height":546,"url":"https:\/\/www.smglanguages.com\/wp-content\/uploads\/2022\/09\/Logo-SMG.png","type":"image\/png"}],"twitter_card":"summary_large_image","twitter_misc":{"Szacowany czas czytania":"2 minuty"},"schema":{"@context":"https:\/\/schema.org","@graph":[{"@type":"WebPage","@id":"https:\/\/www.smglanguages.com\/pl\/tlumaczenia-ustne\/","url":"https:\/\/www.smglanguages.com\/pl\/tlumaczenia-ustne\/","name":"T\u0142umaczenia ustne - SMG Languages","isPartOf":{"@id":"https:\/\/www.smglanguages.com\/pl\/#website"},"datePublished":"2018-04-12T09:38:07+00:00","dateModified":"2025-07-29T09:00:55+00:00","description":"Dzi\u0119ki t\u0142umaczom z wieloletnim do\u015bwiadczeniem \u015bwiadczymy us\u0142ugi t\u0142umacze\u0144 ustnych, kt\u00f3re s\u0105 doceniane przez klient\u00f3w takich jak OECD i Komisja Europejska.","breadcrumb":{"@id":"https:\/\/www.smglanguages.com\/pl\/tlumaczenia-ustne\/#breadcrumb"},"inLanguage":"pl-PL","potentialAction":[{"@type":"ReadAction","target":["https:\/\/www.smglanguages.com\/pl\/tlumaczenia-ustne\/"]}]},{"@type":"BreadcrumbList","@id":"https:\/\/www.smglanguages.com\/pl\/tlumaczenia-ustne\/#breadcrumb","itemListElement":[{"@type":"ListItem","position":1,"name":"Home","item":"https:\/\/www.smglanguages.com\/pl\/?lang=pl"},{"@type":"ListItem","position":2,"name":"T\u0142umaczenia ustne"}]},{"@type":"WebSite","@id":"https:\/\/www.smglanguages.com\/pl\/#website","url":"https:\/\/www.smglanguages.com\/pl\/","name":"SMG Languages","description":"","publisher":{"@id":"https:\/\/www.smglanguages.com\/pl\/#organization"},"alternateName":"Studio Moretto Group","potentialAction":[{"@type":"SearchAction","target":{"@type":"EntryPoint","urlTemplate":"https:\/\/www.smglanguages.com\/pl\/?s={search_term_string}"},"query-input":{"@type":"PropertyValueSpecification","valueRequired":true,"valueName":"search_term_string"}}],"inLanguage":"pl-PL"},{"@type":"Organization","@id":"https:\/\/www.smglanguages.com\/pl\/#organization","name":"Studio Moretto Group","alternateName":"SMG Languages","url":"https:\/\/www.smglanguages.com\/pl\/","logo":{"@type":"ImageObject","inLanguage":"pl-PL","@id":"https:\/\/www.smglanguages.com\/pl\/#\/schema\/logo\/image\/","url":"https:\/\/www.smglanguages.com\/wp-content\/uploads\/2022\/09\/Logo-SMG.png","contentUrl":"https:\/\/www.smglanguages.com\/wp-content\/uploads\/2022\/09\/Logo-SMG.png","width":882,"height":546,"caption":"Studio Moretto Group"},"image":{"@id":"https:\/\/www.smglanguages.com\/pl\/#\/schema\/logo\/image\/"},"sameAs":["https:\/\/it-it.facebook.com\/smgstudiomorettogroup\/","https:\/\/it.linkedin.com\/company\/studio-moretto-group-srl"]}]}},"_links":{"self":[{"href":"https:\/\/www.smglanguages.com\/pl\/wp-json\/wp\/v2\/pages\/33737","targetHints":{"allow":["GET"]}}],"collection":[{"href":"https:\/\/www.smglanguages.com\/pl\/wp-json\/wp\/v2\/pages"}],"about":[{"href":"https:\/\/www.smglanguages.com\/pl\/wp-json\/wp\/v2\/types\/page"}],"author":[{"embeddable":true,"href":"https:\/\/www.smglanguages.com\/pl\/wp-json\/wp\/v2\/users\/2"}],"replies":[{"embeddable":true,"href":"https:\/\/www.smglanguages.com\/pl\/wp-json\/wp\/v2\/comments?post=33737"}],"version-history":[{"count":0,"href":"https:\/\/www.smglanguages.com\/pl\/wp-json\/wp\/v2\/pages\/33737\/revisions"}],"wp:attachment":[{"href":"https:\/\/www.smglanguages.com\/pl\/wp-json\/wp\/v2\/media?parent=33737"}],"curies":[{"name":"wp","href":"https:\/\/api.w.org\/{rel}","templated":true}]}}