{"id":114933,"date":"2018-04-13T11:23:31","date_gmt":"2018-04-13T11:23:31","guid":{"rendered":"https:\/\/www.smglanguages.com\/redacao\/paginas-web\/"},"modified":"2025-08-12T14:33:47","modified_gmt":"2025-08-12T12:33:47","slug":"paginas-web","status":"publish","type":"page","link":"https:\/\/www.smglanguages.com\/pt-pt\/redacao\/paginas-web\/","title":{"rendered":"P\u00e1ginas Web"},"content":{"rendered":"","protected":false},"excerpt":{"rendered":"","protected":false},"author":2,"featured_media":0,"parent":33143,"menu_order":0,"comment_status":"closed","ping_status":"closed","template":"templates\/flexible-content.php","meta":{"_acf_changed":false,"footnotes":""},"class_list":["post-114933","page","type-page","status-publish","hentry"],"acf":[],"yoast_head":"<!-- This site is optimized with the Yoast SEO plugin v27.2 - https:\/\/yoast.com\/product\/yoast-seo-wordpress\/ -->\n<title>Servicios de web writing en idioma etranjero<\/title>\n<meta name=\"description\" content=\"Gracias a sus competencias ling\u00fc\u00edsticas y t\u00e9cnicas, SMG Languages asiste a clientes directos y agencias de comunicaci\u00f3n web brindando servicios ling\u00fc\u00edsticos para ayudar a sus estrategias web globales:\u00a0La asistencia incluye servicios de traducci\u00f3n ling\u00fc\u00edstica y redacci\u00f3n web en una perspectiva SEO en m\u00e1s de 160 idiomas.\" \/>\n<meta name=\"robots\" content=\"index, follow, max-snippet:-1, max-image-preview:large, max-video-preview:-1\" \/>\n<link rel=\"canonical\" href=\"https:\/\/www.smglanguages.com\/pt-pt\/redacao\/paginas-web\/\" \/>\n<meta property=\"og:locale\" content=\"pt_PT\" \/>\n<meta property=\"og:type\" content=\"article\" \/>\n<meta property=\"og:title\" content=\"Servicios de web writing en idioma etranjero\" \/>\n<meta property=\"og:description\" content=\"Gracias a sus competencias ling\u00fc\u00edsticas y t\u00e9cnicas, SMG Languages asiste a clientes directos y agencias de comunicaci\u00f3n web brindando servicios ling\u00fc\u00edsticos para ayudar a sus estrategias web globales:\u00a0La asistencia incluye servicios de traducci\u00f3n ling\u00fc\u00edstica y redacci\u00f3n web en una perspectiva SEO en m\u00e1s de 160 idiomas.\" \/>\n<meta property=\"og:url\" content=\"https:\/\/www.smglanguages.com\/pt-pt\/redacao\/paginas-web\/\" \/>\n<meta property=\"og:site_name\" content=\"SMG Languages\" \/>\n<meta property=\"article:publisher\" content=\"https:\/\/it-it.facebook.com\/smgstudiomorettogroup\/\" \/>\n<meta property=\"article:modified_time\" content=\"2025-08-12T12:33:47+00:00\" \/>\n<meta property=\"og:image\" content=\"https:\/\/www.smglanguages.com\/wp-content\/uploads\/2022\/09\/Logo-SMG.png\" \/>\n\t<meta property=\"og:image:width\" content=\"882\" \/>\n\t<meta property=\"og:image:height\" content=\"546\" \/>\n\t<meta property=\"og:image:type\" content=\"image\/png\" \/>\n<meta name=\"twitter:card\" content=\"summary_large_image\" \/>\n<meta name=\"twitter:label1\" content=\"Tempo estimado de leitura\" \/>\n\t<meta name=\"twitter:data1\" content=\"20 minutos\" \/>\n<script type=\"application\/ld+json\" class=\"yoast-schema-graph\">{\"@context\":\"https:\/\/schema.org\",\"@graph\":[{\"@type\":\"WebPage\",\"@id\":\"https:\/\/www.smglanguages.com\/pt-pt\/redacao\/paginas-web\/\",\"url\":\"https:\/\/www.smglanguages.com\/pt-pt\/redacao\/paginas-web\/\",\"name\":\"Servicios de web writing en idioma etranjero\",\"isPartOf\":{\"@id\":\"https:\/\/www.smglanguages.com\/pt-pt\/#website\"},\"datePublished\":\"2018-04-13T11:23:31+00:00\",\"dateModified\":\"2025-08-12T12:33:47+00:00\",\"description\":\"Gracias a sus competencias ling\u00fc\u00edsticas y t\u00e9cnicas, SMG Languages asiste a clientes directos y agencias de comunicaci\u00f3n web brindando servicios ling\u00fc\u00edsticos para ayudar a sus estrategias web globales:\u00a0La asistencia incluye servicios de traducci\u00f3n ling\u00fc\u00edstica y redacci\u00f3n web en una perspectiva SEO en m\u00e1s de 160 idiomas.\",\"breadcrumb\":{\"@id\":\"https:\/\/www.smglanguages.com\/pt-pt\/redacao\/paginas-web\/#breadcrumb\"},\"inLanguage\":\"pt-PT\",\"potentialAction\":[{\"@type\":\"ReadAction\",\"target\":[\"https:\/\/www.smglanguages.com\/pt-pt\/redacao\/paginas-web\/\"]}]},{\"@type\":\"BreadcrumbList\",\"@id\":\"https:\/\/www.smglanguages.com\/pt-pt\/redacao\/paginas-web\/#breadcrumb\",\"itemListElement\":[{\"@type\":\"ListItem\",\"position\":1,\"name\":\"Home\",\"item\":\"https:\/\/www.smglanguages.com\/pt-pt\/?lang=pt-pt\"},{\"@type\":\"ListItem\",\"position\":2,\"name\":\"Reda\u00e7\u00e3o e editing\",\"item\":\"https:\/\/www.smglanguages.com\/pt-pt\/redacao\/?lang=pt-pt\"},{\"@type\":\"ListItem\",\"position\":3,\"name\":\"P\u00e1ginas Web\"}]},{\"@type\":\"WebSite\",\"@id\":\"https:\/\/www.smglanguages.com\/pt-pt\/#website\",\"url\":\"https:\/\/www.smglanguages.com\/pt-pt\/\",\"name\":\"SMG Languages\",\"description\":\"\",\"publisher\":{\"@id\":\"https:\/\/www.smglanguages.com\/pt-pt\/#organization\"},\"alternateName\":\"Studio Moretto Group\",\"potentialAction\":[{\"@type\":\"SearchAction\",\"target\":{\"@type\":\"EntryPoint\",\"urlTemplate\":\"https:\/\/www.smglanguages.com\/pt-pt\/?s={search_term_string}\"},\"query-input\":{\"@type\":\"PropertyValueSpecification\",\"valueRequired\":true,\"valueName\":\"search_term_string\"}}],\"inLanguage\":\"pt-PT\"},{\"@type\":\"Organization\",\"@id\":\"https:\/\/www.smglanguages.com\/pt-pt\/#organization\",\"name\":\"Studio Moretto Group\",\"alternateName\":\"SMG Languages\",\"url\":\"https:\/\/www.smglanguages.com\/pt-pt\/\",\"logo\":{\"@type\":\"ImageObject\",\"inLanguage\":\"pt-PT\",\"@id\":\"https:\/\/www.smglanguages.com\/pt-pt\/#\/schema\/logo\/image\/\",\"url\":\"https:\/\/www.smglanguages.com\/wp-content\/uploads\/2022\/09\/Logo-SMG.png\",\"contentUrl\":\"https:\/\/www.smglanguages.com\/wp-content\/uploads\/2022\/09\/Logo-SMG.png\",\"width\":882,\"height\":546,\"caption\":\"Studio Moretto Group\"},\"image\":{\"@id\":\"https:\/\/www.smglanguages.com\/pt-pt\/#\/schema\/logo\/image\/\"},\"sameAs\":[\"https:\/\/it-it.facebook.com\/smgstudiomorettogroup\/\",\"https:\/\/it.linkedin.com\/company\/studio-moretto-group-srl\"]}]}<\/script>\n<!-- \/ Yoast SEO plugin. -->","yoast_head_json":{"title":"Servicios de web writing en idioma etranjero","description":"Gracias a sus competencias ling\u00fc\u00edsticas y t\u00e9cnicas, SMG Languages asiste a clientes directos y agencias de comunicaci\u00f3n web brindando servicios ling\u00fc\u00edsticos para ayudar a sus estrategias web globales:\u00a0La asistencia incluye servicios de traducci\u00f3n ling\u00fc\u00edstica y redacci\u00f3n web en una perspectiva SEO en m\u00e1s de 160 idiomas.","robots":{"index":"index","follow":"follow","max-snippet":"max-snippet:-1","max-image-preview":"max-image-preview:large","max-video-preview":"max-video-preview:-1"},"canonical":"https:\/\/www.smglanguages.com\/pt-pt\/redacao\/paginas-web\/","og_locale":"pt_PT","og_type":"article","og_title":"Servicios de web writing en idioma etranjero","og_description":"Gracias a sus competencias ling\u00fc\u00edsticas y t\u00e9cnicas, SMG Languages asiste a clientes directos y agencias de comunicaci\u00f3n web brindando servicios ling\u00fc\u00edsticos para ayudar a sus estrategias web globales:\u00a0La asistencia incluye servicios de traducci\u00f3n ling\u00fc\u00edstica y redacci\u00f3n web en una perspectiva SEO en m\u00e1s de 160 idiomas.","og_url":"https:\/\/www.smglanguages.com\/pt-pt\/redacao\/paginas-web\/","og_site_name":"SMG Languages","article_publisher":"https:\/\/it-it.facebook.com\/smgstudiomorettogroup\/","article_modified_time":"2025-08-12T12:33:47+00:00","og_image":[{"width":882,"height":546,"url":"https:\/\/www.smglanguages.com\/wp-content\/uploads\/2022\/09\/Logo-SMG.png","type":"image\/png"}],"twitter_card":"summary_large_image","twitter_misc":{"Tempo estimado de leitura":"20 minutos"},"schema":{"@context":"https:\/\/schema.org","@graph":[{"@type":"WebPage","@id":"https:\/\/www.smglanguages.com\/pt-pt\/redacao\/paginas-web\/","url":"https:\/\/www.smglanguages.com\/pt-pt\/redacao\/paginas-web\/","name":"Servicios de web writing en idioma etranjero","isPartOf":{"@id":"https:\/\/www.smglanguages.com\/pt-pt\/#website"},"datePublished":"2018-04-13T11:23:31+00:00","dateModified":"2025-08-12T12:33:47+00:00","description":"Gracias a sus competencias ling\u00fc\u00edsticas y t\u00e9cnicas, SMG Languages asiste a clientes directos y agencias de comunicaci\u00f3n web brindando servicios ling\u00fc\u00edsticos para ayudar a sus estrategias web globales:\u00a0La asistencia incluye servicios de traducci\u00f3n ling\u00fc\u00edstica y redacci\u00f3n web en una perspectiva SEO en m\u00e1s de 160 idiomas.","breadcrumb":{"@id":"https:\/\/www.smglanguages.com\/pt-pt\/redacao\/paginas-web\/#breadcrumb"},"inLanguage":"pt-PT","potentialAction":[{"@type":"ReadAction","target":["https:\/\/www.smglanguages.com\/pt-pt\/redacao\/paginas-web\/"]}]},{"@type":"BreadcrumbList","@id":"https:\/\/www.smglanguages.com\/pt-pt\/redacao\/paginas-web\/#breadcrumb","itemListElement":[{"@type":"ListItem","position":1,"name":"Home","item":"https:\/\/www.smglanguages.com\/pt-pt\/?lang=pt-pt"},{"@type":"ListItem","position":2,"name":"Reda\u00e7\u00e3o e editing","item":"https:\/\/www.smglanguages.com\/pt-pt\/redacao\/?lang=pt-pt"},{"@type":"ListItem","position":3,"name":"P\u00e1ginas Web"}]},{"@type":"WebSite","@id":"https:\/\/www.smglanguages.com\/pt-pt\/#website","url":"https:\/\/www.smglanguages.com\/pt-pt\/","name":"SMG Languages","description":"","publisher":{"@id":"https:\/\/www.smglanguages.com\/pt-pt\/#organization"},"alternateName":"Studio Moretto Group","potentialAction":[{"@type":"SearchAction","target":{"@type":"EntryPoint","urlTemplate":"https:\/\/www.smglanguages.com\/pt-pt\/?s={search_term_string}"},"query-input":{"@type":"PropertyValueSpecification","valueRequired":true,"valueName":"search_term_string"}}],"inLanguage":"pt-PT"},{"@type":"Organization","@id":"https:\/\/www.smglanguages.com\/pt-pt\/#organization","name":"Studio Moretto Group","alternateName":"SMG Languages","url":"https:\/\/www.smglanguages.com\/pt-pt\/","logo":{"@type":"ImageObject","inLanguage":"pt-PT","@id":"https:\/\/www.smglanguages.com\/pt-pt\/#\/schema\/logo\/image\/","url":"https:\/\/www.smglanguages.com\/wp-content\/uploads\/2022\/09\/Logo-SMG.png","contentUrl":"https:\/\/www.smglanguages.com\/wp-content\/uploads\/2022\/09\/Logo-SMG.png","width":882,"height":546,"caption":"Studio Moretto Group"},"image":{"@id":"https:\/\/www.smglanguages.com\/pt-pt\/#\/schema\/logo\/image\/"},"sameAs":["https:\/\/it-it.facebook.com\/smgstudiomorettogroup\/","https:\/\/it.linkedin.com\/company\/studio-moretto-group-srl"]}]}},"_links":{"self":[{"href":"https:\/\/www.smglanguages.com\/pt-pt\/wp-json\/wp\/v2\/pages\/114933","targetHints":{"allow":["GET"]}}],"collection":[{"href":"https:\/\/www.smglanguages.com\/pt-pt\/wp-json\/wp\/v2\/pages"}],"about":[{"href":"https:\/\/www.smglanguages.com\/pt-pt\/wp-json\/wp\/v2\/types\/page"}],"author":[{"embeddable":true,"href":"https:\/\/www.smglanguages.com\/pt-pt\/wp-json\/wp\/v2\/users\/2"}],"replies":[{"embeddable":true,"href":"https:\/\/www.smglanguages.com\/pt-pt\/wp-json\/wp\/v2\/comments?post=114933"}],"version-history":[{"count":0,"href":"https:\/\/www.smglanguages.com\/pt-pt\/wp-json\/wp\/v2\/pages\/114933\/revisions"}],"up":[{"embeddable":true,"href":"https:\/\/www.smglanguages.com\/pt-pt\/wp-json\/wp\/v2\/pages\/33143"}],"wp:attachment":[{"href":"https:\/\/www.smglanguages.com\/pt-pt\/wp-json\/wp\/v2\/media?parent=114933"}],"curies":[{"name":"wp","href":"https:\/\/api.w.org\/{rel}","templated":true}]}}