{"id":33235,"date":"2018-05-04T09:55:27","date_gmt":"2018-05-04T09:55:27","guid":{"rendered":"https:\/\/www.smglanguages.com\/richiesta-preventivo"},"modified":"2025-05-19T13:41:43","modified_gmt":"2025-05-19T13:41:43","slug":"solicite-um-orcamento","status":"publish","type":"page","link":"https:\/\/www.smglanguages.com\/pt-pt\/solicite-um-orcamento\/","title":{"rendered":"Solicite um or\u00e7amento"},"content":{"rendered":"","protected":false},"excerpt":{"rendered":"","protected":false},"author":5,"featured_media":0,"parent":0,"menu_order":0,"comment_status":"closed","ping_status":"closed","template":"templates\/contact-page.php","meta":{"_acf_changed":false,"footnotes":""},"class_list":["post-33235","page","type-page","status-publish","hentry"],"acf":[],"yoast_head":"<!-- This site is optimized with the Yoast SEO plugin v27.2 - https:\/\/yoast.com\/product\/yoast-seo-wordpress\/ -->\n<title>Solicite um or\u00e7amento - SMG Languages<\/title>\n<meta name=\"description\" content=\"Solicite agora mesmo um or\u00e7amento personalizado para servi\u00e7os lingu\u00edsticos de tradu\u00e7\u00e3o e interpreta\u00e7\u00e3o em mais de 160 idiomas!\" \/>\n<meta name=\"robots\" content=\"index, follow, max-snippet:-1, max-image-preview:large, max-video-preview:-1\" \/>\n<link rel=\"canonical\" href=\"https:\/\/www.smglanguages.com\/pt-pt\/solicite-um-orcamento\/\" \/>\n<meta property=\"og:locale\" content=\"pt_PT\" \/>\n<meta property=\"og:type\" content=\"article\" \/>\n<meta property=\"og:title\" content=\"Solicite um or\u00e7amento - SMG Languages\" \/>\n<meta property=\"og:description\" content=\"Solicite agora mesmo um or\u00e7amento personalizado para servi\u00e7os lingu\u00edsticos de tradu\u00e7\u00e3o e interpreta\u00e7\u00e3o em mais de 160 idiomas!\" \/>\n<meta property=\"og:url\" content=\"https:\/\/www.smglanguages.com\/pt-pt\/solicite-um-orcamento\/\" \/>\n<meta property=\"og:site_name\" content=\"SMG Languages\" \/>\n<meta property=\"article:publisher\" content=\"https:\/\/it-it.facebook.com\/smgstudiomorettogroup\/\" \/>\n<meta property=\"article:modified_time\" content=\"2025-05-19T13:41:43+00:00\" \/>\n<meta property=\"og:image\" content=\"https:\/\/www.smglanguages.com\/wp-content\/uploads\/2022\/09\/Logo-SMG.png\" \/>\n\t<meta property=\"og:image:width\" content=\"882\" \/>\n\t<meta property=\"og:image:height\" content=\"546\" \/>\n\t<meta property=\"og:image:type\" content=\"image\/png\" \/>\n<meta name=\"twitter:card\" content=\"summary_large_image\" \/>\n<meta name=\"twitter:label1\" content=\"Tempo estimado de leitura\" \/>\n\t<meta name=\"twitter:data1\" content=\"1 minuto\" \/>\n<script type=\"application\/ld+json\" class=\"yoast-schema-graph\">{\"@context\":\"https:\/\/schema.org\",\"@graph\":[{\"@type\":\"WebPage\",\"@id\":\"https:\/\/www.smglanguages.com\/pt-pt\/solicite-um-orcamento\/\",\"url\":\"https:\/\/www.smglanguages.com\/pt-pt\/solicite-um-orcamento\/\",\"name\":\"Solicite um or\u00e7amento - SMG Languages\",\"isPartOf\":{\"@id\":\"https:\/\/www.smglanguages.com\/pt-pt\/#website\"},\"datePublished\":\"2018-05-04T09:55:27+00:00\",\"dateModified\":\"2025-05-19T13:41:43+00:00\",\"description\":\"Solicite agora mesmo um or\u00e7amento personalizado para servi\u00e7os lingu\u00edsticos de tradu\u00e7\u00e3o e interpreta\u00e7\u00e3o em mais de 160 idiomas!\",\"breadcrumb\":{\"@id\":\"https:\/\/www.smglanguages.com\/pt-pt\/solicite-um-orcamento\/#breadcrumb\"},\"inLanguage\":\"pt-PT\",\"potentialAction\":[{\"@type\":\"ReadAction\",\"target\":[\"https:\/\/www.smglanguages.com\/pt-pt\/solicite-um-orcamento\/\"]}]},{\"@type\":\"BreadcrumbList\",\"@id\":\"https:\/\/www.smglanguages.com\/pt-pt\/solicite-um-orcamento\/#breadcrumb\",\"itemListElement\":[{\"@type\":\"ListItem\",\"position\":1,\"name\":\"Home\",\"item\":\"https:\/\/www.smglanguages.com\/pt-pt\/?lang=pt-pt\"},{\"@type\":\"ListItem\",\"position\":2,\"name\":\"Solicite um or\u00e7amento\"}]},{\"@type\":\"WebSite\",\"@id\":\"https:\/\/www.smglanguages.com\/pt-pt\/#website\",\"url\":\"https:\/\/www.smglanguages.com\/pt-pt\/\",\"name\":\"SMG Languages\",\"description\":\"\",\"publisher\":{\"@id\":\"https:\/\/www.smglanguages.com\/pt-pt\/#organization\"},\"alternateName\":\"Studio Moretto Group\",\"potentialAction\":[{\"@type\":\"SearchAction\",\"target\":{\"@type\":\"EntryPoint\",\"urlTemplate\":\"https:\/\/www.smglanguages.com\/pt-pt\/?s={search_term_string}\"},\"query-input\":{\"@type\":\"PropertyValueSpecification\",\"valueRequired\":true,\"valueName\":\"search_term_string\"}}],\"inLanguage\":\"pt-PT\"},{\"@type\":\"Organization\",\"@id\":\"https:\/\/www.smglanguages.com\/pt-pt\/#organization\",\"name\":\"Studio Moretto Group\",\"alternateName\":\"SMG Languages\",\"url\":\"https:\/\/www.smglanguages.com\/pt-pt\/\",\"logo\":{\"@type\":\"ImageObject\",\"inLanguage\":\"pt-PT\",\"@id\":\"https:\/\/www.smglanguages.com\/pt-pt\/#\/schema\/logo\/image\/\",\"url\":\"https:\/\/www.smglanguages.com\/wp-content\/uploads\/2022\/09\/Logo-SMG.png\",\"contentUrl\":\"https:\/\/www.smglanguages.com\/wp-content\/uploads\/2022\/09\/Logo-SMG.png\",\"width\":882,\"height\":546,\"caption\":\"Studio Moretto Group\"},\"image\":{\"@id\":\"https:\/\/www.smglanguages.com\/pt-pt\/#\/schema\/logo\/image\/\"},\"sameAs\":[\"https:\/\/it-it.facebook.com\/smgstudiomorettogroup\/\",\"https:\/\/it.linkedin.com\/company\/studio-moretto-group-srl\"]}]}<\/script>\n<!-- \/ Yoast SEO plugin. -->","yoast_head_json":{"title":"Solicite um or\u00e7amento - SMG Languages","description":"Solicite agora mesmo um or\u00e7amento personalizado para servi\u00e7os lingu\u00edsticos de tradu\u00e7\u00e3o e interpreta\u00e7\u00e3o em mais de 160 idiomas!","robots":{"index":"index","follow":"follow","max-snippet":"max-snippet:-1","max-image-preview":"max-image-preview:large","max-video-preview":"max-video-preview:-1"},"canonical":"https:\/\/www.smglanguages.com\/pt-pt\/solicite-um-orcamento\/","og_locale":"pt_PT","og_type":"article","og_title":"Solicite um or\u00e7amento - SMG Languages","og_description":"Solicite agora mesmo um or\u00e7amento personalizado para servi\u00e7os lingu\u00edsticos de tradu\u00e7\u00e3o e interpreta\u00e7\u00e3o em mais de 160 idiomas!","og_url":"https:\/\/www.smglanguages.com\/pt-pt\/solicite-um-orcamento\/","og_site_name":"SMG Languages","article_publisher":"https:\/\/it-it.facebook.com\/smgstudiomorettogroup\/","article_modified_time":"2025-05-19T13:41:43+00:00","og_image":[{"width":882,"height":546,"url":"https:\/\/www.smglanguages.com\/wp-content\/uploads\/2022\/09\/Logo-SMG.png","type":"image\/png"}],"twitter_card":"summary_large_image","twitter_misc":{"Tempo estimado de leitura":"1 minuto"},"schema":{"@context":"https:\/\/schema.org","@graph":[{"@type":"WebPage","@id":"https:\/\/www.smglanguages.com\/pt-pt\/solicite-um-orcamento\/","url":"https:\/\/www.smglanguages.com\/pt-pt\/solicite-um-orcamento\/","name":"Solicite um or\u00e7amento - SMG Languages","isPartOf":{"@id":"https:\/\/www.smglanguages.com\/pt-pt\/#website"},"datePublished":"2018-05-04T09:55:27+00:00","dateModified":"2025-05-19T13:41:43+00:00","description":"Solicite agora mesmo um or\u00e7amento personalizado para servi\u00e7os lingu\u00edsticos de tradu\u00e7\u00e3o e interpreta\u00e7\u00e3o em mais de 160 idiomas!","breadcrumb":{"@id":"https:\/\/www.smglanguages.com\/pt-pt\/solicite-um-orcamento\/#breadcrumb"},"inLanguage":"pt-PT","potentialAction":[{"@type":"ReadAction","target":["https:\/\/www.smglanguages.com\/pt-pt\/solicite-um-orcamento\/"]}]},{"@type":"BreadcrumbList","@id":"https:\/\/www.smglanguages.com\/pt-pt\/solicite-um-orcamento\/#breadcrumb","itemListElement":[{"@type":"ListItem","position":1,"name":"Home","item":"https:\/\/www.smglanguages.com\/pt-pt\/?lang=pt-pt"},{"@type":"ListItem","position":2,"name":"Solicite um or\u00e7amento"}]},{"@type":"WebSite","@id":"https:\/\/www.smglanguages.com\/pt-pt\/#website","url":"https:\/\/www.smglanguages.com\/pt-pt\/","name":"SMG Languages","description":"","publisher":{"@id":"https:\/\/www.smglanguages.com\/pt-pt\/#organization"},"alternateName":"Studio Moretto Group","potentialAction":[{"@type":"SearchAction","target":{"@type":"EntryPoint","urlTemplate":"https:\/\/www.smglanguages.com\/pt-pt\/?s={search_term_string}"},"query-input":{"@type":"PropertyValueSpecification","valueRequired":true,"valueName":"search_term_string"}}],"inLanguage":"pt-PT"},{"@type":"Organization","@id":"https:\/\/www.smglanguages.com\/pt-pt\/#organization","name":"Studio Moretto Group","alternateName":"SMG Languages","url":"https:\/\/www.smglanguages.com\/pt-pt\/","logo":{"@type":"ImageObject","inLanguage":"pt-PT","@id":"https:\/\/www.smglanguages.com\/pt-pt\/#\/schema\/logo\/image\/","url":"https:\/\/www.smglanguages.com\/wp-content\/uploads\/2022\/09\/Logo-SMG.png","contentUrl":"https:\/\/www.smglanguages.com\/wp-content\/uploads\/2022\/09\/Logo-SMG.png","width":882,"height":546,"caption":"Studio Moretto Group"},"image":{"@id":"https:\/\/www.smglanguages.com\/pt-pt\/#\/schema\/logo\/image\/"},"sameAs":["https:\/\/it-it.facebook.com\/smgstudiomorettogroup\/","https:\/\/it.linkedin.com\/company\/studio-moretto-group-srl"]}]}},"_links":{"self":[{"href":"https:\/\/www.smglanguages.com\/pt-pt\/wp-json\/wp\/v2\/pages\/33235","targetHints":{"allow":["GET"]}}],"collection":[{"href":"https:\/\/www.smglanguages.com\/pt-pt\/wp-json\/wp\/v2\/pages"}],"about":[{"href":"https:\/\/www.smglanguages.com\/pt-pt\/wp-json\/wp\/v2\/types\/page"}],"author":[{"embeddable":true,"href":"https:\/\/www.smglanguages.com\/pt-pt\/wp-json\/wp\/v2\/users\/5"}],"replies":[{"embeddable":true,"href":"https:\/\/www.smglanguages.com\/pt-pt\/wp-json\/wp\/v2\/comments?post=33235"}],"version-history":[{"count":0,"href":"https:\/\/www.smglanguages.com\/pt-pt\/wp-json\/wp\/v2\/pages\/33235\/revisions"}],"wp:attachment":[{"href":"https:\/\/www.smglanguages.com\/pt-pt\/wp-json\/wp\/v2\/media?parent=33235"}],"curies":[{"name":"wp","href":"https:\/\/api.w.org\/{rel}","templated":true}]}}