{"id":33246,"date":"2018-04-12T08:44:06","date_gmt":"2018-04-12T08:44:06","guid":{"rendered":"https:\/\/www.smglanguages.com\/qualidade\/riservatezza"},"modified":"2025-06-12T17:32:17","modified_gmt":"2025-06-12T15:32:17","slug":"confidencialidade","status":"publish","type":"page","link":"https:\/\/www.smglanguages.com\/pt-pt\/empresa\/qualidade\/confidencialidade\/","title":{"rendered":"Confidencialidade"},"content":{"rendered":"","protected":false},"excerpt":{"rendered":"","protected":false},"author":2,"featured_media":0,"parent":33093,"menu_order":0,"comment_status":"closed","ping_status":"closed","template":"templates\/flexible-content.php","meta":{"_acf_changed":false,"footnotes":""},"class_list":["post-33246","page","type-page","status-publish","hentry"],"acf":[],"yoast_head":"<!-- This site is optimized with the Yoast SEO plugin v27.2 - https:\/\/yoast.com\/product\/yoast-seo-wordpress\/ -->\n<title>Servi\u00e7os de tradu\u00e7\u00e3o com gest\u00e3o de informa\u00e7\u00e3o classificada - SMG Languages<\/title>\n<meta name=\"description\" content=\"O SMG Languages garante a m\u00e1xima confidencialidade atrav\u00e9s de um apropriado Sistema Interno de Seguran\u00e7a.Em servi\u00e7os de tradu\u00e7\u00e3o e interpreta\u00e7\u00e3o, tal sistema oferece tr\u00eas n\u00edveis de gest\u00e3o das informa\u00e7\u00f5es, a serem concordados com o cliente em base \u00e0s exig\u00eancias espec\u00edficas.\" \/>\n<meta name=\"robots\" content=\"index, follow, max-snippet:-1, max-image-preview:large, max-video-preview:-1\" \/>\n<link rel=\"canonical\" href=\"https:\/\/www.smglanguages.com\/pt-pt\/empresa\/qualidade\/confidencialidade\/\" \/>\n<meta property=\"og:locale\" content=\"pt_PT\" \/>\n<meta property=\"og:type\" content=\"article\" \/>\n<meta property=\"og:title\" content=\"Servi\u00e7os de tradu\u00e7\u00e3o com gest\u00e3o de informa\u00e7\u00e3o classificada - SMG Languages\" \/>\n<meta property=\"og:description\" content=\"O SMG Languages garante a m\u00e1xima confidencialidade atrav\u00e9s de um apropriado Sistema Interno de Seguran\u00e7a.Em servi\u00e7os de tradu\u00e7\u00e3o e interpreta\u00e7\u00e3o, tal sistema oferece tr\u00eas n\u00edveis de gest\u00e3o das informa\u00e7\u00f5es, a serem concordados com o cliente em base \u00e0s exig\u00eancias espec\u00edficas.\" \/>\n<meta property=\"og:url\" content=\"https:\/\/www.smglanguages.com\/pt-pt\/empresa\/qualidade\/confidencialidade\/\" \/>\n<meta property=\"og:site_name\" content=\"SMG Languages\" \/>\n<meta property=\"article:publisher\" content=\"https:\/\/it-it.facebook.com\/smgstudiomorettogroup\/\" \/>\n<meta property=\"article:modified_time\" content=\"2025-06-12T15:32:17+00:00\" \/>\n<meta property=\"og:image\" content=\"https:\/\/www.smglanguages.com\/wp-content\/uploads\/2022\/09\/Logo-SMG.png\" \/>\n\t<meta property=\"og:image:width\" content=\"882\" \/>\n\t<meta property=\"og:image:height\" content=\"546\" \/>\n\t<meta property=\"og:image:type\" content=\"image\/png\" \/>\n<meta name=\"twitter:card\" content=\"summary_large_image\" \/>\n<meta name=\"twitter:label1\" content=\"Tempo estimado de leitura\" \/>\n\t<meta name=\"twitter:data1\" content=\"3 minutos\" \/>\n<script type=\"application\/ld+json\" class=\"yoast-schema-graph\">{\"@context\":\"https:\/\/schema.org\",\"@graph\":[{\"@type\":\"WebPage\",\"@id\":\"https:\/\/www.smglanguages.com\/pt-pt\/empresa\/qualidade\/confidencialidade\/\",\"url\":\"https:\/\/www.smglanguages.com\/pt-pt\/empresa\/qualidade\/confidencialidade\/\",\"name\":\"Servi\u00e7os de tradu\u00e7\u00e3o com gest\u00e3o de informa\u00e7\u00e3o classificada - SMG Languages\",\"isPartOf\":{\"@id\":\"https:\/\/www.smglanguages.com\/pt-pt\/#website\"},\"datePublished\":\"2018-04-12T08:44:06+00:00\",\"dateModified\":\"2025-06-12T15:32:17+00:00\",\"description\":\"O SMG Languages garante a m\u00e1xima confidencialidade atrav\u00e9s de um apropriado Sistema Interno de Seguran\u00e7a.Em servi\u00e7os de tradu\u00e7\u00e3o e interpreta\u00e7\u00e3o, tal sistema oferece tr\u00eas n\u00edveis de gest\u00e3o das informa\u00e7\u00f5es, a serem concordados com o cliente em base \u00e0s exig\u00eancias espec\u00edficas.\",\"breadcrumb\":{\"@id\":\"https:\/\/www.smglanguages.com\/pt-pt\/empresa\/qualidade\/confidencialidade\/#breadcrumb\"},\"inLanguage\":\"pt-PT\",\"potentialAction\":[{\"@type\":\"ReadAction\",\"target\":[\"https:\/\/www.smglanguages.com\/pt-pt\/empresa\/qualidade\/confidencialidade\/\"]}]},{\"@type\":\"BreadcrumbList\",\"@id\":\"https:\/\/www.smglanguages.com\/pt-pt\/empresa\/qualidade\/confidencialidade\/#breadcrumb\",\"itemListElement\":[{\"@type\":\"ListItem\",\"position\":1,\"name\":\"Home\",\"item\":\"https:\/\/www.smglanguages.com\/pt-pt\/?lang=pt-pt\"},{\"@type\":\"ListItem\",\"position\":2,\"name\":\"Empresa\",\"item\":\"https:\/\/www.smglanguages.com\/pt-pt\/empresa\/?lang=pt-pt\"},{\"@type\":\"ListItem\",\"position\":3,\"name\":\"Qualidade e responsabilidade\",\"item\":\"https:\/\/www.smglanguages.com\/pt-pt\/empresa\/qualidade\/?lang=pt-pt\"},{\"@type\":\"ListItem\",\"position\":4,\"name\":\"Confidencialidade\"}]},{\"@type\":\"WebSite\",\"@id\":\"https:\/\/www.smglanguages.com\/pt-pt\/#website\",\"url\":\"https:\/\/www.smglanguages.com\/pt-pt\/\",\"name\":\"SMG Languages\",\"description\":\"\",\"publisher\":{\"@id\":\"https:\/\/www.smglanguages.com\/pt-pt\/#organization\"},\"alternateName\":\"Studio Moretto Group\",\"potentialAction\":[{\"@type\":\"SearchAction\",\"target\":{\"@type\":\"EntryPoint\",\"urlTemplate\":\"https:\/\/www.smglanguages.com\/pt-pt\/?s={search_term_string}\"},\"query-input\":{\"@type\":\"PropertyValueSpecification\",\"valueRequired\":true,\"valueName\":\"search_term_string\"}}],\"inLanguage\":\"pt-PT\"},{\"@type\":\"Organization\",\"@id\":\"https:\/\/www.smglanguages.com\/pt-pt\/#organization\",\"name\":\"Studio Moretto Group\",\"alternateName\":\"SMG Languages\",\"url\":\"https:\/\/www.smglanguages.com\/pt-pt\/\",\"logo\":{\"@type\":\"ImageObject\",\"inLanguage\":\"pt-PT\",\"@id\":\"https:\/\/www.smglanguages.com\/pt-pt\/#\/schema\/logo\/image\/\",\"url\":\"https:\/\/www.smglanguages.com\/wp-content\/uploads\/2022\/09\/Logo-SMG.png\",\"contentUrl\":\"https:\/\/www.smglanguages.com\/wp-content\/uploads\/2022\/09\/Logo-SMG.png\",\"width\":882,\"height\":546,\"caption\":\"Studio Moretto Group\"},\"image\":{\"@id\":\"https:\/\/www.smglanguages.com\/pt-pt\/#\/schema\/logo\/image\/\"},\"sameAs\":[\"https:\/\/it-it.facebook.com\/smgstudiomorettogroup\/\",\"https:\/\/it.linkedin.com\/company\/studio-moretto-group-srl\"]}]}<\/script>\n<!-- \/ Yoast SEO plugin. -->","yoast_head_json":{"title":"Servi\u00e7os de tradu\u00e7\u00e3o com gest\u00e3o de informa\u00e7\u00e3o classificada - SMG Languages","description":"O SMG Languages garante a m\u00e1xima confidencialidade atrav\u00e9s de um apropriado Sistema Interno de Seguran\u00e7a.Em servi\u00e7os de tradu\u00e7\u00e3o e interpreta\u00e7\u00e3o, tal sistema oferece tr\u00eas n\u00edveis de gest\u00e3o das informa\u00e7\u00f5es, a serem concordados com o cliente em base \u00e0s exig\u00eancias espec\u00edficas.","robots":{"index":"index","follow":"follow","max-snippet":"max-snippet:-1","max-image-preview":"max-image-preview:large","max-video-preview":"max-video-preview:-1"},"canonical":"https:\/\/www.smglanguages.com\/pt-pt\/empresa\/qualidade\/confidencialidade\/","og_locale":"pt_PT","og_type":"article","og_title":"Servi\u00e7os de tradu\u00e7\u00e3o com gest\u00e3o de informa\u00e7\u00e3o classificada - SMG Languages","og_description":"O SMG Languages garante a m\u00e1xima confidencialidade atrav\u00e9s de um apropriado Sistema Interno de Seguran\u00e7a.Em servi\u00e7os de tradu\u00e7\u00e3o e interpreta\u00e7\u00e3o, tal sistema oferece tr\u00eas n\u00edveis de gest\u00e3o das informa\u00e7\u00f5es, a serem concordados com o cliente em base \u00e0s exig\u00eancias espec\u00edficas.","og_url":"https:\/\/www.smglanguages.com\/pt-pt\/empresa\/qualidade\/confidencialidade\/","og_site_name":"SMG Languages","article_publisher":"https:\/\/it-it.facebook.com\/smgstudiomorettogroup\/","article_modified_time":"2025-06-12T15:32:17+00:00","og_image":[{"width":882,"height":546,"url":"https:\/\/www.smglanguages.com\/wp-content\/uploads\/2022\/09\/Logo-SMG.png","type":"image\/png"}],"twitter_card":"summary_large_image","twitter_misc":{"Tempo estimado de leitura":"3 minutos"},"schema":{"@context":"https:\/\/schema.org","@graph":[{"@type":"WebPage","@id":"https:\/\/www.smglanguages.com\/pt-pt\/empresa\/qualidade\/confidencialidade\/","url":"https:\/\/www.smglanguages.com\/pt-pt\/empresa\/qualidade\/confidencialidade\/","name":"Servi\u00e7os de tradu\u00e7\u00e3o com gest\u00e3o de informa\u00e7\u00e3o classificada - SMG Languages","isPartOf":{"@id":"https:\/\/www.smglanguages.com\/pt-pt\/#website"},"datePublished":"2018-04-12T08:44:06+00:00","dateModified":"2025-06-12T15:32:17+00:00","description":"O SMG Languages garante a m\u00e1xima confidencialidade atrav\u00e9s de um apropriado Sistema Interno de Seguran\u00e7a.Em servi\u00e7os de tradu\u00e7\u00e3o e interpreta\u00e7\u00e3o, tal sistema oferece tr\u00eas n\u00edveis de gest\u00e3o das informa\u00e7\u00f5es, a serem concordados com o cliente em base \u00e0s exig\u00eancias espec\u00edficas.","breadcrumb":{"@id":"https:\/\/www.smglanguages.com\/pt-pt\/empresa\/qualidade\/confidencialidade\/#breadcrumb"},"inLanguage":"pt-PT","potentialAction":[{"@type":"ReadAction","target":["https:\/\/www.smglanguages.com\/pt-pt\/empresa\/qualidade\/confidencialidade\/"]}]},{"@type":"BreadcrumbList","@id":"https:\/\/www.smglanguages.com\/pt-pt\/empresa\/qualidade\/confidencialidade\/#breadcrumb","itemListElement":[{"@type":"ListItem","position":1,"name":"Home","item":"https:\/\/www.smglanguages.com\/pt-pt\/?lang=pt-pt"},{"@type":"ListItem","position":2,"name":"Empresa","item":"https:\/\/www.smglanguages.com\/pt-pt\/empresa\/?lang=pt-pt"},{"@type":"ListItem","position":3,"name":"Qualidade e responsabilidade","item":"https:\/\/www.smglanguages.com\/pt-pt\/empresa\/qualidade\/?lang=pt-pt"},{"@type":"ListItem","position":4,"name":"Confidencialidade"}]},{"@type":"WebSite","@id":"https:\/\/www.smglanguages.com\/pt-pt\/#website","url":"https:\/\/www.smglanguages.com\/pt-pt\/","name":"SMG Languages","description":"","publisher":{"@id":"https:\/\/www.smglanguages.com\/pt-pt\/#organization"},"alternateName":"Studio Moretto Group","potentialAction":[{"@type":"SearchAction","target":{"@type":"EntryPoint","urlTemplate":"https:\/\/www.smglanguages.com\/pt-pt\/?s={search_term_string}"},"query-input":{"@type":"PropertyValueSpecification","valueRequired":true,"valueName":"search_term_string"}}],"inLanguage":"pt-PT"},{"@type":"Organization","@id":"https:\/\/www.smglanguages.com\/pt-pt\/#organization","name":"Studio Moretto Group","alternateName":"SMG Languages","url":"https:\/\/www.smglanguages.com\/pt-pt\/","logo":{"@type":"ImageObject","inLanguage":"pt-PT","@id":"https:\/\/www.smglanguages.com\/pt-pt\/#\/schema\/logo\/image\/","url":"https:\/\/www.smglanguages.com\/wp-content\/uploads\/2022\/09\/Logo-SMG.png","contentUrl":"https:\/\/www.smglanguages.com\/wp-content\/uploads\/2022\/09\/Logo-SMG.png","width":882,"height":546,"caption":"Studio Moretto Group"},"image":{"@id":"https:\/\/www.smglanguages.com\/pt-pt\/#\/schema\/logo\/image\/"},"sameAs":["https:\/\/it-it.facebook.com\/smgstudiomorettogroup\/","https:\/\/it.linkedin.com\/company\/studio-moretto-group-srl"]}]}},"_links":{"self":[{"href":"https:\/\/www.smglanguages.com\/pt-pt\/wp-json\/wp\/v2\/pages\/33246","targetHints":{"allow":["GET"]}}],"collection":[{"href":"https:\/\/www.smglanguages.com\/pt-pt\/wp-json\/wp\/v2\/pages"}],"about":[{"href":"https:\/\/www.smglanguages.com\/pt-pt\/wp-json\/wp\/v2\/types\/page"}],"author":[{"embeddable":true,"href":"https:\/\/www.smglanguages.com\/pt-pt\/wp-json\/wp\/v2\/users\/2"}],"replies":[{"embeddable":true,"href":"https:\/\/www.smglanguages.com\/pt-pt\/wp-json\/wp\/v2\/comments?post=33246"}],"version-history":[{"count":0,"href":"https:\/\/www.smglanguages.com\/pt-pt\/wp-json\/wp\/v2\/pages\/33246\/revisions"}],"up":[{"embeddable":true,"href":"https:\/\/www.smglanguages.com\/pt-pt\/wp-json\/wp\/v2\/pages\/33093"}],"wp:attachment":[{"href":"https:\/\/www.smglanguages.com\/pt-pt\/wp-json\/wp\/v2\/media?parent=33246"}],"curies":[{"name":"wp","href":"https:\/\/api.w.org\/{rel}","templated":true}]}}