{"id":382,"date":"2018-03-13T11:32:16","date_gmt":"2018-03-13T11:32:16","guid":{"rendered":"https:\/\/www.smglanguages.com\/contatti\/"},"modified":"2025-06-05T17:39:45","modified_gmt":"2025-06-05T15:39:45","slug":"contactos","status":"publish","type":"page","link":"https:\/\/www.smglanguages.com\/pt-pt\/empresa\/contactos\/","title":{"rendered":"Contactos"},"content":{"rendered":"","protected":false},"excerpt":{"rendered":"","protected":false},"author":2,"featured_media":448,"parent":30633,"menu_order":0,"comment_status":"closed","ping_status":"closed","template":"templates\/flexible-content.php","meta":{"_acf_changed":false,"footnotes":""},"class_list":["post-382","page","type-page","status-publish","has-post-thumbnail","hentry"],"acf":[],"yoast_head":"<!-- This site is optimized with the Yoast SEO plugin v27.2 - https:\/\/yoast.com\/product\/yoast-seo-wordpress\/ -->\n<title>Contactos - SMG Languages<\/title>\n<meta name=\"description\" content=\"O SMG Languages \u00e9 umaag\u00eancia de tradu\u00e7\u00e3o internacional: somos capazes de fornecer assist\u00eancia lingu\u00edstica em mais de 160 l\u00ednguas, pois estamos fisicamente presentes em muitos pa\u00edses, atrav\u00e9s de nossos pr\u00f3prios escrit\u00f3rios e pessoal local altamente qualificado de l\u00edngua nativa.\" \/>\n<meta name=\"robots\" content=\"index, follow, max-snippet:-1, max-image-preview:large, max-video-preview:-1\" \/>\n<link rel=\"canonical\" href=\"https:\/\/www.smglanguages.com\/pt-pt\/empresa\/contactos\/\" \/>\n<meta property=\"og:locale\" content=\"pt_PT\" \/>\n<meta property=\"og:type\" content=\"article\" \/>\n<meta property=\"og:title\" content=\"Contactos - SMG Languages\" \/>\n<meta property=\"og:description\" content=\"O SMG Languages \u00e9 umaag\u00eancia de tradu\u00e7\u00e3o internacional: somos capazes de fornecer assist\u00eancia lingu\u00edstica em mais de 160 l\u00ednguas, pois estamos fisicamente presentes em muitos pa\u00edses, atrav\u00e9s de nossos pr\u00f3prios escrit\u00f3rios e pessoal local altamente qualificado de l\u00edngua nativa.\" \/>\n<meta property=\"og:url\" content=\"https:\/\/www.smglanguages.com\/pt-pt\/empresa\/contactos\/\" \/>\n<meta property=\"og:site_name\" content=\"SMG Languages\" \/>\n<meta property=\"article:publisher\" content=\"https:\/\/it-it.facebook.com\/smgstudiomorettogroup\/\" \/>\n<meta property=\"article:modified_time\" content=\"2025-06-05T15:39:45+00:00\" \/>\n<meta property=\"og:image\" content=\"https:\/\/www.smglanguages.com\/wp-content\/uploads\/2018\/03\/Contatti-e-Sedi-Estere-hover-SMG_languages-.jpg\" \/>\n\t<meta property=\"og:image:width\" content=\"1920\" \/>\n\t<meta property=\"og:image:height\" content=\"451\" \/>\n\t<meta property=\"og:image:type\" content=\"image\/jpeg\" \/>\n<meta name=\"twitter:card\" content=\"summary_large_image\" \/>\n<meta name=\"twitter:label1\" content=\"Tempo estimado de leitura\" \/>\n\t<meta name=\"twitter:data1\" content=\"3 minutos\" \/>\n<script type=\"application\/ld+json\" class=\"yoast-schema-graph\">{\"@context\":\"https:\/\/schema.org\",\"@graph\":[{\"@type\":\"WebPage\",\"@id\":\"https:\/\/www.smglanguages.com\/pt-pt\/empresa\/contactos\/\",\"url\":\"https:\/\/www.smglanguages.com\/pt-pt\/empresa\/contactos\/\",\"name\":\"Contactos - SMG Languages\",\"isPartOf\":{\"@id\":\"https:\/\/www.smglanguages.com\/pt-pt\/#website\"},\"primaryImageOfPage\":{\"@id\":\"https:\/\/www.smglanguages.com\/pt-pt\/empresa\/contactos\/#primaryimage\"},\"image\":{\"@id\":\"https:\/\/www.smglanguages.com\/pt-pt\/empresa\/contactos\/#primaryimage\"},\"thumbnailUrl\":\"https:\/\/www.smglanguages.com\/wp-content\/uploads\/2018\/03\/Contatti-e-Sedi-Estere-hover-SMG_languages-.jpg\",\"datePublished\":\"2018-03-13T11:32:16+00:00\",\"dateModified\":\"2025-06-05T15:39:45+00:00\",\"description\":\"O SMG Languages \u00e9 umaag\u00eancia de tradu\u00e7\u00e3o internacional: somos capazes de fornecer assist\u00eancia lingu\u00edstica em mais de 160 l\u00ednguas, pois estamos fisicamente presentes em muitos pa\u00edses, atrav\u00e9s de nossos pr\u00f3prios escrit\u00f3rios e pessoal local altamente qualificado de l\u00edngua nativa.\",\"breadcrumb\":{\"@id\":\"https:\/\/www.smglanguages.com\/pt-pt\/empresa\/contactos\/#breadcrumb\"},\"inLanguage\":\"pt-PT\",\"potentialAction\":[{\"@type\":\"ReadAction\",\"target\":[\"https:\/\/www.smglanguages.com\/pt-pt\/empresa\/contactos\/\"]}]},{\"@type\":\"ImageObject\",\"inLanguage\":\"pt-PT\",\"@id\":\"https:\/\/www.smglanguages.com\/pt-pt\/empresa\/contactos\/#primaryimage\",\"url\":\"https:\/\/www.smglanguages.com\/wp-content\/uploads\/2018\/03\/Contatti-e-Sedi-Estere-hover-SMG_languages-.jpg\",\"contentUrl\":\"https:\/\/www.smglanguages.com\/wp-content\/uploads\/2018\/03\/Contatti-e-Sedi-Estere-hover-SMG_languages-.jpg\",\"width\":1920,\"height\":451},{\"@type\":\"BreadcrumbList\",\"@id\":\"https:\/\/www.smglanguages.com\/pt-pt\/empresa\/contactos\/#breadcrumb\",\"itemListElement\":[{\"@type\":\"ListItem\",\"position\":1,\"name\":\"Home\",\"item\":\"https:\/\/www.smglanguages.com\/pt-pt\/?lang=pt-pt\"},{\"@type\":\"ListItem\",\"position\":2,\"name\":\"Empresa\",\"item\":\"https:\/\/www.smglanguages.com\/pt-pt\/empresa\/?lang=pt-pt\"},{\"@type\":\"ListItem\",\"position\":3,\"name\":\"Contactos\"}]},{\"@type\":\"WebSite\",\"@id\":\"https:\/\/www.smglanguages.com\/pt-pt\/#website\",\"url\":\"https:\/\/www.smglanguages.com\/pt-pt\/\",\"name\":\"SMG Languages\",\"description\":\"\",\"publisher\":{\"@id\":\"https:\/\/www.smglanguages.com\/pt-pt\/#organization\"},\"alternateName\":\"Studio Moretto Group\",\"potentialAction\":[{\"@type\":\"SearchAction\",\"target\":{\"@type\":\"EntryPoint\",\"urlTemplate\":\"https:\/\/www.smglanguages.com\/pt-pt\/?s={search_term_string}\"},\"query-input\":{\"@type\":\"PropertyValueSpecification\",\"valueRequired\":true,\"valueName\":\"search_term_string\"}}],\"inLanguage\":\"pt-PT\"},{\"@type\":\"Organization\",\"@id\":\"https:\/\/www.smglanguages.com\/pt-pt\/#organization\",\"name\":\"Studio Moretto Group\",\"alternateName\":\"SMG Languages\",\"url\":\"https:\/\/www.smglanguages.com\/pt-pt\/\",\"logo\":{\"@type\":\"ImageObject\",\"inLanguage\":\"pt-PT\",\"@id\":\"https:\/\/www.smglanguages.com\/pt-pt\/#\/schema\/logo\/image\/\",\"url\":\"https:\/\/www.smglanguages.com\/wp-content\/uploads\/2022\/09\/Logo-SMG.png\",\"contentUrl\":\"https:\/\/www.smglanguages.com\/wp-content\/uploads\/2022\/09\/Logo-SMG.png\",\"width\":882,\"height\":546,\"caption\":\"Studio Moretto Group\"},\"image\":{\"@id\":\"https:\/\/www.smglanguages.com\/pt-pt\/#\/schema\/logo\/image\/\"},\"sameAs\":[\"https:\/\/it-it.facebook.com\/smgstudiomorettogroup\/\",\"https:\/\/it.linkedin.com\/company\/studio-moretto-group-srl\"]}]}<\/script>\n<!-- \/ Yoast SEO plugin. -->","yoast_head_json":{"title":"Contactos - SMG Languages","description":"O SMG Languages \u00e9 umaag\u00eancia de tradu\u00e7\u00e3o internacional: somos capazes de fornecer assist\u00eancia lingu\u00edstica em mais de 160 l\u00ednguas, pois estamos fisicamente presentes em muitos pa\u00edses, atrav\u00e9s de nossos pr\u00f3prios escrit\u00f3rios e pessoal local altamente qualificado de l\u00edngua nativa.","robots":{"index":"index","follow":"follow","max-snippet":"max-snippet:-1","max-image-preview":"max-image-preview:large","max-video-preview":"max-video-preview:-1"},"canonical":"https:\/\/www.smglanguages.com\/pt-pt\/empresa\/contactos\/","og_locale":"pt_PT","og_type":"article","og_title":"Contactos - SMG Languages","og_description":"O SMG Languages \u00e9 umaag\u00eancia de tradu\u00e7\u00e3o internacional: somos capazes de fornecer assist\u00eancia lingu\u00edstica em mais de 160 l\u00ednguas, pois estamos fisicamente presentes em muitos pa\u00edses, atrav\u00e9s de nossos pr\u00f3prios escrit\u00f3rios e pessoal local altamente qualificado de l\u00edngua nativa.","og_url":"https:\/\/www.smglanguages.com\/pt-pt\/empresa\/contactos\/","og_site_name":"SMG Languages","article_publisher":"https:\/\/it-it.facebook.com\/smgstudiomorettogroup\/","article_modified_time":"2025-06-05T15:39:45+00:00","og_image":[{"width":1920,"height":451,"url":"https:\/\/www.smglanguages.com\/wp-content\/uploads\/2018\/03\/Contatti-e-Sedi-Estere-hover-SMG_languages-.jpg","type":"image\/jpeg"}],"twitter_card":"summary_large_image","twitter_misc":{"Tempo estimado de leitura":"3 minutos"},"schema":{"@context":"https:\/\/schema.org","@graph":[{"@type":"WebPage","@id":"https:\/\/www.smglanguages.com\/pt-pt\/empresa\/contactos\/","url":"https:\/\/www.smglanguages.com\/pt-pt\/empresa\/contactos\/","name":"Contactos - SMG Languages","isPartOf":{"@id":"https:\/\/www.smglanguages.com\/pt-pt\/#website"},"primaryImageOfPage":{"@id":"https:\/\/www.smglanguages.com\/pt-pt\/empresa\/contactos\/#primaryimage"},"image":{"@id":"https:\/\/www.smglanguages.com\/pt-pt\/empresa\/contactos\/#primaryimage"},"thumbnailUrl":"https:\/\/www.smglanguages.com\/wp-content\/uploads\/2018\/03\/Contatti-e-Sedi-Estere-hover-SMG_languages-.jpg","datePublished":"2018-03-13T11:32:16+00:00","dateModified":"2025-06-05T15:39:45+00:00","description":"O SMG Languages \u00e9 umaag\u00eancia de tradu\u00e7\u00e3o internacional: somos capazes de fornecer assist\u00eancia lingu\u00edstica em mais de 160 l\u00ednguas, pois estamos fisicamente presentes em muitos pa\u00edses, atrav\u00e9s de nossos pr\u00f3prios escrit\u00f3rios e pessoal local altamente qualificado de l\u00edngua nativa.","breadcrumb":{"@id":"https:\/\/www.smglanguages.com\/pt-pt\/empresa\/contactos\/#breadcrumb"},"inLanguage":"pt-PT","potentialAction":[{"@type":"ReadAction","target":["https:\/\/www.smglanguages.com\/pt-pt\/empresa\/contactos\/"]}]},{"@type":"ImageObject","inLanguage":"pt-PT","@id":"https:\/\/www.smglanguages.com\/pt-pt\/empresa\/contactos\/#primaryimage","url":"https:\/\/www.smglanguages.com\/wp-content\/uploads\/2018\/03\/Contatti-e-Sedi-Estere-hover-SMG_languages-.jpg","contentUrl":"https:\/\/www.smglanguages.com\/wp-content\/uploads\/2018\/03\/Contatti-e-Sedi-Estere-hover-SMG_languages-.jpg","width":1920,"height":451},{"@type":"BreadcrumbList","@id":"https:\/\/www.smglanguages.com\/pt-pt\/empresa\/contactos\/#breadcrumb","itemListElement":[{"@type":"ListItem","position":1,"name":"Home","item":"https:\/\/www.smglanguages.com\/pt-pt\/?lang=pt-pt"},{"@type":"ListItem","position":2,"name":"Empresa","item":"https:\/\/www.smglanguages.com\/pt-pt\/empresa\/?lang=pt-pt"},{"@type":"ListItem","position":3,"name":"Contactos"}]},{"@type":"WebSite","@id":"https:\/\/www.smglanguages.com\/pt-pt\/#website","url":"https:\/\/www.smglanguages.com\/pt-pt\/","name":"SMG Languages","description":"","publisher":{"@id":"https:\/\/www.smglanguages.com\/pt-pt\/#organization"},"alternateName":"Studio Moretto Group","potentialAction":[{"@type":"SearchAction","target":{"@type":"EntryPoint","urlTemplate":"https:\/\/www.smglanguages.com\/pt-pt\/?s={search_term_string}"},"query-input":{"@type":"PropertyValueSpecification","valueRequired":true,"valueName":"search_term_string"}}],"inLanguage":"pt-PT"},{"@type":"Organization","@id":"https:\/\/www.smglanguages.com\/pt-pt\/#organization","name":"Studio Moretto Group","alternateName":"SMG Languages","url":"https:\/\/www.smglanguages.com\/pt-pt\/","logo":{"@type":"ImageObject","inLanguage":"pt-PT","@id":"https:\/\/www.smglanguages.com\/pt-pt\/#\/schema\/logo\/image\/","url":"https:\/\/www.smglanguages.com\/wp-content\/uploads\/2022\/09\/Logo-SMG.png","contentUrl":"https:\/\/www.smglanguages.com\/wp-content\/uploads\/2022\/09\/Logo-SMG.png","width":882,"height":546,"caption":"Studio Moretto Group"},"image":{"@id":"https:\/\/www.smglanguages.com\/pt-pt\/#\/schema\/logo\/image\/"},"sameAs":["https:\/\/it-it.facebook.com\/smgstudiomorettogroup\/","https:\/\/it.linkedin.com\/company\/studio-moretto-group-srl"]}]}},"_links":{"self":[{"href":"https:\/\/www.smglanguages.com\/pt-pt\/wp-json\/wp\/v2\/pages\/382","targetHints":{"allow":["GET"]}}],"collection":[{"href":"https:\/\/www.smglanguages.com\/pt-pt\/wp-json\/wp\/v2\/pages"}],"about":[{"href":"https:\/\/www.smglanguages.com\/pt-pt\/wp-json\/wp\/v2\/types\/page"}],"author":[{"embeddable":true,"href":"https:\/\/www.smglanguages.com\/pt-pt\/wp-json\/wp\/v2\/users\/2"}],"replies":[{"embeddable":true,"href":"https:\/\/www.smglanguages.com\/pt-pt\/wp-json\/wp\/v2\/comments?post=382"}],"version-history":[{"count":0,"href":"https:\/\/www.smglanguages.com\/pt-pt\/wp-json\/wp\/v2\/pages\/382\/revisions"}],"up":[{"embeddable":true,"href":"https:\/\/www.smglanguages.com\/pt-pt\/wp-json\/wp\/v2\/pages\/30633"}],"wp:featuredmedia":[{"embeddable":true,"href":"https:\/\/www.smglanguages.com\/pt-pt\/wp-json\/wp\/v2\/media\/448"}],"wp:attachment":[{"href":"https:\/\/www.smglanguages.com\/pt-pt\/wp-json\/wp\/v2\/media?parent=382"}],"curies":[{"name":"wp","href":"https:\/\/api.w.org\/{rel}","templated":true}]}}