{"id":39632,"date":"2018-04-04T10:26:57","date_gmt":"2018-04-04T10:26:57","guid":{"rendered":"https:\/\/www.smglanguages.com\/servico-traducao-especialista\/traduzioni-urgenti"},"modified":"2019-01-08T19:30:14","modified_gmt":"2019-01-08T19:30:14","slug":"traducoes-velozes","status":"publish","type":"page","link":"https:\/\/www.smglanguages.com\/pt-pt\/servico-traducao-especialista\/traducoes-velozes\/","title":{"rendered":"TRADU\u00c7\u00d5ES VELOZES"},"content":{"rendered":"","protected":false},"excerpt":{"rendered":"","protected":false},"author":2,"featured_media":0,"parent":37571,"menu_order":0,"comment_status":"closed","ping_status":"closed","template":"templates\/flexible-content.php","meta":{"_acf_changed":false,"footnotes":""},"class_list":["post-39632","page","type-page","status-publish","hentry"],"acf":[],"yoast_head":"<!-- This site is optimized with the Yoast SEO plugin v27.2 - https:\/\/yoast.com\/product\/yoast-seo-wordpress\/ -->\n<title>Servi\u00e7o de tradu\u00e7\u00e3o urgente - SMG Languages<\/title>\n<meta name=\"description\" content=\"A presen\u00e7a de pessoal est\u00e1vel nas nossas sedes, espalhadas em todo o mundo e ligadas entre si para formar um \u00fanico grande organismo, permite a traduzir textos 24\/24, 7\/7: enquanto metade do mundo dorme, a outra metade inicia um dia de trabalho\u2026 a nossa rede de escrit\u00f3rios n\u00e3o dorme nunca!\" \/>\n<meta name=\"robots\" content=\"index, follow, max-snippet:-1, max-image-preview:large, max-video-preview:-1\" \/>\n<link rel=\"canonical\" href=\"https:\/\/www.smglanguages.com\/pt-pt\/servico-traducao-especialista\/traducoes-velozes\/\" \/>\n<meta property=\"og:locale\" content=\"pt_PT\" \/>\n<meta property=\"og:type\" content=\"article\" \/>\n<meta property=\"og:title\" content=\"Servi\u00e7o de tradu\u00e7\u00e3o urgente - SMG Languages\" \/>\n<meta property=\"og:description\" content=\"A presen\u00e7a de pessoal est\u00e1vel nas nossas sedes, espalhadas em todo o mundo e ligadas entre si para formar um \u00fanico grande organismo, permite a traduzir textos 24\/24, 7\/7: enquanto metade do mundo dorme, a outra metade inicia um dia de trabalho\u2026 a nossa rede de escrit\u00f3rios n\u00e3o dorme nunca!\" \/>\n<meta property=\"og:url\" content=\"https:\/\/www.smglanguages.com\/pt-pt\/servico-traducao-especialista\/traducoes-velozes\/\" \/>\n<meta property=\"og:site_name\" content=\"SMG Languages\" \/>\n<meta property=\"article:publisher\" content=\"https:\/\/it-it.facebook.com\/smgstudiomorettogroup\/\" \/>\n<meta property=\"article:modified_time\" content=\"2019-01-08T19:30:14+00:00\" \/>\n<meta property=\"og:image\" content=\"https:\/\/www.smglanguages.com\/wp-content\/uploads\/2022\/09\/Logo-SMG.png\" \/>\n\t<meta property=\"og:image:width\" content=\"882\" \/>\n\t<meta property=\"og:image:height\" content=\"546\" \/>\n\t<meta property=\"og:image:type\" content=\"image\/png\" \/>\n<meta name=\"twitter:card\" content=\"summary_large_image\" \/>\n<script type=\"application\/ld+json\" class=\"yoast-schema-graph\">{\"@context\":\"https:\/\/schema.org\",\"@graph\":[{\"@type\":\"WebPage\",\"@id\":\"https:\/\/www.smglanguages.com\/pt-pt\/servico-traducao-especialista\/traducoes-velozes\/\",\"url\":\"https:\/\/www.smglanguages.com\/pt-pt\/servico-traducao-especialista\/traducoes-velozes\/\",\"name\":\"Servi\u00e7o de tradu\u00e7\u00e3o urgente - SMG Languages\",\"isPartOf\":{\"@id\":\"https:\/\/www.smglanguages.com\/pt-pt\/#website\"},\"datePublished\":\"2018-04-04T10:26:57+00:00\",\"dateModified\":\"2019-01-08T19:30:14+00:00\",\"description\":\"A presen\u00e7a de pessoal est\u00e1vel nas nossas sedes, espalhadas em todo o mundo e ligadas entre si para formar um \u00fanico grande organismo, permite a traduzir textos 24\/24, 7\/7: enquanto metade do mundo dorme, a outra metade inicia um dia de trabalho\u2026 a nossa rede de escrit\u00f3rios n\u00e3o dorme nunca!\",\"breadcrumb\":{\"@id\":\"https:\/\/www.smglanguages.com\/pt-pt\/servico-traducao-especialista\/traducoes-velozes\/#breadcrumb\"},\"inLanguage\":\"pt-PT\",\"potentialAction\":[{\"@type\":\"ReadAction\",\"target\":[\"https:\/\/www.smglanguages.com\/pt-pt\/servico-traducao-especialista\/traducoes-velozes\/\"]}]},{\"@type\":\"BreadcrumbList\",\"@id\":\"https:\/\/www.smglanguages.com\/pt-pt\/servico-traducao-especialista\/traducoes-velozes\/#breadcrumb\",\"itemListElement\":[{\"@type\":\"ListItem\",\"position\":1,\"name\":\"Home\",\"item\":\"https:\/\/www.smglanguages.com\/pt-pt\/?lang=pt-pt\"},{\"@type\":\"ListItem\",\"position\":2,\"name\":\"Servi\u00e7o Tradu\u00e7\u00e3o Especialista\",\"item\":\"https:\/\/www.smglanguages.com\/pt-pt\/servico-traducao-especialista\/?lang=pt-pt\"},{\"@type\":\"ListItem\",\"position\":3,\"name\":\"TRADU\u00c7\u00d5ES VELOZES\"}]},{\"@type\":\"WebSite\",\"@id\":\"https:\/\/www.smglanguages.com\/pt-pt\/#website\",\"url\":\"https:\/\/www.smglanguages.com\/pt-pt\/\",\"name\":\"SMG Languages\",\"description\":\"\",\"publisher\":{\"@id\":\"https:\/\/www.smglanguages.com\/pt-pt\/#organization\"},\"alternateName\":\"Studio Moretto Group\",\"potentialAction\":[{\"@type\":\"SearchAction\",\"target\":{\"@type\":\"EntryPoint\",\"urlTemplate\":\"https:\/\/www.smglanguages.com\/pt-pt\/?s={search_term_string}\"},\"query-input\":{\"@type\":\"PropertyValueSpecification\",\"valueRequired\":true,\"valueName\":\"search_term_string\"}}],\"inLanguage\":\"pt-PT\"},{\"@type\":\"Organization\",\"@id\":\"https:\/\/www.smglanguages.com\/pt-pt\/#organization\",\"name\":\"Studio Moretto Group\",\"alternateName\":\"SMG Languages\",\"url\":\"https:\/\/www.smglanguages.com\/pt-pt\/\",\"logo\":{\"@type\":\"ImageObject\",\"inLanguage\":\"pt-PT\",\"@id\":\"https:\/\/www.smglanguages.com\/pt-pt\/#\/schema\/logo\/image\/\",\"url\":\"https:\/\/www.smglanguages.com\/wp-content\/uploads\/2022\/09\/Logo-SMG.png\",\"contentUrl\":\"https:\/\/www.smglanguages.com\/wp-content\/uploads\/2022\/09\/Logo-SMG.png\",\"width\":882,\"height\":546,\"caption\":\"Studio Moretto Group\"},\"image\":{\"@id\":\"https:\/\/www.smglanguages.com\/pt-pt\/#\/schema\/logo\/image\/\"},\"sameAs\":[\"https:\/\/it-it.facebook.com\/smgstudiomorettogroup\/\",\"https:\/\/it.linkedin.com\/company\/studio-moretto-group-srl\"]}]}<\/script>\n<!-- \/ Yoast SEO plugin. -->","yoast_head_json":{"title":"Servi\u00e7o de tradu\u00e7\u00e3o urgente - SMG Languages","description":"A presen\u00e7a de pessoal est\u00e1vel nas nossas sedes, espalhadas em todo o mundo e ligadas entre si para formar um \u00fanico grande organismo, permite a traduzir textos 24\/24, 7\/7: enquanto metade do mundo dorme, a outra metade inicia um dia de trabalho\u2026 a nossa rede de escrit\u00f3rios n\u00e3o dorme nunca!","robots":{"index":"index","follow":"follow","max-snippet":"max-snippet:-1","max-image-preview":"max-image-preview:large","max-video-preview":"max-video-preview:-1"},"canonical":"https:\/\/www.smglanguages.com\/pt-pt\/servico-traducao-especialista\/traducoes-velozes\/","og_locale":"pt_PT","og_type":"article","og_title":"Servi\u00e7o de tradu\u00e7\u00e3o urgente - SMG Languages","og_description":"A presen\u00e7a de pessoal est\u00e1vel nas nossas sedes, espalhadas em todo o mundo e ligadas entre si para formar um \u00fanico grande organismo, permite a traduzir textos 24\/24, 7\/7: enquanto metade do mundo dorme, a outra metade inicia um dia de trabalho\u2026 a nossa rede de escrit\u00f3rios n\u00e3o dorme nunca!","og_url":"https:\/\/www.smglanguages.com\/pt-pt\/servico-traducao-especialista\/traducoes-velozes\/","og_site_name":"SMG Languages","article_publisher":"https:\/\/it-it.facebook.com\/smgstudiomorettogroup\/","article_modified_time":"2019-01-08T19:30:14+00:00","og_image":[{"width":882,"height":546,"url":"https:\/\/www.smglanguages.com\/wp-content\/uploads\/2022\/09\/Logo-SMG.png","type":"image\/png"}],"twitter_card":"summary_large_image","schema":{"@context":"https:\/\/schema.org","@graph":[{"@type":"WebPage","@id":"https:\/\/www.smglanguages.com\/pt-pt\/servico-traducao-especialista\/traducoes-velozes\/","url":"https:\/\/www.smglanguages.com\/pt-pt\/servico-traducao-especialista\/traducoes-velozes\/","name":"Servi\u00e7o de tradu\u00e7\u00e3o urgente - SMG Languages","isPartOf":{"@id":"https:\/\/www.smglanguages.com\/pt-pt\/#website"},"datePublished":"2018-04-04T10:26:57+00:00","dateModified":"2019-01-08T19:30:14+00:00","description":"A presen\u00e7a de pessoal est\u00e1vel nas nossas sedes, espalhadas em todo o mundo e ligadas entre si para formar um \u00fanico grande organismo, permite a traduzir textos 24\/24, 7\/7: enquanto metade do mundo dorme, a outra metade inicia um dia de trabalho\u2026 a nossa rede de escrit\u00f3rios n\u00e3o dorme nunca!","breadcrumb":{"@id":"https:\/\/www.smglanguages.com\/pt-pt\/servico-traducao-especialista\/traducoes-velozes\/#breadcrumb"},"inLanguage":"pt-PT","potentialAction":[{"@type":"ReadAction","target":["https:\/\/www.smglanguages.com\/pt-pt\/servico-traducao-especialista\/traducoes-velozes\/"]}]},{"@type":"BreadcrumbList","@id":"https:\/\/www.smglanguages.com\/pt-pt\/servico-traducao-especialista\/traducoes-velozes\/#breadcrumb","itemListElement":[{"@type":"ListItem","position":1,"name":"Home","item":"https:\/\/www.smglanguages.com\/pt-pt\/?lang=pt-pt"},{"@type":"ListItem","position":2,"name":"Servi\u00e7o Tradu\u00e7\u00e3o Especialista","item":"https:\/\/www.smglanguages.com\/pt-pt\/servico-traducao-especialista\/?lang=pt-pt"},{"@type":"ListItem","position":3,"name":"TRADU\u00c7\u00d5ES VELOZES"}]},{"@type":"WebSite","@id":"https:\/\/www.smglanguages.com\/pt-pt\/#website","url":"https:\/\/www.smglanguages.com\/pt-pt\/","name":"SMG Languages","description":"","publisher":{"@id":"https:\/\/www.smglanguages.com\/pt-pt\/#organization"},"alternateName":"Studio Moretto Group","potentialAction":[{"@type":"SearchAction","target":{"@type":"EntryPoint","urlTemplate":"https:\/\/www.smglanguages.com\/pt-pt\/?s={search_term_string}"},"query-input":{"@type":"PropertyValueSpecification","valueRequired":true,"valueName":"search_term_string"}}],"inLanguage":"pt-PT"},{"@type":"Organization","@id":"https:\/\/www.smglanguages.com\/pt-pt\/#organization","name":"Studio Moretto Group","alternateName":"SMG Languages","url":"https:\/\/www.smglanguages.com\/pt-pt\/","logo":{"@type":"ImageObject","inLanguage":"pt-PT","@id":"https:\/\/www.smglanguages.com\/pt-pt\/#\/schema\/logo\/image\/","url":"https:\/\/www.smglanguages.com\/wp-content\/uploads\/2022\/09\/Logo-SMG.png","contentUrl":"https:\/\/www.smglanguages.com\/wp-content\/uploads\/2022\/09\/Logo-SMG.png","width":882,"height":546,"caption":"Studio Moretto Group"},"image":{"@id":"https:\/\/www.smglanguages.com\/pt-pt\/#\/schema\/logo\/image\/"},"sameAs":["https:\/\/it-it.facebook.com\/smgstudiomorettogroup\/","https:\/\/it.linkedin.com\/company\/studio-moretto-group-srl"]}]}},"_links":{"self":[{"href":"https:\/\/www.smglanguages.com\/pt-pt\/wp-json\/wp\/v2\/pages\/39632","targetHints":{"allow":["GET"]}}],"collection":[{"href":"https:\/\/www.smglanguages.com\/pt-pt\/wp-json\/wp\/v2\/pages"}],"about":[{"href":"https:\/\/www.smglanguages.com\/pt-pt\/wp-json\/wp\/v2\/types\/page"}],"author":[{"embeddable":true,"href":"https:\/\/www.smglanguages.com\/pt-pt\/wp-json\/wp\/v2\/users\/2"}],"replies":[{"embeddable":true,"href":"https:\/\/www.smglanguages.com\/pt-pt\/wp-json\/wp\/v2\/comments?post=39632"}],"version-history":[{"count":0,"href":"https:\/\/www.smglanguages.com\/pt-pt\/wp-json\/wp\/v2\/pages\/39632\/revisions"}],"up":[{"embeddable":true,"href":"https:\/\/www.smglanguages.com\/pt-pt\/wp-json\/wp\/v2\/pages\/37571"}],"wp:attachment":[{"href":"https:\/\/www.smglanguages.com\/pt-pt\/wp-json\/wp\/v2\/media?parent=39632"}],"curies":[{"name":"wp","href":"https:\/\/api.w.org\/{rel}","templated":true}]}}