{"id":31068,"date":"2018-03-13T11:32:16","date_gmt":"2018-03-13T11:32:16","guid":{"rendered":"https:\/\/www.smglanguages.com\/sedi-nel-mondo"},"modified":"2025-06-05T17:40:55","modified_gmt":"2025-06-05T15:40:55","slug":"contacte","status":"publish","type":"page","link":"https:\/\/www.smglanguages.com\/ro\/companie\/contacte\/","title":{"rendered":"Contacte"},"content":{"rendered":"","protected":false},"excerpt":{"rendered":"","protected":false},"author":2,"featured_media":25281,"parent":30638,"menu_order":0,"comment_status":"closed","ping_status":"closed","template":"templates\/flexible-content.php","meta":{"_acf_changed":false,"footnotes":""},"class_list":["post-31068","page","type-page","status-publish","has-post-thumbnail","hentry"],"acf":[],"yoast_head":"<!-- This site is optimized with the Yoast SEO plugin v27.2 - https:\/\/yoast.com\/product\/yoast-seo-wordpress\/ -->\n<title>Contacte - SMG Languages<\/title>\n<meta name=\"description\" content=\"SMG Languages este o agen\u021bie interna\u021bional\u0103 de traduceri: suntem \u00een m\u0103sur\u0103 s\u0103 oferim asisten\u021b\u0103 lingvistic\u0103 \u00een peste 160 de limbi, deoarece suntem prezen\u021bi fizic \u00een multe \u021b\u0103ri, prin birouri proprii \u0219i personal local cu \u00eenalt\u0103 calificare \u00een cunoa\u0219terea limbii materne.\" \/>\n<meta name=\"robots\" content=\"index, follow, max-snippet:-1, max-image-preview:large, max-video-preview:-1\" \/>\n<link rel=\"canonical\" href=\"https:\/\/www.smglanguages.com\/ro\/companie\/contacte\/\" \/>\n<meta property=\"og:locale\" content=\"ro_RO\" \/>\n<meta property=\"og:type\" content=\"article\" \/>\n<meta property=\"og:title\" content=\"Contacte - SMG Languages\" \/>\n<meta property=\"og:description\" content=\"SMG Languages este o agen\u021bie interna\u021bional\u0103 de traduceri: suntem \u00een m\u0103sur\u0103 s\u0103 oferim asisten\u021b\u0103 lingvistic\u0103 \u00een peste 160 de limbi, deoarece suntem prezen\u021bi fizic \u00een multe \u021b\u0103ri, prin birouri proprii \u0219i personal local cu \u00eenalt\u0103 calificare \u00een cunoa\u0219terea limbii materne.\" \/>\n<meta property=\"og:url\" content=\"https:\/\/www.smglanguages.com\/ro\/companie\/contacte\/\" \/>\n<meta property=\"og:site_name\" content=\"SMG Languages\" \/>\n<meta property=\"article:publisher\" content=\"https:\/\/it-it.facebook.com\/smgstudiomorettogroup\/\" \/>\n<meta property=\"article:modified_time\" content=\"2025-06-05T15:40:55+00:00\" \/>\n<meta property=\"og:image\" content=\"https:\/\/www.smglanguages.com\/wp-content\/uploads\/2018\/03\/Contatti-e-Sedi-Estere-hover-SMG_languages-.jpg\" \/>\n\t<meta property=\"og:image:width\" content=\"1920\" \/>\n\t<meta property=\"og:image:height\" content=\"451\" \/>\n\t<meta property=\"og:image:type\" content=\"image\/jpeg\" \/>\n<meta name=\"twitter:card\" content=\"summary_large_image\" \/>\n<meta name=\"twitter:label1\" content=\"Timp estimat pentru citire\" \/>\n\t<meta name=\"twitter:data1\" content=\"2 minute\" \/>\n<script type=\"application\/ld+json\" class=\"yoast-schema-graph\">{\"@context\":\"https:\/\/schema.org\",\"@graph\":[{\"@type\":\"WebPage\",\"@id\":\"https:\/\/www.smglanguages.com\/ro\/companie\/contacte\/\",\"url\":\"https:\/\/www.smglanguages.com\/ro\/companie\/contacte\/\",\"name\":\"Contacte - SMG Languages\",\"isPartOf\":{\"@id\":\"https:\/\/www.smglanguages.com\/ro\/#website\"},\"primaryImageOfPage\":{\"@id\":\"https:\/\/www.smglanguages.com\/ro\/companie\/contacte\/#primaryimage\"},\"image\":{\"@id\":\"https:\/\/www.smglanguages.com\/ro\/companie\/contacte\/#primaryimage\"},\"thumbnailUrl\":\"https:\/\/www.smglanguages.com\/wp-content\/uploads\/2018\/03\/Contatti-e-Sedi-Estere-hover-SMG_languages-.jpg\",\"datePublished\":\"2018-03-13T11:32:16+00:00\",\"dateModified\":\"2025-06-05T15:40:55+00:00\",\"description\":\"SMG Languages este o agen\u021bie interna\u021bional\u0103 de traduceri: suntem \u00een m\u0103sur\u0103 s\u0103 oferim asisten\u021b\u0103 lingvistic\u0103 \u00een peste 160 de limbi, deoarece suntem prezen\u021bi fizic \u00een multe \u021b\u0103ri, prin birouri proprii \u0219i personal local cu \u00eenalt\u0103 calificare \u00een cunoa\u0219terea limbii materne.\",\"breadcrumb\":{\"@id\":\"https:\/\/www.smglanguages.com\/ro\/companie\/contacte\/#breadcrumb\"},\"inLanguage\":\"ro-RO\",\"potentialAction\":[{\"@type\":\"ReadAction\",\"target\":[\"https:\/\/www.smglanguages.com\/ro\/companie\/contacte\/\"]}]},{\"@type\":\"ImageObject\",\"inLanguage\":\"ro-RO\",\"@id\":\"https:\/\/www.smglanguages.com\/ro\/companie\/contacte\/#primaryimage\",\"url\":\"https:\/\/www.smglanguages.com\/wp-content\/uploads\/2018\/03\/Contatti-e-Sedi-Estere-hover-SMG_languages-.jpg\",\"contentUrl\":\"https:\/\/www.smglanguages.com\/wp-content\/uploads\/2018\/03\/Contatti-e-Sedi-Estere-hover-SMG_languages-.jpg\",\"width\":1920,\"height\":451},{\"@type\":\"BreadcrumbList\",\"@id\":\"https:\/\/www.smglanguages.com\/ro\/companie\/contacte\/#breadcrumb\",\"itemListElement\":[{\"@type\":\"ListItem\",\"position\":1,\"name\":\"Home\",\"item\":\"https:\/\/www.smglanguages.com\/ro\/?lang=ro\"},{\"@type\":\"ListItem\",\"position\":2,\"name\":\"Companie\",\"item\":\"https:\/\/www.smglanguages.com\/ro\/companie\/?lang=ro\"},{\"@type\":\"ListItem\",\"position\":3,\"name\":\"Contacte\"}]},{\"@type\":\"WebSite\",\"@id\":\"https:\/\/www.smglanguages.com\/ro\/#website\",\"url\":\"https:\/\/www.smglanguages.com\/ro\/\",\"name\":\"SMG Languages\",\"description\":\"\",\"publisher\":{\"@id\":\"https:\/\/www.smglanguages.com\/ro\/#organization\"},\"alternateName\":\"Studio Moretto Group\",\"potentialAction\":[{\"@type\":\"SearchAction\",\"target\":{\"@type\":\"EntryPoint\",\"urlTemplate\":\"https:\/\/www.smglanguages.com\/ro\/?s={search_term_string}\"},\"query-input\":{\"@type\":\"PropertyValueSpecification\",\"valueRequired\":true,\"valueName\":\"search_term_string\"}}],\"inLanguage\":\"ro-RO\"},{\"@type\":\"Organization\",\"@id\":\"https:\/\/www.smglanguages.com\/ro\/#organization\",\"name\":\"Studio Moretto Group\",\"alternateName\":\"SMG Languages\",\"url\":\"https:\/\/www.smglanguages.com\/ro\/\",\"logo\":{\"@type\":\"ImageObject\",\"inLanguage\":\"ro-RO\",\"@id\":\"https:\/\/www.smglanguages.com\/ro\/#\/schema\/logo\/image\/\",\"url\":\"https:\/\/www.smglanguages.com\/wp-content\/uploads\/2022\/09\/Logo-SMG.png\",\"contentUrl\":\"https:\/\/www.smglanguages.com\/wp-content\/uploads\/2022\/09\/Logo-SMG.png\",\"width\":882,\"height\":546,\"caption\":\"Studio Moretto Group\"},\"image\":{\"@id\":\"https:\/\/www.smglanguages.com\/ro\/#\/schema\/logo\/image\/\"},\"sameAs\":[\"https:\/\/it-it.facebook.com\/smgstudiomorettogroup\/\",\"https:\/\/it.linkedin.com\/company\/studio-moretto-group-srl\"]}]}<\/script>\n<!-- \/ Yoast SEO plugin. -->","yoast_head_json":{"title":"Contacte - SMG Languages","description":"SMG Languages este o agen\u021bie interna\u021bional\u0103 de traduceri: suntem \u00een m\u0103sur\u0103 s\u0103 oferim asisten\u021b\u0103 lingvistic\u0103 \u00een peste 160 de limbi, deoarece suntem prezen\u021bi fizic \u00een multe \u021b\u0103ri, prin birouri proprii \u0219i personal local cu \u00eenalt\u0103 calificare \u00een cunoa\u0219terea limbii materne.","robots":{"index":"index","follow":"follow","max-snippet":"max-snippet:-1","max-image-preview":"max-image-preview:large","max-video-preview":"max-video-preview:-1"},"canonical":"https:\/\/www.smglanguages.com\/ro\/companie\/contacte\/","og_locale":"ro_RO","og_type":"article","og_title":"Contacte - SMG Languages","og_description":"SMG Languages este o agen\u021bie interna\u021bional\u0103 de traduceri: suntem \u00een m\u0103sur\u0103 s\u0103 oferim asisten\u021b\u0103 lingvistic\u0103 \u00een peste 160 de limbi, deoarece suntem prezen\u021bi fizic \u00een multe \u021b\u0103ri, prin birouri proprii \u0219i personal local cu \u00eenalt\u0103 calificare \u00een cunoa\u0219terea limbii materne.","og_url":"https:\/\/www.smglanguages.com\/ro\/companie\/contacte\/","og_site_name":"SMG Languages","article_publisher":"https:\/\/it-it.facebook.com\/smgstudiomorettogroup\/","article_modified_time":"2025-06-05T15:40:55+00:00","og_image":[{"width":1920,"height":451,"url":"https:\/\/www.smglanguages.com\/wp-content\/uploads\/2018\/03\/Contatti-e-Sedi-Estere-hover-SMG_languages-.jpg","type":"image\/jpeg"}],"twitter_card":"summary_large_image","twitter_misc":{"Timp estimat pentru citire":"2 minute"},"schema":{"@context":"https:\/\/schema.org","@graph":[{"@type":"WebPage","@id":"https:\/\/www.smglanguages.com\/ro\/companie\/contacte\/","url":"https:\/\/www.smglanguages.com\/ro\/companie\/contacte\/","name":"Contacte - SMG Languages","isPartOf":{"@id":"https:\/\/www.smglanguages.com\/ro\/#website"},"primaryImageOfPage":{"@id":"https:\/\/www.smglanguages.com\/ro\/companie\/contacte\/#primaryimage"},"image":{"@id":"https:\/\/www.smglanguages.com\/ro\/companie\/contacte\/#primaryimage"},"thumbnailUrl":"https:\/\/www.smglanguages.com\/wp-content\/uploads\/2018\/03\/Contatti-e-Sedi-Estere-hover-SMG_languages-.jpg","datePublished":"2018-03-13T11:32:16+00:00","dateModified":"2025-06-05T15:40:55+00:00","description":"SMG Languages este o agen\u021bie interna\u021bional\u0103 de traduceri: suntem \u00een m\u0103sur\u0103 s\u0103 oferim asisten\u021b\u0103 lingvistic\u0103 \u00een peste 160 de limbi, deoarece suntem prezen\u021bi fizic \u00een multe \u021b\u0103ri, prin birouri proprii \u0219i personal local cu \u00eenalt\u0103 calificare \u00een cunoa\u0219terea limbii materne.","breadcrumb":{"@id":"https:\/\/www.smglanguages.com\/ro\/companie\/contacte\/#breadcrumb"},"inLanguage":"ro-RO","potentialAction":[{"@type":"ReadAction","target":["https:\/\/www.smglanguages.com\/ro\/companie\/contacte\/"]}]},{"@type":"ImageObject","inLanguage":"ro-RO","@id":"https:\/\/www.smglanguages.com\/ro\/companie\/contacte\/#primaryimage","url":"https:\/\/www.smglanguages.com\/wp-content\/uploads\/2018\/03\/Contatti-e-Sedi-Estere-hover-SMG_languages-.jpg","contentUrl":"https:\/\/www.smglanguages.com\/wp-content\/uploads\/2018\/03\/Contatti-e-Sedi-Estere-hover-SMG_languages-.jpg","width":1920,"height":451},{"@type":"BreadcrumbList","@id":"https:\/\/www.smglanguages.com\/ro\/companie\/contacte\/#breadcrumb","itemListElement":[{"@type":"ListItem","position":1,"name":"Home","item":"https:\/\/www.smglanguages.com\/ro\/?lang=ro"},{"@type":"ListItem","position":2,"name":"Companie","item":"https:\/\/www.smglanguages.com\/ro\/companie\/?lang=ro"},{"@type":"ListItem","position":3,"name":"Contacte"}]},{"@type":"WebSite","@id":"https:\/\/www.smglanguages.com\/ro\/#website","url":"https:\/\/www.smglanguages.com\/ro\/","name":"SMG Languages","description":"","publisher":{"@id":"https:\/\/www.smglanguages.com\/ro\/#organization"},"alternateName":"Studio Moretto Group","potentialAction":[{"@type":"SearchAction","target":{"@type":"EntryPoint","urlTemplate":"https:\/\/www.smglanguages.com\/ro\/?s={search_term_string}"},"query-input":{"@type":"PropertyValueSpecification","valueRequired":true,"valueName":"search_term_string"}}],"inLanguage":"ro-RO"},{"@type":"Organization","@id":"https:\/\/www.smglanguages.com\/ro\/#organization","name":"Studio Moretto Group","alternateName":"SMG Languages","url":"https:\/\/www.smglanguages.com\/ro\/","logo":{"@type":"ImageObject","inLanguage":"ro-RO","@id":"https:\/\/www.smglanguages.com\/ro\/#\/schema\/logo\/image\/","url":"https:\/\/www.smglanguages.com\/wp-content\/uploads\/2022\/09\/Logo-SMG.png","contentUrl":"https:\/\/www.smglanguages.com\/wp-content\/uploads\/2022\/09\/Logo-SMG.png","width":882,"height":546,"caption":"Studio Moretto Group"},"image":{"@id":"https:\/\/www.smglanguages.com\/ro\/#\/schema\/logo\/image\/"},"sameAs":["https:\/\/it-it.facebook.com\/smgstudiomorettogroup\/","https:\/\/it.linkedin.com\/company\/studio-moretto-group-srl"]}]}},"_links":{"self":[{"href":"https:\/\/www.smglanguages.com\/ro\/wp-json\/wp\/v2\/pages\/31068","targetHints":{"allow":["GET"]}}],"collection":[{"href":"https:\/\/www.smglanguages.com\/ro\/wp-json\/wp\/v2\/pages"}],"about":[{"href":"https:\/\/www.smglanguages.com\/ro\/wp-json\/wp\/v2\/types\/page"}],"author":[{"embeddable":true,"href":"https:\/\/www.smglanguages.com\/ro\/wp-json\/wp\/v2\/users\/2"}],"replies":[{"embeddable":true,"href":"https:\/\/www.smglanguages.com\/ro\/wp-json\/wp\/v2\/comments?post=31068"}],"version-history":[{"count":0,"href":"https:\/\/www.smglanguages.com\/ro\/wp-json\/wp\/v2\/pages\/31068\/revisions"}],"up":[{"embeddable":true,"href":"https:\/\/www.smglanguages.com\/ro\/wp-json\/wp\/v2\/pages\/30638"}],"wp:featuredmedia":[{"embeddable":true,"href":"https:\/\/www.smglanguages.com\/ro\/wp-json\/wp\/v2\/media\/25281"}],"wp:attachment":[{"href":"https:\/\/www.smglanguages.com\/ro\/wp-json\/wp\/v2\/media?parent=31068"}],"curies":[{"name":"wp","href":"https:\/\/api.w.org\/{rel}","templated":true}]}}