{"id":31355,"date":"2018-05-09T10:56:50","date_gmt":"2018-05-09T10:56:50","guid":{"rendered":"https:\/\/www.smglanguages.com\/organizzazione-eventi"},"modified":"2025-07-30T16:51:45","modified_gmt":"2025-07-30T14:51:45","slug":"organizare-de-evenimente","status":"publish","type":"page","link":"https:\/\/www.smglanguages.com\/ro\/organizare-de-evenimente\/","title":{"rendered":"Organizare de evenimente"},"content":{"rendered":"","protected":false},"excerpt":{"rendered":"","protected":false},"author":5,"featured_media":0,"parent":0,"menu_order":0,"comment_status":"closed","ping_status":"closed","template":"templates\/flexible-content.php","meta":{"_acf_changed":false,"footnotes":""},"class_list":["post-31355","page","type-page","status-publish","hentry"],"acf":[],"yoast_head":"<!-- This site is optimized with the Yoast SEO plugin v27.2 - https:\/\/yoast.com\/product\/yoast-seo-wordpress\/ -->\n<title>Organizare de evenimente - SMG Languages<\/title>\n<meta name=\"description\" content=\"Pentru reu\u015fita unui eveniment str\u0103in, este necesar un profesionist care s\u0103 \u015ftie s\u0103 se descurce local, care s\u0103 vorbeasc\u0103 limba \u0163\u0103rii, care s\u0103 cunoasc\u0103 obiceiurile \u015fi s\u0103 \u015ftie s\u0103 gestioneze miile de situa\u0163ii care vor ap\u0103rea \u00een timpul evenimentului.\" \/>\n<meta name=\"robots\" content=\"index, follow, max-snippet:-1, max-image-preview:large, max-video-preview:-1\" \/>\n<link rel=\"canonical\" href=\"https:\/\/www.smglanguages.com\/ro\/organizare-de-evenimente\/\" \/>\n<meta property=\"og:locale\" content=\"ro_RO\" \/>\n<meta property=\"og:type\" content=\"article\" \/>\n<meta property=\"og:title\" content=\"Organizare de evenimente - SMG Languages\" \/>\n<meta property=\"og:description\" content=\"Pentru reu\u015fita unui eveniment str\u0103in, este necesar un profesionist care s\u0103 \u015ftie s\u0103 se descurce local, care s\u0103 vorbeasc\u0103 limba \u0163\u0103rii, care s\u0103 cunoasc\u0103 obiceiurile \u015fi s\u0103 \u015ftie s\u0103 gestioneze miile de situa\u0163ii care vor ap\u0103rea \u00een timpul evenimentului.\" \/>\n<meta property=\"og:url\" content=\"https:\/\/www.smglanguages.com\/ro\/organizare-de-evenimente\/\" \/>\n<meta property=\"og:site_name\" content=\"SMG Languages\" \/>\n<meta property=\"article:publisher\" content=\"https:\/\/it-it.facebook.com\/smgstudiomorettogroup\/\" \/>\n<meta property=\"article:modified_time\" content=\"2025-07-30T14:51:45+00:00\" \/>\n<meta property=\"og:image\" content=\"https:\/\/www.smglanguages.com\/wp-content\/uploads\/2022\/09\/Logo-SMG.png\" \/>\n\t<meta property=\"og:image:width\" content=\"882\" \/>\n\t<meta property=\"og:image:height\" content=\"546\" \/>\n\t<meta property=\"og:image:type\" content=\"image\/png\" \/>\n<meta name=\"twitter:card\" content=\"summary_large_image\" \/>\n<meta name=\"twitter:label1\" content=\"Timp estimat pentru citire\" \/>\n\t<meta name=\"twitter:data1\" content=\"3 minute\" \/>\n<script type=\"application\/ld+json\" class=\"yoast-schema-graph\">{\"@context\":\"https:\/\/schema.org\",\"@graph\":[{\"@type\":\"WebPage\",\"@id\":\"https:\/\/www.smglanguages.com\/ro\/organizare-de-evenimente\/\",\"url\":\"https:\/\/www.smglanguages.com\/ro\/organizare-de-evenimente\/\",\"name\":\"Organizare de evenimente - SMG Languages\",\"isPartOf\":{\"@id\":\"https:\/\/www.smglanguages.com\/ro\/#website\"},\"datePublished\":\"2018-05-09T10:56:50+00:00\",\"dateModified\":\"2025-07-30T14:51:45+00:00\",\"description\":\"Pentru reu\u015fita unui eveniment str\u0103in, este necesar un profesionist care s\u0103 \u015ftie s\u0103 se descurce local, care s\u0103 vorbeasc\u0103 limba \u0163\u0103rii, care s\u0103 cunoasc\u0103 obiceiurile \u015fi s\u0103 \u015ftie s\u0103 gestioneze miile de situa\u0163ii care vor ap\u0103rea \u00een timpul evenimentului.\",\"breadcrumb\":{\"@id\":\"https:\/\/www.smglanguages.com\/ro\/organizare-de-evenimente\/#breadcrumb\"},\"inLanguage\":\"ro-RO\",\"potentialAction\":[{\"@type\":\"ReadAction\",\"target\":[\"https:\/\/www.smglanguages.com\/ro\/organizare-de-evenimente\/\"]}]},{\"@type\":\"BreadcrumbList\",\"@id\":\"https:\/\/www.smglanguages.com\/ro\/organizare-de-evenimente\/#breadcrumb\",\"itemListElement\":[{\"@type\":\"ListItem\",\"position\":1,\"name\":\"Home\",\"item\":\"https:\/\/www.smglanguages.com\/ro\/?lang=ro\"},{\"@type\":\"ListItem\",\"position\":2,\"name\":\"Organizare de evenimente\"}]},{\"@type\":\"WebSite\",\"@id\":\"https:\/\/www.smglanguages.com\/ro\/#website\",\"url\":\"https:\/\/www.smglanguages.com\/ro\/\",\"name\":\"SMG Languages\",\"description\":\"\",\"publisher\":{\"@id\":\"https:\/\/www.smglanguages.com\/ro\/#organization\"},\"alternateName\":\"Studio Moretto Group\",\"potentialAction\":[{\"@type\":\"SearchAction\",\"target\":{\"@type\":\"EntryPoint\",\"urlTemplate\":\"https:\/\/www.smglanguages.com\/ro\/?s={search_term_string}\"},\"query-input\":{\"@type\":\"PropertyValueSpecification\",\"valueRequired\":true,\"valueName\":\"search_term_string\"}}],\"inLanguage\":\"ro-RO\"},{\"@type\":\"Organization\",\"@id\":\"https:\/\/www.smglanguages.com\/ro\/#organization\",\"name\":\"Studio Moretto Group\",\"alternateName\":\"SMG Languages\",\"url\":\"https:\/\/www.smglanguages.com\/ro\/\",\"logo\":{\"@type\":\"ImageObject\",\"inLanguage\":\"ro-RO\",\"@id\":\"https:\/\/www.smglanguages.com\/ro\/#\/schema\/logo\/image\/\",\"url\":\"https:\/\/www.smglanguages.com\/wp-content\/uploads\/2022\/09\/Logo-SMG.png\",\"contentUrl\":\"https:\/\/www.smglanguages.com\/wp-content\/uploads\/2022\/09\/Logo-SMG.png\",\"width\":882,\"height\":546,\"caption\":\"Studio Moretto Group\"},\"image\":{\"@id\":\"https:\/\/www.smglanguages.com\/ro\/#\/schema\/logo\/image\/\"},\"sameAs\":[\"https:\/\/it-it.facebook.com\/smgstudiomorettogroup\/\",\"https:\/\/it.linkedin.com\/company\/studio-moretto-group-srl\"]}]}<\/script>\n<!-- \/ Yoast SEO plugin. -->","yoast_head_json":{"title":"Organizare de evenimente - SMG Languages","description":"Pentru reu\u015fita unui eveniment str\u0103in, este necesar un profesionist care s\u0103 \u015ftie s\u0103 se descurce local, care s\u0103 vorbeasc\u0103 limba \u0163\u0103rii, care s\u0103 cunoasc\u0103 obiceiurile \u015fi s\u0103 \u015ftie s\u0103 gestioneze miile de situa\u0163ii care vor ap\u0103rea \u00een timpul evenimentului.","robots":{"index":"index","follow":"follow","max-snippet":"max-snippet:-1","max-image-preview":"max-image-preview:large","max-video-preview":"max-video-preview:-1"},"canonical":"https:\/\/www.smglanguages.com\/ro\/organizare-de-evenimente\/","og_locale":"ro_RO","og_type":"article","og_title":"Organizare de evenimente - SMG Languages","og_description":"Pentru reu\u015fita unui eveniment str\u0103in, este necesar un profesionist care s\u0103 \u015ftie s\u0103 se descurce local, care s\u0103 vorbeasc\u0103 limba \u0163\u0103rii, care s\u0103 cunoasc\u0103 obiceiurile \u015fi s\u0103 \u015ftie s\u0103 gestioneze miile de situa\u0163ii care vor ap\u0103rea \u00een timpul evenimentului.","og_url":"https:\/\/www.smglanguages.com\/ro\/organizare-de-evenimente\/","og_site_name":"SMG Languages","article_publisher":"https:\/\/it-it.facebook.com\/smgstudiomorettogroup\/","article_modified_time":"2025-07-30T14:51:45+00:00","og_image":[{"width":882,"height":546,"url":"https:\/\/www.smglanguages.com\/wp-content\/uploads\/2022\/09\/Logo-SMG.png","type":"image\/png"}],"twitter_card":"summary_large_image","twitter_misc":{"Timp estimat pentru citire":"3 minute"},"schema":{"@context":"https:\/\/schema.org","@graph":[{"@type":"WebPage","@id":"https:\/\/www.smglanguages.com\/ro\/organizare-de-evenimente\/","url":"https:\/\/www.smglanguages.com\/ro\/organizare-de-evenimente\/","name":"Organizare de evenimente - SMG Languages","isPartOf":{"@id":"https:\/\/www.smglanguages.com\/ro\/#website"},"datePublished":"2018-05-09T10:56:50+00:00","dateModified":"2025-07-30T14:51:45+00:00","description":"Pentru reu\u015fita unui eveniment str\u0103in, este necesar un profesionist care s\u0103 \u015ftie s\u0103 se descurce local, care s\u0103 vorbeasc\u0103 limba \u0163\u0103rii, care s\u0103 cunoasc\u0103 obiceiurile \u015fi s\u0103 \u015ftie s\u0103 gestioneze miile de situa\u0163ii care vor ap\u0103rea \u00een timpul evenimentului.","breadcrumb":{"@id":"https:\/\/www.smglanguages.com\/ro\/organizare-de-evenimente\/#breadcrumb"},"inLanguage":"ro-RO","potentialAction":[{"@type":"ReadAction","target":["https:\/\/www.smglanguages.com\/ro\/organizare-de-evenimente\/"]}]},{"@type":"BreadcrumbList","@id":"https:\/\/www.smglanguages.com\/ro\/organizare-de-evenimente\/#breadcrumb","itemListElement":[{"@type":"ListItem","position":1,"name":"Home","item":"https:\/\/www.smglanguages.com\/ro\/?lang=ro"},{"@type":"ListItem","position":2,"name":"Organizare de evenimente"}]},{"@type":"WebSite","@id":"https:\/\/www.smglanguages.com\/ro\/#website","url":"https:\/\/www.smglanguages.com\/ro\/","name":"SMG Languages","description":"","publisher":{"@id":"https:\/\/www.smglanguages.com\/ro\/#organization"},"alternateName":"Studio Moretto Group","potentialAction":[{"@type":"SearchAction","target":{"@type":"EntryPoint","urlTemplate":"https:\/\/www.smglanguages.com\/ro\/?s={search_term_string}"},"query-input":{"@type":"PropertyValueSpecification","valueRequired":true,"valueName":"search_term_string"}}],"inLanguage":"ro-RO"},{"@type":"Organization","@id":"https:\/\/www.smglanguages.com\/ro\/#organization","name":"Studio Moretto Group","alternateName":"SMG Languages","url":"https:\/\/www.smglanguages.com\/ro\/","logo":{"@type":"ImageObject","inLanguage":"ro-RO","@id":"https:\/\/www.smglanguages.com\/ro\/#\/schema\/logo\/image\/","url":"https:\/\/www.smglanguages.com\/wp-content\/uploads\/2022\/09\/Logo-SMG.png","contentUrl":"https:\/\/www.smglanguages.com\/wp-content\/uploads\/2022\/09\/Logo-SMG.png","width":882,"height":546,"caption":"Studio Moretto Group"},"image":{"@id":"https:\/\/www.smglanguages.com\/ro\/#\/schema\/logo\/image\/"},"sameAs":["https:\/\/it-it.facebook.com\/smgstudiomorettogroup\/","https:\/\/it.linkedin.com\/company\/studio-moretto-group-srl"]}]}},"_links":{"self":[{"href":"https:\/\/www.smglanguages.com\/ro\/wp-json\/wp\/v2\/pages\/31355","targetHints":{"allow":["GET"]}}],"collection":[{"href":"https:\/\/www.smglanguages.com\/ro\/wp-json\/wp\/v2\/pages"}],"about":[{"href":"https:\/\/www.smglanguages.com\/ro\/wp-json\/wp\/v2\/types\/page"}],"author":[{"embeddable":true,"href":"https:\/\/www.smglanguages.com\/ro\/wp-json\/wp\/v2\/users\/5"}],"replies":[{"embeddable":true,"href":"https:\/\/www.smglanguages.com\/ro\/wp-json\/wp\/v2\/comments?post=31355"}],"version-history":[{"count":0,"href":"https:\/\/www.smglanguages.com\/ro\/wp-json\/wp\/v2\/pages\/31355\/revisions"}],"wp:attachment":[{"href":"https:\/\/www.smglanguages.com\/ro\/wp-json\/wp\/v2\/media?parent=31355"}],"curies":[{"name":"wp","href":"https:\/\/api.w.org\/{rel}","templated":true}]}}