{"id":32399,"date":"2018-04-18T07:52:51","date_gmt":"2018-04-18T07:52:51","guid":{"rendered":"https:\/\/www.smglanguages.com\/interpreti-italia"},"modified":"2024-10-02T11:06:07","modified_gmt":"2024-10-02T11:06:07","slug":"interpretii-din-italia","status":"publish","type":"page","link":"https:\/\/www.smglanguages.com\/ro\/interpretariat\/interpretii-din-italia\/","title":{"rendered":"Interpre\u021bii din Italia"},"content":{"rendered":"","protected":false},"excerpt":{"rendered":"","protected":false},"author":2,"featured_media":0,"parent":34900,"menu_order":0,"comment_status":"closed","ping_status":"closed","template":"templates\/flexible-content.php","meta":{"_acf_changed":false,"footnotes":""},"class_list":["post-32399","page","type-page","status-publish","hentry"],"acf":[],"yoast_head":"<!-- This site is optimized with the Yoast SEO plugin v27.2 - https:\/\/yoast.com\/product\/yoast-seo-wordpress\/ -->\n<title>Interpre\u021bii din Italia - SMG Languages<\/title>\n<meta name=\"description\" content=\"Serviciu de interpre\u0163i profesioni\u015fti pentru rom\u00e2n\u0103, limba moldoveneasc\u0103 \u015fi italian\u0103 \u00een Italia\" \/>\n<meta name=\"robots\" content=\"index, follow, max-snippet:-1, max-image-preview:large, max-video-preview:-1\" \/>\n<link rel=\"canonical\" href=\"https:\/\/www.smglanguages.com\/ro\/interpretariat\/interpretii-din-italia\/\" \/>\n<meta property=\"og:locale\" content=\"ro_RO\" \/>\n<meta property=\"og:type\" content=\"article\" \/>\n<meta property=\"og:title\" content=\"Interpre\u021bii din Italia - SMG Languages\" \/>\n<meta property=\"og:description\" content=\"Serviciu de interpre\u0163i profesioni\u015fti pentru rom\u00e2n\u0103, limba moldoveneasc\u0103 \u015fi italian\u0103 \u00een Italia\" \/>\n<meta property=\"og:url\" content=\"https:\/\/www.smglanguages.com\/ro\/interpretariat\/interpretii-din-italia\/\" \/>\n<meta property=\"og:site_name\" content=\"SMG Languages\" \/>\n<meta property=\"article:publisher\" content=\"https:\/\/it-it.facebook.com\/smgstudiomorettogroup\/\" \/>\n<meta property=\"article:modified_time\" content=\"2024-10-02T11:06:07+00:00\" \/>\n<meta property=\"og:image\" content=\"https:\/\/www.smglanguages.com\/wp-content\/uploads\/2022\/09\/Logo-SMG.png\" \/>\n\t<meta property=\"og:image:width\" content=\"882\" \/>\n\t<meta property=\"og:image:height\" content=\"546\" \/>\n\t<meta property=\"og:image:type\" content=\"image\/png\" \/>\n<meta name=\"twitter:card\" content=\"summary_large_image\" \/>\n<meta name=\"twitter:label1\" content=\"Timp estimat pentru citire\" \/>\n\t<meta name=\"twitter:data1\" content=\"7 minute\" \/>\n<script type=\"application\/ld+json\" class=\"yoast-schema-graph\">{\"@context\":\"https:\/\/schema.org\",\"@graph\":[{\"@type\":\"WebPage\",\"@id\":\"https:\/\/www.smglanguages.com\/ro\/interpretariat\/interpretii-din-italia\/\",\"url\":\"https:\/\/www.smglanguages.com\/ro\/interpretariat\/interpretii-din-italia\/\",\"name\":\"Interpre\u021bii din Italia - SMG Languages\",\"isPartOf\":{\"@id\":\"https:\/\/www.smglanguages.com\/ro\/#website\"},\"datePublished\":\"2018-04-18T07:52:51+00:00\",\"dateModified\":\"2024-10-02T11:06:07+00:00\",\"description\":\"Serviciu de interpre\u0163i profesioni\u015fti pentru rom\u00e2n\u0103, limba moldoveneasc\u0103 \u015fi italian\u0103 \u00een Italia\",\"breadcrumb\":{\"@id\":\"https:\/\/www.smglanguages.com\/ro\/interpretariat\/interpretii-din-italia\/#breadcrumb\"},\"inLanguage\":\"ro-RO\",\"potentialAction\":[{\"@type\":\"ReadAction\",\"target\":[\"https:\/\/www.smglanguages.com\/ro\/interpretariat\/interpretii-din-italia\/\"]}]},{\"@type\":\"BreadcrumbList\",\"@id\":\"https:\/\/www.smglanguages.com\/ro\/interpretariat\/interpretii-din-italia\/#breadcrumb\",\"itemListElement\":[{\"@type\":\"ListItem\",\"position\":1,\"name\":\"Home\",\"item\":\"https:\/\/www.smglanguages.com\/ro\/?lang=ro\"},{\"@type\":\"ListItem\",\"position\":2,\"name\":\"Interpretariat\",\"item\":\"https:\/\/www.smglanguages.com\/ro\/interpretariat\/?lang=ro\"},{\"@type\":\"ListItem\",\"position\":3,\"name\":\"Interpre\u021bii din Italia\"}]},{\"@type\":\"WebSite\",\"@id\":\"https:\/\/www.smglanguages.com\/ro\/#website\",\"url\":\"https:\/\/www.smglanguages.com\/ro\/\",\"name\":\"SMG Languages\",\"description\":\"\",\"publisher\":{\"@id\":\"https:\/\/www.smglanguages.com\/ro\/#organization\"},\"alternateName\":\"Studio Moretto Group\",\"potentialAction\":[{\"@type\":\"SearchAction\",\"target\":{\"@type\":\"EntryPoint\",\"urlTemplate\":\"https:\/\/www.smglanguages.com\/ro\/?s={search_term_string}\"},\"query-input\":{\"@type\":\"PropertyValueSpecification\",\"valueRequired\":true,\"valueName\":\"search_term_string\"}}],\"inLanguage\":\"ro-RO\"},{\"@type\":\"Organization\",\"@id\":\"https:\/\/www.smglanguages.com\/ro\/#organization\",\"name\":\"Studio Moretto Group\",\"alternateName\":\"SMG Languages\",\"url\":\"https:\/\/www.smglanguages.com\/ro\/\",\"logo\":{\"@type\":\"ImageObject\",\"inLanguage\":\"ro-RO\",\"@id\":\"https:\/\/www.smglanguages.com\/ro\/#\/schema\/logo\/image\/\",\"url\":\"https:\/\/www.smglanguages.com\/wp-content\/uploads\/2022\/09\/Logo-SMG.png\",\"contentUrl\":\"https:\/\/www.smglanguages.com\/wp-content\/uploads\/2022\/09\/Logo-SMG.png\",\"width\":882,\"height\":546,\"caption\":\"Studio Moretto Group\"},\"image\":{\"@id\":\"https:\/\/www.smglanguages.com\/ro\/#\/schema\/logo\/image\/\"},\"sameAs\":[\"https:\/\/it-it.facebook.com\/smgstudiomorettogroup\/\",\"https:\/\/it.linkedin.com\/company\/studio-moretto-group-srl\"]}]}<\/script>\n<!-- \/ Yoast SEO plugin. -->","yoast_head_json":{"title":"Interpre\u021bii din Italia - SMG Languages","description":"Serviciu de interpre\u0163i profesioni\u015fti pentru rom\u00e2n\u0103, limba moldoveneasc\u0103 \u015fi italian\u0103 \u00een Italia","robots":{"index":"index","follow":"follow","max-snippet":"max-snippet:-1","max-image-preview":"max-image-preview:large","max-video-preview":"max-video-preview:-1"},"canonical":"https:\/\/www.smglanguages.com\/ro\/interpretariat\/interpretii-din-italia\/","og_locale":"ro_RO","og_type":"article","og_title":"Interpre\u021bii din Italia - SMG Languages","og_description":"Serviciu de interpre\u0163i profesioni\u015fti pentru rom\u00e2n\u0103, limba moldoveneasc\u0103 \u015fi italian\u0103 \u00een Italia","og_url":"https:\/\/www.smglanguages.com\/ro\/interpretariat\/interpretii-din-italia\/","og_site_name":"SMG Languages","article_publisher":"https:\/\/it-it.facebook.com\/smgstudiomorettogroup\/","article_modified_time":"2024-10-02T11:06:07+00:00","og_image":[{"width":882,"height":546,"url":"https:\/\/www.smglanguages.com\/wp-content\/uploads\/2022\/09\/Logo-SMG.png","type":"image\/png"}],"twitter_card":"summary_large_image","twitter_misc":{"Timp estimat pentru citire":"7 minute"},"schema":{"@context":"https:\/\/schema.org","@graph":[{"@type":"WebPage","@id":"https:\/\/www.smglanguages.com\/ro\/interpretariat\/interpretii-din-italia\/","url":"https:\/\/www.smglanguages.com\/ro\/interpretariat\/interpretii-din-italia\/","name":"Interpre\u021bii din Italia - SMG Languages","isPartOf":{"@id":"https:\/\/www.smglanguages.com\/ro\/#website"},"datePublished":"2018-04-18T07:52:51+00:00","dateModified":"2024-10-02T11:06:07+00:00","description":"Serviciu de interpre\u0163i profesioni\u015fti pentru rom\u00e2n\u0103, limba moldoveneasc\u0103 \u015fi italian\u0103 \u00een Italia","breadcrumb":{"@id":"https:\/\/www.smglanguages.com\/ro\/interpretariat\/interpretii-din-italia\/#breadcrumb"},"inLanguage":"ro-RO","potentialAction":[{"@type":"ReadAction","target":["https:\/\/www.smglanguages.com\/ro\/interpretariat\/interpretii-din-italia\/"]}]},{"@type":"BreadcrumbList","@id":"https:\/\/www.smglanguages.com\/ro\/interpretariat\/interpretii-din-italia\/#breadcrumb","itemListElement":[{"@type":"ListItem","position":1,"name":"Home","item":"https:\/\/www.smglanguages.com\/ro\/?lang=ro"},{"@type":"ListItem","position":2,"name":"Interpretariat","item":"https:\/\/www.smglanguages.com\/ro\/interpretariat\/?lang=ro"},{"@type":"ListItem","position":3,"name":"Interpre\u021bii din Italia"}]},{"@type":"WebSite","@id":"https:\/\/www.smglanguages.com\/ro\/#website","url":"https:\/\/www.smglanguages.com\/ro\/","name":"SMG Languages","description":"","publisher":{"@id":"https:\/\/www.smglanguages.com\/ro\/#organization"},"alternateName":"Studio Moretto Group","potentialAction":[{"@type":"SearchAction","target":{"@type":"EntryPoint","urlTemplate":"https:\/\/www.smglanguages.com\/ro\/?s={search_term_string}"},"query-input":{"@type":"PropertyValueSpecification","valueRequired":true,"valueName":"search_term_string"}}],"inLanguage":"ro-RO"},{"@type":"Organization","@id":"https:\/\/www.smglanguages.com\/ro\/#organization","name":"Studio Moretto Group","alternateName":"SMG Languages","url":"https:\/\/www.smglanguages.com\/ro\/","logo":{"@type":"ImageObject","inLanguage":"ro-RO","@id":"https:\/\/www.smglanguages.com\/ro\/#\/schema\/logo\/image\/","url":"https:\/\/www.smglanguages.com\/wp-content\/uploads\/2022\/09\/Logo-SMG.png","contentUrl":"https:\/\/www.smglanguages.com\/wp-content\/uploads\/2022\/09\/Logo-SMG.png","width":882,"height":546,"caption":"Studio Moretto Group"},"image":{"@id":"https:\/\/www.smglanguages.com\/ro\/#\/schema\/logo\/image\/"},"sameAs":["https:\/\/it-it.facebook.com\/smgstudiomorettogroup\/","https:\/\/it.linkedin.com\/company\/studio-moretto-group-srl"]}]}},"_links":{"self":[{"href":"https:\/\/www.smglanguages.com\/ro\/wp-json\/wp\/v2\/pages\/32399","targetHints":{"allow":["GET"]}}],"collection":[{"href":"https:\/\/www.smglanguages.com\/ro\/wp-json\/wp\/v2\/pages"}],"about":[{"href":"https:\/\/www.smglanguages.com\/ro\/wp-json\/wp\/v2\/types\/page"}],"author":[{"embeddable":true,"href":"https:\/\/www.smglanguages.com\/ro\/wp-json\/wp\/v2\/users\/2"}],"replies":[{"embeddable":true,"href":"https:\/\/www.smglanguages.com\/ro\/wp-json\/wp\/v2\/comments?post=32399"}],"version-history":[{"count":0,"href":"https:\/\/www.smglanguages.com\/ro\/wp-json\/wp\/v2\/pages\/32399\/revisions"}],"up":[{"embeddable":true,"href":"https:\/\/www.smglanguages.com\/ro\/wp-json\/wp\/v2\/pages\/34900"}],"wp:attachment":[{"href":"https:\/\/www.smglanguages.com\/ro\/wp-json\/wp\/v2\/media?parent=32399"}],"curies":[{"name":"wp","href":"https:\/\/api.w.org\/{rel}","templated":true}]}}